{"id":5972,"date":"2019-03-13T13:42:39","date_gmt":"2019-03-13T13:42:39","guid":{"rendered":"https:\/\/rts.tegn.pl\/about-me"},"modified":"2024-04-11T13:30:32","modified_gmt":"2024-04-11T13:30:32","slug":"artiste","status":"publish","type":"page","link":"https:\/\/roberttys.com\/fr\/artiste","title":{"rendered":"Artiste"},"content":{"rendered":"<section class=\"wpb-content-wrapper\"><p>[vc_row css=&#8221;.vc_custom_1710162573959{padding-top: 30px !important;padding-bottom: 0px !important;}&#8221;][vc_column offset=&#8221;vc_col-lg-6 vc_col-md-12&#8243;]<div class=\"edgtf-elements-holder   edgtf-one-column  edgtf-responsive-mode-768 \" ><div class=\"edgtf-eh-item    \"  data-item-class=\"edgtf-eh-custom-1364\" data-769-1024=\"0 0 0 0\" data-681-768=\"0 0 0 0\" data-680=\"0 0 0 0\">\n\t<div class=\"edgtf-eh-item-inner\">\n\t\t<div class=\"edgtf-eh-item-content edgtf-eh-custom-1364\" style=\"padding: 0 0 0 0\">\n\t\t\t[vc_single_image image=&#8221;4154&#8243; img_size=&#8221;full&#8221;]\t\t<\/div>\n\t<\/div>\n<\/div><\/div>[\/vc_column][vc_column offset=&#8221;vc_col-lg-6 vc_col-md-12&#8243;]<div class=\"edgtf-elements-holder   edgtf-one-column  edgtf-responsive-mode-768 \" ><div class=\"edgtf-eh-item    \"  data-item-class=\"edgtf-eh-custom-9071\" data-1367-1600=\"102px 0px 0 12.5%\" data-1025-1366=\"70px 0px 0 12.5%\" data-769-1024=\"50px 0 0 0\" data-681-768=\"50px 0 0 0\" data-680=\"30px 0 0\">\n\t<div class=\"edgtf-eh-item-inner\">\n\t\t<div class=\"edgtf-eh-item-content edgtf-eh-custom-9071\" style=\"padding: 102px 0px 0 12.5%\">\n\t\t\t[vc_column_text]<\/p>\n<h4 class=\"edgtf-st-title\">Robert Tys<\/h4>\n<p>[\/vc_column_text][vc_column_text]<\/p>\n<p class=\"p1\">N\u00e9 en Pologne, fascin\u00e9 par les couleurs et la lumi\u00e8re d\u00e8s son plus jeune \u00e2ge, il \u00e9tait absorb\u00e9 par le dessin de bandes dessin\u00e9es. Sa passion d&#8217;enfance, devenue celle d&#8217;un jeune homme, il l&#8217;a d\u00e9velopp\u00e9e \u00e0 l&#8217;Acad\u00e9mie des Beaux-Arts de Katowice en section graphique, puis \u00e0 la Kunstakademie de D\u00fcsseldorf o\u00f9 il a obtenu son dipl\u00f4me en peinture. Il a acquis son \u00e9ducation et son exp\u00e9rience de vie en Pologne et \u00e0 l&#8217;\u00e9tranger. Tant le graphisme que la peinture se refl\u00e8tent dans son \u0153uvre pass\u00e9e et actuelle. Sa passion particuli\u00e8re est de peindre des tableaux abstraits \u00e0 l&#8217;huile sur de grands formats de toile. Il a organis\u00e9 des expositions de ses \u0153uvres \u00e0 Marseille, Madrid, D\u00fcsseldorf, des lieux de rencontre de personnes de diff\u00e9rentes cultures, exp\u00e9riences et passions. Il a particip\u00e9 \u00e0 un projet international de restauration men\u00e9 au palais de Monaco.      <\/p>\n<p>[\/vc_column_text][vc_empty_space height=&#8221;29px&#8221;]\t\t<\/div>\n\t<\/div>\n<\/div><\/div>[\/vc_column][\/vc_row][vc_row css=&#8221;.vc_custom_1710162849488{padding-top: 80px !important;padding-bottom: 0px !important;}&#8221;][vc_column offset=&#8221;vc_col-lg-6 vc_col-md-12&#8243; el_class=&#8221;edgtf-cc-underline&#8221;]<div class=\"edgtf-elements-holder   edgtf-one-column  edgtf-responsive-mode-768 \" ><div class=\"edgtf-eh-item    \"  data-item-class=\"edgtf-eh-custom-2116\" data-1367-1600=\"43px 12.5% 0px 0px\" data-1025-1366=\"9px 12.5% 0px 0px\" data-769-1024=\"100px 0 80px 0px\" data-681-768=\"100px 0 80px 0px\" data-680=\"80px 0 50px\">\n\t<div class=\"edgtf-eh-item-inner\">\n\t\t<div class=\"edgtf-eh-item-content edgtf-eh-custom-2116\" style=\"padding: 43px 12.5% 0px 0px\">\n\t\t\t[vc_column_text]<\/p>\n<h4 class=\"edgtf-st-title\">\u00c9VOLUTION ARTISTIQUE<\/h4>\n<p>[\/vc_column_text][vc_column_text]<\/p>\n<p class=\"p1\">Apr\u00e8s des ann\u00e9es pass\u00e9es en Allemagne, le sud de la France est devenu son chez-lui, ainsi que la cause de son d\u00e9veloppement et \u00e9volution artistique continue. La lumi\u00e8re particuli\u00e8re, les couleurs, la nature magnifique et l&#8217;architecture de la r\u00e9gion m\u00e9diterran\u00e9enne sont une source d&#8217;inspiration quotidienne pour cr\u00e9er ses \u0153uvres. Il les m\u00e9lange \u00e0 sa mani\u00e8re dans son creuset, en faisant de cette combinaison une mixture unique. En peignant, dessinant et photographiant, il remplit chaque page blanche de bleu, de vert et de lumi\u00e8re solaire, cr\u00e9ant des \u0153uvres vibrantes de couleur et d&#8217;\u00e9nergie de la C\u00f4te d&#8217;Azur, de la Provence et des contreforts des Alpes.   <\/p>\n<p class=\"p1\">Robert Tys, l&#8217;artiste ensoleill\u00e9 du sud, poursuit son voyage de vie en peignant et photographiant la beaut\u00e9 qui l&#8217;entoure.<\/p>\n<p>[\/vc_column_text][vc_empty_space height=&#8221;29px&#8221;]\t\t<\/div>\n\t<\/div>\n<\/div><\/div>[\/vc_column][vc_column offset=&#8221;vc_col-lg-6 vc_col-md-12&#8243;][vc_single_image image=&#8221;4068&#8243; img_size=&#8221;full&#8221;][\/vc_column][\/vc_row][vc_row css=&#8221;.vc_custom_1710162842788{padding-top: 80px !important;padding-bottom: 0px !important;}&#8221;][vc_column offset=&#8221;vc_col-lg-6 vc_col-md-12&#8243;]<div class=\"edgtf-elements-holder   edgtf-one-column  edgtf-responsive-mode-768 \" ><div class=\"edgtf-eh-item    \"  data-item-class=\"edgtf-eh-custom-6040\" data-769-1024=\"0 0 0 0\" data-681-768=\"0 0 0 0\" data-680=\"0 0 0 0\">\n\t<div class=\"edgtf-eh-item-inner\">\n\t\t<div class=\"edgtf-eh-item-content edgtf-eh-custom-6040\" style=\"padding: 0 0 0 0\">\n\t\t\t[vc_single_image image=&#8221;4075&#8243; img_size=&#8221;full&#8221;]\t\t<\/div>\n\t<\/div>\n<\/div><\/div>[\/vc_column][vc_column offset=&#8221;vc_col-lg-6 vc_col-md-12&#8243;]<div class=\"edgtf-elements-holder   edgtf-one-column  edgtf-responsive-mode-768 \" ><div class=\"edgtf-eh-item    \"  data-item-class=\"edgtf-eh-custom-6614\" data-1367-1600=\"102px 0px 0 12.5%\" data-1025-1366=\"70px 0px 0 12.5%\" data-769-1024=\"50px 0 0 0\" data-681-768=\"50px 0 0 0\" data-680=\"30px 0 0\">\n\t<div class=\"edgtf-eh-item-inner\">\n\t\t<div class=\"edgtf-eh-item-content edgtf-eh-custom-6614\" style=\"padding: 102px 0px 0 12.5%\">\n\t\t\t[vc_column_text]<\/p>\n<h4 class=\"edgtf-st-title\">Certificat d&#8217;authenticit\u00e9<\/h4>\n<p>[\/vc_column_text][vc_column_text]<\/p>\n<p class=\"p1\">Le Certificat d&#8217;Authenticit\u00e9 a \u00e9t\u00e9 con\u00e7u pour prot\u00e9ger la s\u00e9curit\u00e9 et l&#8217;authenticit\u00e9 des \u0153uvres d&#8217;art et des reproductions papier en \u00e9dition limit\u00e9e, et pour r\u00e9duire le risque de contrefa\u00e7on. Chaque certificat est r\u00e9alis\u00e9 en papier moul\u00e9 de haute qualit\u00e9, avec un filigrane et des fibres de s\u00e9curit\u00e9 fluorescentes. Le certificat d&#8217;authenticit\u00e9 fait r\u00e9f\u00e9rence \u00e0 une \u0153uvre d&#8217;art sp\u00e9cifique r\u00e9alis\u00e9e en \u00e9dition limit\u00e9e \u00e0 100 tirages sign\u00e9s par l&#8217;artiste. Tous les tableaux propos\u00e9s dans le magasin sont accompagn\u00e9s de certificats d&#8217;authenticit\u00e9 avec un hologramme.   <\/p>\n<p>[\/vc_column_text][vc_empty_space height=&#8221;29px&#8221;]\t\t<\/div>\n\t<\/div>\n<\/div><\/div>[\/vc_column][\/vc_row][vc_row disable_element=&#8221;yes&#8221; row_content_width=&#8221;grid&#8221;][vc_column]<div class=\"edgtf-elements-holder   edgtf-one-column  edgtf-responsive-mode-768 \" ><div class=\"edgtf-eh-item    \"  data-item-class=\"edgtf-eh-custom-9727\" data-1367-1600=\"130px 0px 0px 0px\" data-1025-1366=\"130px 0px 0px 0px\" data-769-1024=\"130px 0px 75px 0px\" data-681-768=\"130px 0px 65px 0px\" data-680=\"130px 0px 80px 0px\">\n\t<div class=\"edgtf-eh-item-inner\">\n\t\t<div class=\"edgtf-eh-item-content edgtf-eh-custom-9727\" style=\"padding: 130px 0px 9px 0px\">\n\t\t\t<div class=\"edgtf-clients-grid-holder edgtf-grid-list edgtf-disable-bottom-space edgtf-six-columns edgtf-normal-space  edgtf-cc-hover-switch-images\">\n\t<div class=\"edgtf-cg-inner edgtf-outer-space\">\n\t\t<div class=\"edgtf-cc-item edgtf-item-space edgtf-cci-has-link\">\n\t\t\t<a itemprop=\"url\" class=\"edgtf-cc-link edgtf-block-drag-link\" href=\"#\" target=\"_self\">\n\t\t\t\t\t\t<img decoding=\"async\" itemprop=\"image\" class=\"edgtf-cc-image\" src=\"https:\/\/roberttys.com\/wp-content\/uploads\/2019\/03\/main-home-client-a1-1.png\" alt=\"g\" \/>\n\t\t\t\t\t\t\t<img decoding=\"async\" itemprop=\"image\" class=\"edgtf-cc-hover-image\" src=\"https:\/\/roberttys.com\/wp-content\/uploads\/2019\/03\/main-home-client-a1-hover-1.png\" alt=\"g\" \/>\n\t\t\t\t\t<\/a>\n\t<\/div><div class=\"edgtf-cc-item edgtf-item-space edgtf-cci-has-link\">\n\t\t\t<a itemprop=\"url\" class=\"edgtf-cc-link edgtf-block-drag-link\" href=\"#\" target=\"_self\">\n\t\t\t\t\t\t<img decoding=\"async\" itemprop=\"image\" class=\"edgtf-cc-image\" src=\"https:\/\/roberttys.com\/wp-content\/uploads\/2019\/03\/main-home-client-2-1.png\" alt=\"c\" \/>\n\t\t\t\t\t\t\t<img decoding=\"async\" itemprop=\"image\" class=\"edgtf-cc-hover-image\" src=\"https:\/\/roberttys.com\/wp-content\/uploads\/2019\/03\/main-home-client-2-hover-1.png\" alt=\"f\" \/>\n\t\t\t\t\t<\/a>\n\t<\/div><div class=\"edgtf-cc-item edgtf-item-space edgtf-cci-has-link\">\n\t\t\t<a itemprop=\"url\" class=\"edgtf-cc-link edgtf-block-drag-link\" href=\"#\" target=\"_self\">\n\t\t\t\t\t\t<img decoding=\"async\" itemprop=\"image\" class=\"edgtf-cc-image\" src=\"https:\/\/roberttys.com\/wp-content\/uploads\/2019\/03\/main-home-client-3-1.png\" alt=\"c\" \/>\n\t\t\t\t\t\t\t<img decoding=\"async\" itemprop=\"image\" class=\"edgtf-cc-hover-image\" src=\"https:\/\/roberttys.com\/wp-content\/uploads\/2019\/03\/main-home-client-3-hover-1.png\" alt=\"h\" \/>\n\t\t\t\t\t<\/a>\n\t<\/div><div class=\"edgtf-cc-item edgtf-item-space edgtf-cci-has-link\">\n\t\t\t<a itemprop=\"url\" class=\"edgtf-cc-link edgtf-block-drag-link\" href=\"#\" target=\"_self\">\n\t\t\t\t\t\t<img decoding=\"async\" itemprop=\"image\" class=\"edgtf-cc-image\" src=\"https:\/\/roberttys.com\/wp-content\/uploads\/2019\/03\/main-home-client-4-1.png\" alt=\"c\" \/>\n\t\t\t\t\t\t\t<img decoding=\"async\" itemprop=\"image\" class=\"edgtf-cc-hover-image\" src=\"https:\/\/roberttys.com\/wp-content\/uploads\/2019\/03\/main-home-client-4-hover-1.png\" alt=\"h\" \/>\n\t\t\t\t\t<\/a>\n\t<\/div><div class=\"edgtf-cc-item edgtf-item-space edgtf-cci-has-link\">\n\t\t\t<a itemprop=\"url\" class=\"edgtf-cc-link edgtf-block-drag-link\" href=\"#\" target=\"_self\">\n\t\t\t\t\t\t<img decoding=\"async\" itemprop=\"image\" class=\"edgtf-cc-image\" src=\"https:\/\/roberttys.com\/wp-content\/uploads\/2019\/03\/main-home-client-5-1.png\" alt=\"c\" \/>\n\t\t\t\t\t\t\t<img decoding=\"async\" itemprop=\"image\" class=\"edgtf-cc-hover-image\" src=\"https:\/\/roberttys.com\/wp-content\/uploads\/2019\/03\/main-home-client-5-hover-1.png\" alt=\"h\" \/>\n\t\t\t\t\t<\/a>\n\t<\/div><div class=\"edgtf-cc-item edgtf-item-space edgtf-cci-has-link\">\n\t\t\t<a itemprop=\"url\" class=\"edgtf-cc-link edgtf-block-drag-link\" href=\"#\" target=\"_self\">\n\t\t\t\t\t\t<img decoding=\"async\" itemprop=\"image\" class=\"edgtf-cc-image\" src=\"https:\/\/roberttys.com\/wp-content\/uploads\/2019\/03\/main-home-client-6-1.png\" alt=\"c\" \/>\n\t\t\t\t\t\t\t<img decoding=\"async\" itemprop=\"image\" class=\"edgtf-cc-hover-image\" src=\"https:\/\/roberttys.com\/wp-content\/uploads\/2019\/03\/main-home-client-6-hover-1.png\" alt=\"h\" \/>\n\t\t\t\t\t<\/a>\n\t<\/div>\t<\/div>\n<\/div>\t\t<\/div>\n\t<\/div>\n<\/div><\/div>[\/vc_column][\/vc_row]<\/p>\n<\/section>","protected":false},"excerpt":{"rendered":"<p>[vc_row css=&#8221;.vc_custom_1710162573959{padding-top: 30px !important;padding-bottom: 0px !important;}&#8221;][vc_column offset=&#8221;vc_col-lg-6 vc_col-md-12&#8243;][\/vc_column][vc_column offset=&#8221;vc_col-lg-6 vc_col-md-12&#8243;][\/vc_column][\/vc_row][vc_row css=&#8221;.vc_custom_1710162849488{padding-top: 80px !important;padding-bottom: 0px !important;}&#8221;][vc_column offset=&#8221;vc_col-lg-6 vc_col-md-12&#8243; el_class=&#8221;edgtf-cc-underline&#8221;][\/vc_column][vc_column offset=&#8221;vc_col-lg-6 vc_col-md-12&#8243;][vc_single_image image=&#8221;4068&#8243; img_size=&#8221;full&#8221;][\/vc_column][\/vc_row][vc_row css=&#8221;.vc_custom_1710162842788{padding-top: 80px !important;padding-bottom: 0px !important;}&#8221;][vc_column offset=&#8221;vc_col-lg-6 vc_col-md-12&#8243;][\/vc_column][vc_column offset=&#8221;vc_col-lg-6 vc_col-md-12&#8243;][\/vc_column][\/vc_row][vc_row disable_element=&#8221;yes&#8221; row_content_width=&#8221;grid&#8221;][vc_column][\/vc_column][\/vc_row]<\/p>\n","protected":false},"author":1,"featured_media":0,"parent":0,"menu_order":0,"comment_status":"closed","ping_status":"closed","template":"","meta":{"footnotes":""},"class_list":["post-5972","page","type-page","status-publish","hentry"],"yoast_head":"<!-- This site is optimized with the Yoast SEO plugin v27.2 - https:\/\/yoast.com\/product\/yoast-seo-wordpress\/ -->\n<title>Artiste - Robert Tys | Mediterranean paintings<\/title>\n<meta name=\"robots\" content=\"index, follow, max-snippet:-1, max-image-preview:large, max-video-preview:-1\" \/>\n<link rel=\"canonical\" href=\"https:\/\/roberttys.com\/fr\/artiste\" \/>\n<meta property=\"og:locale\" content=\"fr_FR\" \/>\n<meta property=\"og:type\" content=\"article\" \/>\n<meta property=\"og:title\" content=\"Artiste - Robert Tys | Mediterranean paintings\" \/>\n<meta property=\"og:description\" content=\"[vc_row css=&#8221;.vc_custom_1710162573959{padding-top: 30px !important;padding-bottom: 0px !important;}&#8221;][vc_column offset=&#8221;vc_col-lg-6 vc_col-md-12&#8243;][\/vc_column][vc_column offset=&#8221;vc_col-lg-6 vc_col-md-12&#8243;][\/vc_column][\/vc_row][vc_row css=&#8221;.vc_custom_1710162849488{padding-top: 80px !important;padding-bottom: 0px !important;}&#8221;][vc_column offset=&#8221;vc_col-lg-6 vc_col-md-12&#8243; el_class=&#8221;edgtf-cc-underline&#8221;][\/vc_column][vc_column offset=&#8221;vc_col-lg-6 vc_col-md-12&#8243;][vc_single_image image=&#8221;4068&#8243; img_size=&#8221;full&#8221;][\/vc_column][\/vc_row][vc_row css=&#8221;.vc_custom_1710162842788{padding-top: 80px !important;padding-bottom: 0px !important;}&#8221;][vc_column offset=&#8221;vc_col-lg-6 vc_col-md-12&#8243;][\/vc_column][vc_column offset=&#8221;vc_col-lg-6 vc_col-md-12&#8243;][\/vc_column][\/vc_row][vc_row disable_element=&#8221;yes&#8221; row_content_width=&#8221;grid&#8221;][vc_column][\/vc_column][\/vc_row]\" \/>\n<meta property=\"og:url\" content=\"https:\/\/roberttys.com\/fr\/artiste\" \/>\n<meta property=\"og:site_name\" content=\"Robert Tys | Mediterranean paintings\" \/>\n<meta property=\"article:modified_time\" content=\"2024-04-11T13:30:32+00:00\" \/>\n<meta property=\"og:image\" content=\"https:\/\/roberttys.com\/wp-content\/uploads\/2024\/03\/roberttys-slider-photo.jpg\" \/>\n\t<meta property=\"og:image:width\" content=\"1024\" \/>\n\t<meta property=\"og:image:height\" content=\"561\" \/>\n\t<meta property=\"og:image:type\" content=\"image\/jpeg\" \/>\n<meta name=\"twitter:card\" content=\"summary_large_image\" \/>\n<meta name=\"twitter:label1\" content=\"Dur\u00e9e de lecture estim\u00e9e\" \/>\n\t<meta name=\"twitter:data1\" content=\"5 minutes\" \/>\n<script type=\"application\/ld+json\" class=\"yoast-schema-graph\">{\"@context\":\"https:\/\/schema.org\",\"@graph\":[{\"@type\":\"WebPage\",\"@id\":\"https:\/\/roberttys.com\/fr\/artiste\",\"url\":\"https:\/\/roberttys.com\/fr\/artiste\",\"name\":\"Artiste - Robert Tys | Mediterranean paintings\",\"isPartOf\":{\"@id\":\"https:\/\/roberttys.com\/fr#website\"},\"datePublished\":\"2019-03-13T13:42:39+00:00\",\"dateModified\":\"2024-04-11T13:30:32+00:00\",\"breadcrumb\":{\"@id\":\"https:\/\/roberttys.com\/fr\/artiste#breadcrumb\"},\"inLanguage\":\"fr-FR\",\"potentialAction\":[{\"@type\":\"ReadAction\",\"target\":[\"https:\/\/roberttys.com\/fr\/artiste\"]}]},{\"@type\":\"BreadcrumbList\",\"@id\":\"https:\/\/roberttys.com\/fr\/artiste#breadcrumb\",\"itemListElement\":[{\"@type\":\"ListItem\",\"position\":1,\"name\":\"Strona g\u0142\u00f3wna\",\"item\":\"https:\/\/roberttys.com\/fr\"},{\"@type\":\"ListItem\",\"position\":2,\"name\":\"Artiste\"}]},{\"@type\":\"WebSite\",\"@id\":\"https:\/\/roberttys.com\/fr#website\",\"url\":\"https:\/\/roberttys.com\/fr\",\"name\":\"Robert Tys | Mediterranean paintings\",\"description\":\"Mediterranean paintings\",\"publisher\":{\"@id\":\"https:\/\/roberttys.com\/fr#\/schema\/person\/511a7552115aa32e2ac0e89286329c73\"},\"alternateName\":\"Robert Tys\",\"potentialAction\":[{\"@type\":\"SearchAction\",\"target\":{\"@type\":\"EntryPoint\",\"urlTemplate\":\"https:\/\/roberttys.com\/fr?s={search_term_string}\"},\"query-input\":{\"@type\":\"PropertyValueSpecification\",\"valueRequired\":true,\"valueName\":\"search_term_string\"}}],\"inLanguage\":\"fr-FR\"},{\"@type\":[\"Person\",\"Organization\"],\"@id\":\"https:\/\/roberttys.com\/fr#\/schema\/person\/511a7552115aa32e2ac0e89286329c73\",\"name\":\"Robert Tys\",\"image\":{\"@type\":\"ImageObject\",\"inLanguage\":\"fr-FR\",\"@id\":\"https:\/\/roberttys.com\/wp-content\/uploads\/2024\/03\/logo-robert-tys-1.jpg\",\"url\":\"https:\/\/roberttys.com\/wp-content\/uploads\/2024\/03\/logo-robert-tys-1.jpg\",\"contentUrl\":\"https:\/\/roberttys.com\/wp-content\/uploads\/2024\/03\/logo-robert-tys-1.jpg\",\"width\":610,\"height\":726,\"caption\":\"Robert Tys\"},\"logo\":{\"@id\":\"https:\/\/roberttys.com\/wp-content\/uploads\/2024\/03\/logo-robert-tys-1.jpg\"}}]}<\/script>\n<!-- \/ Yoast SEO plugin. -->","yoast_head_json":{"title":"Artiste - Robert Tys | Mediterranean paintings","robots":{"index":"index","follow":"follow","max-snippet":"max-snippet:-1","max-image-preview":"max-image-preview:large","max-video-preview":"max-video-preview:-1"},"canonical":"https:\/\/roberttys.com\/fr\/artiste","og_locale":"fr_FR","og_type":"article","og_title":"Artiste - Robert Tys | Mediterranean paintings","og_description":"[vc_row css=&#8221;.vc_custom_1710162573959{padding-top: 30px !important;padding-bottom: 0px !important;}&#8221;][vc_column offset=&#8221;vc_col-lg-6 vc_col-md-12&#8243;][\/vc_column][vc_column offset=&#8221;vc_col-lg-6 vc_col-md-12&#8243;][\/vc_column][\/vc_row][vc_row css=&#8221;.vc_custom_1710162849488{padding-top: 80px !important;padding-bottom: 0px !important;}&#8221;][vc_column offset=&#8221;vc_col-lg-6 vc_col-md-12&#8243; el_class=&#8221;edgtf-cc-underline&#8221;][\/vc_column][vc_column offset=&#8221;vc_col-lg-6 vc_col-md-12&#8243;][vc_single_image image=&#8221;4068&#8243; img_size=&#8221;full&#8221;][\/vc_column][\/vc_row][vc_row css=&#8221;.vc_custom_1710162842788{padding-top: 80px !important;padding-bottom: 0px !important;}&#8221;][vc_column offset=&#8221;vc_col-lg-6 vc_col-md-12&#8243;][\/vc_column][vc_column offset=&#8221;vc_col-lg-6 vc_col-md-12&#8243;][\/vc_column][\/vc_row][vc_row disable_element=&#8221;yes&#8221; row_content_width=&#8221;grid&#8221;][vc_column][\/vc_column][\/vc_row]","og_url":"https:\/\/roberttys.com\/fr\/artiste","og_site_name":"Robert Tys | Mediterranean paintings","article_modified_time":"2024-04-11T13:30:32+00:00","og_image":[{"width":1024,"height":561,"url":"https:\/\/roberttys.com\/wp-content\/uploads\/2024\/03\/roberttys-slider-photo.jpg","type":"image\/jpeg"}],"twitter_card":"summary_large_image","twitter_misc":{"Dur\u00e9e de lecture estim\u00e9e":"5 minutes"},"schema":{"@context":"https:\/\/schema.org","@graph":[{"@type":"WebPage","@id":"https:\/\/roberttys.com\/fr\/artiste","url":"https:\/\/roberttys.com\/fr\/artiste","name":"Artiste - Robert Tys | Mediterranean paintings","isPartOf":{"@id":"https:\/\/roberttys.com\/fr#website"},"datePublished":"2019-03-13T13:42:39+00:00","dateModified":"2024-04-11T13:30:32+00:00","breadcrumb":{"@id":"https:\/\/roberttys.com\/fr\/artiste#breadcrumb"},"inLanguage":"fr-FR","potentialAction":[{"@type":"ReadAction","target":["https:\/\/roberttys.com\/fr\/artiste"]}]},{"@type":"BreadcrumbList","@id":"https:\/\/roberttys.com\/fr\/artiste#breadcrumb","itemListElement":[{"@type":"ListItem","position":1,"name":"Strona g\u0142\u00f3wna","item":"https:\/\/roberttys.com\/fr"},{"@type":"ListItem","position":2,"name":"Artiste"}]},{"@type":"WebSite","@id":"https:\/\/roberttys.com\/fr#website","url":"https:\/\/roberttys.com\/fr","name":"Robert Tys | Mediterranean paintings","description":"Mediterranean paintings","publisher":{"@id":"https:\/\/roberttys.com\/fr#\/schema\/person\/511a7552115aa32e2ac0e89286329c73"},"alternateName":"Robert Tys","potentialAction":[{"@type":"SearchAction","target":{"@type":"EntryPoint","urlTemplate":"https:\/\/roberttys.com\/fr?s={search_term_string}"},"query-input":{"@type":"PropertyValueSpecification","valueRequired":true,"valueName":"search_term_string"}}],"inLanguage":"fr-FR"},{"@type":["Person","Organization"],"@id":"https:\/\/roberttys.com\/fr#\/schema\/person\/511a7552115aa32e2ac0e89286329c73","name":"Robert Tys","image":{"@type":"ImageObject","inLanguage":"fr-FR","@id":"https:\/\/roberttys.com\/wp-content\/uploads\/2024\/03\/logo-robert-tys-1.jpg","url":"https:\/\/roberttys.com\/wp-content\/uploads\/2024\/03\/logo-robert-tys-1.jpg","contentUrl":"https:\/\/roberttys.com\/wp-content\/uploads\/2024\/03\/logo-robert-tys-1.jpg","width":610,"height":726,"caption":"Robert Tys"},"logo":{"@id":"https:\/\/roberttys.com\/wp-content\/uploads\/2024\/03\/logo-robert-tys-1.jpg"}}]}},"_links":{"self":[{"href":"https:\/\/roberttys.com\/fr\/wp-json\/wp\/v2\/pages\/5972","targetHints":{"allow":["GET"]}}],"collection":[{"href":"https:\/\/roberttys.com\/fr\/wp-json\/wp\/v2\/pages"}],"about":[{"href":"https:\/\/roberttys.com\/fr\/wp-json\/wp\/v2\/types\/page"}],"author":[{"embeddable":true,"href":"https:\/\/roberttys.com\/fr\/wp-json\/wp\/v2\/users\/1"}],"replies":[{"embeddable":true,"href":"https:\/\/roberttys.com\/fr\/wp-json\/wp\/v2\/comments?post=5972"}],"version-history":[{"count":14,"href":"https:\/\/roberttys.com\/fr\/wp-json\/wp\/v2\/pages\/5972\/revisions"}],"predecessor-version":[{"id":7326,"href":"https:\/\/roberttys.com\/fr\/wp-json\/wp\/v2\/pages\/5972\/revisions\/7326"}],"wp:attachment":[{"href":"https:\/\/roberttys.com\/fr\/wp-json\/wp\/v2\/media?parent=5972"}],"curies":[{"name":"wp","href":"https:\/\/api.w.org\/{rel}","templated":true}]}}