{"id":6048,"date":"2024-03-04T20:03:11","date_gmt":"2024-03-04T20:03:11","guid":{"rendered":"https:\/\/rts.tegn.pl\/wishlist"},"modified":"2024-04-04T12:55:54","modified_gmt":"2024-04-04T12:55:54","slug":"images-preferees","status":"publish","type":"page","link":"https:\/\/roberttys.com\/fr\/images-preferees","title":{"rendered":"Images pr\u00e9f\u00e9r\u00e9es"},"content":{"rendered":"\n\n\n\n<form\n\tid=\"yith-wcwl-form\"\n\taction=\"https:\/\/roberttys.com\/fr\/images-preferees\"\n\tmethod=\"post\"\n\tclass=\"woocommerce yith-wcwl-form wishlist-fragment\"\n\tdata-fragment-options=\"{&quot;per_page&quot;:5,&quot;current_page&quot;:1,&quot;pagination&quot;:&quot;no&quot;,&quot;wishlist_id&quot;:false,&quot;action_params&quot;:false,&quot;no_interactions&quot;:false,&quot;layout&quot;:&quot;&quot;,&quot;wishlist&quot;:false,&quot;is_default&quot;:true,&quot;is_custom_list&quot;:false,&quot;wishlist_token&quot;:&quot;&quot;,&quot;is_private&quot;:false,&quot;count&quot;:0,&quot;page_title&quot;:&quot;My wishlist&quot;,&quot;default_wishlsit_title&quot;:&quot;My wishlist&quot;,&quot;page_links&quot;:false,&quot;is_user_logged_in&quot;:false,&quot;is_user_owner&quot;:true,&quot;can_user_edit_title&quot;:false,&quot;show_price&quot;:true,&quot;show_dateadded&quot;:false,&quot;show_stock_status&quot;:true,&quot;show_add_to_cart&quot;:true,&quot;show_remove_product&quot;:true,&quot;add_to_cart_text&quot;:&quot;Add to cart&quot;,&quot;show_ask_estimate_button&quot;:false,&quot;ask_estimate_url&quot;:&quot;&quot;,&quot;price_excl_tax&quot;:true,&quot;show_cb&quot;:false,&quot;show_quantity&quot;:false,&quot;show_variation&quot;:false,&quot;show_price_variations&quot;:false,&quot;show_update&quot;:false,&quot;enable_drag_n_drop&quot;:false,&quot;enable_add_all_to_cart&quot;:false,&quot;move_to_another_wishlist&quot;:false,&quot;repeat_remove_button&quot;:false,&quot;show_last_column&quot;:true,&quot;heading_icon&quot;:&quot;&lt;i class=\\&quot;fa fa-heart-o\\&quot;&gt;&lt;\\\/i&gt;&quot;,&quot;share_enabled&quot;:false,&quot;template_part&quot;:&quot;view&quot;,&quot;additional_info&quot;:false,&quot;available_multi_wishlist&quot;:false,&quot;form_action&quot;:&quot;https:\\\/\\\/roberttys.com\\\/fr\\\/images-preferees&quot;,&quot;item&quot;:&quot;wishlist&quot;}\"\n>\n\n\t<!-- TITLE -->\n\t\t\t<div class=\"wishlist-title-container\">\n\t\t\t<div class=\"wishlist-title \">\n\t\t\t\t<h2>My wishlist<\/h2>\t\t\t\t\t\t\t<\/div>\n\t\t\t\t\t<\/div>\n\t\t\n\n<!-- WISHLIST TABLE -->\n<table\n\tclass=\"shop_table cart wishlist_table wishlist_view traditional responsive   \"\n\tdata-pagination=\"no\" data-per-page=\"5\" data-page=\"1\"\n\tdata-id=\"\" data-token=\"\">\n\n\t\n\t<thead>\n\t<tr>\n\t\t\n\t\t\t\t\t\t\t\t<th class=\"product-remove\">\n\t\t\t\t<span class=\"nobr\">\n\t\t\t\t\t\t\t\t\t<\/span>\n\t\t\t<\/th>\n\t\t\n\t\t<th class=\"product-thumbnail\"><\/th>\n\n\t\t<th class=\"product-name\">\n\t\t\t<span class=\"nobr\">\n\t\t\t\tNom du produit\t\t\t<\/span>\n\t\t<\/th>\n\n\t\t\t\t\t\t\t\t<th class=\"product-price\">\n\t\t\t\t<span class=\"nobr\">\n\t\t\t\t\tPrix unitaire\t\t\t\t<\/span>\n\t\t\t<\/th>\n\t\t\n\t\t\n\t\t\t\t\t\t\t\t<th class=\"product-stock-status\">\n\t\t\t\t<span class=\"nobr\">\n\t\t\t\t\t\u00c9tat du stock\t\t\t\t<\/span>\n\t\t\t<\/th>\n\t\t\n\t\t\t\t\t\t\t\t<th class=\"product-add-to-cart\">\n\t\t\t\t<span class=\"nobr\">\n\t\t\t\t\t\t\t\t\t<\/span>\n\t\t\t<\/th>\n\t\t\n\t\t\t<\/tr>\n\t<\/thead>\n\n\t<tbody class=\"wishlist-items-wrapper\">\n\t\t\t<tr>\n\t\t\t\t\t\t<td colspan=\"6\" class=\"wishlist-empty\">Aucun produit ajout\u00e9 \u00e0 la liste de souhaits<\/td>\n\t\t<\/tr>\n\t\t\t<\/tbody>\n\n<\/table>\n\n\t<div class=\"yith_wcwl_wishlist_footer\">\n\t\t\n\n\t\t\n\n\t\t\n\t\t\t<\/div>\n\n\t<input type=\"hidden\" id=\"yith_wcwl_edit_wishlist\" name=\"yith_wcwl_edit_wishlist\" value=\"78c9b08c6a\" \/><input type=\"hidden\" name=\"_wp_http_referer\" value=\"\/fr\/wp-json\/wp\/v2\/pages\/6048\" \/>\t<input type=\"hidden\" value=\"\" name=\"wishlist_id\" id=\"wishlist_id\">\n\n\t\n<\/form>\n\n\n\n\n","protected":false},"excerpt":{"rendered":"My wishlist Nom du produit Prix unitaire \u00c9tat du stock Aucun produit ajout\u00e9 \u00e0 la liste de souhaits","protected":false},"author":1,"featured_media":0,"parent":0,"menu_order":0,"comment_status":"closed","ping_status":"closed","template":"","meta":{"footnotes":""},"class_list":["post-6048","page","type-page","status-publish","hentry"],"yoast_head":"<!-- This site is optimized with the Yoast SEO plugin v27.2 - https:\/\/yoast.com\/product\/yoast-seo-wordpress\/ -->\n<title>Images pr\u00e9f\u00e9r\u00e9es - Robert Tys | Mediterranean paintings<\/title>\n<meta name=\"robots\" content=\"index, follow, max-snippet:-1, max-image-preview:large, max-video-preview:-1\" \/>\n<link rel=\"canonical\" href=\"https:\/\/roberttys.com\/fr\/images-preferees\" \/>\n<meta property=\"og:locale\" content=\"fr_FR\" \/>\n<meta property=\"og:type\" content=\"article\" \/>\n<meta property=\"og:title\" content=\"Images pr\u00e9f\u00e9r\u00e9es - Robert Tys | Mediterranean paintings\" \/>\n<meta property=\"og:url\" content=\"https:\/\/roberttys.com\/fr\/images-preferees\" \/>\n<meta property=\"og:site_name\" content=\"Robert Tys | Mediterranean paintings\" \/>\n<meta property=\"article:modified_time\" content=\"2024-04-04T12:55:54+00:00\" \/>\n<meta property=\"og:image\" content=\"https:\/\/roberttys.com\/wp-content\/uploads\/2024\/03\/roberttys-slider-photo.jpg\" \/>\n\t<meta property=\"og:image:width\" content=\"1024\" \/>\n\t<meta property=\"og:image:height\" content=\"561\" \/>\n\t<meta property=\"og:image:type\" content=\"image\/jpeg\" \/>\n<meta name=\"twitter:card\" content=\"summary_large_image\" \/>\n<script type=\"application\/ld+json\" class=\"yoast-schema-graph\">{\"@context\":\"https:\/\/schema.org\",\"@graph\":[{\"@type\":\"WebPage\",\"@id\":\"https:\/\/roberttys.com\/fr\/images-preferees\",\"url\":\"https:\/\/roberttys.com\/fr\/images-preferees\",\"name\":\"Images pr\u00e9f\u00e9r\u00e9es - Robert Tys | Mediterranean paintings\",\"isPartOf\":{\"@id\":\"https:\/\/roberttys.com\/fr#website\"},\"datePublished\":\"2024-03-04T20:03:11+00:00\",\"dateModified\":\"2024-04-04T12:55:54+00:00\",\"breadcrumb\":{\"@id\":\"https:\/\/roberttys.com\/fr\/images-preferees#breadcrumb\"},\"inLanguage\":\"fr-FR\",\"potentialAction\":[{\"@type\":\"ReadAction\",\"target\":[\"https:\/\/roberttys.com\/fr\/images-preferees\"]}]},{\"@type\":\"BreadcrumbList\",\"@id\":\"https:\/\/roberttys.com\/fr\/images-preferees#breadcrumb\",\"itemListElement\":[{\"@type\":\"ListItem\",\"position\":1,\"name\":\"Strona g\u0142\u00f3wna\",\"item\":\"https:\/\/roberttys.com\/fr\"},{\"@type\":\"ListItem\",\"position\":2,\"name\":\"Images pr\u00e9f\u00e9r\u00e9es\"}]},{\"@type\":\"WebSite\",\"@id\":\"https:\/\/roberttys.com\/fr#website\",\"url\":\"https:\/\/roberttys.com\/fr\",\"name\":\"Robert Tys | Mediterranean paintings\",\"description\":\"Mediterranean paintings\",\"publisher\":{\"@id\":\"https:\/\/roberttys.com\/fr#\/schema\/person\/511a7552115aa32e2ac0e89286329c73\"},\"alternateName\":\"Robert Tys\",\"potentialAction\":[{\"@type\":\"SearchAction\",\"target\":{\"@type\":\"EntryPoint\",\"urlTemplate\":\"https:\/\/roberttys.com\/fr?s={search_term_string}\"},\"query-input\":{\"@type\":\"PropertyValueSpecification\",\"valueRequired\":true,\"valueName\":\"search_term_string\"}}],\"inLanguage\":\"fr-FR\"},{\"@type\":[\"Person\",\"Organization\"],\"@id\":\"https:\/\/roberttys.com\/fr#\/schema\/person\/511a7552115aa32e2ac0e89286329c73\",\"name\":\"Robert Tys\",\"image\":{\"@type\":\"ImageObject\",\"inLanguage\":\"fr-FR\",\"@id\":\"https:\/\/roberttys.com\/wp-content\/uploads\/2024\/03\/logo-robert-tys-1.jpg\",\"url\":\"https:\/\/roberttys.com\/wp-content\/uploads\/2024\/03\/logo-robert-tys-1.jpg\",\"contentUrl\":\"https:\/\/roberttys.com\/wp-content\/uploads\/2024\/03\/logo-robert-tys-1.jpg\",\"width\":610,\"height\":726,\"caption\":\"Robert Tys\"},\"logo\":{\"@id\":\"https:\/\/roberttys.com\/wp-content\/uploads\/2024\/03\/logo-robert-tys-1.jpg\"}}]}<\/script>\n<!-- \/ Yoast SEO plugin. -->","yoast_head_json":{"title":"Images pr\u00e9f\u00e9r\u00e9es - Robert Tys | Mediterranean paintings","robots":{"index":"index","follow":"follow","max-snippet":"max-snippet:-1","max-image-preview":"max-image-preview:large","max-video-preview":"max-video-preview:-1"},"canonical":"https:\/\/roberttys.com\/fr\/images-preferees","og_locale":"fr_FR","og_type":"article","og_title":"Images pr\u00e9f\u00e9r\u00e9es - Robert Tys | Mediterranean paintings","og_url":"https:\/\/roberttys.com\/fr\/images-preferees","og_site_name":"Robert Tys | Mediterranean paintings","article_modified_time":"2024-04-04T12:55:54+00:00","og_image":[{"width":1024,"height":561,"url":"https:\/\/roberttys.com\/wp-content\/uploads\/2024\/03\/roberttys-slider-photo.jpg","type":"image\/jpeg"}],"twitter_card":"summary_large_image","schema":{"@context":"https:\/\/schema.org","@graph":[{"@type":"WebPage","@id":"https:\/\/roberttys.com\/fr\/images-preferees","url":"https:\/\/roberttys.com\/fr\/images-preferees","name":"Images pr\u00e9f\u00e9r\u00e9es - Robert Tys | Mediterranean paintings","isPartOf":{"@id":"https:\/\/roberttys.com\/fr#website"},"datePublished":"2024-03-04T20:03:11+00:00","dateModified":"2024-04-04T12:55:54+00:00","breadcrumb":{"@id":"https:\/\/roberttys.com\/fr\/images-preferees#breadcrumb"},"inLanguage":"fr-FR","potentialAction":[{"@type":"ReadAction","target":["https:\/\/roberttys.com\/fr\/images-preferees"]}]},{"@type":"BreadcrumbList","@id":"https:\/\/roberttys.com\/fr\/images-preferees#breadcrumb","itemListElement":[{"@type":"ListItem","position":1,"name":"Strona g\u0142\u00f3wna","item":"https:\/\/roberttys.com\/fr"},{"@type":"ListItem","position":2,"name":"Images pr\u00e9f\u00e9r\u00e9es"}]},{"@type":"WebSite","@id":"https:\/\/roberttys.com\/fr#website","url":"https:\/\/roberttys.com\/fr","name":"Robert Tys | Mediterranean paintings","description":"Mediterranean paintings","publisher":{"@id":"https:\/\/roberttys.com\/fr#\/schema\/person\/511a7552115aa32e2ac0e89286329c73"},"alternateName":"Robert Tys","potentialAction":[{"@type":"SearchAction","target":{"@type":"EntryPoint","urlTemplate":"https:\/\/roberttys.com\/fr?s={search_term_string}"},"query-input":{"@type":"PropertyValueSpecification","valueRequired":true,"valueName":"search_term_string"}}],"inLanguage":"fr-FR"},{"@type":["Person","Organization"],"@id":"https:\/\/roberttys.com\/fr#\/schema\/person\/511a7552115aa32e2ac0e89286329c73","name":"Robert Tys","image":{"@type":"ImageObject","inLanguage":"fr-FR","@id":"https:\/\/roberttys.com\/wp-content\/uploads\/2024\/03\/logo-robert-tys-1.jpg","url":"https:\/\/roberttys.com\/wp-content\/uploads\/2024\/03\/logo-robert-tys-1.jpg","contentUrl":"https:\/\/roberttys.com\/wp-content\/uploads\/2024\/03\/logo-robert-tys-1.jpg","width":610,"height":726,"caption":"Robert Tys"},"logo":{"@id":"https:\/\/roberttys.com\/wp-content\/uploads\/2024\/03\/logo-robert-tys-1.jpg"}}]}},"_links":{"self":[{"href":"https:\/\/roberttys.com\/fr\/wp-json\/wp\/v2\/pages\/6048","targetHints":{"allow":["GET"]}}],"collection":[{"href":"https:\/\/roberttys.com\/fr\/wp-json\/wp\/v2\/pages"}],"about":[{"href":"https:\/\/roberttys.com\/fr\/wp-json\/wp\/v2\/types\/page"}],"author":[{"embeddable":true,"href":"https:\/\/roberttys.com\/fr\/wp-json\/wp\/v2\/users\/1"}],"replies":[{"embeddable":true,"href":"https:\/\/roberttys.com\/fr\/wp-json\/wp\/v2\/comments?post=6048"}],"version-history":[{"count":2,"href":"https:\/\/roberttys.com\/fr\/wp-json\/wp\/v2\/pages\/6048\/revisions"}],"predecessor-version":[{"id":7268,"href":"https:\/\/roberttys.com\/fr\/wp-json\/wp\/v2\/pages\/6048\/revisions\/7268"}],"wp:attachment":[{"href":"https:\/\/roberttys.com\/fr\/wp-json\/wp\/v2\/media?parent=6048"}],"curies":[{"name":"wp","href":"https:\/\/api.w.org\/{rel}","templated":true}]}}