{"id":7629,"date":"2024-03-04T20:01:49","date_gmt":"2024-03-04T20:01:49","guid":{"rendered":"https:\/\/rts.tegn.pl\/?page_id=7629"},"modified":"2024-04-22T08:03:38","modified_gmt":"2024-04-22T08:03:38","slug":"politique-de-confidentialite-et-cookies","status":"publish","type":"page","link":"https:\/\/roberttys.com\/fr\/politique-de-confidentialite-et-cookies","title":{"rendered":"Politique de confidentialit\u00e9 et Cookies"},"content":{"rendered":"<p class=\"p1\">\u00a71<\/p>\n<p class=\"p1\">DISPOSITIONS G\u00c9N\u00c9RALES<\/p>\n<p class=\"p1\">L&#8217;administrateur des donn\u00e9es personnelles collect\u00e9es via la Boutique roberttys.com est Robert Tysarczyk, adresse e-mail : contact@roberttys.com, ci-apr\u00e8s d\u00e9nomm\u00e9 \u00ab l&#8217;Administrateur \u00bb et qui est \u00e9galement le Prestataire.<\/p>\n<p class=\"p1\">Tous les mots ou expressions \u00e9crits dans la pr\u00e9sente Politique de Confidentialit\u00e9 avec une majuscule doivent \u00eatre compris conform\u00e9ment \u00e0 leur d\u00e9finition contenue dans le R\u00e8glement de la Boutique www.roberttys.com<\/p>\n<p class=\"p1\">\u00a7 2<\/p>\n<p class=\"p1\">OBJECTIF ET PORT\u00c9E DE LA COLLECTE DE DONN\u00c9ES<\/p>\n<p class=\"p1\">Les donn\u00e9es personnelles seront trait\u00e9es dans le but d&#8217;effectuer des achats dans ma boutique en ligne, du marketing direct concernant mes propres produits et services, effectu\u00e9 sous une forme traditionnelle (sur papier), constituant ce qu&#8217;on appelle int\u00e9r\u00eat l\u00e9galement justifi\u00e9 de l\u2019entrepreneur. Les donn\u00e9es \u00e0 ces fins seront trait\u00e9es conform\u00e9ment \u00e0 l&#8217;art. 6 sections 1 lettre b), c) et f) R\u00e8glement (UE) 2016\/679 du Parlement europ\u00e9en et du Conseil du 27 avril 2016 relatif \u00e0 la protection des personnes physiques \u00e0 l&#8217;\u00e9gard du traitement des donn\u00e9es \u00e0 caract\u00e8re personnel et \u00e0 la libre circulation de ces donn\u00e9es, et abrogeant la directive 95\/46\/CE (RGPD).<\/p>\n<p class=\"p1\">Apr\u00e8s avoir exprim\u00e9 un consentement s\u00e9par\u00e9, conform\u00e9ment \u00e0 l&#8217;art. 6 sections 1 lettre a) RGPD, les donn\u00e9es peuvent \u00e9galement \u00eatre trait\u00e9es dans le but d&#8217;envoyer des informations commerciales par voie \u00e9lectronique ou de passer des appels t\u00e9l\u00e9phoniques \u00e0 des fins de marketing direct &#8211; en relation avec l&#8217;art. 10 sections 2 de la loi du 18 juillet 2002 relative \u00e0 la fourniture de services \u00e9lectroniques ou art. 172 article 1 de la loi du 16 juillet 2004 &#8211; Loi sur les t\u00e9l\u00e9communications, y compris celles r\u00e9sultant du profilage, \u00e0 condition que l&#8217;utilisateur ait donn\u00e9 son consentement appropri\u00e9.<\/p>\n<p class=\"p1\">Si cela est n\u00e9cessaire pour livrer une commande, les donn\u00e9es personnelles pourront \u00eatre mises \u00e0 disposition des op\u00e9rateurs postaux ou des transporteurs aux seules fins de livraison de la commande. Les donn\u00e9es de transaction, y compris les donn\u00e9es personnelles, pourront \u00eatre transf\u00e9r\u00e9es \u00e0 l&#8217;op\u00e9rateur de paiement \u00e9lectronique s\u00e9lectionn\u00e9 par le Client lors du processus de passation de la Commande, dans la mesure n\u00e9cessaire au traitement du paiement de la Commande. Les donn\u00e9es personnelles trait\u00e9es \u00e0 des fins li\u00e9es \u00e0 la r\u00e9alisation des achats seront trait\u00e9es pendant la dur\u00e9e n\u00e9cessaire \u00e0 la r\u00e9alisation des achats et des commandes, apr\u00e8s quoi les donn\u00e9es faisant l&#8217;objet de l&#8217;archivage seront conserv\u00e9es pendant la dur\u00e9e appropri\u00e9e \u00e0 la prescription des r\u00e9clamations, soit 10 ans. Les donn\u00e9es personnelles trait\u00e9es \u00e0 des fins de marketing couvertes par la d\u00e9claration de consentement seront trait\u00e9es jusqu&#8217;au retrait du consentement.<\/p>\n<p class=\"p1\">S&#8217;il s&#8217;av\u00e8re que le traitement des donn\u00e9es personnelles viole les dispositions du RGPD, la personne concern\u00e9e a le droit de d\u00e9poser une plainte aupr\u00e8s de l&#8217;Inspecteur g\u00e9n\u00e9ral pour la protection des donn\u00e9es personnelles (\u00e0 partir du 25 mai 2018 &#8211; le pr\u00e9sident de l&#8217;Office des donn\u00e9es personnelles Protection).<\/p>\n<p class=\"p1\">La fourniture de donn\u00e9es personnelles est volontaire, cependant, la fourniture de donn\u00e9es personnelles marqu\u00e9es est une condition pour passer une commande, et le fait de ne pas les fournir entra\u00eenera l&#8217;impossibilit\u00e9 de commander des produits dans le magasin.<\/p>\n<p class=\"p1\">Les donn\u00e9es personnelles seront \u00e9galement trait\u00e9es de mani\u00e8re automatis\u00e9e sous forme de profilage, \u00e0 condition que l&#8217;utilisateur y consente conform\u00e9ment \u00e0 l&#8217;art. 6 sections 1 lettre a) RGPD. La cons\u00e9quence du profilage sera l&#8217;attribution d&#8217;un profil \u00e0 une personne donn\u00e9e afin de prendre des d\u00e9cisions la concernant ou d&#8217;analyser ou pr\u00e9dire ses pr\u00e9f\u00e9rences, comportements et attitudes.<\/p>\n<p class=\"p1\">L&#8217;administrateur veille particuli\u00e8rement \u00e0 prot\u00e9ger les int\u00e9r\u00eats des personnes concern\u00e9es, et veille notamment \u00e0 ce que les donn\u00e9es collect\u00e9es par lui soient :<\/p>\n<p class=\"p1\">a. trait\u00e9 conform\u00e9ment \u00e0 la loi,<\/p>\n<p class=\"p1\">b. collect\u00e9s \u00e0 des fins licites sp\u00e9cifi\u00e9es et non soumis \u00e0 un traitement ult\u00e9rieur incompatible avec ces finalit\u00e9s,<\/p>\n<p class=\"p1\">c. substantiellement exacts et ad\u00e9quats au regard des finalit\u00e9s pour lesquelles ils sont trait\u00e9s et conserv\u00e9s sous une forme permettant l&#8217;identification des personnes concern\u00e9es, pas plus longtemps que n\u00e9cessaire pour atteindre la finalit\u00e9 du traitement.<\/p>\n<p class=\"p1\">\u00a7 3<\/p>\n<p class=\"p1\">LE DROIT DE CONTR\u00d4LER, D\u2019ACC\u00c9DER ET DE CORRIGER VOS PROPRES DONN\u00c9ES<\/p>\n<p class=\"p1\">La personne concern\u00e9e a le droit d&#8217;acc\u00e9der \u00e0 ses donn\u00e9es personnelles et le droit de rectifier, supprimer, limiter le traitement, le droit de transf\u00e9rer des donn\u00e9es, le droit d&#8217;opposition, le droit de retirer son consentement \u00e0 tout moment sans affecter la lic\u00e9it\u00e9 du traitement. effectu\u00e9 sur la base du consentement avant son retrait.<\/p>\n<p class=\"p1\">Afin d&#8217;exercer les droits vis\u00e9s au point 1, vous pouvez envoyer un e-mail appropri\u00e9 \u00e0 l&#8217;adresse suivante : contact@roberttys.com<\/p>\n<p class=\"p1\">\u00a7 4<\/p>\n<p class=\"p1\">FICHIERS &#8220;COOKIES&#8221;<\/p>\n<p class=\"p1\">La boutique du Prestataire utilise des \u00ab cookies \u00bb. Le fait de ne pas modifier les param\u00e8tres du navigateur de la part du destinataire du service \u00e9quivaut \u00e0 un consentement \u00e0 leur utilisation.<\/p>\n<p class=\"p1\">L&#8217;installation de cookies est n\u00e9cessaire \u00e0 la bonne fourniture des services dans la Boutique. Les fichiers \u00ab Cookies \u00bb contiennent des informations n\u00e9cessaires au bon fonctionnement de la Boutique, notamment celles n\u00e9cessitant une autorisation.<\/p>\n<p class=\"p1\">La Boutique utilise trois types de cookies : \u00ab de session \u00bb, \u00ab persistants \u00bb et \u00ab analytiques \u00bb.<\/p>\n<p class=\"p1\">3.1 Les \u00ab cookies de session \u00bb sont des fichiers temporaires qui sont stock\u00e9s sur l&#8217;appareil final de l&#8217;utilisateur du service jusqu&#8217;\u00e0 sa d\u00e9connexion (quittement du Store).<\/p>\n<p class=\"p1\">3.2 Les fichiers cookies \u00ab permanents \u00bb sont stock\u00e9s sur l&#8217;appareil final de l&#8217;utilisateur du service pendant la dur\u00e9e sp\u00e9cifi\u00e9e dans les param\u00e8tres du fichier cookie ou jusqu&#8217;\u00e0 ce qu&#8217;ils soient supprim\u00e9s par l&#8217;utilisateur du service.<\/p>\n<p class=\"p1\">3.3 Les cookies \u00ab analytiques \u00bb permettent de mieux comprendre la mani\u00e8re dont l&#8217;Utilisateur du Service interagit avec le contenu de la Boutique et de mieux organiser son agencement. Les cookies \u00ab analytiques \u00bb collectent des informations sur la mani\u00e8re dont l&#8217;utilisateur du service utilise la boutique, le type de site Web \u00e0 partir duquel l&#8217;utilisateur du service a \u00e9t\u00e9 redirig\u00e9, ainsi que le nombre de visites et la dur\u00e9e de la visite de l&#8217;utilisateur du service sur le site Web de la boutique. Ces informations n&#8217;enregistrent pas de donn\u00e9es personnelles sp\u00e9cifiques de l&#8217;Utilisateur du Service, mais sont utilis\u00e9es pour \u00e9laborer des statistiques sur l&#8217;utilisation de la Boutique.<\/p>\n<p class=\"p1\">Le destinataire du service a le droit de d\u00e9cider de l&#8217;acc\u00e8s des \u00ab cookies \u00bb \u00e0 son ordinateur en les s\u00e9lectionnant au pr\u00e9alable dans la fen\u00eatre de son navigateur. Des informations d\u00e9taill\u00e9es sur les possibilit\u00e9s et les m\u00e9thodes de traitement des cookies sont disponibles dans les param\u00e8tres du logiciel (navigateur Web).<\/p>\n<p class=\"p1\">\u00a7 5<\/p>\n<p class=\"p1\">AUTRES TECHNOLOGIES<\/p>\n<p class=\"p1\">L&#8217;Administrateur informe par la pr\u00e9sente l&#8217;Utilisateur qu&#8217;il utilise les technologies suivantes pour suivre les activit\u00e9s entreprises par l&#8217;Utilisateur sur le Site\u00a0Web\u00a0:<\/p>\n<p class=\"p1\">1.1 Pixel de conversion Facebook &#8211; pour g\u00e9rer les publicit\u00e9s Facebook et mener des activit\u00e9s de remarketing,<\/p>\n<p class=\"p1\">1.2 Code de suivi Google Analytics &#8211; pour analyser les statistiques du site Web.<\/p>\n<p class=\"p1\">\u00a7 6<\/p>\n<p class=\"p1\">PROVISIONS FINALES<\/p>\n<p class=\"p1\">L&#8217;Administrateur applique des mesures techniques et organisationnelles pour assurer la protection des donn\u00e9es personnelles trait\u00e9es adapt\u00e9es aux menaces et aux cat\u00e9gories de donn\u00e9es prot\u00e9g\u00e9es, et prot\u00e8ge notamment les donn\u00e9es contre la divulgation \u00e0 des personnes non autoris\u00e9es, la suppression par une personne non autoris\u00e9e, le traitement en violation de la r\u00e9glementation applicable et le changement. , perte, dommage ou destruction.<\/p>\n<p class=\"p1\">Le Prestataire de services pr\u00e9voit des mesures techniques appropri\u00e9es pour emp\u00eacher des personnes non autoris\u00e9es d&#8217;obtenir et de modifier les donn\u00e9es personnelles envoy\u00e9es par voie \u00e9lectronique.<\/p>\n<p class=\"p1\">Dans les domaines non r\u00e9glement\u00e9s par la pr\u00e9sente politique de confidentialit\u00e9, les dispositions du r\u00e8glement de la boutique www.roberttys.com, les dispositions du r\u00e8glement (UE) 2016\/679 du Parlement europ\u00e9en et du Conseil du 27 avril 2016 relatif \u00e0 la protection des ressources naturelles. personnes en ce qui concerne le traitement des donn\u00e9es personnelles et la libre circulation de ces donn\u00e9es et abrogeant la directive 95\/46\/CE (RGPD) et d&#8217;autres dispositions pertinentes de la loi polonaise.<\/p>\n<p class=\"p1\">Les dispositions de la pr\u00e9sente Politique de Confidentialit\u00e9 entrent en vigueur le 25 mai 2018.<\/p>\n","protected":false},"excerpt":{"rendered":"<p>\u00a71 DISPOSITIONS G\u00c9N\u00c9RALES L&#8217;administrateur des donn\u00e9es personnelles collect\u00e9es via la Boutique roberttys.com est Robert Tysarczyk, adresse e-mail : contact@roberttys.com, ci-apr\u00e8s d\u00e9nomm\u00e9 \u00ab l&#8217;Administrateur \u00bb et qui est \u00e9galement le Prestataire. Tous les mots ou expressions \u00e9crits dans la pr\u00e9sente Politique de Confidentialit\u00e9 avec une majuscule doivent \u00eatre compris conform\u00e9ment \u00e0 leur d\u00e9finition contenue dans le R\u00e8glement de la Boutique www.roberttys.com \u00a7 2 OBJECTIF ET PORT\u00c9E DE LA COLLECTE DE DONN\u00c9ES [&hellip;]<\/p>\n","protected":false},"author":1,"featured_media":0,"parent":0,"menu_order":0,"comment_status":"closed","ping_status":"open","template":"","meta":{"footnotes":""},"class_list":["post-7629","page","type-page","status-publish","hentry"],"yoast_head":"<!-- This site is optimized with the Yoast SEO plugin v27.2 - https:\/\/yoast.com\/product\/yoast-seo-wordpress\/ -->\n<title>Politique de confidentialit\u00e9 et Cookies - Robert Tys | Mediterranean paintings<\/title>\n<meta name=\"robots\" content=\"index, follow, max-snippet:-1, max-image-preview:large, max-video-preview:-1\" \/>\n<link rel=\"canonical\" href=\"https:\/\/roberttys.com\/fr\/politique-de-confidentialite-et-cookies\" \/>\n<meta property=\"og:locale\" content=\"fr_FR\" \/>\n<meta property=\"og:type\" content=\"article\" \/>\n<meta property=\"og:title\" content=\"Politique de confidentialit\u00e9 et Cookies - Robert Tys | Mediterranean paintings\" \/>\n<meta property=\"og:description\" content=\"\u00a71 DISPOSITIONS G\u00c9N\u00c9RALES L&#8217;administrateur des donn\u00e9es personnelles collect\u00e9es via la Boutique roberttys.com est Robert Tysarczyk, adresse e-mail : contact@roberttys.com, ci-apr\u00e8s d\u00e9nomm\u00e9 \u00ab l&#8217;Administrateur \u00bb et qui est \u00e9galement le Prestataire. Tous les mots ou expressions \u00e9crits dans la pr\u00e9sente Politique de Confidentialit\u00e9 avec une majuscule doivent \u00eatre compris conform\u00e9ment \u00e0 leur d\u00e9finition contenue dans le R\u00e8glement de la Boutique www.roberttys.com \u00a7 2 OBJECTIF ET PORT\u00c9E DE LA COLLECTE DE DONN\u00c9ES [&hellip;]\" \/>\n<meta property=\"og:url\" content=\"https:\/\/roberttys.com\/fr\/politique-de-confidentialite-et-cookies\" \/>\n<meta property=\"og:site_name\" content=\"Robert Tys | Mediterranean paintings\" \/>\n<meta property=\"article:modified_time\" content=\"2024-04-22T08:03:38+00:00\" \/>\n<meta property=\"og:image\" content=\"https:\/\/roberttys.com\/wp-content\/uploads\/2024\/03\/roberttys-slider-photo.jpg\" \/>\n\t<meta property=\"og:image:width\" content=\"1024\" \/>\n\t<meta property=\"og:image:height\" content=\"561\" \/>\n\t<meta property=\"og:image:type\" content=\"image\/jpeg\" \/>\n<meta name=\"twitter:card\" content=\"summary_large_image\" \/>\n<meta name=\"twitter:label1\" content=\"Dur\u00e9e de lecture estim\u00e9e\" \/>\n\t<meta name=\"twitter:data1\" content=\"7 minutes\" \/>\n<script type=\"application\/ld+json\" class=\"yoast-schema-graph\">{\"@context\":\"https:\/\/schema.org\",\"@graph\":[{\"@type\":\"WebPage\",\"@id\":\"https:\/\/roberttys.com\/fr\/politique-de-confidentialite-et-cookies\",\"url\":\"https:\/\/roberttys.com\/fr\/politique-de-confidentialite-et-cookies\",\"name\":\"Politique de confidentialit\u00e9 et Cookies - Robert Tys | Mediterranean paintings\",\"isPartOf\":{\"@id\":\"https:\/\/roberttys.com\/fr#website\"},\"datePublished\":\"2024-03-04T20:01:49+00:00\",\"dateModified\":\"2024-04-22T08:03:38+00:00\",\"breadcrumb\":{\"@id\":\"https:\/\/roberttys.com\/fr\/politique-de-confidentialite-et-cookies#breadcrumb\"},\"inLanguage\":\"fr-FR\",\"potentialAction\":[{\"@type\":\"ReadAction\",\"target\":[\"https:\/\/roberttys.com\/fr\/politique-de-confidentialite-et-cookies\"]}]},{\"@type\":\"BreadcrumbList\",\"@id\":\"https:\/\/roberttys.com\/fr\/politique-de-confidentialite-et-cookies#breadcrumb\",\"itemListElement\":[{\"@type\":\"ListItem\",\"position\":1,\"name\":\"Strona g\u0142\u00f3wna\",\"item\":\"https:\/\/roberttys.com\/fr\"},{\"@type\":\"ListItem\",\"position\":2,\"name\":\"Politique de confidentialit\u00e9 et Cookies\"}]},{\"@type\":\"WebSite\",\"@id\":\"https:\/\/roberttys.com\/fr#website\",\"url\":\"https:\/\/roberttys.com\/fr\",\"name\":\"Robert Tys | Mediterranean paintings\",\"description\":\"Mediterranean paintings\",\"publisher\":{\"@id\":\"https:\/\/roberttys.com\/fr#\/schema\/person\/511a7552115aa32e2ac0e89286329c73\"},\"alternateName\":\"Robert Tys\",\"potentialAction\":[{\"@type\":\"SearchAction\",\"target\":{\"@type\":\"EntryPoint\",\"urlTemplate\":\"https:\/\/roberttys.com\/fr?s={search_term_string}\"},\"query-input\":{\"@type\":\"PropertyValueSpecification\",\"valueRequired\":true,\"valueName\":\"search_term_string\"}}],\"inLanguage\":\"fr-FR\"},{\"@type\":[\"Person\",\"Organization\"],\"@id\":\"https:\/\/roberttys.com\/fr#\/schema\/person\/511a7552115aa32e2ac0e89286329c73\",\"name\":\"Robert Tys\",\"image\":{\"@type\":\"ImageObject\",\"inLanguage\":\"fr-FR\",\"@id\":\"https:\/\/roberttys.com\/wp-content\/uploads\/2024\/03\/logo-robert-tys-1.jpg\",\"url\":\"https:\/\/roberttys.com\/wp-content\/uploads\/2024\/03\/logo-robert-tys-1.jpg\",\"contentUrl\":\"https:\/\/roberttys.com\/wp-content\/uploads\/2024\/03\/logo-robert-tys-1.jpg\",\"width\":610,\"height\":726,\"caption\":\"Robert Tys\"},\"logo\":{\"@id\":\"https:\/\/roberttys.com\/wp-content\/uploads\/2024\/03\/logo-robert-tys-1.jpg\"}}]}<\/script>\n<!-- \/ Yoast SEO plugin. -->","yoast_head_json":{"title":"Politique de confidentialit\u00e9 et Cookies - Robert Tys | Mediterranean paintings","robots":{"index":"index","follow":"follow","max-snippet":"max-snippet:-1","max-image-preview":"max-image-preview:large","max-video-preview":"max-video-preview:-1"},"canonical":"https:\/\/roberttys.com\/fr\/politique-de-confidentialite-et-cookies","og_locale":"fr_FR","og_type":"article","og_title":"Politique de confidentialit\u00e9 et Cookies - Robert Tys | Mediterranean paintings","og_description":"\u00a71 DISPOSITIONS G\u00c9N\u00c9RALES L&#8217;administrateur des donn\u00e9es personnelles collect\u00e9es via la Boutique roberttys.com est Robert Tysarczyk, adresse e-mail : contact@roberttys.com, ci-apr\u00e8s d\u00e9nomm\u00e9 \u00ab l&#8217;Administrateur \u00bb et qui est \u00e9galement le Prestataire. Tous les mots ou expressions \u00e9crits dans la pr\u00e9sente Politique de Confidentialit\u00e9 avec une majuscule doivent \u00eatre compris conform\u00e9ment \u00e0 leur d\u00e9finition contenue dans le R\u00e8glement de la Boutique www.roberttys.com \u00a7 2 OBJECTIF ET PORT\u00c9E DE LA COLLECTE DE DONN\u00c9ES [&hellip;]","og_url":"https:\/\/roberttys.com\/fr\/politique-de-confidentialite-et-cookies","og_site_name":"Robert Tys | Mediterranean paintings","article_modified_time":"2024-04-22T08:03:38+00:00","og_image":[{"width":1024,"height":561,"url":"https:\/\/roberttys.com\/wp-content\/uploads\/2024\/03\/roberttys-slider-photo.jpg","type":"image\/jpeg"}],"twitter_card":"summary_large_image","twitter_misc":{"Dur\u00e9e de lecture estim\u00e9e":"7 minutes"},"schema":{"@context":"https:\/\/schema.org","@graph":[{"@type":"WebPage","@id":"https:\/\/roberttys.com\/fr\/politique-de-confidentialite-et-cookies","url":"https:\/\/roberttys.com\/fr\/politique-de-confidentialite-et-cookies","name":"Politique de confidentialit\u00e9 et Cookies - Robert Tys | Mediterranean paintings","isPartOf":{"@id":"https:\/\/roberttys.com\/fr#website"},"datePublished":"2024-03-04T20:01:49+00:00","dateModified":"2024-04-22T08:03:38+00:00","breadcrumb":{"@id":"https:\/\/roberttys.com\/fr\/politique-de-confidentialite-et-cookies#breadcrumb"},"inLanguage":"fr-FR","potentialAction":[{"@type":"ReadAction","target":["https:\/\/roberttys.com\/fr\/politique-de-confidentialite-et-cookies"]}]},{"@type":"BreadcrumbList","@id":"https:\/\/roberttys.com\/fr\/politique-de-confidentialite-et-cookies#breadcrumb","itemListElement":[{"@type":"ListItem","position":1,"name":"Strona g\u0142\u00f3wna","item":"https:\/\/roberttys.com\/fr"},{"@type":"ListItem","position":2,"name":"Politique de confidentialit\u00e9 et Cookies"}]},{"@type":"WebSite","@id":"https:\/\/roberttys.com\/fr#website","url":"https:\/\/roberttys.com\/fr","name":"Robert Tys | Mediterranean paintings","description":"Mediterranean paintings","publisher":{"@id":"https:\/\/roberttys.com\/fr#\/schema\/person\/511a7552115aa32e2ac0e89286329c73"},"alternateName":"Robert Tys","potentialAction":[{"@type":"SearchAction","target":{"@type":"EntryPoint","urlTemplate":"https:\/\/roberttys.com\/fr?s={search_term_string}"},"query-input":{"@type":"PropertyValueSpecification","valueRequired":true,"valueName":"search_term_string"}}],"inLanguage":"fr-FR"},{"@type":["Person","Organization"],"@id":"https:\/\/roberttys.com\/fr#\/schema\/person\/511a7552115aa32e2ac0e89286329c73","name":"Robert Tys","image":{"@type":"ImageObject","inLanguage":"fr-FR","@id":"https:\/\/roberttys.com\/wp-content\/uploads\/2024\/03\/logo-robert-tys-1.jpg","url":"https:\/\/roberttys.com\/wp-content\/uploads\/2024\/03\/logo-robert-tys-1.jpg","contentUrl":"https:\/\/roberttys.com\/wp-content\/uploads\/2024\/03\/logo-robert-tys-1.jpg","width":610,"height":726,"caption":"Robert Tys"},"logo":{"@id":"https:\/\/roberttys.com\/wp-content\/uploads\/2024\/03\/logo-robert-tys-1.jpg"}}]}},"_links":{"self":[{"href":"https:\/\/roberttys.com\/fr\/wp-json\/wp\/v2\/pages\/7629","targetHints":{"allow":["GET"]}}],"collection":[{"href":"https:\/\/roberttys.com\/fr\/wp-json\/wp\/v2\/pages"}],"about":[{"href":"https:\/\/roberttys.com\/fr\/wp-json\/wp\/v2\/types\/page"}],"author":[{"embeddable":true,"href":"https:\/\/roberttys.com\/fr\/wp-json\/wp\/v2\/users\/1"}],"replies":[{"embeddable":true,"href":"https:\/\/roberttys.com\/fr\/wp-json\/wp\/v2\/comments?post=7629"}],"version-history":[{"count":1,"href":"https:\/\/roberttys.com\/fr\/wp-json\/wp\/v2\/pages\/7629\/revisions"}],"predecessor-version":[{"id":7630,"href":"https:\/\/roberttys.com\/fr\/wp-json\/wp\/v2\/pages\/7629\/revisions\/7630"}],"wp:attachment":[{"href":"https:\/\/roberttys.com\/fr\/wp-json\/wp\/v2\/media?parent=7629"}],"curies":[{"name":"wp","href":"https:\/\/api.w.org\/{rel}","templated":true}]}}