{"id":7633,"date":"2024-04-16T10:29:23","date_gmt":"2024-04-16T10:29:23","guid":{"rendered":"https:\/\/rts.tegn.pl\/?page_id=7633"},"modified":"2024-04-24T16:32:34","modified_gmt":"2024-04-24T16:32:34","slug":"conditions-generales","status":"publish","type":"page","link":"https:\/\/roberttys.com\/fr\/conditions-generales","title":{"rendered":"Conditions G\u00e9n\u00e9rales"},"content":{"rendered":"<p>Les pr\u00e9sentes conditions de vente sont conclues, d&rsquo;une part, par Roberta Tysarczyk, g\u00e9rante du site ROBERT TYS &#8211; roberttys.com, et d&rsquo;autre part, par toute personne physique ou morale souhaitant effectuer un achat via le site roberttys.com. site Internet, ci-apr\u00e8s d\u00e9nomm\u00e9 \u00ab l\u2019acheteur \u00bb.<\/p>\n<h4>\u00a7 1<br \/>\nTotal<\/h4>\n<p>Les pr\u00e9sentes conditions de vente visent \u00e0 d\u00e9finir la relation contractuelle entre Roberta Tysarczyk et l&rsquo;acheteur et les conditions applicables \u00e0 tout achat effectu\u00e9 via le site roberttys.com. L&rsquo;achat d&rsquo;un produit via ce site Internet constitue l&rsquo;acceptation sans r\u00e9serve par l&rsquo;acheteur des pr\u00e9sentes conditions de vente, dont l&rsquo;acheteur confirme avoir pris connaissance avant de passer commande.<br \/>\nAvant toute transaction, l&rsquo;Acheteur d\u00e9clare, d&rsquo;une part, que l&rsquo;achat de produits sur roberttys.com n&rsquo;est pas directement li\u00e9 \u00e0 son activit\u00e9 professionnelle et est limit\u00e9 \u00e0 des fins strictement personnelles, et d&rsquo;autre part, il dispose de la pleine capacit\u00e9 juridique pour \u00eatre li\u00e9 par les pr\u00e9sentes conditions g\u00e9n\u00e9rales de vente.<\/p>\n<p>Roberta Tysarczyk se r\u00e9serve le droit de modifier les pr\u00e9sentes conditions de vente \u00e0 tout moment afin de s&rsquo;adapter \u00e0 une nouvelle r\u00e9glementation ou d&rsquo;am\u00e9liorer l&rsquo;utilisation de son site internet. Les conditions g\u00e9n\u00e9rales applicables seront donc celles en vigueur \u00e0 la date de la passation de la commande par l&rsquo;acheteur.<\/p>\n<h4>\u00a7 2<br \/>\nDes produits<\/h4>\n<p>Les produits propos\u00e9s sont ceux qui figurent sur le site roberttys.com.<br \/>\nROBERT TYS se r\u00e9serve le droit de modifier l&rsquo;assortiment \u00e0 tout moment. Chaque produit est pr\u00e9sent\u00e9 sur le site sous la forme d&rsquo;une simple description, plus d&rsquo;informations sur le produit peuvent \u00eatre obtenues en contactant roberttys.com<\/p>\n<p>Les photos sont les plus fid\u00e8les possibles, mais n\u2019engagent en rien le Vendeur. La vente des produits pr\u00e9sent\u00e9s sur roberttys.com est destin\u00e9e \u00e0 tous les acheteurs r\u00e9sidant dans des pays autorisant pleinement l&rsquo;importation de ces produits sur leur territoire.<\/p>\n<h4>\u00a7 3<br \/>\nDes prix<\/h4>\n<p>Les prix indiqu\u00e9s sur les fiches produits du catalogue en ligne sont des prix en euro (\u20ac) et en zloty polonais (PLN) toutes taxes comprises (TTC) et incluent la TVA applicable au jour de la passation de la commande.<br \/>\nTout changement du taux de TVA pourra \u00eatre r\u00e9percut\u00e9 sur le prix des produits. ROBERT TYS se r\u00e9serve le droit de modifier ses prix \u00e0 tout moment, mais il est entendu que le prix figurant au catalogue au jour de la passation de la commande sera le seul applicable \u00e0 l&rsquo;acheteur. Les prix indiqu\u00e9s ne comprennent pas les frais de livraison, qui sont factur\u00e9s en suppl\u00e9ment du prix des produits achet\u00e9s en fonction du montant total de la commande.<\/p>\n<h4>\u00a7 4<br \/>\nConditions de commande et de paiement<\/h4>\n<p>Avant chaque commande, l&rsquo;acheteur peut cr\u00e9er un compte sur le site roberttys.com sans avoir \u00e0 cr\u00e9er de compte.<br \/>\nLa rubrique cr\u00e9ation de compte est accessible directement depuis la barre de menu. A chaque visite, l&rsquo;acheteur doit s&rsquo;identifier gr\u00e2ce \u00e0 ces informations s&rsquo;il souhaite passer une commande ou consulter son compte (\u00e9tat de la commande, profil, etc.). ROBERT TYS offre \u00e0 l&rsquo;acheteur la possibilit\u00e9 de commander et de payer ses produits selon trois modes de paiement :<\/p>\n<ul>\n<li>par virement classique sur le num\u00e9ro de compte FR66 2004 1010 0824 6543 2G02 932<\/li>\n<li>via la passerelle de paiement STRIPE<\/li>\n<li>via PAYPAL<\/li>\n<\/ul>\n<p>La confirmation de la commande vaut acceptation des conditions de vente, confirmation d&rsquo;en avoir une parfaite connaissance et renonciation \u00e0 l&rsquo;usage de vos propres conditions d&rsquo;achat. L\u2019ensemble des d\u00e9tails fournis et la confirmation enregistr\u00e9e constitueront la preuve de la transaction.<br \/>\nSi l&rsquo;acheteur dispose d&rsquo;une adresse e-mail et l&rsquo;a renseign\u00e9e dans le bon de commande, ROBERT TYS lui enverra un e-mail avec<br \/>\nconfirmation de l&rsquo;enregistrement de la commande.<br \/>\nSi l&rsquo;acheteur souhaite contacter ROBERT TYS, il peut le faire par e-mail \u00e0 : contact@roberttys.com ou par t\u00e9l\u00e9phone au +33 614 046 587<\/p>\n<h4>\u00a7 5<br \/>\nR\u00e9servations de titres<\/h4>\n<p>ROBERT TYS conserve la pleine propri\u00e9t\u00e9 des produits vendus jusqu&rsquo;au paiement int\u00e9gral, frais et taxes compris.<\/p>\n<h4>\u00a7 6<br \/>\nRenoncement<\/h4>\n<p>Conform\u00e9ment \u00e0 l&rsquo;art. L121-20 du Code de la Consommation, l&rsquo;acheteur dispose de quatorze jours ouvr\u00e9s \u00e0 compter de la livraison de la commande pour exercer son droit de r\u00e9tractation et ainsi retourner le produit au vendeur pour \u00e9change ou remboursement sans p\u00e9nalit\u00e9s, \u00e0 l&rsquo;exception des frais de retour.<\/p>\n<p>\u00a7 7<br \/>\nLivraison<br \/>\nLa livraison d\u00e9signe le transfert de la possession physique ou du contr\u00f4le des marchandises au consommateur. Les produits command\u00e9s sont livr\u00e9s conform\u00e9ment aux dates et d\u00e9lais pr\u00e9cis\u00e9s ci-dessus.<br \/>\nLes produits sont livr\u00e9s \u00e0 l&rsquo;adresse indiqu\u00e9e par l&rsquo;acheteur dans le bon de commande, l&rsquo;acheteur est tenu de s&rsquo;assurer de son exactitude. Tout colis retourn\u00e9 au vendeur en raison d&rsquo;une adresse de livraison erron\u00e9e ou incompl\u00e8te sera r\u00e9exp\u00e9di\u00e9 aux frais de l&rsquo;acheteur. L&rsquo;acheteur pourra, \u00e0 sa demande, envoyer la facture \u00e0 l&rsquo;adresse de facturation au lieu de l&rsquo;adresse de livraison, en confirmant l&rsquo;option pr\u00e9vue \u00e0 cet effet dans le bon de commande.<br \/>\nEn cas d&rsquo;absence de l&rsquo;Acheteur le jour de la livraison, le livreur laissera un avis de passage dans la bo\u00eete aux lettres qui permettra de retirer l&rsquo;envoi au lieu et \u00e0 l&rsquo;heure indiqu\u00e9s.<br \/>\nSi l&#8217;emballage d&rsquo;origine est endommag\u00e9, d\u00e9chir\u00e9 ou ouvert lors de la livraison, il appartient \u00e0 l&rsquo;acheteur de v\u00e9rifier l&rsquo;\u00e9tat des articles. S&rsquo;ils sont endommag\u00e9s, l&rsquo;acheteur est tenu de refuser d&rsquo;accepter l&rsquo;envoi et de noter l&rsquo;objection sur le bon de livraison (colis rejet\u00e9 car ouvert ou endommag\u00e9).<br \/>\nL&rsquo;acheteur est tenu d&rsquo;indiquer sur le bon de livraison et sous forme de r\u00e9serves manuscrites avec sa signature toutes irr\u00e9gularit\u00e9s dans la livraison (avarie, produit manquant par rapport au bon de livraison, emballage endommag\u00e9, produits ab\u00eem\u00e9s, etc.).<br \/>\nCette v\u00e9rification est r\u00e9put\u00e9e effectu\u00e9e lorsque le bon de livraison est sign\u00e9 par l&rsquo;acheteur ou une personne mandat\u00e9e par lui.<br \/>\nL&rsquo;acheteur devra alors confirmer ces r\u00e9serves au transporteur par lettre recommand\u00e9e au plus tard deux jours ouvr\u00e9s apr\u00e8s r\u00e9ception du ou des articles et adresser une copie de cette lettre par fax ou courrier au vendeur \u00e0 l&rsquo;adresse indiqu\u00e9e dans la notice. l\u00e9galit\u00e9 du site Web.<br \/>\nSi les produits doivent \u00eatre retourn\u00e9s au vendeur, ils doivent \u00eatre signal\u00e9s au vendeur pour retour dans les 14 jours suivant la livraison. Les r\u00e9clamations soumises apr\u00e8s cette date ne seront pas accept\u00e9es. Les retours de produits ne peuvent \u00eatre accept\u00e9s que pour les produits dans leur \u00e9tat d&rsquo;origine (emballage, accessoires, notice, etc.).<\/p>\n<h4>\u00a7 8<br \/>\nGarantie<\/h4>\n<p>Tous les produits fournis par ROBERT TYS b\u00e9n\u00e9ficient de la garantie l\u00e9gale pr\u00e9vue aux articles 1641 et suivants du Code de la consommation. Code Civil. En cas de non-conformit\u00e9 du produit vendu, celui-ci pourra \u00eatre retourn\u00e9 \u00e0 ROBERT TYS, qui le reprendra, l&rsquo;\u00e9changera ou remboursera l&rsquo;argent. Toutes r\u00e9clamations, demandes de remplacement ou de remboursement doivent \u00eatre adress\u00e9es par courrier \u00e0 : ROBERT TYSARCZYK BAT B 19 LES BASTIDES DE PUGET RUE DU GENERAL CHARLES DE GAULLE 83480 PUGET SUR ARGENS, FRANCE dans un d\u00e9lai de trente jours \u00e0 compter de la livraison.<\/p>\n<h4>\u00a7 9<br \/>\nResponsabilit\u00e9<\/h4>\n<p>ROBERT TYS dans le processus de vente \u00e0 distance n&rsquo;est li\u00e9 qu&rsquo;\u00e0 l&rsquo;obligation de fonds. Nous ne pouvons \u00eatre tenus responsables des dommages r\u00e9sultant de l&rsquo;utilisation du r\u00e9seau Internet, tels que perte de donn\u00e9es, piratage, virus, interruption de service ou autres probl\u00e8mes involontaires.<\/p>\n<h4>\u00a7 10<br \/>\nPropri\u00e9t\u00e9 intellectuelle<\/h4>\n<p>Le contenu du site Internet reste la propri\u00e9t\u00e9 du vendeur, qui est titulaire exclusif des droits de propri\u00e9t\u00e9 intellectuelle sur ce contenu.<br \/>\nPersonne n&rsquo;est autoris\u00e9 \u00e0 reproduire, exploiter ou exploiter \u00e0 quelque titre que ce soit, m\u00eame partiel, des \u00e9l\u00e9ments du site internet, qu&rsquo;ils soient sous forme de photos, logos, images ou textes.<\/p>\n<h4>\u00a7 11<br \/>\nDonn\u00e9es personnelles<\/h4>\n<p>ROBERT TYS s&rsquo;engage \u00e0 garder confidentielles les informations fournies par l&rsquo;acheteur, qu&rsquo;il pourrait \u00eatre amen\u00e9 \u00e0 fournir pour l&rsquo;utilisation de certains services. Toutes les informations le concernant sont soumises aux dispositions de la loi n\u00b0 78-17 du 6 janvier 1978. L&rsquo;internaute dispose donc d&rsquo;un droit d&rsquo;acc\u00e8s, de modification et de suppression des informations qui le concernent. Vous pouvez \u00e0 tout moment introduire une demande par mail \u00e0 contact@roberttys.com<\/p>\n<h4>\u00a7 12<br \/>\nLangue du contrat<\/h4>\n<p>Les pr\u00e9sentes conditions g\u00e9n\u00e9rales de vente sont r\u00e9dig\u00e9es en langue fran\u00e7aise. S&rsquo;il est traduit dans une ou plusieurs langues \u00e9trang\u00e8res, seul le texte fran\u00e7ais fera foi en cas de litige.<\/p>\n<h4>\u00a7 13<br \/>\nR\u00e8glement des diff\u00e9rends<\/h4>\n<p>L&rsquo;acheteur peut recourir \u00e0 la m\u00e9diation conventionnelle, notamment aupr\u00e8s de la Commission de M\u00e9diation de la Consommation ou des instances de m\u00e9diation sectorielles existantes, ou \u00e0 tout mode alternatif de r\u00e9solution des litiges (par exemple conciliation) en cas de litige.<\/p>\n<h4>\u00a7 14<br \/>\nLoi applicable<\/h4>\n<p>Les pr\u00e9sentes conditions g\u00e9n\u00e9rales sont r\u00e9gies par la loi fran\u00e7aise. Le tribunal comp\u00e9tent est le tribunal judiciaire.<br \/>\nCela s\u2019applique aussi bien aux r\u00e9glementations de fond qu\u2019aux r\u00e9glementations formelles. En cas de litige ou de r\u00e9clamation, l&rsquo;acheteur s&rsquo;adressera en priorit\u00e9 au vendeur pour rechercher une solution amiable.<\/p>\n","protected":false},"excerpt":{"rendered":"<p>Les pr\u00e9sentes conditions de vente sont conclues, d&rsquo;une part, par Roberta Tysarczyk, g\u00e9rante du site ROBERT TYS &#8211; roberttys.com, et d&rsquo;autre part, par toute personne physique ou morale souhaitant effectuer un achat via le site roberttys.com. site Internet, ci-apr\u00e8s d\u00e9nomm\u00e9 \u00ab l\u2019acheteur \u00bb. \u00a7 1 Total Les pr\u00e9sentes conditions de vente visent \u00e0 d\u00e9finir la relation contractuelle entre Roberta Tysarczyk et l&rsquo;acheteur et les conditions applicables \u00e0 tout achat effectu\u00e9 [&hellip;]<\/p>\n","protected":false},"author":1,"featured_media":0,"parent":0,"menu_order":0,"comment_status":"closed","ping_status":"open","template":"","meta":{"footnotes":""},"class_list":["post-7633","page","type-page","status-publish","hentry"],"yoast_head":"<!-- This site is optimized with the Yoast SEO plugin v27.5 - https:\/\/yoast.com\/product\/yoast-seo-wordpress\/ -->\n<title>Conditions G\u00e9n\u00e9rales - Robert Tys | Mediterranean paintings<\/title>\n<meta name=\"robots\" content=\"index, follow, max-snippet:-1, max-image-preview:large, max-video-preview:-1\" \/>\n<link rel=\"canonical\" href=\"https:\/\/roberttys.com\/fr\/conditions-generales\" \/>\n<meta property=\"og:locale\" content=\"fr_FR\" \/>\n<meta property=\"og:type\" content=\"article\" \/>\n<meta property=\"og:title\" content=\"Conditions G\u00e9n\u00e9rales - Robert Tys | Mediterranean paintings\" \/>\n<meta property=\"og:description\" content=\"Les pr\u00e9sentes conditions de vente sont conclues, d&rsquo;une part, par Roberta Tysarczyk, g\u00e9rante du site ROBERT TYS &#8211; roberttys.com, et d&rsquo;autre part, par toute personne physique ou morale souhaitant effectuer un achat via le site roberttys.com. site Internet, ci-apr\u00e8s d\u00e9nomm\u00e9 \u00ab l\u2019acheteur \u00bb. \u00a7 1 Total Les pr\u00e9sentes conditions de vente visent \u00e0 d\u00e9finir la relation contractuelle entre Roberta Tysarczyk et l&rsquo;acheteur et les conditions applicables \u00e0 tout achat effectu\u00e9 [&hellip;]\" \/>\n<meta property=\"og:url\" content=\"https:\/\/roberttys.com\/fr\/conditions-generales\" \/>\n<meta property=\"og:site_name\" content=\"Robert Tys | Mediterranean paintings\" \/>\n<meta property=\"article:modified_time\" content=\"2024-04-24T16:32:34+00:00\" \/>\n<meta property=\"og:image\" content=\"https:\/\/roberttys.com\/wp-content\/uploads\/2024\/03\/roberttys-slider-photo.jpg\" \/>\n\t<meta property=\"og:image:width\" content=\"1024\" \/>\n\t<meta property=\"og:image:height\" content=\"561\" \/>\n\t<meta property=\"og:image:type\" content=\"image\/jpeg\" \/>\n<meta name=\"twitter:card\" content=\"summary_large_image\" \/>\n<meta name=\"twitter:label1\" content=\"Dur\u00e9e de lecture estim\u00e9e\" \/>\n\t<meta name=\"twitter:data1\" content=\"7 minutes\" \/>\n<script type=\"application\/ld+json\" class=\"yoast-schema-graph\">{\"@context\":\"https:\\\/\\\/schema.org\",\"@graph\":[{\"@type\":\"WebPage\",\"@id\":\"https:\\\/\\\/roberttys.com\\\/fr\\\/conditions-generales\",\"url\":\"https:\\\/\\\/roberttys.com\\\/fr\\\/conditions-generales\",\"name\":\"Conditions G\u00e9n\u00e9rales - Robert Tys | Mediterranean paintings\",\"isPartOf\":{\"@id\":\"https:\\\/\\\/roberttys.com\\\/fr#website\"},\"datePublished\":\"2024-04-16T10:29:23+00:00\",\"dateModified\":\"2024-04-24T16:32:34+00:00\",\"breadcrumb\":{\"@id\":\"https:\\\/\\\/roberttys.com\\\/fr\\\/conditions-generales#breadcrumb\"},\"inLanguage\":\"fr-FR\",\"potentialAction\":[{\"@type\":\"ReadAction\",\"target\":[\"https:\\\/\\\/roberttys.com\\\/fr\\\/conditions-generales\"]}]},{\"@type\":\"BreadcrumbList\",\"@id\":\"https:\\\/\\\/roberttys.com\\\/fr\\\/conditions-generales#breadcrumb\",\"itemListElement\":[{\"@type\":\"ListItem\",\"position\":1,\"name\":\"Strona g\u0142\u00f3wna\",\"item\":\"https:\\\/\\\/roberttys.com\\\/fr\"},{\"@type\":\"ListItem\",\"position\":2,\"name\":\"Conditions G\u00e9n\u00e9rales\"}]},{\"@type\":\"WebSite\",\"@id\":\"https:\\\/\\\/roberttys.com\\\/fr#website\",\"url\":\"https:\\\/\\\/roberttys.com\\\/fr\",\"name\":\"Robert Tys | Mediterranean paintings\",\"description\":\"Mediterranean paintings\",\"publisher\":{\"@id\":\"https:\\\/\\\/roberttys.com\\\/fr#\\\/schema\\\/person\\\/511a7552115aa32e2ac0e89286329c73\"},\"alternateName\":\"Robert Tys\",\"potentialAction\":[{\"@type\":\"SearchAction\",\"target\":{\"@type\":\"EntryPoint\",\"urlTemplate\":\"https:\\\/\\\/roberttys.com\\\/fr?s={search_term_string}\"},\"query-input\":{\"@type\":\"PropertyValueSpecification\",\"valueRequired\":true,\"valueName\":\"search_term_string\"}}],\"inLanguage\":\"fr-FR\"},{\"@type\":[\"Person\",\"Organization\"],\"@id\":\"https:\\\/\\\/roberttys.com\\\/fr#\\\/schema\\\/person\\\/511a7552115aa32e2ac0e89286329c73\",\"name\":\"Robert Tys\",\"image\":{\"@type\":\"ImageObject\",\"inLanguage\":\"fr-FR\",\"@id\":\"https:\\\/\\\/roberttys.com\\\/wp-content\\\/uploads\\\/2024\\\/03\\\/logo-robert-tys-1.jpg\",\"url\":\"https:\\\/\\\/roberttys.com\\\/wp-content\\\/uploads\\\/2024\\\/03\\\/logo-robert-tys-1.jpg\",\"contentUrl\":\"https:\\\/\\\/roberttys.com\\\/wp-content\\\/uploads\\\/2024\\\/03\\\/logo-robert-tys-1.jpg\",\"width\":610,\"height\":726,\"caption\":\"Robert Tys\"},\"logo\":{\"@id\":\"https:\\\/\\\/roberttys.com\\\/wp-content\\\/uploads\\\/2024\\\/03\\\/logo-robert-tys-1.jpg\"}}]}<\/script>\n<!-- \/ Yoast SEO plugin. -->","yoast_head_json":{"title":"Conditions G\u00e9n\u00e9rales - Robert Tys | Mediterranean paintings","robots":{"index":"index","follow":"follow","max-snippet":"max-snippet:-1","max-image-preview":"max-image-preview:large","max-video-preview":"max-video-preview:-1"},"canonical":"https:\/\/roberttys.com\/fr\/conditions-generales","og_locale":"fr_FR","og_type":"article","og_title":"Conditions G\u00e9n\u00e9rales - Robert Tys | Mediterranean paintings","og_description":"Les pr\u00e9sentes conditions de vente sont conclues, d&rsquo;une part, par Roberta Tysarczyk, g\u00e9rante du site ROBERT TYS &#8211; roberttys.com, et d&rsquo;autre part, par toute personne physique ou morale souhaitant effectuer un achat via le site roberttys.com. site Internet, ci-apr\u00e8s d\u00e9nomm\u00e9 \u00ab l\u2019acheteur \u00bb. \u00a7 1 Total Les pr\u00e9sentes conditions de vente visent \u00e0 d\u00e9finir la relation contractuelle entre Roberta Tysarczyk et l&rsquo;acheteur et les conditions applicables \u00e0 tout achat effectu\u00e9 [&hellip;]","og_url":"https:\/\/roberttys.com\/fr\/conditions-generales","og_site_name":"Robert Tys | Mediterranean paintings","article_modified_time":"2024-04-24T16:32:34+00:00","og_image":[{"width":1024,"height":561,"url":"https:\/\/roberttys.com\/wp-content\/uploads\/2024\/03\/roberttys-slider-photo.jpg","type":"image\/jpeg"}],"twitter_card":"summary_large_image","twitter_misc":{"Dur\u00e9e de lecture estim\u00e9e":"7 minutes"},"schema":{"@context":"https:\/\/schema.org","@graph":[{"@type":"WebPage","@id":"https:\/\/roberttys.com\/fr\/conditions-generales","url":"https:\/\/roberttys.com\/fr\/conditions-generales","name":"Conditions G\u00e9n\u00e9rales - Robert Tys | Mediterranean paintings","isPartOf":{"@id":"https:\/\/roberttys.com\/fr#website"},"datePublished":"2024-04-16T10:29:23+00:00","dateModified":"2024-04-24T16:32:34+00:00","breadcrumb":{"@id":"https:\/\/roberttys.com\/fr\/conditions-generales#breadcrumb"},"inLanguage":"fr-FR","potentialAction":[{"@type":"ReadAction","target":["https:\/\/roberttys.com\/fr\/conditions-generales"]}]},{"@type":"BreadcrumbList","@id":"https:\/\/roberttys.com\/fr\/conditions-generales#breadcrumb","itemListElement":[{"@type":"ListItem","position":1,"name":"Strona g\u0142\u00f3wna","item":"https:\/\/roberttys.com\/fr"},{"@type":"ListItem","position":2,"name":"Conditions G\u00e9n\u00e9rales"}]},{"@type":"WebSite","@id":"https:\/\/roberttys.com\/fr#website","url":"https:\/\/roberttys.com\/fr","name":"Robert Tys | Mediterranean paintings","description":"Mediterranean paintings","publisher":{"@id":"https:\/\/roberttys.com\/fr#\/schema\/person\/511a7552115aa32e2ac0e89286329c73"},"alternateName":"Robert Tys","potentialAction":[{"@type":"SearchAction","target":{"@type":"EntryPoint","urlTemplate":"https:\/\/roberttys.com\/fr?s={search_term_string}"},"query-input":{"@type":"PropertyValueSpecification","valueRequired":true,"valueName":"search_term_string"}}],"inLanguage":"fr-FR"},{"@type":["Person","Organization"],"@id":"https:\/\/roberttys.com\/fr#\/schema\/person\/511a7552115aa32e2ac0e89286329c73","name":"Robert Tys","image":{"@type":"ImageObject","inLanguage":"fr-FR","@id":"https:\/\/roberttys.com\/wp-content\/uploads\/2024\/03\/logo-robert-tys-1.jpg","url":"https:\/\/roberttys.com\/wp-content\/uploads\/2024\/03\/logo-robert-tys-1.jpg","contentUrl":"https:\/\/roberttys.com\/wp-content\/uploads\/2024\/03\/logo-robert-tys-1.jpg","width":610,"height":726,"caption":"Robert Tys"},"logo":{"@id":"https:\/\/roberttys.com\/wp-content\/uploads\/2024\/03\/logo-robert-tys-1.jpg"}}]}},"_links":{"self":[{"href":"https:\/\/roberttys.com\/fr\/wp-json\/wp\/v2\/pages\/7633","targetHints":{"allow":["GET"]}}],"collection":[{"href":"https:\/\/roberttys.com\/fr\/wp-json\/wp\/v2\/pages"}],"about":[{"href":"https:\/\/roberttys.com\/fr\/wp-json\/wp\/v2\/types\/page"}],"author":[{"embeddable":true,"href":"https:\/\/roberttys.com\/fr\/wp-json\/wp\/v2\/users\/1"}],"replies":[{"embeddable":true,"href":"https:\/\/roberttys.com\/fr\/wp-json\/wp\/v2\/comments?post=7633"}],"version-history":[{"count":3,"href":"https:\/\/roberttys.com\/fr\/wp-json\/wp\/v2\/pages\/7633\/revisions"}],"predecessor-version":[{"id":7885,"href":"https:\/\/roberttys.com\/fr\/wp-json\/wp\/v2\/pages\/7633\/revisions\/7885"}],"wp:attachment":[{"href":"https:\/\/roberttys.com\/fr\/wp-json\/wp\/v2\/media?parent=7633"}],"curies":[{"name":"wp","href":"https:\/\/api.w.org\/{rel}","templated":true}]}}