{"id":11413,"date":"2026-05-09T17:27:04","date_gmt":"2026-05-09T17:27:04","guid":{"rendered":"https:\/\/roberttys.com\/?post_type=product&#038;p=11413"},"modified":"2026-05-09T17:56:34","modified_gmt":"2026-05-09T17:56:34","slug":"cayo-guillermo","status":"publish","type":"product","link":"https:\/\/roberttys.com\/fr\/gallery\/cayo-guillermo","title":{"rendered":"Cayo Guillermo"},"content":{"rendered":"<p>Cayo Guillermo s\u00e9duit par ses lagunes vierges o\u00f9 les eaux turquoise rencontrent un sable blanc et soyeux. L\u2019\u00eele est entour\u00e9e d\u2019une v\u00e9g\u00e9tation luxuriante et de baies calmes riches en vie marine.<\/p>\n","protected":false},"excerpt":{"rendered":"<p>La galerie propose \u00e0 la fois des \u00e9ditions ouvertes et des \u00e9ditions limit\u00e9es de collection.<\/p>\n","protected":false},"featured_media":11428,"template":"","meta":[],"product_brand":[],"product_cat":[212,210],"product_tag":[],"class_list":{"0":"post-11413","1":"product","2":"type-product","3":"status-publish","4":"has-post-thumbnail","6":"product_cat-lhomme","7":"product_cat-nature-fr-2","9":"first","10":"instock","11":"shipping-taxable","12":"purchasable","13":"product-type-variable"},"yoast_head":"<!-- This site is optimized with the Yoast SEO plugin v27.5 - https:\/\/yoast.com\/product\/yoast-seo-wordpress\/ -->\n<title>Cayo Guillermo - Robert Tys | Mediterranean paintings<\/title>\n<meta name=\"robots\" content=\"index, follow, max-snippet:-1, max-image-preview:large, max-video-preview:-1\" \/>\n<link rel=\"canonical\" href=\"https:\/\/roberttys.com\/fr\/gallery\/cayo-guillermo\" \/>\n<meta property=\"og:locale\" content=\"fr_FR\" \/>\n<meta property=\"og:type\" content=\"article\" \/>\n<meta property=\"og:title\" content=\"Cayo Guillermo - Robert Tys | Mediterranean paintings\" \/>\n<meta property=\"og:description\" content=\"La galerie propose \u00e0 la fois des \u00e9ditions ouvertes et des \u00e9ditions limit\u00e9es de collection.\" \/>\n<meta property=\"og:url\" content=\"https:\/\/roberttys.com\/fr\/gallery\/cayo-guillermo\" \/>\n<meta property=\"og:site_name\" content=\"Robert Tys | Mediterranean paintings\" \/>\n<meta property=\"article:modified_time\" content=\"2026-05-09T17:56:34+00:00\" \/>\n<meta property=\"og:image\" content=\"https:\/\/roberttys.com\/wp-content\/uploads\/2026\/05\/102-roberttys-.jpg\" \/>\n\t<meta property=\"og:image:width\" content=\"845\" \/>\n\t<meta property=\"og:image:height\" content=\"629\" \/>\n\t<meta property=\"og:image:type\" content=\"image\/jpeg\" \/>\n<meta name=\"twitter:card\" content=\"summary_large_image\" \/>\n<meta name=\"twitter:label1\" content=\"Dur\u00e9e de lecture estim\u00e9e\" \/>\n\t<meta name=\"twitter:data1\" content=\"1 minute\" \/>\n<script type=\"application\/ld+json\" class=\"yoast-schema-graph\">{\"@context\":\"https:\\\/\\\/schema.org\",\"@graph\":[{\"@type\":\"WebPage\",\"@id\":\"https:\\\/\\\/roberttys.com\\\/fr\\\/gallery\\\/cayo-guillermo\",\"url\":\"https:\\\/\\\/roberttys.com\\\/fr\\\/gallery\\\/cayo-guillermo\",\"name\":\"Cayo Guillermo - Robert Tys | Mediterranean paintings\",\"isPartOf\":{\"@id\":\"https:\\\/\\\/roberttys.com\\\/fr#website\"},\"primaryImageOfPage\":{\"@id\":\"https:\\\/\\\/roberttys.com\\\/fr\\\/gallery\\\/cayo-guillermo#primaryimage\"},\"image\":{\"@id\":\"https:\\\/\\\/roberttys.com\\\/fr\\\/gallery\\\/cayo-guillermo#primaryimage\"},\"thumbnailUrl\":\"https:\\\/\\\/roberttys.com\\\/wp-content\\\/uploads\\\/2026\\\/05\\\/102-roberttys-.jpg\",\"datePublished\":\"2026-05-09T17:27:04+00:00\",\"dateModified\":\"2026-05-09T17:56:34+00:00\",\"breadcrumb\":{\"@id\":\"https:\\\/\\\/roberttys.com\\\/fr\\\/gallery\\\/cayo-guillermo#breadcrumb\"},\"inLanguage\":\"fr-FR\",\"potentialAction\":[{\"@type\":\"ReadAction\",\"target\":[\"https:\\\/\\\/roberttys.com\\\/fr\\\/gallery\\\/cayo-guillermo\"]}]},{\"@type\":\"ImageObject\",\"inLanguage\":\"fr-FR\",\"@id\":\"https:\\\/\\\/roberttys.com\\\/fr\\\/gallery\\\/cayo-guillermo#primaryimage\",\"url\":\"https:\\\/\\\/roberttys.com\\\/wp-content\\\/uploads\\\/2026\\\/05\\\/102-roberttys-.jpg\",\"contentUrl\":\"https:\\\/\\\/roberttys.com\\\/wp-content\\\/uploads\\\/2026\\\/05\\\/102-roberttys-.jpg\",\"width\":845,\"height\":629},{\"@type\":\"BreadcrumbList\",\"@id\":\"https:\\\/\\\/roberttys.com\\\/fr\\\/gallery\\\/cayo-guillermo#breadcrumb\",\"itemListElement\":[{\"@type\":\"ListItem\",\"position\":1,\"name\":\"Strona g\u0142\u00f3wna\",\"item\":\"https:\\\/\\\/roberttys.com\\\/fr\"},{\"@type\":\"ListItem\",\"position\":2,\"name\":\"Galerie\",\"item\":\"https:\\\/\\\/roberttys.com\\\/fr\\\/galerie\"},{\"@type\":\"ListItem\",\"position\":3,\"name\":\"Cayo Guillermo\"}]},{\"@type\":\"WebSite\",\"@id\":\"https:\\\/\\\/roberttys.com\\\/fr#website\",\"url\":\"https:\\\/\\\/roberttys.com\\\/fr\",\"name\":\"Robert Tys | Mediterranean paintings\",\"description\":\"Mediterranean paintings\",\"publisher\":{\"@id\":\"https:\\\/\\\/roberttys.com\\\/fr#\\\/schema\\\/person\\\/511a7552115aa32e2ac0e89286329c73\"},\"alternateName\":\"Robert Tys\",\"potentialAction\":[{\"@type\":\"SearchAction\",\"target\":{\"@type\":\"EntryPoint\",\"urlTemplate\":\"https:\\\/\\\/roberttys.com\\\/fr?s={search_term_string}\"},\"query-input\":{\"@type\":\"PropertyValueSpecification\",\"valueRequired\":true,\"valueName\":\"search_term_string\"}}],\"inLanguage\":\"fr-FR\"},{\"@type\":[\"Person\",\"Organization\"],\"@id\":\"https:\\\/\\\/roberttys.com\\\/fr#\\\/schema\\\/person\\\/511a7552115aa32e2ac0e89286329c73\",\"name\":\"Robert Tys\",\"image\":{\"@type\":\"ImageObject\",\"inLanguage\":\"fr-FR\",\"@id\":\"https:\\\/\\\/roberttys.com\\\/wp-content\\\/uploads\\\/2024\\\/03\\\/logo-robert-tys-1.jpg\",\"url\":\"https:\\\/\\\/roberttys.com\\\/wp-content\\\/uploads\\\/2024\\\/03\\\/logo-robert-tys-1.jpg\",\"contentUrl\":\"https:\\\/\\\/roberttys.com\\\/wp-content\\\/uploads\\\/2024\\\/03\\\/logo-robert-tys-1.jpg\",\"width\":610,\"height\":726,\"caption\":\"Robert Tys\"},\"logo\":{\"@id\":\"https:\\\/\\\/roberttys.com\\\/wp-content\\\/uploads\\\/2024\\\/03\\\/logo-robert-tys-1.jpg\"}}]}<\/script>\n<!-- \/ Yoast SEO plugin. -->","yoast_head_json":{"title":"Cayo Guillermo - Robert Tys | Mediterranean paintings","robots":{"index":"index","follow":"follow","max-snippet":"max-snippet:-1","max-image-preview":"max-image-preview:large","max-video-preview":"max-video-preview:-1"},"canonical":"https:\/\/roberttys.com\/fr\/gallery\/cayo-guillermo","og_locale":"fr_FR","og_type":"article","og_title":"Cayo Guillermo - Robert Tys | Mediterranean paintings","og_description":"La galerie propose \u00e0 la fois des \u00e9ditions ouvertes et des \u00e9ditions limit\u00e9es de collection.","og_url":"https:\/\/roberttys.com\/fr\/gallery\/cayo-guillermo","og_site_name":"Robert Tys | Mediterranean paintings","article_modified_time":"2026-05-09T17:56:34+00:00","og_image":[{"width":845,"height":629,"url":"https:\/\/roberttys.com\/wp-content\/uploads\/2026\/05\/102-roberttys-.jpg","type":"image\/jpeg"}],"twitter_card":"summary_large_image","twitter_misc":{"Dur\u00e9e de lecture estim\u00e9e":"1 minute"},"schema":{"@context":"https:\/\/schema.org","@graph":[{"@type":"WebPage","@id":"https:\/\/roberttys.com\/fr\/gallery\/cayo-guillermo","url":"https:\/\/roberttys.com\/fr\/gallery\/cayo-guillermo","name":"Cayo Guillermo - Robert Tys | Mediterranean paintings","isPartOf":{"@id":"https:\/\/roberttys.com\/fr#website"},"primaryImageOfPage":{"@id":"https:\/\/roberttys.com\/fr\/gallery\/cayo-guillermo#primaryimage"},"image":{"@id":"https:\/\/roberttys.com\/fr\/gallery\/cayo-guillermo#primaryimage"},"thumbnailUrl":"https:\/\/roberttys.com\/wp-content\/uploads\/2026\/05\/102-roberttys-.jpg","datePublished":"2026-05-09T17:27:04+00:00","dateModified":"2026-05-09T17:56:34+00:00","breadcrumb":{"@id":"https:\/\/roberttys.com\/fr\/gallery\/cayo-guillermo#breadcrumb"},"inLanguage":"fr-FR","potentialAction":[{"@type":"ReadAction","target":["https:\/\/roberttys.com\/fr\/gallery\/cayo-guillermo"]}]},{"@type":"ImageObject","inLanguage":"fr-FR","@id":"https:\/\/roberttys.com\/fr\/gallery\/cayo-guillermo#primaryimage","url":"https:\/\/roberttys.com\/wp-content\/uploads\/2026\/05\/102-roberttys-.jpg","contentUrl":"https:\/\/roberttys.com\/wp-content\/uploads\/2026\/05\/102-roberttys-.jpg","width":845,"height":629},{"@type":"BreadcrumbList","@id":"https:\/\/roberttys.com\/fr\/gallery\/cayo-guillermo#breadcrumb","itemListElement":[{"@type":"ListItem","position":1,"name":"Strona g\u0142\u00f3wna","item":"https:\/\/roberttys.com\/fr"},{"@type":"ListItem","position":2,"name":"Galerie","item":"https:\/\/roberttys.com\/fr\/galerie"},{"@type":"ListItem","position":3,"name":"Cayo Guillermo"}]},{"@type":"WebSite","@id":"https:\/\/roberttys.com\/fr#website","url":"https:\/\/roberttys.com\/fr","name":"Robert Tys | Mediterranean paintings","description":"Mediterranean paintings","publisher":{"@id":"https:\/\/roberttys.com\/fr#\/schema\/person\/511a7552115aa32e2ac0e89286329c73"},"alternateName":"Robert Tys","potentialAction":[{"@type":"SearchAction","target":{"@type":"EntryPoint","urlTemplate":"https:\/\/roberttys.com\/fr?s={search_term_string}"},"query-input":{"@type":"PropertyValueSpecification","valueRequired":true,"valueName":"search_term_string"}}],"inLanguage":"fr-FR"},{"@type":["Person","Organization"],"@id":"https:\/\/roberttys.com\/fr#\/schema\/person\/511a7552115aa32e2ac0e89286329c73","name":"Robert Tys","image":{"@type":"ImageObject","inLanguage":"fr-FR","@id":"https:\/\/roberttys.com\/wp-content\/uploads\/2024\/03\/logo-robert-tys-1.jpg","url":"https:\/\/roberttys.com\/wp-content\/uploads\/2024\/03\/logo-robert-tys-1.jpg","contentUrl":"https:\/\/roberttys.com\/wp-content\/uploads\/2024\/03\/logo-robert-tys-1.jpg","width":610,"height":726,"caption":"Robert Tys"},"logo":{"@id":"https:\/\/roberttys.com\/wp-content\/uploads\/2024\/03\/logo-robert-tys-1.jpg"}}]}},"_links":{"self":[{"href":"https:\/\/roberttys.com\/fr\/wp-json\/wp\/v2\/product\/11413","targetHints":{"allow":["GET"]}}],"collection":[{"href":"https:\/\/roberttys.com\/fr\/wp-json\/wp\/v2\/product"}],"about":[{"href":"https:\/\/roberttys.com\/fr\/wp-json\/wp\/v2\/types\/product"}],"wp:featuredmedia":[{"embeddable":true,"href":"https:\/\/roberttys.com\/fr\/wp-json\/wp\/v2\/media\/11428"}],"wp:attachment":[{"href":"https:\/\/roberttys.com\/fr\/wp-json\/wp\/v2\/media?parent=11413"}],"wp:term":[{"taxonomy":"product_brand","embeddable":true,"href":"https:\/\/roberttys.com\/fr\/wp-json\/wp\/v2\/product_brand?post=11413"},{"taxonomy":"product_cat","embeddable":true,"href":"https:\/\/roberttys.com\/fr\/wp-json\/wp\/v2\/product_cat?post=11413"},{"taxonomy":"product_tag","embeddable":true,"href":"https:\/\/roberttys.com\/fr\/wp-json\/wp\/v2\/product_tag?post=11413"}],"curies":[{"name":"wp","href":"https:\/\/api.w.org\/{rel}","templated":true}]}}