{"id":6868,"date":"2024-03-19T11:04:58","date_gmt":"2024-03-19T11:04:58","guid":{"rendered":"https:\/\/rts.tegn.pl\/?post_type=product&#038;p=6868"},"modified":"2026-04-30T11:49:26","modified_gmt":"2026-04-30T11:49:26","slug":"hotel-le-negresco-nice","status":"publish","type":"product","link":"https:\/\/roberttys.com\/fr\/gallery\/hotel-le-negresco-nice","title":{"rendered":"H\u00f4tel Le Negresco \u00e0 Nice"},"content":{"rendered":"<p class=\"p1\">H\u00f4tel prestigieux sur la Promenade des Anglais \u00e0 Nice. C&rsquo;est l&rsquo;un des rares survivants de l&rsquo;h\u00f4tellerie du d\u00e9but du XXe si\u00e8cle et l&rsquo;un des derniers \u00e9tablissements ind\u00e9pendants de cette classe. Ses fa\u00e7ades sont bas\u00e9es sur une trame n\u00e9oclassique, avec une ornementation opulente quasi-baroque. Il figure comme l&rsquo;h\u00f4tel Sacher de Vienne, le Ritz de Paris ou l&rsquo;h\u00f4tel Astoria de Bruxelles, parmi les lieux mythiques de l&rsquo;h\u00f4tellerie de luxe. Il s&rsquo;agit de l&rsquo;un des lieux symboliques de la ville de Nice.<\/p>\n<p class=\"p1\">Imprim\u00e9 sur papier Fine Art &#8211; William Turner, 100% coton, 190 gr\/m<sup>2<\/sup>.<\/p>\n","protected":false},"excerpt":{"rendered":"<p class=\"p1\">Imprim\u00e9 sur papier Fine Art &#8211; William Turner, 100% coton, 190 gr\/m<sup>2<\/sup>.<\/p>\n<p>La galerie propose des tirages en\u00a0<strong>\u00e9dition ouverte<\/strong>. Cependant, si vous recherchez une pi\u00e8ce de collection, il est possible d\u2019acqu\u00e9rir une \u00e9dition limit\u00e9e originale.<br \/>\nChaque \u0153uvre de la s\u00e9rie limit\u00e9e (seulement 30 exemplaires) est tir\u00e9e sur un papier coton d\u2019archive prestigieux \u2014 le plus souvent du\u00a0<strong>Hahnem\u00fchle William Turner 310 g\/m\u00b2<\/strong>. Ces tirages sont sign\u00e9s \u00e0 la main et accompagn\u00e9s d\u2019un certificat d\u2019authenticit\u00e9.<br \/>\nPour l\u2019achat d\u2019une \u00e9dition premium, je vous invite \u00e0 me\u00a0contacter directement \u00e0 l\u2019adresse suivante : contact@roberttys.com.<\/p>\n","protected":false},"featured_media":7350,"template":"","meta":[],"product_brand":[],"product_cat":[209,212],"product_tag":[],"class_list":{"0":"post-6868","1":"product","2":"type-product","3":"status-publish","4":"has-post-thumbnail","6":"product_cat-architecture-fr-2","7":"product_cat-lhomme","9":"first","10":"instock","11":"shipping-taxable","12":"purchasable","13":"product-type-variable"},"yoast_head":"<!-- This site is optimized with the Yoast SEO plugin v27.5 - https:\/\/yoast.com\/product\/yoast-seo-wordpress\/ -->\n<title>H\u00f4tel Le Negresco \u00e0 Nice - Robert Tys | Mediterranean paintings<\/title>\n<meta name=\"robots\" content=\"index, follow, max-snippet:-1, max-image-preview:large, max-video-preview:-1\" \/>\n<link rel=\"canonical\" href=\"https:\/\/roberttys.com\/fr\/gallery\/hotel-le-negresco-nice\" \/>\n<meta property=\"og:locale\" content=\"fr_FR\" \/>\n<meta property=\"og:type\" content=\"article\" \/>\n<meta property=\"og:title\" content=\"H\u00f4tel Le Negresco \u00e0 Nice - Robert Tys | Mediterranean paintings\" \/>\n<meta property=\"og:description\" content=\"Imprim\u00e9 sur papier Fine Art - William Turner, 100% coton, 190 gr\/m2. La galerie propose des tirages en\u00a0\u00e9dition ouverte. Cependant, si vous recherchez une pi\u00e8ce de collection, il est possible d\u2019acqu\u00e9rir une \u00e9dition limit\u00e9e originale. Chaque \u0153uvre de la s\u00e9rie limit\u00e9e (seulement 30 exemplaires) est tir\u00e9e sur un papier coton d\u2019archive prestigieux \u2014 le plus souvent du\u00a0Hahnem\u00fchle William Turner 310 g\/m\u00b2. Ces tirages sont sign\u00e9s \u00e0 la main et accompagn\u00e9s d\u2019un certificat d\u2019authenticit\u00e9. Pour l\u2019achat d\u2019une \u00e9dition premium, je vous invite \u00e0 me\u00a0contacter directement \u00e0 l\u2019adresse suivante : contact@roberttys.com.\" \/>\n<meta property=\"og:url\" content=\"https:\/\/roberttys.com\/fr\/gallery\/hotel-le-negresco-nice\" \/>\n<meta property=\"og:site_name\" content=\"Robert Tys | Mediterranean paintings\" \/>\n<meta property=\"article:modified_time\" content=\"2026-04-30T11:49:26+00:00\" \/>\n<meta property=\"og:image\" content=\"https:\/\/roberttys.com\/wp-content\/uploads\/2024\/03\/054-roberttys-p.jpg\" \/>\n\t<meta property=\"og:image:width\" content=\"810\" \/>\n\t<meta property=\"og:image:height\" content=\"572\" \/>\n\t<meta property=\"og:image:type\" content=\"image\/jpeg\" \/>\n<meta name=\"twitter:card\" content=\"summary_large_image\" \/>\n<meta name=\"twitter:label1\" content=\"Dur\u00e9e de lecture estim\u00e9e\" \/>\n\t<meta name=\"twitter:data1\" content=\"1 minute\" \/>\n<script type=\"application\/ld+json\" class=\"yoast-schema-graph\">{\"@context\":\"https:\\\/\\\/schema.org\",\"@graph\":[{\"@type\":\"WebPage\",\"@id\":\"https:\\\/\\\/roberttys.com\\\/fr\\\/gallery\\\/hotel-le-negresco-nice\",\"url\":\"https:\\\/\\\/roberttys.com\\\/fr\\\/gallery\\\/hotel-le-negresco-nice\",\"name\":\"H\u00f4tel Le Negresco \u00e0 Nice - Robert Tys | Mediterranean paintings\",\"isPartOf\":{\"@id\":\"https:\\\/\\\/roberttys.com\\\/fr#website\"},\"primaryImageOfPage\":{\"@id\":\"https:\\\/\\\/roberttys.com\\\/fr\\\/gallery\\\/hotel-le-negresco-nice#primaryimage\"},\"image\":{\"@id\":\"https:\\\/\\\/roberttys.com\\\/fr\\\/gallery\\\/hotel-le-negresco-nice#primaryimage\"},\"thumbnailUrl\":\"https:\\\/\\\/roberttys.com\\\/wp-content\\\/uploads\\\/2024\\\/03\\\/054-roberttys-p.jpg\",\"datePublished\":\"2024-03-19T11:04:58+00:00\",\"dateModified\":\"2026-04-30T11:49:26+00:00\",\"breadcrumb\":{\"@id\":\"https:\\\/\\\/roberttys.com\\\/fr\\\/gallery\\\/hotel-le-negresco-nice#breadcrumb\"},\"inLanguage\":\"fr-FR\",\"potentialAction\":[{\"@type\":\"ReadAction\",\"target\":[\"https:\\\/\\\/roberttys.com\\\/fr\\\/gallery\\\/hotel-le-negresco-nice\"]}]},{\"@type\":\"ImageObject\",\"inLanguage\":\"fr-FR\",\"@id\":\"https:\\\/\\\/roberttys.com\\\/fr\\\/gallery\\\/hotel-le-negresco-nice#primaryimage\",\"url\":\"https:\\\/\\\/roberttys.com\\\/wp-content\\\/uploads\\\/2024\\\/03\\\/054-roberttys-p.jpg\",\"contentUrl\":\"https:\\\/\\\/roberttys.com\\\/wp-content\\\/uploads\\\/2024\\\/03\\\/054-roberttys-p.jpg\",\"width\":810,\"height\":572},{\"@type\":\"BreadcrumbList\",\"@id\":\"https:\\\/\\\/roberttys.com\\\/fr\\\/gallery\\\/hotel-le-negresco-nice#breadcrumb\",\"itemListElement\":[{\"@type\":\"ListItem\",\"position\":1,\"name\":\"Strona g\u0142\u00f3wna\",\"item\":\"https:\\\/\\\/roberttys.com\\\/fr\"},{\"@type\":\"ListItem\",\"position\":2,\"name\":\"Galerie\",\"item\":\"https:\\\/\\\/roberttys.com\\\/fr\\\/galerie\"},{\"@type\":\"ListItem\",\"position\":3,\"name\":\"H\u00f4tel Le Negresco \u00e0 Nice\"}]},{\"@type\":\"WebSite\",\"@id\":\"https:\\\/\\\/roberttys.com\\\/fr#website\",\"url\":\"https:\\\/\\\/roberttys.com\\\/fr\",\"name\":\"Robert Tys | Mediterranean paintings\",\"description\":\"Mediterranean paintings\",\"publisher\":{\"@id\":\"https:\\\/\\\/roberttys.com\\\/fr#\\\/schema\\\/person\\\/511a7552115aa32e2ac0e89286329c73\"},\"alternateName\":\"Robert Tys\",\"potentialAction\":[{\"@type\":\"SearchAction\",\"target\":{\"@type\":\"EntryPoint\",\"urlTemplate\":\"https:\\\/\\\/roberttys.com\\\/fr?s={search_term_string}\"},\"query-input\":{\"@type\":\"PropertyValueSpecification\",\"valueRequired\":true,\"valueName\":\"search_term_string\"}}],\"inLanguage\":\"fr-FR\"},{\"@type\":[\"Person\",\"Organization\"],\"@id\":\"https:\\\/\\\/roberttys.com\\\/fr#\\\/schema\\\/person\\\/511a7552115aa32e2ac0e89286329c73\",\"name\":\"Robert Tys\",\"image\":{\"@type\":\"ImageObject\",\"inLanguage\":\"fr-FR\",\"@id\":\"https:\\\/\\\/roberttys.com\\\/wp-content\\\/uploads\\\/2024\\\/03\\\/logo-robert-tys-1.jpg\",\"url\":\"https:\\\/\\\/roberttys.com\\\/wp-content\\\/uploads\\\/2024\\\/03\\\/logo-robert-tys-1.jpg\",\"contentUrl\":\"https:\\\/\\\/roberttys.com\\\/wp-content\\\/uploads\\\/2024\\\/03\\\/logo-robert-tys-1.jpg\",\"width\":610,\"height\":726,\"caption\":\"Robert Tys\"},\"logo\":{\"@id\":\"https:\\\/\\\/roberttys.com\\\/wp-content\\\/uploads\\\/2024\\\/03\\\/logo-robert-tys-1.jpg\"}}]}<\/script>\n<!-- \/ Yoast SEO plugin. -->","yoast_head_json":{"title":"H\u00f4tel Le Negresco \u00e0 Nice - Robert Tys | Mediterranean paintings","robots":{"index":"index","follow":"follow","max-snippet":"max-snippet:-1","max-image-preview":"max-image-preview:large","max-video-preview":"max-video-preview:-1"},"canonical":"https:\/\/roberttys.com\/fr\/gallery\/hotel-le-negresco-nice","og_locale":"fr_FR","og_type":"article","og_title":"H\u00f4tel Le Negresco \u00e0 Nice - Robert Tys | Mediterranean paintings","og_description":"Imprim\u00e9 sur papier Fine Art - William Turner, 100% coton, 190 gr\/m2. La galerie propose des tirages en\u00a0\u00e9dition ouverte. Cependant, si vous recherchez une pi\u00e8ce de collection, il est possible d\u2019acqu\u00e9rir une \u00e9dition limit\u00e9e originale. Chaque \u0153uvre de la s\u00e9rie limit\u00e9e (seulement 30 exemplaires) est tir\u00e9e sur un papier coton d\u2019archive prestigieux \u2014 le plus souvent du\u00a0Hahnem\u00fchle William Turner 310 g\/m\u00b2. Ces tirages sont sign\u00e9s \u00e0 la main et accompagn\u00e9s d\u2019un certificat d\u2019authenticit\u00e9. Pour l\u2019achat d\u2019une \u00e9dition premium, je vous invite \u00e0 me\u00a0contacter directement \u00e0 l\u2019adresse suivante : contact@roberttys.com.","og_url":"https:\/\/roberttys.com\/fr\/gallery\/hotel-le-negresco-nice","og_site_name":"Robert Tys | Mediterranean paintings","article_modified_time":"2026-04-30T11:49:26+00:00","og_image":[{"width":810,"height":572,"url":"https:\/\/roberttys.com\/wp-content\/uploads\/2024\/03\/054-roberttys-p.jpg","type":"image\/jpeg"}],"twitter_card":"summary_large_image","twitter_misc":{"Dur\u00e9e de lecture estim\u00e9e":"1 minute"},"schema":{"@context":"https:\/\/schema.org","@graph":[{"@type":"WebPage","@id":"https:\/\/roberttys.com\/fr\/gallery\/hotel-le-negresco-nice","url":"https:\/\/roberttys.com\/fr\/gallery\/hotel-le-negresco-nice","name":"H\u00f4tel Le Negresco \u00e0 Nice - Robert Tys | Mediterranean paintings","isPartOf":{"@id":"https:\/\/roberttys.com\/fr#website"},"primaryImageOfPage":{"@id":"https:\/\/roberttys.com\/fr\/gallery\/hotel-le-negresco-nice#primaryimage"},"image":{"@id":"https:\/\/roberttys.com\/fr\/gallery\/hotel-le-negresco-nice#primaryimage"},"thumbnailUrl":"https:\/\/roberttys.com\/wp-content\/uploads\/2024\/03\/054-roberttys-p.jpg","datePublished":"2024-03-19T11:04:58+00:00","dateModified":"2026-04-30T11:49:26+00:00","breadcrumb":{"@id":"https:\/\/roberttys.com\/fr\/gallery\/hotel-le-negresco-nice#breadcrumb"},"inLanguage":"fr-FR","potentialAction":[{"@type":"ReadAction","target":["https:\/\/roberttys.com\/fr\/gallery\/hotel-le-negresco-nice"]}]},{"@type":"ImageObject","inLanguage":"fr-FR","@id":"https:\/\/roberttys.com\/fr\/gallery\/hotel-le-negresco-nice#primaryimage","url":"https:\/\/roberttys.com\/wp-content\/uploads\/2024\/03\/054-roberttys-p.jpg","contentUrl":"https:\/\/roberttys.com\/wp-content\/uploads\/2024\/03\/054-roberttys-p.jpg","width":810,"height":572},{"@type":"BreadcrumbList","@id":"https:\/\/roberttys.com\/fr\/gallery\/hotel-le-negresco-nice#breadcrumb","itemListElement":[{"@type":"ListItem","position":1,"name":"Strona g\u0142\u00f3wna","item":"https:\/\/roberttys.com\/fr"},{"@type":"ListItem","position":2,"name":"Galerie","item":"https:\/\/roberttys.com\/fr\/galerie"},{"@type":"ListItem","position":3,"name":"H\u00f4tel Le Negresco \u00e0 Nice"}]},{"@type":"WebSite","@id":"https:\/\/roberttys.com\/fr#website","url":"https:\/\/roberttys.com\/fr","name":"Robert Tys | Mediterranean paintings","description":"Mediterranean paintings","publisher":{"@id":"https:\/\/roberttys.com\/fr#\/schema\/person\/511a7552115aa32e2ac0e89286329c73"},"alternateName":"Robert Tys","potentialAction":[{"@type":"SearchAction","target":{"@type":"EntryPoint","urlTemplate":"https:\/\/roberttys.com\/fr?s={search_term_string}"},"query-input":{"@type":"PropertyValueSpecification","valueRequired":true,"valueName":"search_term_string"}}],"inLanguage":"fr-FR"},{"@type":["Person","Organization"],"@id":"https:\/\/roberttys.com\/fr#\/schema\/person\/511a7552115aa32e2ac0e89286329c73","name":"Robert Tys","image":{"@type":"ImageObject","inLanguage":"fr-FR","@id":"https:\/\/roberttys.com\/wp-content\/uploads\/2024\/03\/logo-robert-tys-1.jpg","url":"https:\/\/roberttys.com\/wp-content\/uploads\/2024\/03\/logo-robert-tys-1.jpg","contentUrl":"https:\/\/roberttys.com\/wp-content\/uploads\/2024\/03\/logo-robert-tys-1.jpg","width":610,"height":726,"caption":"Robert Tys"},"logo":{"@id":"https:\/\/roberttys.com\/wp-content\/uploads\/2024\/03\/logo-robert-tys-1.jpg"}}]}},"_links":{"self":[{"href":"https:\/\/roberttys.com\/fr\/wp-json\/wp\/v2\/product\/6868","targetHints":{"allow":["GET"]}}],"collection":[{"href":"https:\/\/roberttys.com\/fr\/wp-json\/wp\/v2\/product"}],"about":[{"href":"https:\/\/roberttys.com\/fr\/wp-json\/wp\/v2\/types\/product"}],"wp:featuredmedia":[{"embeddable":true,"href":"https:\/\/roberttys.com\/fr\/wp-json\/wp\/v2\/media\/7350"}],"wp:attachment":[{"href":"https:\/\/roberttys.com\/fr\/wp-json\/wp\/v2\/media?parent=6868"}],"wp:term":[{"taxonomy":"product_brand","embeddable":true,"href":"https:\/\/roberttys.com\/fr\/wp-json\/wp\/v2\/product_brand?post=6868"},{"taxonomy":"product_cat","embeddable":true,"href":"https:\/\/roberttys.com\/fr\/wp-json\/wp\/v2\/product_cat?post=6868"},{"taxonomy":"product_tag","embeddable":true,"href":"https:\/\/roberttys.com\/fr\/wp-json\/wp\/v2\/product_tag?post=6868"}],"curies":[{"name":"wp","href":"https:\/\/api.w.org\/{rel}","templated":true}]}}