{"id":7681,"date":"2024-03-19T11:06:36","date_gmt":"2024-03-19T11:06:36","guid":{"rendered":"https:\/\/rts.tegn.pl\/?post_type=product&#038;p=7681"},"modified":"2024-08-12T22:24:34","modified_gmt":"2024-08-12T22:24:34","slug":"marche-aix","status":"publish","type":"product","link":"https:\/\/roberttys.com\/fr\/gallery\/marche-aix","title":{"rendered":"March\u00e9 Aix"},"content":{"rendered":"<p class=\"p1\">March\u00e9 aux fruits et legumes. Place Richelme, Aix-en-Provence. L\u2019ancien nom de la place Richelme, place aux Herbes, \u00e9tait en harmonie avec la halle aux grains qui la borde au Nord. Son nom, en lien avec son histoire et sa destination, remonte au XIVe si\u00e8cle. En effet, depuis son origine \u00e0 nos jours, elle se caract\u00e9rise par la pr\u00e9sence de producteurs, mara\u00eechers ou jardiniers, vendant directement leurs produits frais chaque jour.<br \/>\nImprim\u00e9 sur papier Fine Art &#8211; William Turner, 100% coton, 190 gr\/m<sup>2<\/sup>.<\/p>\n","protected":false},"excerpt":{"rendered":"<p class=\"p1\">March\u00e9 aux fruits et legumes. Place Richelme, Aix-en-Provence.<br \/>\nImprim\u00e9 sur papier Fine Art &#8211; William Turner, 100% coton, 190 gr\/m<sup>2<\/sup>.<\/p>\n","protected":false},"featured_media":7686,"template":"","meta":[],"product_cat":[209,212],"product_tag":[],"class_list":{"0":"post-7681","1":"product","2":"type-product","3":"status-publish","4":"has-post-thumbnail","6":"product_cat-architecture-fr-2","7":"product_cat-lhomme","8":"pa_number-1-100-fr","10":"first","11":"instock","12":"shipping-taxable","13":"purchasable","14":"product-type-variable"},"yoast_head":"<!-- This site is optimized with the Yoast SEO plugin v27.2 - https:\/\/yoast.com\/product\/yoast-seo-wordpress\/ -->\n<title>March\u00e9 Aix - Robert Tys | Mediterranean paintings<\/title>\n<meta name=\"robots\" content=\"index, follow, max-snippet:-1, max-image-preview:large, max-video-preview:-1\" \/>\n<link rel=\"canonical\" href=\"https:\/\/roberttys.com\/fr\/gallery\/marche-aix\" \/>\n<meta property=\"og:locale\" content=\"fr_FR\" \/>\n<meta property=\"og:type\" content=\"article\" \/>\n<meta property=\"og:title\" content=\"March\u00e9 Aix - Robert Tys | Mediterranean paintings\" \/>\n<meta property=\"og:description\" content=\"March\u00e9 aux fruits et legumes. Place Richelme, Aix-en-Provence. Imprim\u00e9 sur papier Fine Art - William Turner, 100% coton, 190 gr\/m2.\" \/>\n<meta property=\"og:url\" content=\"https:\/\/roberttys.com\/fr\/gallery\/marche-aix\" \/>\n<meta property=\"og:site_name\" content=\"Robert Tys | Mediterranean paintings\" \/>\n<meta property=\"article:modified_time\" content=\"2024-08-12T22:24:34+00:00\" \/>\n<meta property=\"og:image\" content=\"https:\/\/roberttys.com\/wp-content\/uploads\/2024\/04\/057-roberttys-p.jpg\" \/>\n\t<meta property=\"og:image:width\" content=\"810\" \/>\n\t<meta property=\"og:image:height\" content=\"572\" \/>\n\t<meta property=\"og:image:type\" content=\"image\/jpeg\" \/>\n<meta name=\"twitter:card\" content=\"summary_large_image\" \/>\n<meta name=\"twitter:label1\" content=\"Dur\u00e9e de lecture estim\u00e9e\" \/>\n\t<meta name=\"twitter:data1\" content=\"1 minute\" \/>\n<script type=\"application\/ld+json\" class=\"yoast-schema-graph\">{\"@context\":\"https:\/\/schema.org\",\"@graph\":[{\"@type\":\"WebPage\",\"@id\":\"https:\/\/roberttys.com\/fr\/gallery\/marche-aix\",\"url\":\"https:\/\/roberttys.com\/fr\/gallery\/marche-aix\",\"name\":\"March\u00e9 Aix - Robert Tys | Mediterranean paintings\",\"isPartOf\":{\"@id\":\"https:\/\/roberttys.com\/fr#website\"},\"primaryImageOfPage\":{\"@id\":\"https:\/\/roberttys.com\/fr\/gallery\/marche-aix#primaryimage\"},\"image\":{\"@id\":\"https:\/\/roberttys.com\/fr\/gallery\/marche-aix#primaryimage\"},\"thumbnailUrl\":\"https:\/\/roberttys.com\/wp-content\/uploads\/2024\/04\/057-roberttys-p.jpg\",\"datePublished\":\"2024-03-19T11:06:36+00:00\",\"dateModified\":\"2024-08-12T22:24:34+00:00\",\"breadcrumb\":{\"@id\":\"https:\/\/roberttys.com\/fr\/gallery\/marche-aix#breadcrumb\"},\"inLanguage\":\"fr-FR\",\"potentialAction\":[{\"@type\":\"ReadAction\",\"target\":[\"https:\/\/roberttys.com\/fr\/gallery\/marche-aix\"]}]},{\"@type\":\"ImageObject\",\"inLanguage\":\"fr-FR\",\"@id\":\"https:\/\/roberttys.com\/fr\/gallery\/marche-aix#primaryimage\",\"url\":\"https:\/\/roberttys.com\/wp-content\/uploads\/2024\/04\/057-roberttys-p.jpg\",\"contentUrl\":\"https:\/\/roberttys.com\/wp-content\/uploads\/2024\/04\/057-roberttys-p.jpg\",\"width\":810,\"height\":572},{\"@type\":\"BreadcrumbList\",\"@id\":\"https:\/\/roberttys.com\/fr\/gallery\/marche-aix#breadcrumb\",\"itemListElement\":[{\"@type\":\"ListItem\",\"position\":1,\"name\":\"Strona g\u0142\u00f3wna\",\"item\":\"https:\/\/roberttys.com\/fr\"},{\"@type\":\"ListItem\",\"position\":2,\"name\":\"Galerie\",\"item\":\"https:\/\/roberttys.com\/fr\/galerie\"},{\"@type\":\"ListItem\",\"position\":3,\"name\":\"March\u00e9 Aix\"}]},{\"@type\":\"WebSite\",\"@id\":\"https:\/\/roberttys.com\/fr#website\",\"url\":\"https:\/\/roberttys.com\/fr\",\"name\":\"Robert Tys | Mediterranean paintings\",\"description\":\"Mediterranean paintings\",\"publisher\":{\"@id\":\"https:\/\/roberttys.com\/fr#\/schema\/person\/511a7552115aa32e2ac0e89286329c73\"},\"alternateName\":\"Robert Tys\",\"potentialAction\":[{\"@type\":\"SearchAction\",\"target\":{\"@type\":\"EntryPoint\",\"urlTemplate\":\"https:\/\/roberttys.com\/fr?s={search_term_string}\"},\"query-input\":{\"@type\":\"PropertyValueSpecification\",\"valueRequired\":true,\"valueName\":\"search_term_string\"}}],\"inLanguage\":\"fr-FR\"},{\"@type\":[\"Person\",\"Organization\"],\"@id\":\"https:\/\/roberttys.com\/fr#\/schema\/person\/511a7552115aa32e2ac0e89286329c73\",\"name\":\"Robert Tys\",\"image\":{\"@type\":\"ImageObject\",\"inLanguage\":\"fr-FR\",\"@id\":\"https:\/\/roberttys.com\/wp-content\/uploads\/2024\/03\/logo-robert-tys-1.jpg\",\"url\":\"https:\/\/roberttys.com\/wp-content\/uploads\/2024\/03\/logo-robert-tys-1.jpg\",\"contentUrl\":\"https:\/\/roberttys.com\/wp-content\/uploads\/2024\/03\/logo-robert-tys-1.jpg\",\"width\":610,\"height\":726,\"caption\":\"Robert Tys\"},\"logo\":{\"@id\":\"https:\/\/roberttys.com\/wp-content\/uploads\/2024\/03\/logo-robert-tys-1.jpg\"}}]}<\/script>\n<!-- \/ Yoast SEO plugin. -->","yoast_head_json":{"title":"March\u00e9 Aix - Robert Tys | Mediterranean paintings","robots":{"index":"index","follow":"follow","max-snippet":"max-snippet:-1","max-image-preview":"max-image-preview:large","max-video-preview":"max-video-preview:-1"},"canonical":"https:\/\/roberttys.com\/fr\/gallery\/marche-aix","og_locale":"fr_FR","og_type":"article","og_title":"March\u00e9 Aix - Robert Tys | Mediterranean paintings","og_description":"March\u00e9 aux fruits et legumes. Place Richelme, Aix-en-Provence. Imprim\u00e9 sur papier Fine Art - William Turner, 100% coton, 190 gr\/m2.","og_url":"https:\/\/roberttys.com\/fr\/gallery\/marche-aix","og_site_name":"Robert Tys | Mediterranean paintings","article_modified_time":"2024-08-12T22:24:34+00:00","og_image":[{"width":810,"height":572,"url":"https:\/\/roberttys.com\/wp-content\/uploads\/2024\/04\/057-roberttys-p.jpg","type":"image\/jpeg"}],"twitter_card":"summary_large_image","twitter_misc":{"Dur\u00e9e de lecture estim\u00e9e":"1 minute"},"schema":{"@context":"https:\/\/schema.org","@graph":[{"@type":"WebPage","@id":"https:\/\/roberttys.com\/fr\/gallery\/marche-aix","url":"https:\/\/roberttys.com\/fr\/gallery\/marche-aix","name":"March\u00e9 Aix - Robert Tys | Mediterranean paintings","isPartOf":{"@id":"https:\/\/roberttys.com\/fr#website"},"primaryImageOfPage":{"@id":"https:\/\/roberttys.com\/fr\/gallery\/marche-aix#primaryimage"},"image":{"@id":"https:\/\/roberttys.com\/fr\/gallery\/marche-aix#primaryimage"},"thumbnailUrl":"https:\/\/roberttys.com\/wp-content\/uploads\/2024\/04\/057-roberttys-p.jpg","datePublished":"2024-03-19T11:06:36+00:00","dateModified":"2024-08-12T22:24:34+00:00","breadcrumb":{"@id":"https:\/\/roberttys.com\/fr\/gallery\/marche-aix#breadcrumb"},"inLanguage":"fr-FR","potentialAction":[{"@type":"ReadAction","target":["https:\/\/roberttys.com\/fr\/gallery\/marche-aix"]}]},{"@type":"ImageObject","inLanguage":"fr-FR","@id":"https:\/\/roberttys.com\/fr\/gallery\/marche-aix#primaryimage","url":"https:\/\/roberttys.com\/wp-content\/uploads\/2024\/04\/057-roberttys-p.jpg","contentUrl":"https:\/\/roberttys.com\/wp-content\/uploads\/2024\/04\/057-roberttys-p.jpg","width":810,"height":572},{"@type":"BreadcrumbList","@id":"https:\/\/roberttys.com\/fr\/gallery\/marche-aix#breadcrumb","itemListElement":[{"@type":"ListItem","position":1,"name":"Strona g\u0142\u00f3wna","item":"https:\/\/roberttys.com\/fr"},{"@type":"ListItem","position":2,"name":"Galerie","item":"https:\/\/roberttys.com\/fr\/galerie"},{"@type":"ListItem","position":3,"name":"March\u00e9 Aix"}]},{"@type":"WebSite","@id":"https:\/\/roberttys.com\/fr#website","url":"https:\/\/roberttys.com\/fr","name":"Robert Tys | Mediterranean paintings","description":"Mediterranean paintings","publisher":{"@id":"https:\/\/roberttys.com\/fr#\/schema\/person\/511a7552115aa32e2ac0e89286329c73"},"alternateName":"Robert Tys","potentialAction":[{"@type":"SearchAction","target":{"@type":"EntryPoint","urlTemplate":"https:\/\/roberttys.com\/fr?s={search_term_string}"},"query-input":{"@type":"PropertyValueSpecification","valueRequired":true,"valueName":"search_term_string"}}],"inLanguage":"fr-FR"},{"@type":["Person","Organization"],"@id":"https:\/\/roberttys.com\/fr#\/schema\/person\/511a7552115aa32e2ac0e89286329c73","name":"Robert Tys","image":{"@type":"ImageObject","inLanguage":"fr-FR","@id":"https:\/\/roberttys.com\/wp-content\/uploads\/2024\/03\/logo-robert-tys-1.jpg","url":"https:\/\/roberttys.com\/wp-content\/uploads\/2024\/03\/logo-robert-tys-1.jpg","contentUrl":"https:\/\/roberttys.com\/wp-content\/uploads\/2024\/03\/logo-robert-tys-1.jpg","width":610,"height":726,"caption":"Robert Tys"},"logo":{"@id":"https:\/\/roberttys.com\/wp-content\/uploads\/2024\/03\/logo-robert-tys-1.jpg"}}]}},"_links":{"self":[{"href":"https:\/\/roberttys.com\/fr\/wp-json\/wp\/v2\/product\/7681","targetHints":{"allow":["GET"]}}],"collection":[{"href":"https:\/\/roberttys.com\/fr\/wp-json\/wp\/v2\/product"}],"about":[{"href":"https:\/\/roberttys.com\/fr\/wp-json\/wp\/v2\/types\/product"}],"wp:featuredmedia":[{"embeddable":true,"href":"https:\/\/roberttys.com\/fr\/wp-json\/wp\/v2\/media\/7686"}],"wp:attachment":[{"href":"https:\/\/roberttys.com\/fr\/wp-json\/wp\/v2\/media?parent=7681"}],"wp:term":[{"taxonomy":"product_cat","embeddable":true,"href":"https:\/\/roberttys.com\/fr\/wp-json\/wp\/v2\/product_cat?post=7681"},{"taxonomy":"product_tag","embeddable":true,"href":"https:\/\/roberttys.com\/fr\/wp-json\/wp\/v2\/product_tag?post=7681"}],"curies":[{"name":"wp","href":"https:\/\/api.w.org\/{rel}","templated":true}]}}