{"id":8446,"date":"2024-07-30T16:13:51","date_gmt":"2024-07-30T16:13:51","guid":{"rendered":"https:\/\/roberttys.com\/?post_type=product&#038;p=8446"},"modified":"2024-08-12T19:37:52","modified_gmt":"2024-08-12T19:37:52","slug":"champ-de-lavande-au-lever-du-soleil","status":"publish","type":"product","link":"https:\/\/roberttys.com\/fr\/gallery\/champ-de-lavande-au-lever-du-soleil","title":{"rendered":"Champ de lavande au lever du soleil"},"content":{"rendered":"<p class=\"p1\">Valensole. Sud de la France. Auparavant, au XIXe si\u00e8cle, les champs d&#8217;amandiers et de ch\u00eanes truffiers \u00e9taient principalement cultiv\u00e9s sur le plateau. Cette \u00e9conomie a disparu et a \u00e9t\u00e9 remplac\u00e9e par la culture de la lavande et des c\u00e9r\u00e9ales. Le plateau est appel\u00e9 le \u00ab grenier de la r\u00e9gion \u00bb. La lavande est la culture la plus connue du plateau. Il est utilis\u00e9 pour fabriquer du savon de Marseille.<br \/>\nImprim\u00e9 sur papier Fine Art &#8211; William Turner, 100% coton, 190 gr\/m<sup>2<\/sup>.<\/p>\n","protected":false},"excerpt":{"rendered":"<p class=\"p1\">Champs de lavande en Provence, Riez, France.<br \/>\nImprim\u00e9 sur papier Fine Art &#8211; William Turner, 100% coton, 190 gr\/m<sup>2<\/sup>.<\/p>\n","protected":false},"featured_media":8466,"template":"","meta":[],"product_cat":[210],"product_tag":[],"class_list":{"0":"post-8446","1":"product","2":"type-product","3":"status-publish","4":"has-post-thumbnail","6":"product_cat-nature-fr-2","7":"pa_number-1-100-fr","9":"first","10":"instock","11":"shipping-taxable","12":"purchasable","13":"product-type-variable"},"yoast_head":"<!-- This site is optimized with the Yoast SEO plugin v27.2 - https:\/\/yoast.com\/product\/yoast-seo-wordpress\/ -->\n<title>Champ de lavande au lever du soleil - Robert Tys | Mediterranean paintings<\/title>\n<meta name=\"robots\" content=\"index, follow, max-snippet:-1, max-image-preview:large, max-video-preview:-1\" \/>\n<link rel=\"canonical\" href=\"https:\/\/roberttys.com\/fr\/gallery\/champ-de-lavande-au-lever-du-soleil\" \/>\n<meta property=\"og:locale\" content=\"fr_FR\" \/>\n<meta property=\"og:type\" content=\"article\" \/>\n<meta property=\"og:title\" content=\"Champ de lavande au lever du soleil - Robert Tys | Mediterranean paintings\" \/>\n<meta property=\"og:description\" content=\"Champs de lavande en Provence, Riez, France. Imprim\u00e9 sur papier Fine Art - William Turner, 100% coton, 190 gr\/m2.\" \/>\n<meta property=\"og:url\" content=\"https:\/\/roberttys.com\/fr\/gallery\/champ-de-lavande-au-lever-du-soleil\" \/>\n<meta property=\"og:site_name\" content=\"Robert Tys | Mediterranean paintings\" \/>\n<meta property=\"article:modified_time\" content=\"2024-08-12T19:37:52+00:00\" \/>\n<meta property=\"og:image\" content=\"https:\/\/roberttys.com\/wp-content\/uploads\/2024\/07\/084-roberttys-p-1.jpg\" \/>\n\t<meta property=\"og:image:width\" content=\"1920\" \/>\n\t<meta property=\"og:image:height\" content=\"1430\" \/>\n\t<meta property=\"og:image:type\" content=\"image\/jpeg\" \/>\n<meta name=\"twitter:card\" content=\"summary_large_image\" \/>\n<meta name=\"twitter:label1\" content=\"Dur\u00e9e de lecture estim\u00e9e\" \/>\n\t<meta name=\"twitter:data1\" content=\"1 minute\" \/>\n<script type=\"application\/ld+json\" class=\"yoast-schema-graph\">{\"@context\":\"https:\/\/schema.org\",\"@graph\":[{\"@type\":\"WebPage\",\"@id\":\"https:\/\/roberttys.com\/fr\/gallery\/champ-de-lavande-au-lever-du-soleil\",\"url\":\"https:\/\/roberttys.com\/fr\/gallery\/champ-de-lavande-au-lever-du-soleil\",\"name\":\"Champ de lavande au lever du soleil - Robert Tys | Mediterranean paintings\",\"isPartOf\":{\"@id\":\"https:\/\/roberttys.com\/fr#website\"},\"primaryImageOfPage\":{\"@id\":\"https:\/\/roberttys.com\/fr\/gallery\/champ-de-lavande-au-lever-du-soleil#primaryimage\"},\"image\":{\"@id\":\"https:\/\/roberttys.com\/fr\/gallery\/champ-de-lavande-au-lever-du-soleil#primaryimage\"},\"thumbnailUrl\":\"https:\/\/roberttys.com\/wp-content\/uploads\/2024\/07\/084-roberttys-p-1.jpg\",\"datePublished\":\"2024-07-30T16:13:51+00:00\",\"dateModified\":\"2024-08-12T19:37:52+00:00\",\"breadcrumb\":{\"@id\":\"https:\/\/roberttys.com\/fr\/gallery\/champ-de-lavande-au-lever-du-soleil#breadcrumb\"},\"inLanguage\":\"fr-FR\",\"potentialAction\":[{\"@type\":\"ReadAction\",\"target\":[\"https:\/\/roberttys.com\/fr\/gallery\/champ-de-lavande-au-lever-du-soleil\"]}]},{\"@type\":\"ImageObject\",\"inLanguage\":\"fr-FR\",\"@id\":\"https:\/\/roberttys.com\/fr\/gallery\/champ-de-lavande-au-lever-du-soleil#primaryimage\",\"url\":\"https:\/\/roberttys.com\/wp-content\/uploads\/2024\/07\/084-roberttys-p-1.jpg\",\"contentUrl\":\"https:\/\/roberttys.com\/wp-content\/uploads\/2024\/07\/084-roberttys-p-1.jpg\",\"width\":1920,\"height\":1430},{\"@type\":\"BreadcrumbList\",\"@id\":\"https:\/\/roberttys.com\/fr\/gallery\/champ-de-lavande-au-lever-du-soleil#breadcrumb\",\"itemListElement\":[{\"@type\":\"ListItem\",\"position\":1,\"name\":\"Strona g\u0142\u00f3wna\",\"item\":\"https:\/\/roberttys.com\/fr\"},{\"@type\":\"ListItem\",\"position\":2,\"name\":\"Galerie\",\"item\":\"https:\/\/roberttys.com\/fr\/galerie\"},{\"@type\":\"ListItem\",\"position\":3,\"name\":\"Champ de lavande au lever du soleil\"}]},{\"@type\":\"WebSite\",\"@id\":\"https:\/\/roberttys.com\/fr#website\",\"url\":\"https:\/\/roberttys.com\/fr\",\"name\":\"Robert Tys | Mediterranean paintings\",\"description\":\"Mediterranean paintings\",\"publisher\":{\"@id\":\"https:\/\/roberttys.com\/fr#\/schema\/person\/511a7552115aa32e2ac0e89286329c73\"},\"alternateName\":\"Robert Tys\",\"potentialAction\":[{\"@type\":\"SearchAction\",\"target\":{\"@type\":\"EntryPoint\",\"urlTemplate\":\"https:\/\/roberttys.com\/fr?s={search_term_string}\"},\"query-input\":{\"@type\":\"PropertyValueSpecification\",\"valueRequired\":true,\"valueName\":\"search_term_string\"}}],\"inLanguage\":\"fr-FR\"},{\"@type\":[\"Person\",\"Organization\"],\"@id\":\"https:\/\/roberttys.com\/fr#\/schema\/person\/511a7552115aa32e2ac0e89286329c73\",\"name\":\"Robert Tys\",\"image\":{\"@type\":\"ImageObject\",\"inLanguage\":\"fr-FR\",\"@id\":\"https:\/\/roberttys.com\/wp-content\/uploads\/2024\/03\/logo-robert-tys-1.jpg\",\"url\":\"https:\/\/roberttys.com\/wp-content\/uploads\/2024\/03\/logo-robert-tys-1.jpg\",\"contentUrl\":\"https:\/\/roberttys.com\/wp-content\/uploads\/2024\/03\/logo-robert-tys-1.jpg\",\"width\":610,\"height\":726,\"caption\":\"Robert Tys\"},\"logo\":{\"@id\":\"https:\/\/roberttys.com\/wp-content\/uploads\/2024\/03\/logo-robert-tys-1.jpg\"}}]}<\/script>\n<!-- \/ Yoast SEO plugin. -->","yoast_head_json":{"title":"Champ de lavande au lever du soleil - Robert Tys | Mediterranean paintings","robots":{"index":"index","follow":"follow","max-snippet":"max-snippet:-1","max-image-preview":"max-image-preview:large","max-video-preview":"max-video-preview:-1"},"canonical":"https:\/\/roberttys.com\/fr\/gallery\/champ-de-lavande-au-lever-du-soleil","og_locale":"fr_FR","og_type":"article","og_title":"Champ de lavande au lever du soleil - Robert Tys | Mediterranean paintings","og_description":"Champs de lavande en Provence, Riez, France. Imprim\u00e9 sur papier Fine Art - William Turner, 100% coton, 190 gr\/m2.","og_url":"https:\/\/roberttys.com\/fr\/gallery\/champ-de-lavande-au-lever-du-soleil","og_site_name":"Robert Tys | Mediterranean paintings","article_modified_time":"2024-08-12T19:37:52+00:00","og_image":[{"width":1920,"height":1430,"url":"https:\/\/roberttys.com\/wp-content\/uploads\/2024\/07\/084-roberttys-p-1.jpg","type":"image\/jpeg"}],"twitter_card":"summary_large_image","twitter_misc":{"Dur\u00e9e de lecture estim\u00e9e":"1 minute"},"schema":{"@context":"https:\/\/schema.org","@graph":[{"@type":"WebPage","@id":"https:\/\/roberttys.com\/fr\/gallery\/champ-de-lavande-au-lever-du-soleil","url":"https:\/\/roberttys.com\/fr\/gallery\/champ-de-lavande-au-lever-du-soleil","name":"Champ de lavande au lever du soleil - Robert Tys | Mediterranean paintings","isPartOf":{"@id":"https:\/\/roberttys.com\/fr#website"},"primaryImageOfPage":{"@id":"https:\/\/roberttys.com\/fr\/gallery\/champ-de-lavande-au-lever-du-soleil#primaryimage"},"image":{"@id":"https:\/\/roberttys.com\/fr\/gallery\/champ-de-lavande-au-lever-du-soleil#primaryimage"},"thumbnailUrl":"https:\/\/roberttys.com\/wp-content\/uploads\/2024\/07\/084-roberttys-p-1.jpg","datePublished":"2024-07-30T16:13:51+00:00","dateModified":"2024-08-12T19:37:52+00:00","breadcrumb":{"@id":"https:\/\/roberttys.com\/fr\/gallery\/champ-de-lavande-au-lever-du-soleil#breadcrumb"},"inLanguage":"fr-FR","potentialAction":[{"@type":"ReadAction","target":["https:\/\/roberttys.com\/fr\/gallery\/champ-de-lavande-au-lever-du-soleil"]}]},{"@type":"ImageObject","inLanguage":"fr-FR","@id":"https:\/\/roberttys.com\/fr\/gallery\/champ-de-lavande-au-lever-du-soleil#primaryimage","url":"https:\/\/roberttys.com\/wp-content\/uploads\/2024\/07\/084-roberttys-p-1.jpg","contentUrl":"https:\/\/roberttys.com\/wp-content\/uploads\/2024\/07\/084-roberttys-p-1.jpg","width":1920,"height":1430},{"@type":"BreadcrumbList","@id":"https:\/\/roberttys.com\/fr\/gallery\/champ-de-lavande-au-lever-du-soleil#breadcrumb","itemListElement":[{"@type":"ListItem","position":1,"name":"Strona g\u0142\u00f3wna","item":"https:\/\/roberttys.com\/fr"},{"@type":"ListItem","position":2,"name":"Galerie","item":"https:\/\/roberttys.com\/fr\/galerie"},{"@type":"ListItem","position":3,"name":"Champ de lavande au lever du soleil"}]},{"@type":"WebSite","@id":"https:\/\/roberttys.com\/fr#website","url":"https:\/\/roberttys.com\/fr","name":"Robert Tys | Mediterranean paintings","description":"Mediterranean paintings","publisher":{"@id":"https:\/\/roberttys.com\/fr#\/schema\/person\/511a7552115aa32e2ac0e89286329c73"},"alternateName":"Robert Tys","potentialAction":[{"@type":"SearchAction","target":{"@type":"EntryPoint","urlTemplate":"https:\/\/roberttys.com\/fr?s={search_term_string}"},"query-input":{"@type":"PropertyValueSpecification","valueRequired":true,"valueName":"search_term_string"}}],"inLanguage":"fr-FR"},{"@type":["Person","Organization"],"@id":"https:\/\/roberttys.com\/fr#\/schema\/person\/511a7552115aa32e2ac0e89286329c73","name":"Robert Tys","image":{"@type":"ImageObject","inLanguage":"fr-FR","@id":"https:\/\/roberttys.com\/wp-content\/uploads\/2024\/03\/logo-robert-tys-1.jpg","url":"https:\/\/roberttys.com\/wp-content\/uploads\/2024\/03\/logo-robert-tys-1.jpg","contentUrl":"https:\/\/roberttys.com\/wp-content\/uploads\/2024\/03\/logo-robert-tys-1.jpg","width":610,"height":726,"caption":"Robert Tys"},"logo":{"@id":"https:\/\/roberttys.com\/wp-content\/uploads\/2024\/03\/logo-robert-tys-1.jpg"}}]}},"_links":{"self":[{"href":"https:\/\/roberttys.com\/fr\/wp-json\/wp\/v2\/product\/8446","targetHints":{"allow":["GET"]}}],"collection":[{"href":"https:\/\/roberttys.com\/fr\/wp-json\/wp\/v2\/product"}],"about":[{"href":"https:\/\/roberttys.com\/fr\/wp-json\/wp\/v2\/types\/product"}],"wp:featuredmedia":[{"embeddable":true,"href":"https:\/\/roberttys.com\/fr\/wp-json\/wp\/v2\/media\/8466"}],"wp:attachment":[{"href":"https:\/\/roberttys.com\/fr\/wp-json\/wp\/v2\/media?parent=8446"}],"wp:term":[{"taxonomy":"product_cat","embeddable":true,"href":"https:\/\/roberttys.com\/fr\/wp-json\/wp\/v2\/product_cat?post=8446"},{"taxonomy":"product_tag","embeddable":true,"href":"https:\/\/roberttys.com\/fr\/wp-json\/wp\/v2\/product_tag?post=8446"}],"curies":[{"name":"wp","href":"https:\/\/api.w.org\/{rel}","templated":true}]}}