{"id":8550,"date":"2024-08-10T09:59:25","date_gmt":"2024-08-10T09:59:25","guid":{"rendered":"https:\/\/roberttys.com\/?post_type=product&#038;p=8550"},"modified":"2024-08-15T10:04:33","modified_gmt":"2024-08-15T10:04:33","slug":"saint-raphael","status":"publish","type":"product","link":"https:\/\/roberttys.com\/fr\/gallery\/saint-raphael","title":{"rendered":"Saint-Rapha\u00ebl"},"content":{"rendered":"<p>Saint-Rapha\u00ebl est une commune fran\u00e7aise situ\u00e9e dans le d\u00e9partement du Var, en r\u00e9gion Provence-Alpes-C\u00f4te d&#8217;Azur. C\u2019est le chef-lieu du canton de Saint-Rapha\u00ebl. Des villas romaines sur la route de Forum Julii au village de p\u00eacheurs o\u00f9 d\u00e9barqua Napol\u00e9on Bonaparte en 1799, la commune devint \u00e0 partir de la seconde moiti\u00e9 du XIXe si\u00e8cle, sous l\u2019influence du maire F\u00e9lix Martin et de l\u2019\u00e9crivain Alphonse Karr, une station baln\u00e9aire pris\u00e9e des artistes, sportifs et hommes politiques.<\/p>\n<p>Imprim\u00e9 sur papier Fine Art \u2013 , 100% coton, 190 gr\/m<sup>2<\/sup>.<\/p>\n","protected":false},"excerpt":{"rendered":"<p>Vue du port. En arri\u00e8re-plan la Basilique Notre-Dame-de-la-Victoire.<\/p>\n<p>&nbsp;<\/p>\n<p>Tous les tableaux propos\u00e9s dans le magasin sont accompagn\u00e9s de certificats d&#8217;authenticit\u00e9 avec signature et hologramme de l&#8217;artiste.<\/p>\n<p>Impression sur papier Fine Art \u2013 100% coton, 190 gr\/m2.<\/p>\n","protected":false},"featured_media":8793,"template":"","meta":[],"product_cat":[209,212],"product_tag":[],"class_list":{"0":"post-8550","1":"product","2":"type-product","3":"status-publish","4":"has-post-thumbnail","6":"product_cat-architecture-fr-2","7":"product_cat-lhomme","8":"pa_number-1-100-fr","10":"first","11":"instock","12":"shipping-taxable","13":"purchasable","14":"product-type-variable"},"yoast_head":"<!-- This site is optimized with the Yoast SEO plugin v27.2 - https:\/\/yoast.com\/product\/yoast-seo-wordpress\/ -->\n<title>Saint-Rapha\u00ebl - Robert Tys | Mediterranean paintings<\/title>\n<meta name=\"robots\" content=\"index, follow, max-snippet:-1, max-image-preview:large, max-video-preview:-1\" \/>\n<link rel=\"canonical\" href=\"https:\/\/roberttys.com\/fr\/gallery\/saint-raphael\" \/>\n<meta property=\"og:locale\" content=\"fr_FR\" \/>\n<meta property=\"og:type\" content=\"article\" \/>\n<meta property=\"og:title\" content=\"Saint-Rapha\u00ebl - Robert Tys | Mediterranean paintings\" \/>\n<meta property=\"og:description\" content=\"Vue du port. En arri\u00e8re-plan la Basilique Notre-Dame-de-la-Victoire.  &nbsp;  Tous les tableaux propos\u00e9s dans le magasin sont accompagn\u00e9s de certificats d&#039;authenticit\u00e9 avec signature et hologramme de l&#039;artiste.  Impression sur papier Fine Art \u2013 100% coton, 190 gr\/m2.\" \/>\n<meta property=\"og:url\" content=\"https:\/\/roberttys.com\/fr\/gallery\/saint-raphael\" \/>\n<meta property=\"og:site_name\" content=\"Robert Tys | Mediterranean paintings\" \/>\n<meta property=\"article:modified_time\" content=\"2024-08-15T10:04:33+00:00\" \/>\n<meta property=\"og:image\" content=\"https:\/\/roberttys.com\/wp-content\/uploads\/2024\/08\/080-roberttys-1.jpg\" \/>\n\t<meta property=\"og:image:width\" content=\"595\" \/>\n\t<meta property=\"og:image:height\" content=\"842\" \/>\n\t<meta property=\"og:image:type\" content=\"image\/jpeg\" \/>\n<meta name=\"twitter:card\" content=\"summary_large_image\" \/>\n<meta name=\"twitter:label1\" content=\"Dur\u00e9e de lecture estim\u00e9e\" \/>\n\t<meta name=\"twitter:data1\" content=\"1 minute\" \/>\n<script type=\"application\/ld+json\" class=\"yoast-schema-graph\">{\"@context\":\"https:\/\/schema.org\",\"@graph\":[{\"@type\":\"WebPage\",\"@id\":\"https:\/\/roberttys.com\/fr\/gallery\/saint-raphael\",\"url\":\"https:\/\/roberttys.com\/fr\/gallery\/saint-raphael\",\"name\":\"Saint-Rapha\u00ebl - Robert Tys | Mediterranean paintings\",\"isPartOf\":{\"@id\":\"https:\/\/roberttys.com\/fr#website\"},\"primaryImageOfPage\":{\"@id\":\"https:\/\/roberttys.com\/fr\/gallery\/saint-raphael#primaryimage\"},\"image\":{\"@id\":\"https:\/\/roberttys.com\/fr\/gallery\/saint-raphael#primaryimage\"},\"thumbnailUrl\":\"https:\/\/roberttys.com\/wp-content\/uploads\/2024\/08\/080-roberttys-1.jpg\",\"datePublished\":\"2024-08-10T09:59:25+00:00\",\"dateModified\":\"2024-08-15T10:04:33+00:00\",\"breadcrumb\":{\"@id\":\"https:\/\/roberttys.com\/fr\/gallery\/saint-raphael#breadcrumb\"},\"inLanguage\":\"fr-FR\",\"potentialAction\":[{\"@type\":\"ReadAction\",\"target\":[\"https:\/\/roberttys.com\/fr\/gallery\/saint-raphael\"]}]},{\"@type\":\"ImageObject\",\"inLanguage\":\"fr-FR\",\"@id\":\"https:\/\/roberttys.com\/fr\/gallery\/saint-raphael#primaryimage\",\"url\":\"https:\/\/roberttys.com\/wp-content\/uploads\/2024\/08\/080-roberttys-1.jpg\",\"contentUrl\":\"https:\/\/roberttys.com\/wp-content\/uploads\/2024\/08\/080-roberttys-1.jpg\",\"width\":595,\"height\":842},{\"@type\":\"BreadcrumbList\",\"@id\":\"https:\/\/roberttys.com\/fr\/gallery\/saint-raphael#breadcrumb\",\"itemListElement\":[{\"@type\":\"ListItem\",\"position\":1,\"name\":\"Strona g\u0142\u00f3wna\",\"item\":\"https:\/\/roberttys.com\/fr\"},{\"@type\":\"ListItem\",\"position\":2,\"name\":\"Galerie\",\"item\":\"https:\/\/roberttys.com\/fr\/galerie\"},{\"@type\":\"ListItem\",\"position\":3,\"name\":\"Saint-Rapha\u00ebl\"}]},{\"@type\":\"WebSite\",\"@id\":\"https:\/\/roberttys.com\/fr#website\",\"url\":\"https:\/\/roberttys.com\/fr\",\"name\":\"Robert Tys | Mediterranean paintings\",\"description\":\"Mediterranean paintings\",\"publisher\":{\"@id\":\"https:\/\/roberttys.com\/fr#\/schema\/person\/511a7552115aa32e2ac0e89286329c73\"},\"alternateName\":\"Robert Tys\",\"potentialAction\":[{\"@type\":\"SearchAction\",\"target\":{\"@type\":\"EntryPoint\",\"urlTemplate\":\"https:\/\/roberttys.com\/fr?s={search_term_string}\"},\"query-input\":{\"@type\":\"PropertyValueSpecification\",\"valueRequired\":true,\"valueName\":\"search_term_string\"}}],\"inLanguage\":\"fr-FR\"},{\"@type\":[\"Person\",\"Organization\"],\"@id\":\"https:\/\/roberttys.com\/fr#\/schema\/person\/511a7552115aa32e2ac0e89286329c73\",\"name\":\"Robert Tys\",\"image\":{\"@type\":\"ImageObject\",\"inLanguage\":\"fr-FR\",\"@id\":\"https:\/\/roberttys.com\/wp-content\/uploads\/2024\/03\/logo-robert-tys-1.jpg\",\"url\":\"https:\/\/roberttys.com\/wp-content\/uploads\/2024\/03\/logo-robert-tys-1.jpg\",\"contentUrl\":\"https:\/\/roberttys.com\/wp-content\/uploads\/2024\/03\/logo-robert-tys-1.jpg\",\"width\":610,\"height\":726,\"caption\":\"Robert Tys\"},\"logo\":{\"@id\":\"https:\/\/roberttys.com\/wp-content\/uploads\/2024\/03\/logo-robert-tys-1.jpg\"}}]}<\/script>\n<!-- \/ Yoast SEO plugin. -->","yoast_head_json":{"title":"Saint-Rapha\u00ebl - Robert Tys | Mediterranean paintings","robots":{"index":"index","follow":"follow","max-snippet":"max-snippet:-1","max-image-preview":"max-image-preview:large","max-video-preview":"max-video-preview:-1"},"canonical":"https:\/\/roberttys.com\/fr\/gallery\/saint-raphael","og_locale":"fr_FR","og_type":"article","og_title":"Saint-Rapha\u00ebl - Robert Tys | Mediterranean paintings","og_description":"Vue du port. En arri\u00e8re-plan la Basilique Notre-Dame-de-la-Victoire.  &nbsp;  Tous les tableaux propos\u00e9s dans le magasin sont accompagn\u00e9s de certificats d'authenticit\u00e9 avec signature et hologramme de l'artiste.  Impression sur papier Fine Art \u2013 100% coton, 190 gr\/m2.","og_url":"https:\/\/roberttys.com\/fr\/gallery\/saint-raphael","og_site_name":"Robert Tys | Mediterranean paintings","article_modified_time":"2024-08-15T10:04:33+00:00","og_image":[{"width":595,"height":842,"url":"https:\/\/roberttys.com\/wp-content\/uploads\/2024\/08\/080-roberttys-1.jpg","type":"image\/jpeg"}],"twitter_card":"summary_large_image","twitter_misc":{"Dur\u00e9e de lecture estim\u00e9e":"1 minute"},"schema":{"@context":"https:\/\/schema.org","@graph":[{"@type":"WebPage","@id":"https:\/\/roberttys.com\/fr\/gallery\/saint-raphael","url":"https:\/\/roberttys.com\/fr\/gallery\/saint-raphael","name":"Saint-Rapha\u00ebl - Robert Tys | Mediterranean paintings","isPartOf":{"@id":"https:\/\/roberttys.com\/fr#website"},"primaryImageOfPage":{"@id":"https:\/\/roberttys.com\/fr\/gallery\/saint-raphael#primaryimage"},"image":{"@id":"https:\/\/roberttys.com\/fr\/gallery\/saint-raphael#primaryimage"},"thumbnailUrl":"https:\/\/roberttys.com\/wp-content\/uploads\/2024\/08\/080-roberttys-1.jpg","datePublished":"2024-08-10T09:59:25+00:00","dateModified":"2024-08-15T10:04:33+00:00","breadcrumb":{"@id":"https:\/\/roberttys.com\/fr\/gallery\/saint-raphael#breadcrumb"},"inLanguage":"fr-FR","potentialAction":[{"@type":"ReadAction","target":["https:\/\/roberttys.com\/fr\/gallery\/saint-raphael"]}]},{"@type":"ImageObject","inLanguage":"fr-FR","@id":"https:\/\/roberttys.com\/fr\/gallery\/saint-raphael#primaryimage","url":"https:\/\/roberttys.com\/wp-content\/uploads\/2024\/08\/080-roberttys-1.jpg","contentUrl":"https:\/\/roberttys.com\/wp-content\/uploads\/2024\/08\/080-roberttys-1.jpg","width":595,"height":842},{"@type":"BreadcrumbList","@id":"https:\/\/roberttys.com\/fr\/gallery\/saint-raphael#breadcrumb","itemListElement":[{"@type":"ListItem","position":1,"name":"Strona g\u0142\u00f3wna","item":"https:\/\/roberttys.com\/fr"},{"@type":"ListItem","position":2,"name":"Galerie","item":"https:\/\/roberttys.com\/fr\/galerie"},{"@type":"ListItem","position":3,"name":"Saint-Rapha\u00ebl"}]},{"@type":"WebSite","@id":"https:\/\/roberttys.com\/fr#website","url":"https:\/\/roberttys.com\/fr","name":"Robert Tys | Mediterranean paintings","description":"Mediterranean paintings","publisher":{"@id":"https:\/\/roberttys.com\/fr#\/schema\/person\/511a7552115aa32e2ac0e89286329c73"},"alternateName":"Robert Tys","potentialAction":[{"@type":"SearchAction","target":{"@type":"EntryPoint","urlTemplate":"https:\/\/roberttys.com\/fr?s={search_term_string}"},"query-input":{"@type":"PropertyValueSpecification","valueRequired":true,"valueName":"search_term_string"}}],"inLanguage":"fr-FR"},{"@type":["Person","Organization"],"@id":"https:\/\/roberttys.com\/fr#\/schema\/person\/511a7552115aa32e2ac0e89286329c73","name":"Robert Tys","image":{"@type":"ImageObject","inLanguage":"fr-FR","@id":"https:\/\/roberttys.com\/wp-content\/uploads\/2024\/03\/logo-robert-tys-1.jpg","url":"https:\/\/roberttys.com\/wp-content\/uploads\/2024\/03\/logo-robert-tys-1.jpg","contentUrl":"https:\/\/roberttys.com\/wp-content\/uploads\/2024\/03\/logo-robert-tys-1.jpg","width":610,"height":726,"caption":"Robert Tys"},"logo":{"@id":"https:\/\/roberttys.com\/wp-content\/uploads\/2024\/03\/logo-robert-tys-1.jpg"}}]}},"_links":{"self":[{"href":"https:\/\/roberttys.com\/fr\/wp-json\/wp\/v2\/product\/8550","targetHints":{"allow":["GET"]}}],"collection":[{"href":"https:\/\/roberttys.com\/fr\/wp-json\/wp\/v2\/product"}],"about":[{"href":"https:\/\/roberttys.com\/fr\/wp-json\/wp\/v2\/types\/product"}],"wp:featuredmedia":[{"embeddable":true,"href":"https:\/\/roberttys.com\/fr\/wp-json\/wp\/v2\/media\/8793"}],"wp:attachment":[{"href":"https:\/\/roberttys.com\/fr\/wp-json\/wp\/v2\/media?parent=8550"}],"wp:term":[{"taxonomy":"product_cat","embeddable":true,"href":"https:\/\/roberttys.com\/fr\/wp-json\/wp\/v2\/product_cat?post=8550"},{"taxonomy":"product_tag","embeddable":true,"href":"https:\/\/roberttys.com\/fr\/wp-json\/wp\/v2\/product_tag?post=8550"}],"curies":[{"name":"wp","href":"https:\/\/api.w.org\/{rel}","templated":true}]}}