{"id":9300,"date":"2026-04-24T17:53:26","date_gmt":"2026-04-24T17:53:26","guid":{"rendered":"https:\/\/roberttys.com\/?post_type=product&#038;p=9300"},"modified":"2026-04-28T10:25:47","modified_gmt":"2026-04-28T10:25:47","slug":"coucher-de-soleil-chaleureux","status":"publish","type":"product","link":"https:\/\/roberttys.com\/fr\/gallery\/coucher-de-soleil-chaleureux","title":{"rendered":"coucher de soleil chaleureux"},"content":{"rendered":"<p>Imprim\u00e9 sur papier Fine Art \u2013 William Turner, 100% coton, 190 g\/m\u00b2.<\/p>\n","protected":false},"excerpt":{"rendered":"<p class=\"p1\">Imprim\u00e9 sur papier Fine Art \u2013 William Turner, 100% coton, 190 g\/m\u00b2.<\/p>\n<p class=\"p1\">La galerie propose des tirages en\u00a0<strong>\u00e9dition ouverte<\/strong>. Cependant, si vous recherchez une pi\u00e8ce de collection, il est possible d\u2019acqu\u00e9rir une \u00e9dition limit\u00e9e originale.<br \/>\nChaque \u0153uvre de la s\u00e9rie limit\u00e9e (seulement 30 exemplaires) est tir\u00e9e sur un papier coton d\u2019archive prestigieux \u2014 le plus souvent du\u00a0<strong>Hahnem\u00fchle William Turner 310 g\/m\u00b2<\/strong>. Ces tirages sont sign\u00e9s \u00e0 la main et accompagn\u00e9s d\u2019un certificat d\u2019authenticit\u00e9.<br \/>\nPour l\u2019achat d\u2019une \u00e9dition premium, je vous invite \u00e0 me\u00a0contacter directement \u00e0 l\u2019adresse suivante : contact@roberttys.com.<\/p>\n","protected":false},"featured_media":8741,"template":"","meta":[],"product_brand":[],"product_cat":[210],"product_tag":[],"class_list":{"0":"post-9300","1":"product","2":"type-product","3":"status-publish","4":"has-post-thumbnail","6":"product_cat-nature-fr-2","8":"first","9":"instock","10":"shipping-taxable","11":"purchasable","12":"product-type-variable"},"yoast_head":"<!-- This site is optimized with the Yoast SEO plugin v27.5 - https:\/\/yoast.com\/product\/yoast-seo-wordpress\/ -->\n<title>coucher de soleil chaleureux - Robert Tys | Mediterranean paintings<\/title>\n<meta name=\"robots\" content=\"index, follow, max-snippet:-1, max-image-preview:large, max-video-preview:-1\" \/>\n<link rel=\"canonical\" href=\"https:\/\/roberttys.com\/fr\/gallery\/coucher-de-soleil-chaleureux\" \/>\n<meta property=\"og:locale\" content=\"fr_FR\" \/>\n<meta property=\"og:type\" content=\"article\" \/>\n<meta property=\"og:title\" content=\"coucher de soleil chaleureux - Robert Tys | Mediterranean paintings\" \/>\n<meta property=\"og:description\" content=\"Imprim\u00e9 sur papier Fine Art \u2013 William Turner, 100% coton, 190 g\/m\u00b2. La galerie propose des tirages en\u00a0\u00e9dition ouverte. Cependant, si vous recherchez une pi\u00e8ce de collection, il est possible d\u2019acqu\u00e9rir une \u00e9dition limit\u00e9e originale. Chaque \u0153uvre de la s\u00e9rie limit\u00e9e (seulement 30 exemplaires) est tir\u00e9e sur un papier coton d\u2019archive prestigieux \u2014 le plus souvent du\u00a0Hahnem\u00fchle William Turner 310 g\/m\u00b2. Ces tirages sont sign\u00e9s \u00e0 la main et accompagn\u00e9s d\u2019un certificat d\u2019authenticit\u00e9. Pour l\u2019achat d\u2019une \u00e9dition premium, je vous invite \u00e0 me\u00a0contacter directement \u00e0 l\u2019adresse suivante : contact@roberttys.com.\" \/>\n<meta property=\"og:url\" content=\"https:\/\/roberttys.com\/fr\/gallery\/coucher-de-soleil-chaleureux\" \/>\n<meta property=\"og:site_name\" content=\"Robert Tys | Mediterranean paintings\" \/>\n<meta property=\"article:modified_time\" content=\"2026-04-28T10:25:47+00:00\" \/>\n<meta property=\"og:image\" content=\"https:\/\/roberttys.com\/wp-content\/uploads\/2025\/03\/078-roberttys-1-3.jpg\" \/>\n\t<meta property=\"og:image:width\" content=\"1134\" \/>\n\t<meta property=\"og:image:height\" content=\"844\" \/>\n\t<meta property=\"og:image:type\" content=\"image\/jpeg\" \/>\n<meta name=\"twitter:card\" content=\"summary_large_image\" \/>\n<meta name=\"twitter:label1\" content=\"Dur\u00e9e de lecture estim\u00e9e\" \/>\n\t<meta name=\"twitter:data1\" content=\"1 minute\" \/>\n<script type=\"application\/ld+json\" class=\"yoast-schema-graph\">{\"@context\":\"https:\\\/\\\/schema.org\",\"@graph\":[{\"@type\":\"WebPage\",\"@id\":\"https:\\\/\\\/roberttys.com\\\/fr\\\/gallery\\\/coucher-de-soleil-chaleureux\",\"url\":\"https:\\\/\\\/roberttys.com\\\/fr\\\/gallery\\\/coucher-de-soleil-chaleureux\",\"name\":\"coucher de soleil chaleureux - Robert Tys | Mediterranean paintings\",\"isPartOf\":{\"@id\":\"https:\\\/\\\/roberttys.com\\\/fr#website\"},\"primaryImageOfPage\":{\"@id\":\"https:\\\/\\\/roberttys.com\\\/fr\\\/gallery\\\/coucher-de-soleil-chaleureux#primaryimage\"},\"image\":{\"@id\":\"https:\\\/\\\/roberttys.com\\\/fr\\\/gallery\\\/coucher-de-soleil-chaleureux#primaryimage\"},\"thumbnailUrl\":\"https:\\\/\\\/roberttys.com\\\/wp-content\\\/uploads\\\/2025\\\/03\\\/078-roberttys-1-3.jpg\",\"datePublished\":\"2026-04-24T17:53:26+00:00\",\"dateModified\":\"2026-04-28T10:25:47+00:00\",\"breadcrumb\":{\"@id\":\"https:\\\/\\\/roberttys.com\\\/fr\\\/gallery\\\/coucher-de-soleil-chaleureux#breadcrumb\"},\"inLanguage\":\"fr-FR\",\"potentialAction\":[{\"@type\":\"ReadAction\",\"target\":[\"https:\\\/\\\/roberttys.com\\\/fr\\\/gallery\\\/coucher-de-soleil-chaleureux\"]}]},{\"@type\":\"ImageObject\",\"inLanguage\":\"fr-FR\",\"@id\":\"https:\\\/\\\/roberttys.com\\\/fr\\\/gallery\\\/coucher-de-soleil-chaleureux#primaryimage\",\"url\":\"https:\\\/\\\/roberttys.com\\\/wp-content\\\/uploads\\\/2025\\\/03\\\/078-roberttys-1-3.jpg\",\"contentUrl\":\"https:\\\/\\\/roberttys.com\\\/wp-content\\\/uploads\\\/2025\\\/03\\\/078-roberttys-1-3.jpg\",\"width\":1134,\"height\":844},{\"@type\":\"BreadcrumbList\",\"@id\":\"https:\\\/\\\/roberttys.com\\\/fr\\\/gallery\\\/coucher-de-soleil-chaleureux#breadcrumb\",\"itemListElement\":[{\"@type\":\"ListItem\",\"position\":1,\"name\":\"Strona g\u0142\u00f3wna\",\"item\":\"https:\\\/\\\/roberttys.com\\\/fr\"},{\"@type\":\"ListItem\",\"position\":2,\"name\":\"Galerie\",\"item\":\"https:\\\/\\\/roberttys.com\\\/fr\\\/galerie\"},{\"@type\":\"ListItem\",\"position\":3,\"name\":\"coucher de soleil chaleureux\"}]},{\"@type\":\"WebSite\",\"@id\":\"https:\\\/\\\/roberttys.com\\\/fr#website\",\"url\":\"https:\\\/\\\/roberttys.com\\\/fr\",\"name\":\"Robert Tys | Mediterranean paintings\",\"description\":\"Mediterranean paintings\",\"publisher\":{\"@id\":\"https:\\\/\\\/roberttys.com\\\/fr#\\\/schema\\\/person\\\/511a7552115aa32e2ac0e89286329c73\"},\"alternateName\":\"Robert Tys\",\"potentialAction\":[{\"@type\":\"SearchAction\",\"target\":{\"@type\":\"EntryPoint\",\"urlTemplate\":\"https:\\\/\\\/roberttys.com\\\/fr?s={search_term_string}\"},\"query-input\":{\"@type\":\"PropertyValueSpecification\",\"valueRequired\":true,\"valueName\":\"search_term_string\"}}],\"inLanguage\":\"fr-FR\"},{\"@type\":[\"Person\",\"Organization\"],\"@id\":\"https:\\\/\\\/roberttys.com\\\/fr#\\\/schema\\\/person\\\/511a7552115aa32e2ac0e89286329c73\",\"name\":\"Robert Tys\",\"image\":{\"@type\":\"ImageObject\",\"inLanguage\":\"fr-FR\",\"@id\":\"https:\\\/\\\/roberttys.com\\\/wp-content\\\/uploads\\\/2024\\\/03\\\/logo-robert-tys-1.jpg\",\"url\":\"https:\\\/\\\/roberttys.com\\\/wp-content\\\/uploads\\\/2024\\\/03\\\/logo-robert-tys-1.jpg\",\"contentUrl\":\"https:\\\/\\\/roberttys.com\\\/wp-content\\\/uploads\\\/2024\\\/03\\\/logo-robert-tys-1.jpg\",\"width\":610,\"height\":726,\"caption\":\"Robert Tys\"},\"logo\":{\"@id\":\"https:\\\/\\\/roberttys.com\\\/wp-content\\\/uploads\\\/2024\\\/03\\\/logo-robert-tys-1.jpg\"}}]}<\/script>\n<!-- \/ Yoast SEO plugin. -->","yoast_head_json":{"title":"coucher de soleil chaleureux - Robert Tys | Mediterranean paintings","robots":{"index":"index","follow":"follow","max-snippet":"max-snippet:-1","max-image-preview":"max-image-preview:large","max-video-preview":"max-video-preview:-1"},"canonical":"https:\/\/roberttys.com\/fr\/gallery\/coucher-de-soleil-chaleureux","og_locale":"fr_FR","og_type":"article","og_title":"coucher de soleil chaleureux - Robert Tys | Mediterranean paintings","og_description":"Imprim\u00e9 sur papier Fine Art \u2013 William Turner, 100% coton, 190 g\/m\u00b2. La galerie propose des tirages en\u00a0\u00e9dition ouverte. Cependant, si vous recherchez une pi\u00e8ce de collection, il est possible d\u2019acqu\u00e9rir une \u00e9dition limit\u00e9e originale. Chaque \u0153uvre de la s\u00e9rie limit\u00e9e (seulement 30 exemplaires) est tir\u00e9e sur un papier coton d\u2019archive prestigieux \u2014 le plus souvent du\u00a0Hahnem\u00fchle William Turner 310 g\/m\u00b2. Ces tirages sont sign\u00e9s \u00e0 la main et accompagn\u00e9s d\u2019un certificat d\u2019authenticit\u00e9. Pour l\u2019achat d\u2019une \u00e9dition premium, je vous invite \u00e0 me\u00a0contacter directement \u00e0 l\u2019adresse suivante : contact@roberttys.com.","og_url":"https:\/\/roberttys.com\/fr\/gallery\/coucher-de-soleil-chaleureux","og_site_name":"Robert Tys | Mediterranean paintings","article_modified_time":"2026-04-28T10:25:47+00:00","og_image":[{"width":1134,"height":844,"url":"https:\/\/roberttys.com\/wp-content\/uploads\/2025\/03\/078-roberttys-1-3.jpg","type":"image\/jpeg"}],"twitter_card":"summary_large_image","twitter_misc":{"Dur\u00e9e de lecture estim\u00e9e":"1 minute"},"schema":{"@context":"https:\/\/schema.org","@graph":[{"@type":"WebPage","@id":"https:\/\/roberttys.com\/fr\/gallery\/coucher-de-soleil-chaleureux","url":"https:\/\/roberttys.com\/fr\/gallery\/coucher-de-soleil-chaleureux","name":"coucher de soleil chaleureux - Robert Tys | Mediterranean paintings","isPartOf":{"@id":"https:\/\/roberttys.com\/fr#website"},"primaryImageOfPage":{"@id":"https:\/\/roberttys.com\/fr\/gallery\/coucher-de-soleil-chaleureux#primaryimage"},"image":{"@id":"https:\/\/roberttys.com\/fr\/gallery\/coucher-de-soleil-chaleureux#primaryimage"},"thumbnailUrl":"https:\/\/roberttys.com\/wp-content\/uploads\/2025\/03\/078-roberttys-1-3.jpg","datePublished":"2026-04-24T17:53:26+00:00","dateModified":"2026-04-28T10:25:47+00:00","breadcrumb":{"@id":"https:\/\/roberttys.com\/fr\/gallery\/coucher-de-soleil-chaleureux#breadcrumb"},"inLanguage":"fr-FR","potentialAction":[{"@type":"ReadAction","target":["https:\/\/roberttys.com\/fr\/gallery\/coucher-de-soleil-chaleureux"]}]},{"@type":"ImageObject","inLanguage":"fr-FR","@id":"https:\/\/roberttys.com\/fr\/gallery\/coucher-de-soleil-chaleureux#primaryimage","url":"https:\/\/roberttys.com\/wp-content\/uploads\/2025\/03\/078-roberttys-1-3.jpg","contentUrl":"https:\/\/roberttys.com\/wp-content\/uploads\/2025\/03\/078-roberttys-1-3.jpg","width":1134,"height":844},{"@type":"BreadcrumbList","@id":"https:\/\/roberttys.com\/fr\/gallery\/coucher-de-soleil-chaleureux#breadcrumb","itemListElement":[{"@type":"ListItem","position":1,"name":"Strona g\u0142\u00f3wna","item":"https:\/\/roberttys.com\/fr"},{"@type":"ListItem","position":2,"name":"Galerie","item":"https:\/\/roberttys.com\/fr\/galerie"},{"@type":"ListItem","position":3,"name":"coucher de soleil chaleureux"}]},{"@type":"WebSite","@id":"https:\/\/roberttys.com\/fr#website","url":"https:\/\/roberttys.com\/fr","name":"Robert Tys | Mediterranean paintings","description":"Mediterranean paintings","publisher":{"@id":"https:\/\/roberttys.com\/fr#\/schema\/person\/511a7552115aa32e2ac0e89286329c73"},"alternateName":"Robert Tys","potentialAction":[{"@type":"SearchAction","target":{"@type":"EntryPoint","urlTemplate":"https:\/\/roberttys.com\/fr?s={search_term_string}"},"query-input":{"@type":"PropertyValueSpecification","valueRequired":true,"valueName":"search_term_string"}}],"inLanguage":"fr-FR"},{"@type":["Person","Organization"],"@id":"https:\/\/roberttys.com\/fr#\/schema\/person\/511a7552115aa32e2ac0e89286329c73","name":"Robert Tys","image":{"@type":"ImageObject","inLanguage":"fr-FR","@id":"https:\/\/roberttys.com\/wp-content\/uploads\/2024\/03\/logo-robert-tys-1.jpg","url":"https:\/\/roberttys.com\/wp-content\/uploads\/2024\/03\/logo-robert-tys-1.jpg","contentUrl":"https:\/\/roberttys.com\/wp-content\/uploads\/2024\/03\/logo-robert-tys-1.jpg","width":610,"height":726,"caption":"Robert Tys"},"logo":{"@id":"https:\/\/roberttys.com\/wp-content\/uploads\/2024\/03\/logo-robert-tys-1.jpg"}}]}},"_links":{"self":[{"href":"https:\/\/roberttys.com\/fr\/wp-json\/wp\/v2\/product\/9300","targetHints":{"allow":["GET"]}}],"collection":[{"href":"https:\/\/roberttys.com\/fr\/wp-json\/wp\/v2\/product"}],"about":[{"href":"https:\/\/roberttys.com\/fr\/wp-json\/wp\/v2\/types\/product"}],"wp:featuredmedia":[{"embeddable":true,"href":"https:\/\/roberttys.com\/fr\/wp-json\/wp\/v2\/media\/8741"}],"wp:attachment":[{"href":"https:\/\/roberttys.com\/fr\/wp-json\/wp\/v2\/media?parent=9300"}],"wp:term":[{"taxonomy":"product_brand","embeddable":true,"href":"https:\/\/roberttys.com\/fr\/wp-json\/wp\/v2\/product_brand?post=9300"},{"taxonomy":"product_cat","embeddable":true,"href":"https:\/\/roberttys.com\/fr\/wp-json\/wp\/v2\/product_cat?post=9300"},{"taxonomy":"product_tag","embeddable":true,"href":"https:\/\/roberttys.com\/fr\/wp-json\/wp\/v2\/product_tag?post=9300"}],"curies":[{"name":"wp","href":"https:\/\/api.w.org\/{rel}","templated":true}]}}