{"id":9354,"date":"2026-04-26T15:39:45","date_gmt":"2026-04-26T15:39:45","guid":{"rendered":"https:\/\/roberttys.com\/?post_type=product&#038;p=9354"},"modified":"2026-05-03T16:55:04","modified_gmt":"2026-05-03T16:55:04","slug":"une-promenade-musicale-le-long-de-la-riviere-motlawa","status":"publish","type":"product","link":"https:\/\/roberttys.com\/fr\/gallery\/une-promenade-musicale-le-long-de-la-riviere-motlawa","title":{"rendered":"Une promenade musicale le long de la rivi\u00e8re Mot\u0142awa"},"content":{"rendered":"","protected":false},"excerpt":{"rendered":"<p class=\"p1\">La galerie propose \u00e0 la fois des \u00e9ditions ouvertes et des \u00e9ditions limit\u00e9es de collection.<\/p>\n","protected":false},"featured_media":8597,"template":"","meta":[],"product_brand":[],"product_cat":[209,212],"product_tag":[],"class_list":{"0":"post-9354","1":"product","2":"type-product","3":"status-publish","4":"has-post-thumbnail","6":"product_cat-architecture-fr-2","7":"product_cat-lhomme","9":"first","10":"instock","11":"shipping-taxable","12":"purchasable","13":"product-type-variable"},"yoast_head":"<!-- This site is optimized with the Yoast SEO plugin v27.5 - https:\/\/yoast.com\/product\/yoast-seo-wordpress\/ -->\n<title>Une promenade musicale le long de la rivi\u00e8re Mot\u0142awa - Robert Tys | Mediterranean paintings<\/title>\n<meta name=\"robots\" content=\"index, follow, max-snippet:-1, max-image-preview:large, max-video-preview:-1\" \/>\n<link rel=\"canonical\" href=\"https:\/\/roberttys.com\/fr\/gallery\/une-promenade-musicale-le-long-de-la-riviere-motlawa\" \/>\n<meta property=\"og:locale\" content=\"fr_FR\" \/>\n<meta property=\"og:type\" content=\"article\" \/>\n<meta property=\"og:title\" content=\"Une promenade musicale le long de la rivi\u00e8re Mot\u0142awa - Robert Tys | Mediterranean paintings\" \/>\n<meta property=\"og:description\" content=\"La galerie propose \u00e0 la fois des \u00e9ditions ouvertes et des \u00e9ditions limit\u00e9es de collection.\" \/>\n<meta property=\"og:url\" content=\"https:\/\/roberttys.com\/fr\/gallery\/une-promenade-musicale-le-long-de-la-riviere-motlawa\" \/>\n<meta property=\"og:site_name\" content=\"Robert Tys | Mediterranean paintings\" \/>\n<meta property=\"article:modified_time\" content=\"2026-05-03T16:55:04+00:00\" \/>\n<meta property=\"og:image\" content=\"https:\/\/roberttys.com\/wp-content\/uploads\/2025\/03\/076-roberttys-p.jpg\" \/>\n\t<meta property=\"og:image:width\" content=\"595\" \/>\n\t<meta property=\"og:image:height\" content=\"842\" \/>\n\t<meta property=\"og:image:type\" content=\"image\/jpeg\" \/>\n<meta name=\"twitter:card\" content=\"summary_large_image\" \/>\n<meta name=\"twitter:label1\" content=\"Dur\u00e9e de lecture estim\u00e9e\" \/>\n\t<meta name=\"twitter:data1\" content=\"1 minute\" \/>\n<script type=\"application\/ld+json\" class=\"yoast-schema-graph\">{\"@context\":\"https:\\\/\\\/schema.org\",\"@graph\":[{\"@type\":\"WebPage\",\"@id\":\"https:\\\/\\\/roberttys.com\\\/fr\\\/gallery\\\/une-promenade-musicale-le-long-de-la-riviere-motlawa\",\"url\":\"https:\\\/\\\/roberttys.com\\\/fr\\\/gallery\\\/une-promenade-musicale-le-long-de-la-riviere-motlawa\",\"name\":\"Une promenade musicale le long de la rivi\u00e8re Mot\u0142awa - Robert Tys | Mediterranean paintings\",\"isPartOf\":{\"@id\":\"https:\\\/\\\/roberttys.com\\\/fr#website\"},\"primaryImageOfPage\":{\"@id\":\"https:\\\/\\\/roberttys.com\\\/fr\\\/gallery\\\/une-promenade-musicale-le-long-de-la-riviere-motlawa#primaryimage\"},\"image\":{\"@id\":\"https:\\\/\\\/roberttys.com\\\/fr\\\/gallery\\\/une-promenade-musicale-le-long-de-la-riviere-motlawa#primaryimage\"},\"thumbnailUrl\":\"https:\\\/\\\/roberttys.com\\\/wp-content\\\/uploads\\\/2025\\\/03\\\/076-roberttys-p.jpg\",\"datePublished\":\"2026-04-26T15:39:45+00:00\",\"dateModified\":\"2026-05-03T16:55:04+00:00\",\"breadcrumb\":{\"@id\":\"https:\\\/\\\/roberttys.com\\\/fr\\\/gallery\\\/une-promenade-musicale-le-long-de-la-riviere-motlawa#breadcrumb\"},\"inLanguage\":\"fr-FR\",\"potentialAction\":[{\"@type\":\"ReadAction\",\"target\":[\"https:\\\/\\\/roberttys.com\\\/fr\\\/gallery\\\/une-promenade-musicale-le-long-de-la-riviere-motlawa\"]}]},{\"@type\":\"ImageObject\",\"inLanguage\":\"fr-FR\",\"@id\":\"https:\\\/\\\/roberttys.com\\\/fr\\\/gallery\\\/une-promenade-musicale-le-long-de-la-riviere-motlawa#primaryimage\",\"url\":\"https:\\\/\\\/roberttys.com\\\/wp-content\\\/uploads\\\/2025\\\/03\\\/076-roberttys-p.jpg\",\"contentUrl\":\"https:\\\/\\\/roberttys.com\\\/wp-content\\\/uploads\\\/2025\\\/03\\\/076-roberttys-p.jpg\",\"width\":595,\"height\":842},{\"@type\":\"BreadcrumbList\",\"@id\":\"https:\\\/\\\/roberttys.com\\\/fr\\\/gallery\\\/une-promenade-musicale-le-long-de-la-riviere-motlawa#breadcrumb\",\"itemListElement\":[{\"@type\":\"ListItem\",\"position\":1,\"name\":\"Strona g\u0142\u00f3wna\",\"item\":\"https:\\\/\\\/roberttys.com\\\/fr\"},{\"@type\":\"ListItem\",\"position\":2,\"name\":\"Galerie\",\"item\":\"https:\\\/\\\/roberttys.com\\\/fr\\\/galerie\"},{\"@type\":\"ListItem\",\"position\":3,\"name\":\"Une promenade musicale le long de la rivi\u00e8re Mot\u0142awa\"}]},{\"@type\":\"WebSite\",\"@id\":\"https:\\\/\\\/roberttys.com\\\/fr#website\",\"url\":\"https:\\\/\\\/roberttys.com\\\/fr\",\"name\":\"Robert Tys | Mediterranean paintings\",\"description\":\"Mediterranean paintings\",\"publisher\":{\"@id\":\"https:\\\/\\\/roberttys.com\\\/fr#\\\/schema\\\/person\\\/511a7552115aa32e2ac0e89286329c73\"},\"alternateName\":\"Robert Tys\",\"potentialAction\":[{\"@type\":\"SearchAction\",\"target\":{\"@type\":\"EntryPoint\",\"urlTemplate\":\"https:\\\/\\\/roberttys.com\\\/fr?s={search_term_string}\"},\"query-input\":{\"@type\":\"PropertyValueSpecification\",\"valueRequired\":true,\"valueName\":\"search_term_string\"}}],\"inLanguage\":\"fr-FR\"},{\"@type\":[\"Person\",\"Organization\"],\"@id\":\"https:\\\/\\\/roberttys.com\\\/fr#\\\/schema\\\/person\\\/511a7552115aa32e2ac0e89286329c73\",\"name\":\"Robert Tys\",\"image\":{\"@type\":\"ImageObject\",\"inLanguage\":\"fr-FR\",\"@id\":\"https:\\\/\\\/roberttys.com\\\/wp-content\\\/uploads\\\/2024\\\/03\\\/logo-robert-tys-1.jpg\",\"url\":\"https:\\\/\\\/roberttys.com\\\/wp-content\\\/uploads\\\/2024\\\/03\\\/logo-robert-tys-1.jpg\",\"contentUrl\":\"https:\\\/\\\/roberttys.com\\\/wp-content\\\/uploads\\\/2024\\\/03\\\/logo-robert-tys-1.jpg\",\"width\":610,\"height\":726,\"caption\":\"Robert Tys\"},\"logo\":{\"@id\":\"https:\\\/\\\/roberttys.com\\\/wp-content\\\/uploads\\\/2024\\\/03\\\/logo-robert-tys-1.jpg\"}}]}<\/script>\n<!-- \/ Yoast SEO plugin. -->","yoast_head_json":{"title":"Une promenade musicale le long de la rivi\u00e8re Mot\u0142awa - Robert Tys | Mediterranean paintings","robots":{"index":"index","follow":"follow","max-snippet":"max-snippet:-1","max-image-preview":"max-image-preview:large","max-video-preview":"max-video-preview:-1"},"canonical":"https:\/\/roberttys.com\/fr\/gallery\/une-promenade-musicale-le-long-de-la-riviere-motlawa","og_locale":"fr_FR","og_type":"article","og_title":"Une promenade musicale le long de la rivi\u00e8re Mot\u0142awa - Robert Tys | Mediterranean paintings","og_description":"La galerie propose \u00e0 la fois des \u00e9ditions ouvertes et des \u00e9ditions limit\u00e9es de collection.","og_url":"https:\/\/roberttys.com\/fr\/gallery\/une-promenade-musicale-le-long-de-la-riviere-motlawa","og_site_name":"Robert Tys | Mediterranean paintings","article_modified_time":"2026-05-03T16:55:04+00:00","og_image":[{"width":595,"height":842,"url":"https:\/\/roberttys.com\/wp-content\/uploads\/2025\/03\/076-roberttys-p.jpg","type":"image\/jpeg"}],"twitter_card":"summary_large_image","twitter_misc":{"Dur\u00e9e de lecture estim\u00e9e":"1 minute"},"schema":{"@context":"https:\/\/schema.org","@graph":[{"@type":"WebPage","@id":"https:\/\/roberttys.com\/fr\/gallery\/une-promenade-musicale-le-long-de-la-riviere-motlawa","url":"https:\/\/roberttys.com\/fr\/gallery\/une-promenade-musicale-le-long-de-la-riviere-motlawa","name":"Une promenade musicale le long de la rivi\u00e8re Mot\u0142awa - Robert Tys | Mediterranean paintings","isPartOf":{"@id":"https:\/\/roberttys.com\/fr#website"},"primaryImageOfPage":{"@id":"https:\/\/roberttys.com\/fr\/gallery\/une-promenade-musicale-le-long-de-la-riviere-motlawa#primaryimage"},"image":{"@id":"https:\/\/roberttys.com\/fr\/gallery\/une-promenade-musicale-le-long-de-la-riviere-motlawa#primaryimage"},"thumbnailUrl":"https:\/\/roberttys.com\/wp-content\/uploads\/2025\/03\/076-roberttys-p.jpg","datePublished":"2026-04-26T15:39:45+00:00","dateModified":"2026-05-03T16:55:04+00:00","breadcrumb":{"@id":"https:\/\/roberttys.com\/fr\/gallery\/une-promenade-musicale-le-long-de-la-riviere-motlawa#breadcrumb"},"inLanguage":"fr-FR","potentialAction":[{"@type":"ReadAction","target":["https:\/\/roberttys.com\/fr\/gallery\/une-promenade-musicale-le-long-de-la-riviere-motlawa"]}]},{"@type":"ImageObject","inLanguage":"fr-FR","@id":"https:\/\/roberttys.com\/fr\/gallery\/une-promenade-musicale-le-long-de-la-riviere-motlawa#primaryimage","url":"https:\/\/roberttys.com\/wp-content\/uploads\/2025\/03\/076-roberttys-p.jpg","contentUrl":"https:\/\/roberttys.com\/wp-content\/uploads\/2025\/03\/076-roberttys-p.jpg","width":595,"height":842},{"@type":"BreadcrumbList","@id":"https:\/\/roberttys.com\/fr\/gallery\/une-promenade-musicale-le-long-de-la-riviere-motlawa#breadcrumb","itemListElement":[{"@type":"ListItem","position":1,"name":"Strona g\u0142\u00f3wna","item":"https:\/\/roberttys.com\/fr"},{"@type":"ListItem","position":2,"name":"Galerie","item":"https:\/\/roberttys.com\/fr\/galerie"},{"@type":"ListItem","position":3,"name":"Une promenade musicale le long de la rivi\u00e8re Mot\u0142awa"}]},{"@type":"WebSite","@id":"https:\/\/roberttys.com\/fr#website","url":"https:\/\/roberttys.com\/fr","name":"Robert Tys | Mediterranean paintings","description":"Mediterranean paintings","publisher":{"@id":"https:\/\/roberttys.com\/fr#\/schema\/person\/511a7552115aa32e2ac0e89286329c73"},"alternateName":"Robert Tys","potentialAction":[{"@type":"SearchAction","target":{"@type":"EntryPoint","urlTemplate":"https:\/\/roberttys.com\/fr?s={search_term_string}"},"query-input":{"@type":"PropertyValueSpecification","valueRequired":true,"valueName":"search_term_string"}}],"inLanguage":"fr-FR"},{"@type":["Person","Organization"],"@id":"https:\/\/roberttys.com\/fr#\/schema\/person\/511a7552115aa32e2ac0e89286329c73","name":"Robert Tys","image":{"@type":"ImageObject","inLanguage":"fr-FR","@id":"https:\/\/roberttys.com\/wp-content\/uploads\/2024\/03\/logo-robert-tys-1.jpg","url":"https:\/\/roberttys.com\/wp-content\/uploads\/2024\/03\/logo-robert-tys-1.jpg","contentUrl":"https:\/\/roberttys.com\/wp-content\/uploads\/2024\/03\/logo-robert-tys-1.jpg","width":610,"height":726,"caption":"Robert Tys"},"logo":{"@id":"https:\/\/roberttys.com\/wp-content\/uploads\/2024\/03\/logo-robert-tys-1.jpg"}}]}},"_links":{"self":[{"href":"https:\/\/roberttys.com\/fr\/wp-json\/wp\/v2\/product\/9354","targetHints":{"allow":["GET"]}}],"collection":[{"href":"https:\/\/roberttys.com\/fr\/wp-json\/wp\/v2\/product"}],"about":[{"href":"https:\/\/roberttys.com\/fr\/wp-json\/wp\/v2\/types\/product"}],"wp:featuredmedia":[{"embeddable":true,"href":"https:\/\/roberttys.com\/fr\/wp-json\/wp\/v2\/media\/8597"}],"wp:attachment":[{"href":"https:\/\/roberttys.com\/fr\/wp-json\/wp\/v2\/media?parent=9354"}],"wp:term":[{"taxonomy":"product_brand","embeddable":true,"href":"https:\/\/roberttys.com\/fr\/wp-json\/wp\/v2\/product_brand?post=9354"},{"taxonomy":"product_cat","embeddable":true,"href":"https:\/\/roberttys.com\/fr\/wp-json\/wp\/v2\/product_cat?post=9354"},{"taxonomy":"product_tag","embeddable":true,"href":"https:\/\/roberttys.com\/fr\/wp-json\/wp\/v2\/product_tag?post=9354"}],"curies":[{"name":"wp","href":"https:\/\/api.w.org\/{rel}","templated":true}]}}