{"id":9505,"date":"2026-04-27T15:47:20","date_gmt":"2026-04-27T15:47:20","guid":{"rendered":"https:\/\/roberttys.com\/?post_type=product&#038;p=9505"},"modified":"2026-04-28T10:09:19","modified_gmt":"2026-04-28T10:09:19","slug":"faux-kapokier-kopia","status":"publish","type":"product","link":"https:\/\/roberttys.com\/fr\/gallery\/faux-kapokier-kopia","title":{"rendered":"port Saint\u2011Rapha\u00ebl"},"content":{"rendered":"<p class=\"p1\">Imprim\u00e9 sur papier Fine Art &#8211; William Turner, 100% coton, 190 gr\/m<sup>2<\/sup>.<\/p>\n","protected":false},"excerpt":{"rendered":"<p class=\"p1\">Imprim\u00e9 sur papier Fine Art &#8211; William Turner, 100% coton, 190 gr\/m<sup>2<\/sup>.<\/p>\n<p>La galerie propose des tirages en\u00a0<strong>\u00e9dition ouverte<\/strong>. Cependant, si vous recherchez une pi\u00e8ce de collection, il est possible d\u2019acqu\u00e9rir une \u00e9dition limit\u00e9e originale.<br \/>\nChaque \u0153uvre de la s\u00e9rie limit\u00e9e (seulement 30 exemplaires) est tir\u00e9e sur un papier coton d\u2019archive prestigieux \u2014 le plus souvent du\u00a0<strong>Hahnem\u00fchle William Turner 310 g\/m\u00b2<\/strong>. Ces tirages sont sign\u00e9s \u00e0 la main et accompagn\u00e9s d\u2019un certificat d\u2019authenticit\u00e9.<br \/>\nPour l\u2019achat d\u2019une \u00e9dition premium, je vous invite \u00e0 me\u00a0contacter directement \u00e0 l\u2019adresse suivante : contact@roberttys.com.<\/p>\n","protected":false},"featured_media":8793,"template":"","meta":[],"product_cat":[209,212],"product_tag":[],"class_list":{"0":"post-9505","1":"product","2":"type-product","3":"status-publish","4":"has-post-thumbnail","6":"product_cat-architecture-fr-2","7":"product_cat-lhomme","9":"first","10":"instock","11":"shipping-taxable","12":"purchasable","13":"product-type-variable"},"yoast_head":"<!-- This site is optimized with the Yoast SEO plugin v27.2 - https:\/\/yoast.com\/product\/yoast-seo-wordpress\/ -->\n<title>port Saint\u2011Rapha\u00ebl - Robert Tys | Mediterranean paintings<\/title>\n<meta name=\"robots\" content=\"index, follow, max-snippet:-1, max-image-preview:large, max-video-preview:-1\" \/>\n<link rel=\"canonical\" href=\"https:\/\/roberttys.com\/fr\/gallery\/faux-kapokier-kopia\" \/>\n<meta property=\"og:locale\" content=\"fr_FR\" \/>\n<meta property=\"og:type\" content=\"article\" \/>\n<meta property=\"og:title\" content=\"port Saint\u2011Rapha\u00ebl - Robert Tys | Mediterranean paintings\" \/>\n<meta property=\"og:description\" content=\"Imprim\u00e9 sur papier Fine Art - William Turner, 100% coton, 190 gr\/m2. La galerie propose des tirages en\u00a0\u00e9dition ouverte. Cependant, si vous recherchez une pi\u00e8ce de collection, il est possible d\u2019acqu\u00e9rir une \u00e9dition limit\u00e9e originale. Chaque \u0153uvre de la s\u00e9rie limit\u00e9e (seulement 30 exemplaires) est tir\u00e9e sur un papier coton d\u2019archive prestigieux \u2014 le plus souvent du\u00a0Hahnem\u00fchle William Turner 310 g\/m\u00b2. Ces tirages sont sign\u00e9s \u00e0 la main et accompagn\u00e9s d\u2019un certificat d\u2019authenticit\u00e9. Pour l\u2019achat d\u2019une \u00e9dition premium, je vous invite \u00e0 me\u00a0contacter directement \u00e0 l\u2019adresse suivante : contact@roberttys.com.\" \/>\n<meta property=\"og:url\" content=\"https:\/\/roberttys.com\/fr\/gallery\/faux-kapokier-kopia\" \/>\n<meta property=\"og:site_name\" content=\"Robert Tys | Mediterranean paintings\" \/>\n<meta property=\"article:modified_time\" content=\"2026-04-28T10:09:19+00:00\" \/>\n<meta property=\"og:image\" content=\"https:\/\/roberttys.com\/wp-content\/uploads\/2024\/08\/080-roberttys-1.jpg\" \/>\n\t<meta property=\"og:image:width\" content=\"595\" \/>\n\t<meta property=\"og:image:height\" content=\"842\" \/>\n\t<meta property=\"og:image:type\" content=\"image\/jpeg\" \/>\n<meta name=\"twitter:card\" content=\"summary_large_image\" \/>\n<meta name=\"twitter:label1\" content=\"Dur\u00e9e de lecture estim\u00e9e\" \/>\n\t<meta name=\"twitter:data1\" content=\"1 minute\" \/>\n<script type=\"application\/ld+json\" class=\"yoast-schema-graph\">{\"@context\":\"https:\/\/schema.org\",\"@graph\":[{\"@type\":\"WebPage\",\"@id\":\"https:\/\/roberttys.com\/fr\/gallery\/faux-kapokier-kopia\",\"url\":\"https:\/\/roberttys.com\/fr\/gallery\/faux-kapokier-kopia\",\"name\":\"port Saint\u2011Rapha\u00ebl - Robert Tys | Mediterranean paintings\",\"isPartOf\":{\"@id\":\"https:\/\/roberttys.com\/fr#website\"},\"primaryImageOfPage\":{\"@id\":\"https:\/\/roberttys.com\/fr\/gallery\/faux-kapokier-kopia#primaryimage\"},\"image\":{\"@id\":\"https:\/\/roberttys.com\/fr\/gallery\/faux-kapokier-kopia#primaryimage\"},\"thumbnailUrl\":\"https:\/\/roberttys.com\/wp-content\/uploads\/2024\/08\/080-roberttys-1.jpg\",\"datePublished\":\"2026-04-27T15:47:20+00:00\",\"dateModified\":\"2026-04-28T10:09:19+00:00\",\"breadcrumb\":{\"@id\":\"https:\/\/roberttys.com\/fr\/gallery\/faux-kapokier-kopia#breadcrumb\"},\"inLanguage\":\"fr-FR\",\"potentialAction\":[{\"@type\":\"ReadAction\",\"target\":[\"https:\/\/roberttys.com\/fr\/gallery\/faux-kapokier-kopia\"]}]},{\"@type\":\"ImageObject\",\"inLanguage\":\"fr-FR\",\"@id\":\"https:\/\/roberttys.com\/fr\/gallery\/faux-kapokier-kopia#primaryimage\",\"url\":\"https:\/\/roberttys.com\/wp-content\/uploads\/2024\/08\/080-roberttys-1.jpg\",\"contentUrl\":\"https:\/\/roberttys.com\/wp-content\/uploads\/2024\/08\/080-roberttys-1.jpg\",\"width\":595,\"height\":842},{\"@type\":\"BreadcrumbList\",\"@id\":\"https:\/\/roberttys.com\/fr\/gallery\/faux-kapokier-kopia#breadcrumb\",\"itemListElement\":[{\"@type\":\"ListItem\",\"position\":1,\"name\":\"Strona g\u0142\u00f3wna\",\"item\":\"https:\/\/roberttys.com\/fr\"},{\"@type\":\"ListItem\",\"position\":2,\"name\":\"Galerie\",\"item\":\"https:\/\/roberttys.com\/fr\/galerie\"},{\"@type\":\"ListItem\",\"position\":3,\"name\":\"port Saint\u2011Rapha\u00ebl\"}]},{\"@type\":\"WebSite\",\"@id\":\"https:\/\/roberttys.com\/fr#website\",\"url\":\"https:\/\/roberttys.com\/fr\",\"name\":\"Robert Tys | Mediterranean paintings\",\"description\":\"Mediterranean paintings\",\"publisher\":{\"@id\":\"https:\/\/roberttys.com\/fr#\/schema\/person\/511a7552115aa32e2ac0e89286329c73\"},\"alternateName\":\"Robert Tys\",\"potentialAction\":[{\"@type\":\"SearchAction\",\"target\":{\"@type\":\"EntryPoint\",\"urlTemplate\":\"https:\/\/roberttys.com\/fr?s={search_term_string}\"},\"query-input\":{\"@type\":\"PropertyValueSpecification\",\"valueRequired\":true,\"valueName\":\"search_term_string\"}}],\"inLanguage\":\"fr-FR\"},{\"@type\":[\"Person\",\"Organization\"],\"@id\":\"https:\/\/roberttys.com\/fr#\/schema\/person\/511a7552115aa32e2ac0e89286329c73\",\"name\":\"Robert Tys\",\"image\":{\"@type\":\"ImageObject\",\"inLanguage\":\"fr-FR\",\"@id\":\"https:\/\/roberttys.com\/wp-content\/uploads\/2024\/03\/logo-robert-tys-1.jpg\",\"url\":\"https:\/\/roberttys.com\/wp-content\/uploads\/2024\/03\/logo-robert-tys-1.jpg\",\"contentUrl\":\"https:\/\/roberttys.com\/wp-content\/uploads\/2024\/03\/logo-robert-tys-1.jpg\",\"width\":610,\"height\":726,\"caption\":\"Robert Tys\"},\"logo\":{\"@id\":\"https:\/\/roberttys.com\/wp-content\/uploads\/2024\/03\/logo-robert-tys-1.jpg\"}}]}<\/script>\n<!-- \/ Yoast SEO plugin. -->","yoast_head_json":{"title":"port Saint\u2011Rapha\u00ebl - Robert Tys | Mediterranean paintings","robots":{"index":"index","follow":"follow","max-snippet":"max-snippet:-1","max-image-preview":"max-image-preview:large","max-video-preview":"max-video-preview:-1"},"canonical":"https:\/\/roberttys.com\/fr\/gallery\/faux-kapokier-kopia","og_locale":"fr_FR","og_type":"article","og_title":"port Saint\u2011Rapha\u00ebl - Robert Tys | Mediterranean paintings","og_description":"Imprim\u00e9 sur papier Fine Art - William Turner, 100% coton, 190 gr\/m2. La galerie propose des tirages en\u00a0\u00e9dition ouverte. Cependant, si vous recherchez une pi\u00e8ce de collection, il est possible d\u2019acqu\u00e9rir une \u00e9dition limit\u00e9e originale. Chaque \u0153uvre de la s\u00e9rie limit\u00e9e (seulement 30 exemplaires) est tir\u00e9e sur un papier coton d\u2019archive prestigieux \u2014 le plus souvent du\u00a0Hahnem\u00fchle William Turner 310 g\/m\u00b2. Ces tirages sont sign\u00e9s \u00e0 la main et accompagn\u00e9s d\u2019un certificat d\u2019authenticit\u00e9. Pour l\u2019achat d\u2019une \u00e9dition premium, je vous invite \u00e0 me\u00a0contacter directement \u00e0 l\u2019adresse suivante : contact@roberttys.com.","og_url":"https:\/\/roberttys.com\/fr\/gallery\/faux-kapokier-kopia","og_site_name":"Robert Tys | Mediterranean paintings","article_modified_time":"2026-04-28T10:09:19+00:00","og_image":[{"width":595,"height":842,"url":"https:\/\/roberttys.com\/wp-content\/uploads\/2024\/08\/080-roberttys-1.jpg","type":"image\/jpeg"}],"twitter_card":"summary_large_image","twitter_misc":{"Dur\u00e9e de lecture estim\u00e9e":"1 minute"},"schema":{"@context":"https:\/\/schema.org","@graph":[{"@type":"WebPage","@id":"https:\/\/roberttys.com\/fr\/gallery\/faux-kapokier-kopia","url":"https:\/\/roberttys.com\/fr\/gallery\/faux-kapokier-kopia","name":"port Saint\u2011Rapha\u00ebl - Robert Tys | Mediterranean paintings","isPartOf":{"@id":"https:\/\/roberttys.com\/fr#website"},"primaryImageOfPage":{"@id":"https:\/\/roberttys.com\/fr\/gallery\/faux-kapokier-kopia#primaryimage"},"image":{"@id":"https:\/\/roberttys.com\/fr\/gallery\/faux-kapokier-kopia#primaryimage"},"thumbnailUrl":"https:\/\/roberttys.com\/wp-content\/uploads\/2024\/08\/080-roberttys-1.jpg","datePublished":"2026-04-27T15:47:20+00:00","dateModified":"2026-04-28T10:09:19+00:00","breadcrumb":{"@id":"https:\/\/roberttys.com\/fr\/gallery\/faux-kapokier-kopia#breadcrumb"},"inLanguage":"fr-FR","potentialAction":[{"@type":"ReadAction","target":["https:\/\/roberttys.com\/fr\/gallery\/faux-kapokier-kopia"]}]},{"@type":"ImageObject","inLanguage":"fr-FR","@id":"https:\/\/roberttys.com\/fr\/gallery\/faux-kapokier-kopia#primaryimage","url":"https:\/\/roberttys.com\/wp-content\/uploads\/2024\/08\/080-roberttys-1.jpg","contentUrl":"https:\/\/roberttys.com\/wp-content\/uploads\/2024\/08\/080-roberttys-1.jpg","width":595,"height":842},{"@type":"BreadcrumbList","@id":"https:\/\/roberttys.com\/fr\/gallery\/faux-kapokier-kopia#breadcrumb","itemListElement":[{"@type":"ListItem","position":1,"name":"Strona g\u0142\u00f3wna","item":"https:\/\/roberttys.com\/fr"},{"@type":"ListItem","position":2,"name":"Galerie","item":"https:\/\/roberttys.com\/fr\/galerie"},{"@type":"ListItem","position":3,"name":"port Saint\u2011Rapha\u00ebl"}]},{"@type":"WebSite","@id":"https:\/\/roberttys.com\/fr#website","url":"https:\/\/roberttys.com\/fr","name":"Robert Tys | Mediterranean paintings","description":"Mediterranean paintings","publisher":{"@id":"https:\/\/roberttys.com\/fr#\/schema\/person\/511a7552115aa32e2ac0e89286329c73"},"alternateName":"Robert Tys","potentialAction":[{"@type":"SearchAction","target":{"@type":"EntryPoint","urlTemplate":"https:\/\/roberttys.com\/fr?s={search_term_string}"},"query-input":{"@type":"PropertyValueSpecification","valueRequired":true,"valueName":"search_term_string"}}],"inLanguage":"fr-FR"},{"@type":["Person","Organization"],"@id":"https:\/\/roberttys.com\/fr#\/schema\/person\/511a7552115aa32e2ac0e89286329c73","name":"Robert Tys","image":{"@type":"ImageObject","inLanguage":"fr-FR","@id":"https:\/\/roberttys.com\/wp-content\/uploads\/2024\/03\/logo-robert-tys-1.jpg","url":"https:\/\/roberttys.com\/wp-content\/uploads\/2024\/03\/logo-robert-tys-1.jpg","contentUrl":"https:\/\/roberttys.com\/wp-content\/uploads\/2024\/03\/logo-robert-tys-1.jpg","width":610,"height":726,"caption":"Robert Tys"},"logo":{"@id":"https:\/\/roberttys.com\/wp-content\/uploads\/2024\/03\/logo-robert-tys-1.jpg"}}]}},"_links":{"self":[{"href":"https:\/\/roberttys.com\/fr\/wp-json\/wp\/v2\/product\/9505","targetHints":{"allow":["GET"]}}],"collection":[{"href":"https:\/\/roberttys.com\/fr\/wp-json\/wp\/v2\/product"}],"about":[{"href":"https:\/\/roberttys.com\/fr\/wp-json\/wp\/v2\/types\/product"}],"wp:featuredmedia":[{"embeddable":true,"href":"https:\/\/roberttys.com\/fr\/wp-json\/wp\/v2\/media\/8793"}],"wp:attachment":[{"href":"https:\/\/roberttys.com\/fr\/wp-json\/wp\/v2\/media?parent=9505"}],"wp:term":[{"taxonomy":"product_cat","embeddable":true,"href":"https:\/\/roberttys.com\/fr\/wp-json\/wp\/v2\/product_cat?post=9505"},{"taxonomy":"product_tag","embeddable":true,"href":"https:\/\/roberttys.com\/fr\/wp-json\/wp\/v2\/product_tag?post=9505"}],"curies":[{"name":"wp","href":"https:\/\/api.w.org\/{rel}","templated":true}]}}