{"id":1159,"date":"2019-03-13T13:42:39","date_gmt":"2019-03-13T13:42:39","guid":{"rendered":"https:\/\/handlavet.edge-themes.com\/?page_id=1159"},"modified":"2024-06-28T08:00:07","modified_gmt":"2024-06-28T08:00:07","slug":"artysta","status":"publish","type":"page","link":"https:\/\/roberttys.com\/pl\/artysta","title":{"rendered":"Artysta"},"content":{"rendered":"<section class=\"wpb-content-wrapper\"><p>[vc_row css=&#8221;.vc_custom_1710162573959{padding-top: 30px !important;padding-bottom: 0px !important;}&#8221;][vc_column offset=&#8221;vc_col-lg-6 vc_col-md-12&#8243;]<div class=\"edgtf-elements-holder   edgtf-one-column  edgtf-responsive-mode-768 \" ><div class=\"edgtf-eh-item    \"  data-item-class=\"edgtf-eh-custom-5329\" data-769-1024=\"0 0 0 0\" data-681-768=\"0 0 0 0\" data-680=\"0 0 0 0\">\n\t<div class=\"edgtf-eh-item-inner\">\n\t\t<div class=\"edgtf-eh-item-content edgtf-eh-custom-5329\" style=\"padding: 0 0 0 0\">\n\t\t\t[vc_single_image image=&#8221;4154&#8243; img_size=&#8221;full&#8221;]\t\t<\/div>\n\t<\/div>\n<\/div><\/div>[\/vc_column][vc_column offset=&#8221;vc_col-lg-6 vc_col-md-12&#8243;]<div class=\"edgtf-elements-holder   edgtf-one-column  edgtf-responsive-mode-768 \" ><div class=\"edgtf-eh-item    \"  data-item-class=\"edgtf-eh-custom-7225\" data-1367-1600=\"102px 0px 0 12.5%\" data-1025-1366=\"70px 0px 0 12.5%\" data-769-1024=\"50px 0 0 0\" data-681-768=\"50px 0 0 0\" data-680=\"30px 0 0\">\n\t<div class=\"edgtf-eh-item-inner\">\n\t\t<div class=\"edgtf-eh-item-content edgtf-eh-custom-7225\" style=\"padding: 102px 0px 0 12.5%\">\n\t\t\t[vc_column_text]<\/p>\n<h4 class=\"edgtf-st-title\">Robert Tys<\/h4>\n<p>[\/vc_column_text][vc_column_text]<\/p>\n<p class=\"p1\">Urodzony w Polsce, zafascynowany barwami i \u015bwiat\u0142em od najm\u0142odszych lat, poch\u0142oni\u0119ty by\u0142 rysowaniem komiks\u00f3w. Dzieci\u0119c\u0105 pasj\u0119, jako m\u0142ody m\u0119\u017cczyzna, rozwija\u0142 w Akademii Sztuk Pi\u0119knych w Katowicach na wydziale grafiki, a nast\u0119pnie w Kunstakademie w D\u00fcsseldorfie gdzie otrzyma\u0142 dyplom na wydziale malarstwa. Edukacja oraz do\u015bwiadczenie \u017cyciowe zdobywa\u0142 w kraju i za granic\u0105. Zar\u00f3wno grafika jak i malarstwo, maj\u0105 odzwierciedlenie w jego przesz\u0142ej i aktualnej tw\u00f3rczo\u015bci. Szczeg\u00f3ln\u0105 pasj\u0105 sta\u0142o si\u0119 malowanie abstrakcyjnych obraz\u00f3w olejnych na du\u017cych p\u0142\u00f3ciennych formatach. Organizowa\u0142 wystawy swoich prac w Marsylii, Madrycie, D\u00fcsseldorfie, centrach spotka\u0144 ludzi r\u00f3\u017cnych kultur, do\u015bwiadcze\u0144 i pasji. Wzi\u0105\u0142 udzia\u0142 w mi\u0119dzynarodowym projekcie prac konserwatorskich prowadzonych w pa\u0142acu w Monako.<\/p>\n<p>[\/vc_column_text][vc_empty_space height=&#8221;29px&#8221;]\t\t<\/div>\n\t<\/div>\n<\/div><\/div>[\/vc_column][\/vc_row][vc_row css=&#8221;.vc_custom_1710162849488{padding-top: 80px !important;padding-bottom: 0px !important;}&#8221;][vc_column offset=&#8221;vc_col-lg-6 vc_col-md-12&#8243; el_class=&#8221;edgtf-cc-underline&#8221;]<div class=\"edgtf-elements-holder   edgtf-one-column  edgtf-responsive-mode-768 \" ><div class=\"edgtf-eh-item    \"  data-item-class=\"edgtf-eh-custom-8540\" data-1367-1600=\"43px 12.5% 0px 0px\" data-1025-1366=\"9px 12.5% 0px 0px\" data-769-1024=\"100px 0 80px 0px\" data-681-768=\"100px 0 80px 0px\" data-680=\"80px 0 50px\">\n\t<div class=\"edgtf-eh-item-inner\">\n\t\t<div class=\"edgtf-eh-item-content edgtf-eh-custom-8540\" style=\"padding: 43px 12.5% 0px 0px\">\n\t\t\t[vc_column_text]<\/p>\n<h4 class=\"edgtf-st-title\">Rozw\u00f3j i ewolucja artystyczna<\/h4>\n<p>[\/vc_column_text][vc_column_text]<\/p>\n<p class=\"p1\">Po latach sp\u0119dzonych w Niemczech to po\u0142udnie Francji sta\u0142o si\u0119 jego domem, jak r\u00f3wnie\u017c przyczyn\u0105 dalszego rozwoju i ewolucji artystycznej. Szczeg\u00f3lne \u015bwiat\u0142o, barwy, przepi\u0119kna natura oraz architektura basenu Morza \u015ar\u00f3dziemnego staj\u0105 si\u0119 codzienn\u0105 inspiracj\u0105 do tworzenia jego obraz\u00f3w. W swoim tyglu miesza je po swojemu czyni\u0105c z nich w\u0142asn\u0105, niepowtarzaln\u0105 mikstur\u0119. Maluj\u0105c, rysuj\u0105c i fotografuj\u0105c wype\u0142nia kolejne bia\u0142e karty b\u0142\u0119kitem, zieleni\u0105 i s\u0142onecznym \u015bwiat\u0142em tworz\u0105c prace wibruj\u0105ce barwami i energi\u0105 Lazurowego Wybrze\u017ca, Prowansji i Przedg\u00f3rza Alp.<\/p>\n<p class=\"p1\">Robert Tys, s\u0142oneczny artysta z po\u0142udnia, kontynuuje swoj\u0105 \u017cyciow\u0105 podr\u00f3\u017c maluj\u0105c i fotografuj\u0105c pi\u0119kno, kt\u00f3re go otacza.<\/p>\n<p>[\/vc_column_text][vc_empty_space height=&#8221;29px&#8221;]\t\t<\/div>\n\t<\/div>\n<\/div><\/div>[\/vc_column][vc_column offset=&#8221;vc_col-lg-6 vc_col-md-12&#8243;][vc_single_image image=&#8221;4068&#8243; img_size=&#8221;full&#8221;][\/vc_column][\/vc_row][vc_row css=&#8221;.vc_custom_1710162842788{padding-top: 80px !important;padding-bottom: 0px !important;}&#8221;][vc_column offset=&#8221;vc_col-lg-6 vc_col-md-12&#8243;]<div class=\"edgtf-elements-holder   edgtf-one-column  edgtf-responsive-mode-768 \" ><div class=\"edgtf-eh-item    \"  data-item-class=\"edgtf-eh-custom-7303\" data-769-1024=\"0 0 0 0\" data-681-768=\"0 0 0 0\" data-680=\"0 0 0 0\">\n\t<div class=\"edgtf-eh-item-inner\">\n\t\t<div class=\"edgtf-eh-item-content edgtf-eh-custom-7303\" style=\"padding: 0 0 0 0\">\n\t\t\t[vc_single_image image=&#8221;4075&#8243; img_size=&#8221;full&#8221;]\t\t<\/div>\n\t<\/div>\n<\/div><\/div>[\/vc_column][vc_column offset=&#8221;vc_col-lg-6 vc_col-md-12&#8243;]<div class=\"edgtf-elements-holder   edgtf-one-column  edgtf-responsive-mode-768 \" ><div class=\"edgtf-eh-item    \"  data-item-class=\"edgtf-eh-custom-9391\" data-1367-1600=\"102px 0px 0 12.5%\" data-1025-1366=\"70px 0px 0 12.5%\" data-769-1024=\"50px 0 0 0\" data-681-768=\"50px 0 0 0\" data-680=\"30px 0 0\">\n\t<div class=\"edgtf-eh-item-inner\">\n\t\t<div class=\"edgtf-eh-item-content edgtf-eh-custom-9391\" style=\"padding: 102px 0px 0 12.5%\">\n\t\t\t[vc_column_text]<\/p>\n<h4 class=\"edgtf-st-title\">Certyfikat autentyczno\u015bci<\/h4>\n<p>[\/vc_column_text][vc_column_text]<\/p>\n<p class=\"p1\">Certyfikat autentyczno\u015bci zosta\u0142 zaprojektowany, aby chroni\u0107 bezpiecze\u0144stwo i autentyczno\u015b\u0107 dzie\u0142 sztuki z limitowanych edycji i reprodukcji na papierze, oraz aby zmniejszy\u0107 ryzyko fa\u0142szerstwa. Ka\u017cdy certyfikat wykonany jest z wysokiej jako\u015bci papieru formowanego, ze znakiem wodnym i fluorescencyjnymi w\u0142\u00f3knami zabezpieczaj\u0105cymi. Certyfikat autentyczno\u015bci odnosi si\u0119 do konkretnego dzie\u0142a sztuki wykonanego w limitowanej serii 100 odbitek podpisanych przez artyst\u0119. Do wszystkich oferowanych w sklepie obraz\u00f3w za\u0142\u0105czane s\u0105 certyfikaty autentyczno\u015bci z hologramem.<\/p>\n<p>[\/vc_column_text][vc_empty_space height=&#8221;29px&#8221;]\t\t<\/div>\n\t<\/div>\n<\/div><\/div>[\/vc_column][\/vc_row][vc_row disable_element=&#8221;yes&#8221; row_content_width=&#8221;grid&#8221;][vc_column]<div class=\"edgtf-elements-holder   edgtf-one-column  edgtf-responsive-mode-768 \" ><div class=\"edgtf-eh-item    \"  data-item-class=\"edgtf-eh-custom-2076\" data-1367-1600=\"130px 0px 0px 0px\" data-1025-1366=\"130px 0px 0px 0px\" data-769-1024=\"130px 0px 75px 0px\" data-681-768=\"130px 0px 65px 0px\" data-680=\"130px 0px 80px 0px\">\n\t<div class=\"edgtf-eh-item-inner\">\n\t\t<div class=\"edgtf-eh-item-content edgtf-eh-custom-2076\" style=\"padding: 130px 0px 9px 0px\">\n\t\t\t<div class=\"edgtf-clients-grid-holder edgtf-grid-list edgtf-disable-bottom-space edgtf-six-columns edgtf-normal-space  edgtf-cc-hover-switch-images\">\n\t<div class=\"edgtf-cg-inner edgtf-outer-space\">\n\t\t<div class=\"edgtf-cc-item edgtf-item-space edgtf-cci-has-link\">\n\t\t\t<a itemprop=\"url\" class=\"edgtf-cc-link edgtf-block-drag-link\" href=\"#\" target=\"_self\">\n\t\t\t\t\t\t<img decoding=\"async\" itemprop=\"image\" class=\"edgtf-cc-image\" src=\"https:\/\/roberttys.com\/wp-content\/uploads\/2019\/03\/main-home-client-a1-1.png\" alt=\"g\" \/>\n\t\t\t\t\t\t\t<img decoding=\"async\" itemprop=\"image\" class=\"edgtf-cc-hover-image\" src=\"https:\/\/roberttys.com\/wp-content\/uploads\/2019\/03\/main-home-client-a1-hover-1.png\" alt=\"g\" \/>\n\t\t\t\t\t<\/a>\n\t<\/div><div class=\"edgtf-cc-item edgtf-item-space edgtf-cci-has-link\">\n\t\t\t<a itemprop=\"url\" class=\"edgtf-cc-link edgtf-block-drag-link\" href=\"#\" target=\"_self\">\n\t\t\t\t\t\t<img decoding=\"async\" itemprop=\"image\" class=\"edgtf-cc-image\" src=\"https:\/\/roberttys.com\/wp-content\/uploads\/2019\/03\/main-home-client-2-1.png\" alt=\"c\" \/>\n\t\t\t\t\t\t\t<img decoding=\"async\" itemprop=\"image\" class=\"edgtf-cc-hover-image\" src=\"https:\/\/roberttys.com\/wp-content\/uploads\/2019\/03\/main-home-client-2-hover-1.png\" alt=\"f\" \/>\n\t\t\t\t\t<\/a>\n\t<\/div><div class=\"edgtf-cc-item edgtf-item-space edgtf-cci-has-link\">\n\t\t\t<a itemprop=\"url\" class=\"edgtf-cc-link edgtf-block-drag-link\" href=\"#\" target=\"_self\">\n\t\t\t\t\t\t<img decoding=\"async\" itemprop=\"image\" class=\"edgtf-cc-image\" src=\"https:\/\/roberttys.com\/wp-content\/uploads\/2019\/03\/main-home-client-3-1.png\" alt=\"c\" \/>\n\t\t\t\t\t\t\t<img decoding=\"async\" itemprop=\"image\" class=\"edgtf-cc-hover-image\" src=\"https:\/\/roberttys.com\/wp-content\/uploads\/2019\/03\/main-home-client-3-hover-1.png\" alt=\"h\" \/>\n\t\t\t\t\t<\/a>\n\t<\/div><div class=\"edgtf-cc-item edgtf-item-space edgtf-cci-has-link\">\n\t\t\t<a itemprop=\"url\" class=\"edgtf-cc-link edgtf-block-drag-link\" href=\"#\" target=\"_self\">\n\t\t\t\t\t\t<img decoding=\"async\" itemprop=\"image\" class=\"edgtf-cc-image\" src=\"https:\/\/roberttys.com\/wp-content\/uploads\/2019\/03\/main-home-client-4-1.png\" alt=\"c\" \/>\n\t\t\t\t\t\t\t<img decoding=\"async\" itemprop=\"image\" class=\"edgtf-cc-hover-image\" src=\"https:\/\/roberttys.com\/wp-content\/uploads\/2019\/03\/main-home-client-4-hover-1.png\" alt=\"h\" \/>\n\t\t\t\t\t<\/a>\n\t<\/div><div class=\"edgtf-cc-item edgtf-item-space edgtf-cci-has-link\">\n\t\t\t<a itemprop=\"url\" class=\"edgtf-cc-link edgtf-block-drag-link\" href=\"#\" target=\"_self\">\n\t\t\t\t\t\t<img decoding=\"async\" itemprop=\"image\" class=\"edgtf-cc-image\" src=\"https:\/\/roberttys.com\/wp-content\/uploads\/2019\/03\/main-home-client-5-1.png\" alt=\"c\" \/>\n\t\t\t\t\t\t\t<img decoding=\"async\" itemprop=\"image\" class=\"edgtf-cc-hover-image\" src=\"https:\/\/roberttys.com\/wp-content\/uploads\/2019\/03\/main-home-client-5-hover-1.png\" alt=\"h\" \/>\n\t\t\t\t\t<\/a>\n\t<\/div><div class=\"edgtf-cc-item edgtf-item-space edgtf-cci-has-link\">\n\t\t\t<a itemprop=\"url\" class=\"edgtf-cc-link edgtf-block-drag-link\" href=\"#\" target=\"_self\">\n\t\t\t\t\t\t<img decoding=\"async\" itemprop=\"image\" class=\"edgtf-cc-image\" src=\"https:\/\/roberttys.com\/wp-content\/uploads\/2019\/03\/main-home-client-6-1.png\" alt=\"c\" \/>\n\t\t\t\t\t\t\t<img decoding=\"async\" itemprop=\"image\" class=\"edgtf-cc-hover-image\" src=\"https:\/\/roberttys.com\/wp-content\/uploads\/2019\/03\/main-home-client-6-hover-1.png\" alt=\"h\" \/>\n\t\t\t\t\t<\/a>\n\t<\/div>\t<\/div>\n<\/div>\t\t<\/div>\n\t<\/div>\n<\/div><\/div>[\/vc_column][\/vc_row]<\/p>\n<\/section>","protected":false},"excerpt":{"rendered":"<p>[vc_row css=&#8221;.vc_custom_1710162573959{padding-top: 30px !important;padding-bottom: 0px !important;}&#8221;][vc_column offset=&#8221;vc_col-lg-6 vc_col-md-12&#8243;][\/vc_column][vc_column offset=&#8221;vc_col-lg-6 vc_col-md-12&#8243;][\/vc_column][\/vc_row][vc_row css=&#8221;.vc_custom_1710162849488{padding-top: 80px !important;padding-bottom: 0px !important;}&#8221;][vc_column offset=&#8221;vc_col-lg-6 vc_col-md-12&#8243; el_class=&#8221;edgtf-cc-underline&#8221;][\/vc_column][vc_column offset=&#8221;vc_col-lg-6 vc_col-md-12&#8243;][vc_single_image image=&#8221;4068&#8243; img_size=&#8221;full&#8221;][\/vc_column][\/vc_row][vc_row css=&#8221;.vc_custom_1710162842788{padding-top: 80px !important;padding-bottom: 0px !important;}&#8221;][vc_column offset=&#8221;vc_col-lg-6 vc_col-md-12&#8243;][\/vc_column][vc_column offset=&#8221;vc_col-lg-6 vc_col-md-12&#8243;][\/vc_column][\/vc_row][vc_row disable_element=&#8221;yes&#8221; row_content_width=&#8221;grid&#8221;][vc_column][\/vc_column][\/vc_row]<\/p>\n","protected":false},"author":1,"featured_media":0,"parent":0,"menu_order":0,"comment_status":"closed","ping_status":"closed","template":"","meta":{"footnotes":""},"class_list":["post-1159","page","type-page","status-publish","hentry"],"yoast_head":"<!-- This site is optimized with the Yoast SEO plugin v27.2 - https:\/\/yoast.com\/product\/yoast-seo-wordpress\/ -->\n<title>Artysta - Robert Tys | Mediterranean paintings<\/title>\n<meta name=\"robots\" content=\"index, follow, max-snippet:-1, max-image-preview:large, max-video-preview:-1\" \/>\n<link rel=\"canonical\" href=\"https:\/\/roberttys.com\/pl\/artysta\" \/>\n<meta property=\"og:locale\" content=\"pl_PL\" \/>\n<meta property=\"og:type\" content=\"article\" \/>\n<meta property=\"og:title\" content=\"Artysta - Robert Tys | Mediterranean paintings\" \/>\n<meta property=\"og:description\" content=\"[vc_row css=&#8221;.vc_custom_1710162573959{padding-top: 30px !important;padding-bottom: 0px !important;}&#8221;][vc_column offset=&#8221;vc_col-lg-6 vc_col-md-12&#8243;][\/vc_column][vc_column offset=&#8221;vc_col-lg-6 vc_col-md-12&#8243;][\/vc_column][\/vc_row][vc_row css=&#8221;.vc_custom_1710162849488{padding-top: 80px !important;padding-bottom: 0px !important;}&#8221;][vc_column offset=&#8221;vc_col-lg-6 vc_col-md-12&#8243; el_class=&#8221;edgtf-cc-underline&#8221;][\/vc_column][vc_column offset=&#8221;vc_col-lg-6 vc_col-md-12&#8243;][vc_single_image image=&#8221;4068&#8243; img_size=&#8221;full&#8221;][\/vc_column][\/vc_row][vc_row css=&#8221;.vc_custom_1710162842788{padding-top: 80px !important;padding-bottom: 0px !important;}&#8221;][vc_column offset=&#8221;vc_col-lg-6 vc_col-md-12&#8243;][\/vc_column][vc_column offset=&#8221;vc_col-lg-6 vc_col-md-12&#8243;][\/vc_column][\/vc_row][vc_row disable_element=&#8221;yes&#8221; row_content_width=&#8221;grid&#8221;][vc_column][\/vc_column][\/vc_row]\" \/>\n<meta property=\"og:url\" content=\"https:\/\/roberttys.com\/pl\/artysta\" \/>\n<meta property=\"og:site_name\" content=\"Robert Tys | Mediterranean paintings\" \/>\n<meta property=\"article:modified_time\" content=\"2024-06-28T08:00:07+00:00\" \/>\n<meta property=\"og:image\" content=\"https:\/\/roberttys.com\/wp-content\/uploads\/2024\/03\/roberttys-slider-photo.jpg\" \/>\n\t<meta property=\"og:image:width\" content=\"1024\" \/>\n\t<meta property=\"og:image:height\" content=\"561\" \/>\n\t<meta property=\"og:image:type\" content=\"image\/jpeg\" \/>\n<meta name=\"twitter:card\" content=\"summary_large_image\" \/>\n<meta name=\"twitter:label1\" content=\"Szacowany czas czytania\" \/>\n\t<meta name=\"twitter:data1\" content=\"5 minut\" \/>\n<script type=\"application\/ld+json\" class=\"yoast-schema-graph\">{\"@context\":\"https:\/\/schema.org\",\"@graph\":[{\"@type\":\"WebPage\",\"@id\":\"https:\/\/roberttys.com\/pl\/artysta\",\"url\":\"https:\/\/roberttys.com\/pl\/artysta\",\"name\":\"Artysta - Robert Tys | Mediterranean paintings\",\"isPartOf\":{\"@id\":\"https:\/\/roberttys.com\/pl#website\"},\"datePublished\":\"2019-03-13T13:42:39+00:00\",\"dateModified\":\"2024-06-28T08:00:07+00:00\",\"breadcrumb\":{\"@id\":\"https:\/\/roberttys.com\/pl\/artysta#breadcrumb\"},\"inLanguage\":\"pl-PL\",\"potentialAction\":[{\"@type\":\"ReadAction\",\"target\":[\"https:\/\/roberttys.com\/pl\/artysta\"]}]},{\"@type\":\"BreadcrumbList\",\"@id\":\"https:\/\/roberttys.com\/pl\/artysta#breadcrumb\",\"itemListElement\":[{\"@type\":\"ListItem\",\"position\":1,\"name\":\"Strona g\u0142\u00f3wna\",\"item\":\"https:\/\/roberttys.com\/pl\"},{\"@type\":\"ListItem\",\"position\":2,\"name\":\"Artysta\"}]},{\"@type\":\"WebSite\",\"@id\":\"https:\/\/roberttys.com\/pl#website\",\"url\":\"https:\/\/roberttys.com\/pl\",\"name\":\"Robert Tys | Mediterranean paintings\",\"description\":\"Mediterranean paintings\",\"publisher\":{\"@id\":\"https:\/\/roberttys.com\/pl#\/schema\/person\/511a7552115aa32e2ac0e89286329c73\"},\"alternateName\":\"Robert Tys\",\"potentialAction\":[{\"@type\":\"SearchAction\",\"target\":{\"@type\":\"EntryPoint\",\"urlTemplate\":\"https:\/\/roberttys.com\/pl?s={search_term_string}\"},\"query-input\":{\"@type\":\"PropertyValueSpecification\",\"valueRequired\":true,\"valueName\":\"search_term_string\"}}],\"inLanguage\":\"pl-PL\"},{\"@type\":[\"Person\",\"Organization\"],\"@id\":\"https:\/\/roberttys.com\/pl#\/schema\/person\/511a7552115aa32e2ac0e89286329c73\",\"name\":\"Robert Tys\",\"image\":{\"@type\":\"ImageObject\",\"inLanguage\":\"pl-PL\",\"@id\":\"https:\/\/roberttys.com\/wp-content\/uploads\/2024\/03\/logo-robert-tys-1.jpg\",\"url\":\"https:\/\/roberttys.com\/wp-content\/uploads\/2024\/03\/logo-robert-tys-1.jpg\",\"contentUrl\":\"https:\/\/roberttys.com\/wp-content\/uploads\/2024\/03\/logo-robert-tys-1.jpg\",\"width\":610,\"height\":726,\"caption\":\"Robert Tys\"},\"logo\":{\"@id\":\"https:\/\/roberttys.com\/wp-content\/uploads\/2024\/03\/logo-robert-tys-1.jpg\"}}]}<\/script>\n<!-- \/ Yoast SEO plugin. -->","yoast_head_json":{"title":"Artysta - Robert Tys | Mediterranean paintings","robots":{"index":"index","follow":"follow","max-snippet":"max-snippet:-1","max-image-preview":"max-image-preview:large","max-video-preview":"max-video-preview:-1"},"canonical":"https:\/\/roberttys.com\/pl\/artysta","og_locale":"pl_PL","og_type":"article","og_title":"Artysta - Robert Tys | Mediterranean paintings","og_description":"[vc_row css=&#8221;.vc_custom_1710162573959{padding-top: 30px !important;padding-bottom: 0px !important;}&#8221;][vc_column offset=&#8221;vc_col-lg-6 vc_col-md-12&#8243;][\/vc_column][vc_column offset=&#8221;vc_col-lg-6 vc_col-md-12&#8243;][\/vc_column][\/vc_row][vc_row css=&#8221;.vc_custom_1710162849488{padding-top: 80px !important;padding-bottom: 0px !important;}&#8221;][vc_column offset=&#8221;vc_col-lg-6 vc_col-md-12&#8243; el_class=&#8221;edgtf-cc-underline&#8221;][\/vc_column][vc_column offset=&#8221;vc_col-lg-6 vc_col-md-12&#8243;][vc_single_image image=&#8221;4068&#8243; img_size=&#8221;full&#8221;][\/vc_column][\/vc_row][vc_row css=&#8221;.vc_custom_1710162842788{padding-top: 80px !important;padding-bottom: 0px !important;}&#8221;][vc_column offset=&#8221;vc_col-lg-6 vc_col-md-12&#8243;][\/vc_column][vc_column offset=&#8221;vc_col-lg-6 vc_col-md-12&#8243;][\/vc_column][\/vc_row][vc_row disable_element=&#8221;yes&#8221; row_content_width=&#8221;grid&#8221;][vc_column][\/vc_column][\/vc_row]","og_url":"https:\/\/roberttys.com\/pl\/artysta","og_site_name":"Robert Tys | Mediterranean paintings","article_modified_time":"2024-06-28T08:00:07+00:00","og_image":[{"width":1024,"height":561,"url":"https:\/\/roberttys.com\/wp-content\/uploads\/2024\/03\/roberttys-slider-photo.jpg","type":"image\/jpeg"}],"twitter_card":"summary_large_image","twitter_misc":{"Szacowany czas czytania":"5 minut"},"schema":{"@context":"https:\/\/schema.org","@graph":[{"@type":"WebPage","@id":"https:\/\/roberttys.com\/pl\/artysta","url":"https:\/\/roberttys.com\/pl\/artysta","name":"Artysta - Robert Tys | Mediterranean paintings","isPartOf":{"@id":"https:\/\/roberttys.com\/pl#website"},"datePublished":"2019-03-13T13:42:39+00:00","dateModified":"2024-06-28T08:00:07+00:00","breadcrumb":{"@id":"https:\/\/roberttys.com\/pl\/artysta#breadcrumb"},"inLanguage":"pl-PL","potentialAction":[{"@type":"ReadAction","target":["https:\/\/roberttys.com\/pl\/artysta"]}]},{"@type":"BreadcrumbList","@id":"https:\/\/roberttys.com\/pl\/artysta#breadcrumb","itemListElement":[{"@type":"ListItem","position":1,"name":"Strona g\u0142\u00f3wna","item":"https:\/\/roberttys.com\/pl"},{"@type":"ListItem","position":2,"name":"Artysta"}]},{"@type":"WebSite","@id":"https:\/\/roberttys.com\/pl#website","url":"https:\/\/roberttys.com\/pl","name":"Robert Tys | Mediterranean paintings","description":"Mediterranean paintings","publisher":{"@id":"https:\/\/roberttys.com\/pl#\/schema\/person\/511a7552115aa32e2ac0e89286329c73"},"alternateName":"Robert Tys","potentialAction":[{"@type":"SearchAction","target":{"@type":"EntryPoint","urlTemplate":"https:\/\/roberttys.com\/pl?s={search_term_string}"},"query-input":{"@type":"PropertyValueSpecification","valueRequired":true,"valueName":"search_term_string"}}],"inLanguage":"pl-PL"},{"@type":["Person","Organization"],"@id":"https:\/\/roberttys.com\/pl#\/schema\/person\/511a7552115aa32e2ac0e89286329c73","name":"Robert Tys","image":{"@type":"ImageObject","inLanguage":"pl-PL","@id":"https:\/\/roberttys.com\/wp-content\/uploads\/2024\/03\/logo-robert-tys-1.jpg","url":"https:\/\/roberttys.com\/wp-content\/uploads\/2024\/03\/logo-robert-tys-1.jpg","contentUrl":"https:\/\/roberttys.com\/wp-content\/uploads\/2024\/03\/logo-robert-tys-1.jpg","width":610,"height":726,"caption":"Robert Tys"},"logo":{"@id":"https:\/\/roberttys.com\/wp-content\/uploads\/2024\/03\/logo-robert-tys-1.jpg"}}]}},"_links":{"self":[{"href":"https:\/\/roberttys.com\/pl\/wp-json\/wp\/v2\/pages\/1159","targetHints":{"allow":["GET"]}}],"collection":[{"href":"https:\/\/roberttys.com\/pl\/wp-json\/wp\/v2\/pages"}],"about":[{"href":"https:\/\/roberttys.com\/pl\/wp-json\/wp\/v2\/types\/page"}],"author":[{"embeddable":true,"href":"https:\/\/roberttys.com\/pl\/wp-json\/wp\/v2\/users\/1"}],"replies":[{"embeddable":true,"href":"https:\/\/roberttys.com\/pl\/wp-json\/wp\/v2\/comments?post=1159"}],"version-history":[{"count":29,"href":"https:\/\/roberttys.com\/pl\/wp-json\/wp\/v2\/pages\/1159\/revisions"}],"predecessor-version":[{"id":8273,"href":"https:\/\/roberttys.com\/pl\/wp-json\/wp\/v2\/pages\/1159\/revisions\/8273"}],"wp:attachment":[{"href":"https:\/\/roberttys.com\/pl\/wp-json\/wp\/v2\/media?parent=1159"}],"curies":[{"name":"wp","href":"https:\/\/api.w.org\/{rel}","templated":true}]}}