{"id":1238,"date":"2019-03-14T08:32:24","date_gmt":"2019-03-14T08:32:24","guid":{"rendered":"https:\/\/handlavet.edge-themes.com\/?page_id=1238"},"modified":"2024-06-27T15:26:21","modified_gmt":"2024-06-27T15:26:21","slug":"kontakt","status":"publish","type":"page","link":"https:\/\/roberttys.com\/pl\/kontakt","title":{"rendered":"Kontakt"},"content":{"rendered":"<section class=\"wpb-content-wrapper\"><p>[vc_row disable_element=&#8221;yes&#8221; row_content_width=&#8221;grid&#8221;][vc_column]<div class=\"edgtf-elements-holder   edgtf-one-column  edgtf-responsive-mode-768 \" ><div class=\"edgtf-eh-item    \"  data-item-class=\"edgtf-eh-custom-3109\" data-769-1024=\"69px 0 0 0\" data-681-768=\"69px 0 0 0\" data-680=\"69px 0 0 0\">\n\t<div class=\"edgtf-eh-item-inner\">\n\t\t<div class=\"edgtf-eh-item-content edgtf-eh-custom-3109\" >\n\t\t\t[vc_single_image image=&#8221;4057&#8243; img_size=&#8221;1920&#215;600&#8243;]\t\t<\/div>\n\t<\/div>\n<\/div><\/div>[\/vc_column][\/vc_row][vc_row row_content_width=&#8221;grid&#8221; css=&#8221;.vc_custom_1710259357959{padding-top: 102px !important;padding-bottom: 40px !important;}&#8221; el_class=&#8221;edgtf-cc-eh&#8221;][vc_column offset=&#8221;vc_col-lg-3 vc_col-md-12&#8243;][vc_column_text]<\/p>\n<h6>Skontaktuj si\u0119 ze mn\u0105<\/h6>\n<p>[\/vc_column_text][vc_empty_space height=&#8221;6px&#8221;][vc_column_text]Francja<br \/>\n<a class=\"footer-top-size\" href=\"tel:+33 614 046 587\">+33 614 046 587<\/a><br \/>\n<em><a href=\"mailto:kontakt@roberttys.com\">kontakt@roberttys.com<\/a><\/em>[\/vc_column_text][vc_empty_space height=&#8221;14px&#8221;]<div class=\"edgtf-elements-holder   edgtf-three-columns  edgtf-responsive-mode-768 \" ><div class=\"edgtf-eh-item    \"  data-item-class=\"edgtf-eh-custom-1433\" data-680=\"0 0 0 0\">\n\t<div class=\"edgtf-eh-item-inner\">\n\t\t<div class=\"edgtf-eh-item-content edgtf-eh-custom-1433\" >\n\t\t\t[vc_column_text]<a href=\"https:\/\/www.facebook.com\/profile.php?id=61559353901802\" target=\"_blank\" rel=\"noopener noreferrer\">Facebook<\/a><\/p>\n<p><a href=\"https:\/\/www.instagram.com\/roberttys1\/\" target=\"_blank\" rel=\"noopener noreferrer\">Instagram<\/a><\/p>\n<p><a href=\"https:\/\/www.pinterest.fr\/tysrobert\/\">Pinterest<\/a>[\/vc_column_text]\t\t<\/div>\n\t<\/div>\n<\/div><\/div>[vc_empty_space height=&#8221;50px&#8221;][\/vc_column][vc_column offset=&#8221;vc_col-lg-6 vc_col-md-12&#8243;]\n<div class=\"wpcf7 no-js\" id=\"wpcf7-f1378-o1\" lang=\"pl-PL\" dir=\"ltr\" data-wpcf7-id=\"1378\">\n<div class=\"screen-reader-response\"><p role=\"status\" aria-live=\"polite\" aria-atomic=\"true\"><\/p> <ul><\/ul><\/div>\n<form action=\"\/pl\/wp-json\/wp\/v2\/pages\/1238#wpcf7-f1378-o1\" method=\"post\" class=\"wpcf7-form init cf7_custom_style_2\" aria-label=\"Formularz kontaktowy\" novalidate=\"novalidate\" data-status=\"init\">\n<fieldset class=\"hidden-fields-container\"><input type=\"hidden\" name=\"_wpcf7\" value=\"1378\" \/><input type=\"hidden\" name=\"_wpcf7_version\" value=\"6.1.5\" \/><input type=\"hidden\" name=\"_wpcf7_locale\" value=\"pl_PL\" \/><input type=\"hidden\" name=\"_wpcf7_unit_tag\" value=\"wpcf7-f1378-o1\" \/><input type=\"hidden\" name=\"_wpcf7_container_post\" value=\"0\" \/><input type=\"hidden\" name=\"_wpcf7_posted_data_hash\" value=\"\" \/><input type=\"hidden\" name=\"_wpcf7_recaptcha_response\" value=\"\" \/>\n<\/fieldset>\n<div class=\"edgtf-cf-custom-style\">\n\t<div class=\"edgtf-grid-tiny-gutter\">\n\t\t<div class=\"edgtf-grid-col-6\">\n\t\t\t<p><span class=\"wpcf7-form-control-wrap\" data-name=\"your-name\"><input size=\"40\" maxlength=\"400\" class=\"wpcf7-form-control wpcf7-text wpcf7-validates-as-required\" aria-required=\"true\" aria-invalid=\"false\" placeholder=\"Imi\u0119 i nazwisko\" value=\"\" type=\"text\" name=\"your-name\" \/><\/span>\n\t\t\t<\/p>\n\t\t<\/div>\n\t\t<div class=\"edgtf-grid-col-6\">\n\t\t\t<p><span class=\"wpcf7-form-control-wrap\" data-name=\"your-email\"><input size=\"40\" maxlength=\"400\" class=\"wpcf7-form-control wpcf7-email wpcf7-validates-as-required wpcf7-text wpcf7-validates-as-email\" aria-required=\"true\" aria-invalid=\"false\" placeholder=\"E-mail\" value=\"\" type=\"email\" name=\"your-email\" \/><\/span>\n\t\t\t<\/p>\n\t\t<\/div>\n\t<\/div>\n\t<p><span class=\"wpcf7-form-control-wrap\" data-name=\"your-message\"><textarea cols=\"40\" rows=\"4\" maxlength=\"2000\" class=\"wpcf7-form-control wpcf7-textarea\" aria-invalid=\"false\" placeholder=\"Wiadomo\u015b\u0107\" name=\"your-message\"><\/textarea><\/span><br \/>\n<span class=\"wpcf7-form-control-wrap\" data-name=\"gdpr\"><span class=\"wpcf7-form-control wpcf7-acceptance\"><span class=\"wpcf7-list-item\"><label><input type=\"checkbox\" name=\"gdpr\" value=\"1\" aria-invalid=\"false\" \/><span class=\"wpcf7-list-item-label\">Akceptuj\u0119 Polityk\u0119 prywatno\u015bci w celu obs\u0142ugi tego zapytania przez formularz.<\/span><\/label><\/span><\/span><\/span>\n\t<\/p>\n\t<div class=\"edgtf-cf-custom-style-btn\">\n\t\t<p><button class=\"wpcf7-form-control wpcf7-submit edgtf-btn edgtf-btn-medium edgtf-btn-solid\" type=\"submit\"><span class=\"edgtf-btn-text\">Wy\u015blij<\/span><\/button>\n\t\t<\/p>\n\t<\/div>\n<\/div><div class=\"wpcf7-response-output\" aria-hidden=\"true\"><\/div>\n<\/form>\n<\/div>\n[vc_empty_space height=&#8221;50px&#8221;][\/vc_column][\/vc_row][vc_row disable_element=&#8221;yes&#8221; row_content_width=&#8221;grid&#8221; css=&#8221;.vc_custom_1709797524075{padding-top: 130px !important;padding-bottom: 74px !important;}&#8221;][vc_column width=&#8221;1\/2&#8243; offset=&#8221;vc_col-lg-3 vc_col-md-6&#8243;][vc_single_image image=&#8221;1309&#8243; img_size=&#8221;full&#8221;][vc_empty_space height=&#8221;4px&#8221;][vc_column_text]<\/p>\n<h6>we are here for you<\/h6>\n<p>[\/vc_column_text][vc_empty_space height=&#8221;6px&#8221;][vc_column_text]<a href=\"https:\/\/www.google.com\/maps\/place\/1854+Warner+Ave,+Memphis,+TN+38127,+USA\/@35.211567,-90.0041741,17z\/data=!3m1!4b1!4m5!3m4!1s0x87d57ffe50db0b2b:0x9eea3756422aad6d!8m2!3d35.2115626!4d-90.0019854\" target=\"_blank\" rel=\"noopener noreferrer\">1854 Warner Street<br \/>\nCasper, Wayoming 82601<\/a><br \/>\n<a href=\"tel:3072092814\">307-209-2814<\/a><br \/>\n<em><a href=\"mailto:handlavet@email.com\">handlavet@edge.com<\/a><\/em>[\/vc_column_text][vc_empty_space height=&#8221;50px&#8221;][\/vc_column][vc_column width=&#8221;1\/2&#8243; offset=&#8221;vc_col-lg-3 vc_col-md-6&#8243;][vc_single_image image=&#8221;1310&#8243; img_size=&#8221;full&#8221;][vc_empty_space height=&#8221;4px&#8221;][vc_column_text]<\/p>\n<h6>we are here for you<\/h6>\n<p>[\/vc_column_text][vc_empty_space height=&#8221;6px&#8221;][vc_column_text]<a href=\"https:\/\/www.google.com\/maps\/place\/1854+Warner+Ave,+Memphis,+TN+38127,+USA\/@35.211567,-90.0041741,17z\/data=!3m1!4b1!4m5!3m4!1s0x87d57ffe50db0b2b:0x9eea3756422aad6d!8m2!3d35.2115626!4d-90.0019854\" target=\"_blank\" rel=\"noopener noreferrer\">1854 Warner Street<br \/>\nCasper, Wayoming 82601<\/a><br \/>\n<a href=\"tel:3072092814\">307-209-2814<\/a><br \/>\n<em><a href=\"mailto:handlavet@email.com\">handlavet@edge.com<\/a><\/em>[\/vc_column_text][vc_empty_space height=&#8221;50px&#8221;][\/vc_column][vc_column width=&#8221;1\/2&#8243; offset=&#8221;vc_col-lg-3 vc_col-md-6&#8243;][vc_single_image image=&#8221;1312&#8243; img_size=&#8221;full&#8221;][vc_empty_space height=&#8221;4px&#8221;][vc_column_text]<\/p>\n<h6>we are here for you<\/h6>\n<p>[\/vc_column_text][vc_empty_space height=&#8221;6px&#8221;][vc_column_text]<a href=\"https:\/\/www.google.com\/maps\/place\/1854+Warner+Ave,+Memphis,+TN+38127,+USA\/@35.211567,-90.0041741,17z\/data=!3m1!4b1!4m5!3m4!1s0x87d57ffe50db0b2b:0x9eea3756422aad6d!8m2!3d35.2115626!4d-90.0019854\" target=\"_blank\" rel=\"noopener noreferrer\">1854 Warner Street<br \/>\nCasper, Wayoming 82601<\/a><br \/>\n<a href=\"tel:3072092814\">307-209-2814<\/a><br \/>\n<em><a href=\"mailto:handlavet@email.com\">handlavet@edge.com<\/a><\/em>[\/vc_column_text][vc_empty_space height=&#8221;50px&#8221;][\/vc_column][vc_column width=&#8221;1\/2&#8243; offset=&#8221;vc_col-lg-3 vc_col-md-6&#8243;][vc_single_image image=&#8221;1314&#8243; img_size=&#8221;full&#8221;][vc_empty_space height=&#8221;4px&#8221;][vc_column_text]<\/p>\n<h6>we are here for you<\/h6>\n<p>[\/vc_column_text][vc_empty_space height=&#8221;6px&#8221;][vc_column_text]<a href=\"https:\/\/www.google.com\/maps\/place\/1854+Warner+Ave,+Memphis,+TN+38127,+USA\/@35.211567,-90.0041741,17z\/data=!3m1!4b1!4m5!3m4!1s0x87d57ffe50db0b2b:0x9eea3756422aad6d!8m2!3d35.2115626!4d-90.0019854\" target=\"_blank\" rel=\"noopener noreferrer\">1854 Warner Street<br \/>\nCasper, Wayoming 82601<\/a><br \/>\n<a href=\"tel:3072092814\">307-209-2814<\/a><br \/>\n<em><a href=\"mailto:handlavet@email.com\">handlavet@edge.com<\/a><\/em>[\/vc_column_text][vc_empty_space height=&#8221;50px&#8221;][\/vc_column][\/vc_row]<\/p>\n<\/section>","protected":false},"excerpt":{"rendered":"<p>[vc_row disable_element=&#8221;yes&#8221; row_content_width=&#8221;grid&#8221;][vc_column][\/vc_column][\/vc_row][vc_row row_content_width=&#8221;grid&#8221; css=&#8221;.vc_custom_1710259357959{padding-top: 102px !important;padding-bottom: 40px !important;}&#8221; el_class=&#8221;edgtf-cc-eh&#8221;][vc_column offset=&#8221;vc_col-lg-3 vc_col-md-12&#8243;][vc_column_text] Skontaktuj si\u0119 ze mn\u0105 [\/vc_column_text][vc_empty_space height=&#8221;6px&#8221;][vc_column_text]Francja +33 614 046 587 kontakt@roberttys.com[\/vc_column_text][vc_empty_space height=&#8221;14px&#8221;][vc_empty_space height=&#8221;50px&#8221;][\/vc_column][vc_column offset=&#8221;vc_col-lg-6 vc_col-md-12&#8243;][vc_empty_space height=&#8221;50px&#8221;][\/vc_column][\/vc_row][vc_row disable_element=&#8221;yes&#8221; row_content_width=&#8221;grid&#8221; css=&#8221;.vc_custom_1709797524075{padding-top: 130px !important;padding-bottom: 74px !important;}&#8221;][vc_column width=&#8221;1\/2&#8243; offset=&#8221;vc_col-lg-3 vc_col-md-6&#8243;][vc_single_image image=&#8221;1309&#8243; img_size=&#8221;full&#8221;][vc_empty_space height=&#8221;4px&#8221;][vc_column_text] we are here for you [\/vc_column_text][vc_empty_space height=&#8221;6px&#8221;][vc_column_text]1854 Warner Street Casper, Wayoming 82601 307-209-2814 handlavet@edge.com[\/vc_column_text][vc_empty_space height=&#8221;50px&#8221;][\/vc_column][vc_column width=&#8221;1\/2&#8243; offset=&#8221;vc_col-lg-3 vc_col-md-6&#8243;][vc_single_image image=&#8221;1310&#8243; img_size=&#8221;full&#8221;][vc_empty_space height=&#8221;4px&#8221;][vc_column_text] we are here for you [\/vc_column_text][vc_empty_space height=&#8221;6px&#8221;][vc_column_text]1854 Warner [&hellip;]<\/p>\n","protected":false},"author":1,"featured_media":0,"parent":0,"menu_order":0,"comment_status":"closed","ping_status":"closed","template":"full-width.php","meta":{"footnotes":""},"class_list":["post-1238","page","type-page","status-publish","hentry"],"yoast_head":"<!-- This site is optimized with the Yoast SEO plugin v27.5 - https:\/\/yoast.com\/product\/yoast-seo-wordpress\/ -->\n<title>Kontakt - Robert Tys | Mediterranean paintings<\/title>\n<meta name=\"robots\" content=\"index, follow, max-snippet:-1, max-image-preview:large, max-video-preview:-1\" \/>\n<link rel=\"canonical\" href=\"https:\/\/roberttys.com\/pl\/kontakt\" \/>\n<meta property=\"og:locale\" content=\"pl_PL\" \/>\n<meta property=\"og:type\" content=\"article\" \/>\n<meta property=\"og:title\" content=\"Kontakt - Robert Tys | Mediterranean paintings\" \/>\n<meta property=\"og:description\" content=\"[vc_row disable_element=&#8221;yes&#8221; row_content_width=&#8221;grid&#8221;][vc_column][\/vc_column][\/vc_row][vc_row row_content_width=&#8221;grid&#8221; css=&#8221;.vc_custom_1710259357959{padding-top: 102px !important;padding-bottom: 40px !important;}&#8221; el_class=&#8221;edgtf-cc-eh&#8221;][vc_column offset=&#8221;vc_col-lg-3 vc_col-md-12&#8243;][vc_column_text] Skontaktuj si\u0119 ze mn\u0105 [\/vc_column_text][vc_empty_space height=&#8221;6px&#8221;][vc_column_text]Francja +33 614 046 587 kontakt@roberttys.com[\/vc_column_text][vc_empty_space height=&#8221;14px&#8221;][vc_empty_space height=&#8221;50px&#8221;][\/vc_column][vc_column offset=&#8221;vc_col-lg-6 vc_col-md-12&#8243;][vc_empty_space height=&#8221;50px&#8221;][\/vc_column][\/vc_row][vc_row disable_element=&#8221;yes&#8221; row_content_width=&#8221;grid&#8221; css=&#8221;.vc_custom_1709797524075{padding-top: 130px !important;padding-bottom: 74px !important;}&#8221;][vc_column width=&#8221;1\/2&#8243; offset=&#8221;vc_col-lg-3 vc_col-md-6&#8243;][vc_single_image image=&#8221;1309&#8243; img_size=&#8221;full&#8221;][vc_empty_space height=&#8221;4px&#8221;][vc_column_text] we are here for you [\/vc_column_text][vc_empty_space height=&#8221;6px&#8221;][vc_column_text]1854 Warner Street Casper, Wayoming 82601 307-209-2814 handlavet@edge.com[\/vc_column_text][vc_empty_space height=&#8221;50px&#8221;][\/vc_column][vc_column width=&#8221;1\/2&#8243; offset=&#8221;vc_col-lg-3 vc_col-md-6&#8243;][vc_single_image image=&#8221;1310&#8243; img_size=&#8221;full&#8221;][vc_empty_space height=&#8221;4px&#8221;][vc_column_text] we are here for you [\/vc_column_text][vc_empty_space height=&#8221;6px&#8221;][vc_column_text]1854 Warner [&hellip;]\" \/>\n<meta property=\"og:url\" content=\"https:\/\/roberttys.com\/pl\/kontakt\" \/>\n<meta property=\"og:site_name\" content=\"Robert Tys | Mediterranean paintings\" \/>\n<meta property=\"article:modified_time\" content=\"2024-06-27T15:26:21+00:00\" \/>\n<meta property=\"og:image\" content=\"https:\/\/roberttys.com\/wp-content\/uploads\/2024\/03\/roberttys-slider-photo.jpg\" \/>\n\t<meta property=\"og:image:width\" content=\"1024\" \/>\n\t<meta property=\"og:image:height\" content=\"561\" \/>\n\t<meta property=\"og:image:type\" content=\"image\/jpeg\" \/>\n<meta name=\"twitter:card\" content=\"summary_large_image\" \/>\n<meta name=\"twitter:label1\" content=\"Szacowany czas czytania\" \/>\n\t<meta name=\"twitter:data1\" content=\"2 minuty\" \/>\n<script type=\"application\/ld+json\" class=\"yoast-schema-graph\">{\"@context\":\"https:\\\/\\\/schema.org\",\"@graph\":[{\"@type\":\"WebPage\",\"@id\":\"https:\\\/\\\/roberttys.com\\\/pl\\\/kontakt\",\"url\":\"https:\\\/\\\/roberttys.com\\\/pl\\\/kontakt\",\"name\":\"Kontakt - Robert Tys | Mediterranean paintings\",\"isPartOf\":{\"@id\":\"https:\\\/\\\/roberttys.com\\\/pl#website\"},\"datePublished\":\"2019-03-14T08:32:24+00:00\",\"dateModified\":\"2024-06-27T15:26:21+00:00\",\"breadcrumb\":{\"@id\":\"https:\\\/\\\/roberttys.com\\\/pl\\\/kontakt#breadcrumb\"},\"inLanguage\":\"pl-PL\",\"potentialAction\":[{\"@type\":\"ReadAction\",\"target\":[\"https:\\\/\\\/roberttys.com\\\/pl\\\/kontakt\"]}]},{\"@type\":\"BreadcrumbList\",\"@id\":\"https:\\\/\\\/roberttys.com\\\/pl\\\/kontakt#breadcrumb\",\"itemListElement\":[{\"@type\":\"ListItem\",\"position\":1,\"name\":\"Strona g\u0142\u00f3wna\",\"item\":\"https:\\\/\\\/roberttys.com\\\/pl\"},{\"@type\":\"ListItem\",\"position\":2,\"name\":\"Kontakt\"}]},{\"@type\":\"WebSite\",\"@id\":\"https:\\\/\\\/roberttys.com\\\/pl#website\",\"url\":\"https:\\\/\\\/roberttys.com\\\/pl\",\"name\":\"Robert Tys | Mediterranean paintings\",\"description\":\"Mediterranean paintings\",\"publisher\":{\"@id\":\"https:\\\/\\\/roberttys.com\\\/pl#\\\/schema\\\/person\\\/511a7552115aa32e2ac0e89286329c73\"},\"alternateName\":\"Robert Tys\",\"potentialAction\":[{\"@type\":\"SearchAction\",\"target\":{\"@type\":\"EntryPoint\",\"urlTemplate\":\"https:\\\/\\\/roberttys.com\\\/pl?s={search_term_string}\"},\"query-input\":{\"@type\":\"PropertyValueSpecification\",\"valueRequired\":true,\"valueName\":\"search_term_string\"}}],\"inLanguage\":\"pl-PL\"},{\"@type\":[\"Person\",\"Organization\"],\"@id\":\"https:\\\/\\\/roberttys.com\\\/pl#\\\/schema\\\/person\\\/511a7552115aa32e2ac0e89286329c73\",\"name\":\"Robert Tys\",\"image\":{\"@type\":\"ImageObject\",\"inLanguage\":\"pl-PL\",\"@id\":\"https:\\\/\\\/roberttys.com\\\/wp-content\\\/uploads\\\/2024\\\/03\\\/logo-robert-tys-1.jpg\",\"url\":\"https:\\\/\\\/roberttys.com\\\/wp-content\\\/uploads\\\/2024\\\/03\\\/logo-robert-tys-1.jpg\",\"contentUrl\":\"https:\\\/\\\/roberttys.com\\\/wp-content\\\/uploads\\\/2024\\\/03\\\/logo-robert-tys-1.jpg\",\"width\":610,\"height\":726,\"caption\":\"Robert Tys\"},\"logo\":{\"@id\":\"https:\\\/\\\/roberttys.com\\\/wp-content\\\/uploads\\\/2024\\\/03\\\/logo-robert-tys-1.jpg\"}}]}<\/script>\n<!-- \/ Yoast SEO plugin. -->","yoast_head_json":{"title":"Kontakt - Robert Tys | Mediterranean paintings","robots":{"index":"index","follow":"follow","max-snippet":"max-snippet:-1","max-image-preview":"max-image-preview:large","max-video-preview":"max-video-preview:-1"},"canonical":"https:\/\/roberttys.com\/pl\/kontakt","og_locale":"pl_PL","og_type":"article","og_title":"Kontakt - Robert Tys | Mediterranean paintings","og_description":"[vc_row disable_element=&#8221;yes&#8221; row_content_width=&#8221;grid&#8221;][vc_column][\/vc_column][\/vc_row][vc_row row_content_width=&#8221;grid&#8221; css=&#8221;.vc_custom_1710259357959{padding-top: 102px !important;padding-bottom: 40px !important;}&#8221; el_class=&#8221;edgtf-cc-eh&#8221;][vc_column offset=&#8221;vc_col-lg-3 vc_col-md-12&#8243;][vc_column_text] Skontaktuj si\u0119 ze mn\u0105 [\/vc_column_text][vc_empty_space height=&#8221;6px&#8221;][vc_column_text]Francja +33 614 046 587 kontakt@roberttys.com[\/vc_column_text][vc_empty_space height=&#8221;14px&#8221;][vc_empty_space height=&#8221;50px&#8221;][\/vc_column][vc_column offset=&#8221;vc_col-lg-6 vc_col-md-12&#8243;][vc_empty_space height=&#8221;50px&#8221;][\/vc_column][\/vc_row][vc_row disable_element=&#8221;yes&#8221; row_content_width=&#8221;grid&#8221; css=&#8221;.vc_custom_1709797524075{padding-top: 130px !important;padding-bottom: 74px !important;}&#8221;][vc_column width=&#8221;1\/2&#8243; offset=&#8221;vc_col-lg-3 vc_col-md-6&#8243;][vc_single_image image=&#8221;1309&#8243; img_size=&#8221;full&#8221;][vc_empty_space height=&#8221;4px&#8221;][vc_column_text] we are here for you [\/vc_column_text][vc_empty_space height=&#8221;6px&#8221;][vc_column_text]1854 Warner Street Casper, Wayoming 82601 307-209-2814 handlavet@edge.com[\/vc_column_text][vc_empty_space height=&#8221;50px&#8221;][\/vc_column][vc_column width=&#8221;1\/2&#8243; offset=&#8221;vc_col-lg-3 vc_col-md-6&#8243;][vc_single_image image=&#8221;1310&#8243; img_size=&#8221;full&#8221;][vc_empty_space height=&#8221;4px&#8221;][vc_column_text] we are here for you [\/vc_column_text][vc_empty_space height=&#8221;6px&#8221;][vc_column_text]1854 Warner [&hellip;]","og_url":"https:\/\/roberttys.com\/pl\/kontakt","og_site_name":"Robert Tys | Mediterranean paintings","article_modified_time":"2024-06-27T15:26:21+00:00","og_image":[{"width":1024,"height":561,"url":"https:\/\/roberttys.com\/wp-content\/uploads\/2024\/03\/roberttys-slider-photo.jpg","type":"image\/jpeg"}],"twitter_card":"summary_large_image","twitter_misc":{"Szacowany czas czytania":"2 minuty"},"schema":{"@context":"https:\/\/schema.org","@graph":[{"@type":"WebPage","@id":"https:\/\/roberttys.com\/pl\/kontakt","url":"https:\/\/roberttys.com\/pl\/kontakt","name":"Kontakt - Robert Tys | Mediterranean paintings","isPartOf":{"@id":"https:\/\/roberttys.com\/pl#website"},"datePublished":"2019-03-14T08:32:24+00:00","dateModified":"2024-06-27T15:26:21+00:00","breadcrumb":{"@id":"https:\/\/roberttys.com\/pl\/kontakt#breadcrumb"},"inLanguage":"pl-PL","potentialAction":[{"@type":"ReadAction","target":["https:\/\/roberttys.com\/pl\/kontakt"]}]},{"@type":"BreadcrumbList","@id":"https:\/\/roberttys.com\/pl\/kontakt#breadcrumb","itemListElement":[{"@type":"ListItem","position":1,"name":"Strona g\u0142\u00f3wna","item":"https:\/\/roberttys.com\/pl"},{"@type":"ListItem","position":2,"name":"Kontakt"}]},{"@type":"WebSite","@id":"https:\/\/roberttys.com\/pl#website","url":"https:\/\/roberttys.com\/pl","name":"Robert Tys | Mediterranean paintings","description":"Mediterranean paintings","publisher":{"@id":"https:\/\/roberttys.com\/pl#\/schema\/person\/511a7552115aa32e2ac0e89286329c73"},"alternateName":"Robert Tys","potentialAction":[{"@type":"SearchAction","target":{"@type":"EntryPoint","urlTemplate":"https:\/\/roberttys.com\/pl?s={search_term_string}"},"query-input":{"@type":"PropertyValueSpecification","valueRequired":true,"valueName":"search_term_string"}}],"inLanguage":"pl-PL"},{"@type":["Person","Organization"],"@id":"https:\/\/roberttys.com\/pl#\/schema\/person\/511a7552115aa32e2ac0e89286329c73","name":"Robert Tys","image":{"@type":"ImageObject","inLanguage":"pl-PL","@id":"https:\/\/roberttys.com\/wp-content\/uploads\/2024\/03\/logo-robert-tys-1.jpg","url":"https:\/\/roberttys.com\/wp-content\/uploads\/2024\/03\/logo-robert-tys-1.jpg","contentUrl":"https:\/\/roberttys.com\/wp-content\/uploads\/2024\/03\/logo-robert-tys-1.jpg","width":610,"height":726,"caption":"Robert Tys"},"logo":{"@id":"https:\/\/roberttys.com\/wp-content\/uploads\/2024\/03\/logo-robert-tys-1.jpg"}}]}},"_links":{"self":[{"href":"https:\/\/roberttys.com\/pl\/wp-json\/wp\/v2\/pages\/1238","targetHints":{"allow":["GET"]}}],"collection":[{"href":"https:\/\/roberttys.com\/pl\/wp-json\/wp\/v2\/pages"}],"about":[{"href":"https:\/\/roberttys.com\/pl\/wp-json\/wp\/v2\/types\/page"}],"author":[{"embeddable":true,"href":"https:\/\/roberttys.com\/pl\/wp-json\/wp\/v2\/users\/1"}],"replies":[{"embeddable":true,"href":"https:\/\/roberttys.com\/pl\/wp-json\/wp\/v2\/comments?post=1238"}],"version-history":[{"count":27,"href":"https:\/\/roberttys.com\/pl\/wp-json\/wp\/v2\/pages\/1238\/revisions"}],"predecessor-version":[{"id":8221,"href":"https:\/\/roberttys.com\/pl\/wp-json\/wp\/v2\/pages\/1238\/revisions\/8221"}],"wp:attachment":[{"href":"https:\/\/roberttys.com\/pl\/wp-json\/wp\/v2\/media?parent=1238"}],"curies":[{"name":"wp","href":"https:\/\/api.w.org\/{rel}","templated":true}]}}