{"id":3,"date":"2024-03-04T20:01:49","date_gmt":"2024-03-04T20:01:49","guid":{"rendered":"https:\/\/rts.tegn.pl\/?page_id=3"},"modified":"2024-04-22T08:05:22","modified_gmt":"2024-04-22T08:05:22","slug":"privacy-policy","status":"publish","type":"page","link":"https:\/\/roberttys.com\/pl\/privacy-policy","title":{"rendered":"Polityka prywatno\u015bci i Cookies"},"content":{"rendered":"\r\n<h4 class=\"wp-block-heading\">\u00a71<br \/>POSTANOWIENIA OG\u00d3LNE<\/h4>\r\n\r\n\r\n\r\n<ol>\r\n<li>Administratorem danych osobowych zbieranych za po\u015brednictwem Sklepu roberttys.com jest <span class=\"il\">Robert<\/span> Tysarczyk, adres poczty elektronicznej (e-mail): contact@roberttys.com, zwany dalej \u201eAdministratorem\u201d i b\u0119d\u0105cy jednocze\u015bnie Us\u0142ugodawc\u0105.<\/li>\r\n<li>Wszelkie wyrazy lub wyra\u017cenia pisane w tre\u015bci niniejszej Polityki Prywatno\u015bci z du\u017cej litery nale\u017cy rozumie\u0107 zgodnie z ich definicj\u0105 zawart\u0105 w <a href=\"\/regulamin\">Regulaminie Sklepu<\/a> www.roberttys.com<\/li>\r\n<\/ol>\r\n\r\n\r\n\r\n<h4 class=\"wp-block-heading\">\u00a7 2<br \/>CEL I ZAKRES ZBIERANIA DANYCH<\/h4>\r\n<ol>\r\n<li>Dane osobowe b\u0119d\u0105 przetwarzane w celu realizacji zakup\u00f3w w moim sklepie internetowym, marketingu bezpo\u015bredniego dotycz\u0105cego w\u0142asnych produkt\u00f3w i us\u0142ug, realizowanego w formie tradycyjnej (papierowo), stanowi\u0105cym tzw. prawnie uzasadniony interes przedsi\u0119biorcy. Dane w tych celach przetwarzane b\u0119d\u0105 na podstawie art. 6 ust. 1 lit. b), c) i f) Rozporz\u0105dzenia Parlamentu Europejskiego i Rady (UE) 2016\/679 z dnia 27 kwietnia 2016 roku w sprawie ochrony os\u00f3b fizycznych w zwi\u0105zku z przetwarzaniem danych osobowych i w sprawie swobodnego przep\u0142ywu takich danych oraz uchylenia dyrektywy 95\/46\/WE (RODO).<\/li>\r\n<li>Po wyra\u017ceniu odr\u0119bnej zgody, na podstawie art. 6 ust. 1 lit. a) RODO dane mog\u0105 by\u0107 przetwarzane r\u00f3wnie\u017c w celu przesy\u0142ania informacji handlowych drog\u0105 elektroniczn\u0105 lub wykonywania telefonicznych po\u0142\u0105cze\u0144 w celu marketingu bezpo\u015bredniego \u2013 odpowiednio w zwi\u0105zku z art. 10 ust. 2 Ustawy z dnia 18 lipca 2002 roku o \u015bwiadczeniu us\u0142ug drog\u0105 elektroniczn\u0105 lub art. 172 ust. 1 Ustawy z dnia 16 lipca 2004 roku \u2013 Prawo Telekomunikacyjne, w tym kierowanych w wyniku profilowania, o ile u\u017cytkownik wyrazi\u0142 stosown\u0105 zgod\u0119.<\/li>\r\n<li>W przypadku konieczno\u015bci dostarczenia zam\u00f3wienia dane osobowe mog\u0105 by\u0107 udost\u0119pniane operatorom pocztowym lub przewo\u017anikom wy\u0142\u0105cznie w celu dostarczenia zam\u00f3wienia. Dane transakcyjne, w tym dane osobowe, mog\u0105 zosta\u0107 przekazane na rzecz operatora p\u0142atno\u015bci elektronicznych, wybranego przez Klienta w procesie sk\u0142adania Zam\u00f3wienia, w zakresie niezb\u0119dnym do obs\u0142ugi p\u0142atno\u015bci za Zam\u00f3wienie. Dane osobowe przetwarzane w celach zwi\u0105zanych z realizacj\u0105 zakup\u00f3w b\u0119d\u0105 przetwarzane przez okres niezb\u0119dny do realizacji zakup\u00f3w i zam\u00f3wienia, po czym dane podlegaj\u0105ce archiwizacji b\u0119d\u0105 przechowywane przez okres w\u0142a\u015bciwy dla przedawnienia roszcze\u0144, tj. 10 lat. Dane osobowe przetwarzane w celach marketingowych obj\u0119tych o\u015bwiadczeniem zgody b\u0119d\u0105 przetwarzane do czasu odwo\u0142ania zgody.<\/li>\r\n<li>W przypadku stwierdzenia, \u017ce przetwarzanie danych osobowych narusza przepisy RODO, osoba, kt\u00f3rej dane dotycz\u0105, ma prawo wnie\u015b\u0107 skarg\u0119 do Generalnego Inspektora Ochrony Danych Osobowych (od 25 maja 2018 roku \u2013 Prezesa Urz\u0119du Ochrony Danych Osobowych).<\/li>\r\n<li>Podanie danych osobowych jest dobrowolne, jednak podanie oznaczonych danych osobowych jest warunkiem z\u0142o\u017cenia zam\u00f3wienia, natomiast konsekwencj\u0105 ich niepodania b\u0119dzie brak mo\u017cliwo\u015bci zam\u00f3wienia produkt\u00f3w w sklepie.<\/li>\r\n<li>Dane osobowe b\u0119d\u0105 przetwarzane tak\u017ce w spos\u00f3b zautomatyzowany w formie profilowania, o ile u\u017cytkownik wyrazi na to zgod\u0119 na podstawie art. 6 ust. 1 lit. a) RODO. Konsekwencj\u0105 profilowania b\u0119dzie przypisanie danej osobie profilu w celu podejmowania dotycz\u0105cych jej decyzji b\u0105d\u017a analizy lub przewidywania jej preferencji, zachowa\u0144 i postaw.<\/li>\r\n<li>Administrator dok\u0142ada szczeg\u00f3lnej staranno\u015bci w celu ochrony interes\u00f3w os\u00f3b, kt\u00f3rych dane dotycz\u0105, a w szczeg\u00f3lno\u015bci zapewnia, \u017ce zbierane przez niego dane s\u0105:<br \/>a. przetwarzane zgodnie z prawem,<br \/>b. zbierane dla oznaczonych, zgodnych z prawem cel\u00f3w i niepoddawane dalszemu przetwarzaniu niezgodnemu z tymi celami,<br \/>c. merytorycznie poprawne i adekwatne w stosunku do cel\u00f3w, w jakich s\u0105 przetwarzane oraz przechowywane w postaci umo\u017cliwiaj\u0105cej identyfikacj\u0119 os\u00f3b, kt\u00f3rych dotycz\u0105, nie d\u0142u\u017cej ni\u017c jest to niezb\u0119dne do osi\u0105gni\u0119cia celu przetwarzania.<\/li>\r\n<\/ol>\r\n<h4 class=\"wp-block-heading\">\u00a7 3<br \/>PRAWO KONTROLI, DOST\u0118PU DO TRE\u015aCI W\u0141ASNYCH DANYCH ORAZ ICH POPRAWIANIA<\/h4>\r\n<ol>\r\n<li>Osoba, kt\u00f3rej dane dotycz\u0105, ma prawo dost\u0119pu do tre\u015bci swoich danych osobowych oraz prawo ich sprostowania, usuni\u0119cia, ograniczenia przetwarzania, prawo do przenoszenia danych, prawo wniesienia sprzeciwu, prawo do cofni\u0119cia zgody w dowolnym momencie bez wp\u0142ywu na zgodno\u015b\u0107 z prawem przetwarzania, kt\u00f3rego dokonano na podstawie zgody przed jej cofni\u0119ciem.<\/li>\r\n<li>W celu realizacji uprawnie\u0144, o kt\u00f3rych mowa w pkt 1 mo\u017cna wys\u0142a\u0107 stosown\u0105 wiadomo\u015b\u0107 e-mail na adres: <a href=\"mailto:contact@roberttys.com\">contact@roberttys.com<\/a><\/li>\r\n<\/ol>\r\n<h4 class=\"wp-block-heading\">\u00a7 4<br \/>PLIKI \u201eCOOKIES\u201d<\/h4>\r\n<ol>\r\n<li>Sklep Us\u0142ugodawcy\u00a0u\u017cywa plik\u00f3w\u00a0\u201ecookies\u201d. Brak zmiany po stronie Us\u0142ugobiorcy ustawie\u0144 przegl\u0105darki jest r\u00f3wnoznaczny z wyra\u017ceniem zgody na ich u\u017cycie.<\/li>\r\n<li>Instalacja plik\u00f3w \u201ecookies\u201d jest konieczna do prawid\u0142owego \u015bwiadczenia us\u0142ug w Sklepie. W plikach \u201ecookies\u201d znajduj\u0105 si\u0119 informacje niezb\u0119dne do prawid\u0142owego funkcjonowania Sklepu, w szczeg\u00f3lno\u015bci tych wymagaj\u0105cych autoryzacji.<\/li>\r\n<li>W ramach Sklepu stosowane s\u0105 trzy rodzaje plik\u00f3w \u201ecookies\u201d: \u201esesyjne\u201d, \u201esta\u0142e\u201d oraz \u201eanalityczne\u201d.<br \/>3.1 \u201eCookies\u201d \u201esesyjne\u201d s\u0105 plikami tymczasowymi, kt\u00f3re przechowywane s\u0105 w urz\u0105dzeniu ko\u0144cowym Us\u0142ugobiorcy do czasu wylogowania (opuszczenia Sklepu).<br \/>3.2 \u201eSta\u0142e\u201d pliki \u201ecookies\u201d przechowywane s\u0105 w urz\u0105dzeniu ko\u0144cowym Us\u0142ugobiorcy przez czas okre\u015blony w parametrach plik\u00f3w \u201ecookies\u201d lub do czasu ich usuni\u0119cia przez Us\u0142ugobiorc\u0119.<br \/>3.3 \u201eCookies\u201d \u201eanalityczne\u201d umo\u017cliwiaj\u0105 lepsze poznanie sposobu interakcji Us\u0142ugobiorcy w zakresie zawarto\u015bci Sklepu, lepiej zorganizowa\u0107 jego uk\u0142ad. \u201cAnalityczne\u201d \u201ecookies\u201d gromadz\u0105 informacje o sposobie korzystania ze Sklepu przez Us\u0142ugobiorc\u0119, typie strony, z jakiej Us\u0142ugobiorca zosta\u0142 przekierowany, oraz liczbie odwiedzin i czasie wizyty Us\u0142ugobiorcy na stronie Sklepu. Informacje te nie rejestruj\u0105 konkretnych danych osobowych Us\u0142ugobiorcy, lecz s\u0142u\u017c\u0105 do opracowania statystyk korzystania ze Sklepu.<\/li>\r\n<li>Us\u0142ugobiorca ma prawo zadecydowania w zakresie dost\u0119pu plik\u00f3w \u201ecookies\u201d do swojego komputera poprzez ich uprzedni wyb\u00f3r w oknie swojej przegl\u0105darki. \u00a0Szczeg\u00f3\u0142owe informacje o mo\u017cliwo\u015bci i sposobach obs\u0142ugi plik\u00f3w \u201ecookies\u201d dost\u0119pne s\u0105 w ustawieniach oprogramowania (przegl\u0105darki internetowej).<\/li>\r\n<\/ol>\r\n<h4 class=\"wp-block-heading\">\u00a7 5<br \/>INNE TECHNOLOGIE<\/h4>\r\n<ol>\r\n<li>Administrator informuje niniejszym U\u017cytkownika, \u017ce stosuje nast\u0119puj\u0105ce technologie \u015bledz\u0105ce dzia\u0142ania podejmowane przez U\u017cytkownika w ramach Strony:<br \/>1.1 Piksel konwersji Facebooka \u2013 w celu zarz\u0105dzania reklamami na Facebooku i prowadzenia dzia\u0142a\u0144 remarketingowych,<br \/>1.2 Kod \u015bledzenia Google Analitycs \u2013 w celu analizy statystyk Strony.<\/li>\r\n<\/ol>\r\n<h4 class=\"wp-block-heading\">\u00a7 6<br \/>POSTANOWIENIA KO\u0143COWE<\/h4>\r\n<ol>\r\n<li>Administrator stosuje \u015brodki techniczne i organizacyjne zapewniaj\u0105ce ochron\u0119 przetwarzanych danych osobowych odpowiedni\u0105 do zagro\u017ce\u0144 oraz kategorii danych obj\u0119tych ochron\u0105, a w szczeg\u00f3lno\u015bci zabezpiecza dane przed ich udost\u0119pnieniem osobom nieupowa\u017cnionym, zabraniem przez osob\u0119 nieuprawnion\u0105, przetwarzaniem z naruszeniem obowi\u0105zuj\u0105cych przepis\u00f3w oraz zmian\u0105, utrat\u0105, uszkodzeniem lub zniszczeniem.<\/li>\r\n<li>Us\u0142ugodawca udost\u0119pnia odpowiednie \u015brodki techniczne zapobiegaj\u0105ce pozyskiwaniu i modyfikowaniu przez osoby nieuprawnione, danych osobowych przesy\u0142anych drog\u0105 elektroniczn\u0105.<\/li>\r\n<li>W sprawach nieuregulowanych niniejsz\u0105 Polityk\u0105 prywatno\u015bci stosuje si\u0119 odpowiednio postanowienia Regulaminu Sklepu <a href=\"http:\/\/roberttys.com\">www.roberttys.com<\/a>, przepisy Rozporz\u0105dzenia Parlamentu Europejskiego i Rady (UE) 2016\/679 z dnia 27 kwietnia 2016 roku w sprawie ochrony os\u00f3b fizycznych w zwi\u0105zku z przetwarzaniem danych osobowych i w sprawie swobodnego przep\u0142ywu takich danych oraz uchylenia dyrektywy 95\/46\/WE (RODO)oraz inne w\u0142a\u015bciwe przepisy prawa polskiego.<\/li>\r\n<li>Postanowienia niniejszej Polityki Prywatno\u015bci wchodz\u0105 w \u017cycie z dniem 25 maja 2018 roku.<\/li>\r\n<\/ol>\r\n","protected":false},"excerpt":{"rendered":"<p>\u00a71POSTANOWIENIA OG\u00d3LNE Administratorem danych osobowych zbieranych za po\u015brednictwem Sklepu roberttys.com jest Robert Tysarczyk, adres poczty elektronicznej (e-mail): contact@roberttys.com, zwany dalej \u201eAdministratorem\u201d i b\u0119d\u0105cy jednocze\u015bnie Us\u0142ugodawc\u0105. Wszelkie wyrazy lub wyra\u017cenia pisane w tre\u015bci niniejszej Polityki Prywatno\u015bci z du\u017cej litery nale\u017cy rozumie\u0107 zgodnie z ich definicj\u0105 zawart\u0105 w Regulaminie Sklepu www.roberttys.com \u00a7 2CEL I ZAKRES ZBIERANIA DANYCH Dane osobowe b\u0119d\u0105 przetwarzane w celu realizacji zakup\u00f3w w moim sklepie internetowym, marketingu bezpo\u015bredniego dotycz\u0105cego [&hellip;]<\/p>\n","protected":false},"author":1,"featured_media":0,"parent":0,"menu_order":0,"comment_status":"closed","ping_status":"open","template":"","meta":{"footnotes":""},"class_list":["post-3","page","type-page","status-publish","hentry"],"yoast_head":"<!-- This site is optimized with the Yoast SEO plugin v27.2 - https:\/\/yoast.com\/product\/yoast-seo-wordpress\/ -->\n<title>Polityka prywatno\u015bci i Cookies - Robert Tys | Mediterranean paintings<\/title>\n<meta name=\"robots\" content=\"index, follow, max-snippet:-1, max-image-preview:large, max-video-preview:-1\" \/>\n<link rel=\"canonical\" href=\"https:\/\/roberttys.com\/pl\/privacy-policy\" \/>\n<meta property=\"og:locale\" content=\"pl_PL\" \/>\n<meta property=\"og:type\" content=\"article\" \/>\n<meta property=\"og:title\" content=\"Polityka prywatno\u015bci i Cookies - Robert Tys | Mediterranean paintings\" \/>\n<meta property=\"og:description\" content=\"\u00a71POSTANOWIENIA OG\u00d3LNE Administratorem danych osobowych zbieranych za po\u015brednictwem Sklepu roberttys.com jest Robert Tysarczyk, adres poczty elektronicznej (e-mail): contact@roberttys.com, zwany dalej \u201eAdministratorem\u201d i b\u0119d\u0105cy jednocze\u015bnie Us\u0142ugodawc\u0105. Wszelkie wyrazy lub wyra\u017cenia pisane w tre\u015bci niniejszej Polityki Prywatno\u015bci z du\u017cej litery nale\u017cy rozumie\u0107 zgodnie z ich definicj\u0105 zawart\u0105 w Regulaminie Sklepu www.roberttys.com \u00a7 2CEL I ZAKRES ZBIERANIA DANYCH Dane osobowe b\u0119d\u0105 przetwarzane w celu realizacji zakup\u00f3w w moim sklepie internetowym, marketingu bezpo\u015bredniego dotycz\u0105cego [&hellip;]\" \/>\n<meta property=\"og:url\" content=\"https:\/\/roberttys.com\/pl\/privacy-policy\" \/>\n<meta property=\"og:site_name\" content=\"Robert Tys | Mediterranean paintings\" \/>\n<meta property=\"article:modified_time\" content=\"2024-04-22T08:05:22+00:00\" \/>\n<meta property=\"og:image\" content=\"https:\/\/roberttys.com\/wp-content\/uploads\/2024\/03\/roberttys-slider-photo.jpg\" \/>\n\t<meta property=\"og:image:width\" content=\"1024\" \/>\n\t<meta property=\"og:image:height\" content=\"561\" \/>\n\t<meta property=\"og:image:type\" content=\"image\/jpeg\" \/>\n<meta name=\"twitter:card\" content=\"summary_large_image\" \/>\n<meta name=\"twitter:label1\" content=\"Szacowany czas czytania\" \/>\n\t<meta name=\"twitter:data1\" content=\"6 minut\" \/>\n<script type=\"application\/ld+json\" class=\"yoast-schema-graph\">{\"@context\":\"https:\/\/schema.org\",\"@graph\":[{\"@type\":\"WebPage\",\"@id\":\"https:\/\/roberttys.com\/pl\/privacy-policy\",\"url\":\"https:\/\/roberttys.com\/pl\/privacy-policy\",\"name\":\"Polityka prywatno\u015bci i Cookies - Robert Tys | Mediterranean paintings\",\"isPartOf\":{\"@id\":\"https:\/\/roberttys.com\/pl#website\"},\"datePublished\":\"2024-03-04T20:01:49+00:00\",\"dateModified\":\"2024-04-22T08:05:22+00:00\",\"breadcrumb\":{\"@id\":\"https:\/\/roberttys.com\/pl\/privacy-policy#breadcrumb\"},\"inLanguage\":\"pl-PL\",\"potentialAction\":[{\"@type\":\"ReadAction\",\"target\":[\"https:\/\/roberttys.com\/pl\/privacy-policy\"]}]},{\"@type\":\"BreadcrumbList\",\"@id\":\"https:\/\/roberttys.com\/pl\/privacy-policy#breadcrumb\",\"itemListElement\":[{\"@type\":\"ListItem\",\"position\":1,\"name\":\"Strona g\u0142\u00f3wna\",\"item\":\"https:\/\/roberttys.com\/pl\"},{\"@type\":\"ListItem\",\"position\":2,\"name\":\"Polityka prywatno\u015bci i Cookies\"}]},{\"@type\":\"WebSite\",\"@id\":\"https:\/\/roberttys.com\/pl#website\",\"url\":\"https:\/\/roberttys.com\/pl\",\"name\":\"Robert Tys | Mediterranean paintings\",\"description\":\"Mediterranean paintings\",\"publisher\":{\"@id\":\"https:\/\/roberttys.com\/pl#\/schema\/person\/511a7552115aa32e2ac0e89286329c73\"},\"alternateName\":\"Robert Tys\",\"potentialAction\":[{\"@type\":\"SearchAction\",\"target\":{\"@type\":\"EntryPoint\",\"urlTemplate\":\"https:\/\/roberttys.com\/pl?s={search_term_string}\"},\"query-input\":{\"@type\":\"PropertyValueSpecification\",\"valueRequired\":true,\"valueName\":\"search_term_string\"}}],\"inLanguage\":\"pl-PL\"},{\"@type\":[\"Person\",\"Organization\"],\"@id\":\"https:\/\/roberttys.com\/pl#\/schema\/person\/511a7552115aa32e2ac0e89286329c73\",\"name\":\"Robert Tys\",\"image\":{\"@type\":\"ImageObject\",\"inLanguage\":\"pl-PL\",\"@id\":\"https:\/\/roberttys.com\/wp-content\/uploads\/2024\/03\/logo-robert-tys-1.jpg\",\"url\":\"https:\/\/roberttys.com\/wp-content\/uploads\/2024\/03\/logo-robert-tys-1.jpg\",\"contentUrl\":\"https:\/\/roberttys.com\/wp-content\/uploads\/2024\/03\/logo-robert-tys-1.jpg\",\"width\":610,\"height\":726,\"caption\":\"Robert Tys\"},\"logo\":{\"@id\":\"https:\/\/roberttys.com\/wp-content\/uploads\/2024\/03\/logo-robert-tys-1.jpg\"}}]}<\/script>\n<!-- \/ Yoast SEO plugin. -->","yoast_head_json":{"title":"Polityka prywatno\u015bci i Cookies - Robert Tys | Mediterranean paintings","robots":{"index":"index","follow":"follow","max-snippet":"max-snippet:-1","max-image-preview":"max-image-preview:large","max-video-preview":"max-video-preview:-1"},"canonical":"https:\/\/roberttys.com\/pl\/privacy-policy","og_locale":"pl_PL","og_type":"article","og_title":"Polityka prywatno\u015bci i Cookies - Robert Tys | Mediterranean paintings","og_description":"\u00a71POSTANOWIENIA OG\u00d3LNE Administratorem danych osobowych zbieranych za po\u015brednictwem Sklepu roberttys.com jest Robert Tysarczyk, adres poczty elektronicznej (e-mail): contact@roberttys.com, zwany dalej \u201eAdministratorem\u201d i b\u0119d\u0105cy jednocze\u015bnie Us\u0142ugodawc\u0105. Wszelkie wyrazy lub wyra\u017cenia pisane w tre\u015bci niniejszej Polityki Prywatno\u015bci z du\u017cej litery nale\u017cy rozumie\u0107 zgodnie z ich definicj\u0105 zawart\u0105 w Regulaminie Sklepu www.roberttys.com \u00a7 2CEL I ZAKRES ZBIERANIA DANYCH Dane osobowe b\u0119d\u0105 przetwarzane w celu realizacji zakup\u00f3w w moim sklepie internetowym, marketingu bezpo\u015bredniego dotycz\u0105cego [&hellip;]","og_url":"https:\/\/roberttys.com\/pl\/privacy-policy","og_site_name":"Robert Tys | Mediterranean paintings","article_modified_time":"2024-04-22T08:05:22+00:00","og_image":[{"width":1024,"height":561,"url":"https:\/\/roberttys.com\/wp-content\/uploads\/2024\/03\/roberttys-slider-photo.jpg","type":"image\/jpeg"}],"twitter_card":"summary_large_image","twitter_misc":{"Szacowany czas czytania":"6 minut"},"schema":{"@context":"https:\/\/schema.org","@graph":[{"@type":"WebPage","@id":"https:\/\/roberttys.com\/pl\/privacy-policy","url":"https:\/\/roberttys.com\/pl\/privacy-policy","name":"Polityka prywatno\u015bci i Cookies - Robert Tys | Mediterranean paintings","isPartOf":{"@id":"https:\/\/roberttys.com\/pl#website"},"datePublished":"2024-03-04T20:01:49+00:00","dateModified":"2024-04-22T08:05:22+00:00","breadcrumb":{"@id":"https:\/\/roberttys.com\/pl\/privacy-policy#breadcrumb"},"inLanguage":"pl-PL","potentialAction":[{"@type":"ReadAction","target":["https:\/\/roberttys.com\/pl\/privacy-policy"]}]},{"@type":"BreadcrumbList","@id":"https:\/\/roberttys.com\/pl\/privacy-policy#breadcrumb","itemListElement":[{"@type":"ListItem","position":1,"name":"Strona g\u0142\u00f3wna","item":"https:\/\/roberttys.com\/pl"},{"@type":"ListItem","position":2,"name":"Polityka prywatno\u015bci i Cookies"}]},{"@type":"WebSite","@id":"https:\/\/roberttys.com\/pl#website","url":"https:\/\/roberttys.com\/pl","name":"Robert Tys | Mediterranean paintings","description":"Mediterranean paintings","publisher":{"@id":"https:\/\/roberttys.com\/pl#\/schema\/person\/511a7552115aa32e2ac0e89286329c73"},"alternateName":"Robert Tys","potentialAction":[{"@type":"SearchAction","target":{"@type":"EntryPoint","urlTemplate":"https:\/\/roberttys.com\/pl?s={search_term_string}"},"query-input":{"@type":"PropertyValueSpecification","valueRequired":true,"valueName":"search_term_string"}}],"inLanguage":"pl-PL"},{"@type":["Person","Organization"],"@id":"https:\/\/roberttys.com\/pl#\/schema\/person\/511a7552115aa32e2ac0e89286329c73","name":"Robert Tys","image":{"@type":"ImageObject","inLanguage":"pl-PL","@id":"https:\/\/roberttys.com\/wp-content\/uploads\/2024\/03\/logo-robert-tys-1.jpg","url":"https:\/\/roberttys.com\/wp-content\/uploads\/2024\/03\/logo-robert-tys-1.jpg","contentUrl":"https:\/\/roberttys.com\/wp-content\/uploads\/2024\/03\/logo-robert-tys-1.jpg","width":610,"height":726,"caption":"Robert Tys"},"logo":{"@id":"https:\/\/roberttys.com\/wp-content\/uploads\/2024\/03\/logo-robert-tys-1.jpg"}}]}},"_links":{"self":[{"href":"https:\/\/roberttys.com\/pl\/wp-json\/wp\/v2\/pages\/3","targetHints":{"allow":["GET"]}}],"collection":[{"href":"https:\/\/roberttys.com\/pl\/wp-json\/wp\/v2\/pages"}],"about":[{"href":"https:\/\/roberttys.com\/pl\/wp-json\/wp\/v2\/types\/page"}],"author":[{"embeddable":true,"href":"https:\/\/roberttys.com\/pl\/wp-json\/wp\/v2\/users\/1"}],"replies":[{"embeddable":true,"href":"https:\/\/roberttys.com\/pl\/wp-json\/wp\/v2\/comments?post=3"}],"version-history":[{"count":5,"href":"https:\/\/roberttys.com\/pl\/wp-json\/wp\/v2\/pages\/3\/revisions"}],"predecessor-version":[{"id":7631,"href":"https:\/\/roberttys.com\/pl\/wp-json\/wp\/v2\/pages\/3\/revisions\/7631"}],"wp:attachment":[{"href":"https:\/\/roberttys.com\/pl\/wp-json\/wp\/v2\/media?parent=3"}],"curies":[{"name":"wp","href":"https:\/\/api.w.org\/{rel}","templated":true}]}}