{"id":7506,"date":"2024-04-16T10:29:23","date_gmt":"2024-04-16T10:29:23","guid":{"rendered":"https:\/\/rts.tegn.pl\/?page_id=7506"},"modified":"2024-04-22T07:43:06","modified_gmt":"2024-04-22T07:43:06","slug":"regulamin","status":"publish","type":"page","link":"https:\/\/roberttys.com\/pl\/regulamin","title":{"rendered":"Regulamin sklepu"},"content":{"rendered":"\r\n<p class=\"wp-block-heading\">Niniejsze warunki sprzeda\u017cy zawierane s\u0105 z jednej strony przez Roberta Tysarczyk, zarz\u0105dzaj\u0105c\u0105 serwisem ROBERT TYS &#8211; roberttys.com oraz z drugiej strony przez ka\u017cd\u0105 osob\u0119 fizyczn\u0105 lub prawn\u0105 pragn\u0105c\u0105 dokona\u0107 zakupu za po\u015brednictwem strony internetowej roberttys.com zwan\u0105 dalej \u201ekupuj\u0105cym\u201d.<\/p>\r\n\r\n\r\n\r\n<h4 class=\"wp-block-heading\">\u00a7 1<br \/>Og\u00f3\u0142em<\/h4>\r\n<p>Niniejsze warunki sprzeda\u017cy maj\u0105 na celu okre\u015blenie stosunk\u00f3w umownych pomi\u0119dzy Roberta Tysarczyk a kupuj\u0105cym oraz warunk\u00f3w maj\u0105cych zastosowanie do wszelkich zakup\u00f3w dokonanych za po\u015brednictwem strony internetowej roberttys.com. Nabycie produktu za po\u015brednictwem tej witryny oznacza bezwarunkow\u0105 akceptacj\u0119 przez kupuj\u0105cego niniejszych warunk\u00f3w sprzeda\u017cy, z kt\u00f3rymi kupuj\u0105cy potwierdza, \u017ce \u200b\u200bzapozna\u0142 si\u0119 z nimi przed z\u0142o\u017ceniem zam\u00f3wienia. <br \/>Kupuj\u0105cy przed jak\u0105kolwiek transakcj\u0105 o\u015bwiadcza z jednej strony, \u017ce zakup produkt\u00f3w w serwisie roberttys.com nie jest zwi\u0105zany bezpo\u015brednio z jego dzia\u0142alno\u015bci\u0105 zawodow\u0105 i ogranicza si\u0119 do cel\u00f3w \u015bci\u015ble osobistych, a z drugiej strony posiada pe\u0142n\u0105 zdolno\u015b\u0107 do czynno\u015bci prawnych, pozwalaj\u0105c\u0105 na zwi\u0105zanie si\u0119 niniejszymi og\u00f3lnymi warunkami sprzeda\u017cy.<\/p>\r\n<p>Roberta Tysarczyk zastrzega sobie mo\u017cliwo\u015b\u0107 modyfikacji niniejszych warunk\u00f3w sprzeda\u017cy w dowolnym momencie, w celu dostosowania si\u0119 do nowych przepis\u00f3w lub w celu usprawnienia korzystania ze swojej witryny. Obowi\u0105zuj\u0105cymi warunkami b\u0119d\u0105 zatem warunki obowi\u0105zuj\u0105ce w dniu z\u0142o\u017cenia zam\u00f3wienia przez kupuj\u0105cego.<\/p>\r\n<h4 class=\"wp-block-heading\">\u00a7 2<br \/>Produkty<\/h4>\r\n<p>Oferowane produkty to te, kt\u00f3re pojawiaj\u0105 si\u0119 na stronie internetowej roberttys.com.<br \/>ROBERT TYS zastrzega sobie prawo do zmiany asortymentu w dowolnym momencie. Ka\u017cdy produkt prezentowany jest na stronie w formie prostego opisu, wi\u0119cej informacji o produkcie mo\u017cna uzyska\u0107 kontaktuj\u0105c si\u0119 ze stron\u0105 roberttys.com<\/p>\r\n<p>Zdj\u0119cia s\u0105 jak najwierniejsze, ale w \u017caden spos\u00f3b nie zobowi\u0105zuj\u0105 Sprzedaj\u0105cego. Sprzeda\u017c produkt\u00f3w prezentowanych w serwisie roberttys.com przeznaczona jest dla wszystkich nabywc\u00f3w zamieszka\u0142ych w krajach, kt\u00f3re w pe\u0142ni zezwalaj\u0105 na ww\u00f3z na swoje terytorium tych produkt\u00f3w.<\/p>\r\n<h4 class=\"wp-block-heading\">\u00a7 3<br \/>Ceny<\/h4>\r\n<p>Ceny podane na kartach produkt\u00f3w w katalogu internetowym s\u0105 cenami w euro (\u20ac) oraz w polskich z\u0142otych (PLN) ze wszystkimi podatkami (TTC) i uwzgl\u0119dniaj\u0105 podatek VAT obowi\u0105zuj\u0105cy w dniu z\u0142o\u017cenia zam\u00f3wienia. <br \/>Ewentualna zmiana stawki podatku VAT mo\u017ce mie\u0107 odzwierciedlenie w cenie produkt\u00f3w. ROBERT TYS zastrzega sobie prawo do zmiany cen w dowolnym momencie, przy czym rozumie si\u0119, \u017ce cena widniej\u0105ca w katalogu w dniu z\u0142o\u017cenia zam\u00f3wienia b\u0119dzie jedyn\u0105 obowi\u0105zuj\u0105c\u0105 kupuj\u0105cego. Podane ceny nie obejmuj\u0105 koszt\u00f3w dostawy, fakturowanych dodatkowo do ceny zakupionych produkt\u00f3w w zale\u017cno\u015bci od ca\u0142kowitej kwoty zam\u00f3wienia.<\/p>\r\n<h4 class=\"wp-block-heading\">\u00a7 4<br \/>Warunki zam\u00f3wienia i p\u0142atno\u015bci<\/h4>\r\n<p>Przed ka\u017cdym zam\u00f3wieniem kupuj\u0105cy mo\u017ce za\u0142o\u017cy\u0107 konto na stronie internetowej roberttys.com bez konieczno\u015bci zak\u0142adania konta.<br \/>Sekcja tworzenia konta jest dost\u0119pna bezpo\u015brednio z paska menu. Przy ka\u017cdej wizycie kupuj\u0105cy, je\u015bli chce z\u0142o\u017cy\u0107 zam\u00f3wienie lub sprawdzi\u0107 swoje konto (status zam\u00f3wienia, profil itp.) musi dokona\u0107 identyfikacji za pomoc\u0105 tych informacji. ROBERT TYS oferuje kupuj\u0105cemu mo\u017cliwo\u015b\u0107 zam\u00f3wienia i zap\u0142aty za swoje produkty w trzech opcjach p\u0142atno\u015bci:<\/p>\r\n<ul>\r\n<li>tradycyjnym przelewem na nr rachunku FR66 2004 1010 0824 6543 2G02 932<\/li>\r\n<li>poprzez bramk\u0119 p\u0142atno\u015bci STRIPE<\/li>\r\n<li>poprzez PAYPAL<\/li>\r\n<\/ul>\r\n<p>Potwierdzenie zam\u00f3wienia oznacza akceptacj\u0119 warunk\u00f3w sprzeda\u017cy, potwierdzenie doskona\u0142ej ich znajomo\u015bci i rezygnacji z korzystania z w\u0142asnych warunk\u00f3w zakupu. Wszystkie podane dane oraz odnotowane potwierdzenie b\u0119d\u0105 stanowi\u0107 dow\u00f3d transakcji.<br \/>Je\u017celi kupuj\u0105cy posiada adres e-mail i poda\u0142 go w formularzu zam\u00f3wienia, ROBERT TYS przeka\u017ce mu wiadomo\u015b\u0107 e-mailem z<br \/>potwierdzeniem rejestracji zam\u00f3wienia.<br \/>Je\u015bli kupuj\u0105cy chce skontaktowa\u0107 si\u0119 z ROBERT TYS, mo\u017ce to zrobi\u0107 e-mailem na adres: <a href=\"mailto:contakt@roberttys.com\">contakt@roberttys.com<\/a> lub telefonicznie pod numerem <a class=\"footer-top-size\" href=\"tel:+33 614 046 587\">+33 614 046 587<\/a><\/p>\r\n<h4 class=\"wp-block-heading\">\u00a7 5<br \/>Zastrze\u017cenia tytu\u0142u<\/h4>\r\n<p>ROBERT TYS zachowuje pe\u0142n\u0105 w\u0142asno\u015b\u0107 sprzedanych produkt\u00f3w do czasu ca\u0142kowitej zap\u0142aty, \u0142\u0105cznie z op\u0142atami i podatkami.<\/p>\r\n<h4 class=\"wp-block-heading\">\u00a7 6<br \/>Odst\u0105pienie<\/h4>\r\n<p>Zgodnie z art. L121-20 Kodeksu konsumenckiego kupuj\u0105cy ma czterna\u015bcie dni roboczych od dostarczenia zam\u00f3wienia skorzysta\u0107 z prawa do odst\u0105pienia od umowy i w ten spos\u00f3b zwr\u00f3ci\u0107 produkt sprzedawcy w celu wymiany lub zwrotu pieni\u0119dzy bez kar, z wyj\u0105tkiem koszt\u00f3w zwrotu.<\/p>\r\n<h4 class=\"wp-block-heading\">\u00a7 7<br \/>Dostawa<\/h4>\r\n<p>Dostawa oznacza przeniesienie na konsumenta fizycznego posiadania lub kontroli nad towarem. Zam\u00f3wione produkty dostarczane s\u0105 zgodnie z terminami i terminami okre\u015blonymi powy\u017cej.<\/p>\r\n<p>Produkty dostarczane s\u0105 pod adres wskazany przez kupuj\u0105cego w formularzu zam\u00f3wienia, kupuj\u0105cy ma obowi\u0105zek zapewni\u0107 jego prawdziwo\u015b\u0107. Ka\u017cda paczka zwr\u00f3cona sprzedaj\u0105cemu z powodu nieprawid\u0142owego lub niekompletnego adresu dostawy zostanie wys\u0142ana ponownie na koszt kupuj\u0105cego. Kupuj\u0105cy mo\u017ce na swoje \u017c\u0105danie przes\u0142a\u0107 faktur\u0119 na adres rozliczeniowy, a nie adres dostawy, potwierdzaj\u0105c opcj\u0119 przewidzian\u0105 w tym celu w formularzu zam\u00f3wienia.<\/p>\r\n<p>W przypadku nieobecno\u015bci Kupuj\u0105cego w dniu dostawy, dor\u0119czaj\u0105cy pozostawi w skrzynce pocztowej awizo, kt\u00f3re umo\u017cliwi odbi\u00f3r przesy\u0142ki we wskazanym miejscu i czasie.<\/p>\r\n<p>Je\u017celi w momencie dostawy oryginalne opakowanie jest uszkodzone, podarte lub otwarte, kupuj\u0105cy ma obowi\u0105zek sprawdzi\u0107 stan przedmiot\u00f3w. Je\u017celi zosta\u0142y uszkodzone, kupuj\u0105cy ma obowi\u0105zek odm\u00f3wi\u0107 przyj\u0119cia przesy\u0142ki i odnotowa\u0107 zastrze\u017cenie na dowodzie dostawy (paczka odrzucona ze wzgl\u0119du na otwart\u0105 lub uszkodzon\u0105).<\/p>\r\n<p>Kupuj\u0105cy ma obowi\u0105zek wskaza\u0107 na dowodzie dostawy oraz w formie odr\u0119cznych zastrze\u017ce\u0144 wraz ze swoim podpisem wszelkie nieprawid\u0142owo\u015bci dotycz\u0105ce dostawy (uszkodzenie, brak produktu w por\u00f3wnaniu z dowodem dostawy, uszkodzone opakowanie, zepsute produkty itp.).<\/p>\r\n<p>Weryfikacj\u0119 t\u0119 uwa\u017ca si\u0119 za przeprowadzon\u0105 z chwil\u0105 podpisania dowodu dostawy przez kupuj\u0105cego lub osob\u0119 przez niego upowa\u017cnion\u0105.<\/p>\r\n<p>Kupuj\u0105cy musi nast\u0119pnie potwierdzi\u0107 te zastrze\u017cenia przewo\u017anikowi listem poleconym najp\u00f3\u017aniej w ci\u0105gu dw\u00f3ch dni roboczych od otrzymania przedmiotu(\u00f3w) i przes\u0142a\u0107 kopi\u0119 tego pisma faksem lub poczt\u0105 do sprzedaj\u0105cego na adres wskazany w instrukcji . legalno\u015b\u0107 witryny.<\/p>\r\n<p>Je\u017celi produkty wymagaj\u0105 zwrotu do sprzedawcy, nale\u017cy je zg\u0142osi\u0107 do sprzedawcy z pro\u015bb\u0105 o zwrot w ci\u0105gu 14 dni od daty dostawy. Reklamacje z\u0142o\u017cone po tym terminie nie b\u0119d\u0105 uwzgl\u0119dniane. Zwrot produktu mo\u017ce zosta\u0107 przyj\u0119ty wy\u0142\u0105cznie w przypadku produkt\u00f3w w ich oryginalnym stanie (opakowanie, akcesoria, instrukcja itp.).<\/p>\r\n<h4 class=\"wp-block-heading\">\u00a7 8<br \/>Gwarancja<\/h4>\r\n<p>Wszystkie produkty dostarczane przez ROBERT TYS obj\u0119te s\u0105 gwarancj\u0105 prawn\u0105 przewidzian\u0105 w artyku\u0142ach 1641 i nast. Kodeksu Cywilnego.W przypadku niezgodno\u015bci sprzedanego produktu, mo\u017ce on zosta\u0107 zwr\u00f3cony ROBERT TYS, kt\u00f3ry przyjmie go z powrotem, wymieni lub zwr\u00f3ci pieni\u0105dze. Wszelkie reklamacje, wnioski o wymian\u0119 lub zwrot koszt\u00f3w nale\u017cy przesy\u0142a\u0107 poczt\u0105 na adres: ROBERT TYSARCZYK BAT B 19 LES BASTIDES DE PUGET RUE DU GENERAL CHARLES DE GAULLE 83480 PUGET SUR ARGENS, FRANCE w ci\u0105gu trzydziestu dni od dostawy.<\/p>\r\n<h4 class=\"wp-block-heading\">\u00a7 9<br \/>Odpowiedzialno\u015b\u0107<\/h4>\r\n<p>ROBERT TYS w procesie sprzeda\u017cy na odleg\u0142o\u015b\u0107 zwi\u0105zany jest jedynie z obowi\u0105zkiem \u015brodk\u00f3w. Nie mo\u017cna ponosi\u0107 za to odpowiedzialno\u015bci szkody wynikaj\u0105ce z korzystania z sieci Internet, takie jak utrata danych, w\u0142amanie, wirusy, przerwa w \u015bwiadczeniu us\u0142ug lub inne niezamierzone problemy.<\/p>\r\n<h4 class=\"wp-block-heading\">\u00a7 10<br \/>W\u0142asno\u015b\u0107 intelektualna<\/h4>\r\n<p>Zawarto\u015b\u0107 serwisu pozostaje w\u0142asno\u015bci\u0105 sprzedawcy, b\u0119d\u0105cego wy\u0142\u0105cznym w\u0142a\u015bcicielem praw w\u0142asno\u015bci intelektualnej do tej tre\u015bci.<br \/>Nikt nie jest upowa\u017cniony do reprodukowania, wykorzystywania lub wykorzystywania z jakiegokolwiek powodu, nawet cz\u0119\u015bciowego, element\u00f3w witryny, czy to w formie zdj\u0119\u0107, logo, obraz lub tekst\u00f3w.<\/p>\r\n<h4 class=\"wp-block-heading\">\u00a7 11<br \/>Dane osobowe<\/h4>\r\n<p>ROBERT TYS zobowi\u0105zuje si\u0119 do zachowania w tajemnicy informacji przekazanych przez kupuj\u0105cego, kt\u00f3re mo\u017ce by\u0107 on zobowi\u0105zany przekaza\u0107 do wykorzystania niekt\u00f3rych us\u0142ug. Wszelkie informacje na jego temat podlegaj\u0105 przepisom ustawy nr 78-17 z dnia 6 stycznia 1978 r. W zwi\u0105zku z tym u\u017cytkownik Internetu ma prawo dost\u0119pu, modyfikacji i usuni\u0119cia dotycz\u0105cych go informacji. Mo\u017ce w ka\u017cdej chwili z\u0142o\u017cy\u0107 wniosek poczt\u0105 na adres contact@roberttys.com<\/p>\r\n<h4 class=\"wp-block-heading\">\u00a7 12<br \/>J\u0119zyk umowy<\/h4>\r\n<p>Niniejsze og\u00f3lne warunki sprzeda\u017cy zosta\u0142y napisane w j\u0119zyku francuskim. W przypadku t\u0142umaczenia na jeden lub wi\u0119cej j\u0119zyk\u00f3w obcych, w przypadku sporu autentyczny b\u0119dzie wy\u0142\u0105cznie tekst w j\u0119zyku francuskim.<\/p>\r\n<h4 class=\"wp-block-heading\">\u00a7 13<br \/>Rozstrzyganie spor\u00f3w<\/h4>\r\n<p>Kupuj\u0105cy mo\u017ce skorzysta\u0107 z konwencjonalnej mediacji, w szczeg\u00f3lno\u015bci z Komisj\u0105 ds. Mediacji Konsumenckiej lub z istniej\u0105cymi sektorowymi organami mediacji, lub z dowolnej alternatywnej metody rozwi\u0105zywania spor\u00f3w (np. pojednania) w przypadku sporu.\u00a0<\/p>\r\n<h4 class=\"wp-block-heading\">\u00a7 14<br \/>Prawo obowi\u0105zuj\u0105ce<\/h4>\r\n<p>Niniejsze og\u00f3lne warunki podlegaj\u0105 prawu francuskiemu. S\u0105dem w\u0142a\u015bciwym jest s\u0105d s\u0105dowy.<br \/>Dotyczy to zar\u00f3wno przepis\u00f3w materialnych, jak i formalnych. W przypadku sporu lub reklamacji kupuj\u0105cy w pierwszej kolejno\u015bci skontaktuje si\u0119 ze sprzedawc\u0105 w celu uzyskania polubownego rozwi\u0105zania.<\/p>\r\n","protected":false},"excerpt":{"rendered":"<p>Niniejsze warunki sprzeda\u017cy zawierane s\u0105 z jednej strony przez Roberta Tysarczyk, zarz\u0105dzaj\u0105c\u0105 serwisem ROBERT TYS &#8211; roberttys.com oraz z drugiej strony przez ka\u017cd\u0105 osob\u0119 fizyczn\u0105 lub prawn\u0105 pragn\u0105c\u0105 dokona\u0107 zakupu za po\u015brednictwem strony internetowej roberttys.com zwan\u0105 dalej \u201ekupuj\u0105cym\u201d. \u00a7 1Og\u00f3\u0142em Niniejsze warunki sprzeda\u017cy maj\u0105 na celu okre\u015blenie stosunk\u00f3w umownych pomi\u0119dzy Roberta Tysarczyk a kupuj\u0105cym oraz warunk\u00f3w maj\u0105cych zastosowanie do wszelkich zakup\u00f3w dokonanych za po\u015brednictwem strony internetowej roberttys.com. Nabycie produktu za [&hellip;]<\/p>\n","protected":false},"author":1,"featured_media":0,"parent":0,"menu_order":0,"comment_status":"closed","ping_status":"open","template":"","meta":{"footnotes":""},"class_list":["post-7506","page","type-page","status-publish","hentry"],"yoast_head":"<!-- This site is optimized with the Yoast SEO plugin v27.2 - https:\/\/yoast.com\/product\/yoast-seo-wordpress\/ -->\n<title>Regulamin sklepu - Robert Tys | Mediterranean paintings<\/title>\n<meta name=\"robots\" content=\"index, follow, max-snippet:-1, max-image-preview:large, max-video-preview:-1\" \/>\n<link rel=\"canonical\" href=\"https:\/\/roberttys.com\/pl\/regulamin\" \/>\n<meta property=\"og:locale\" content=\"pl_PL\" \/>\n<meta property=\"og:type\" content=\"article\" \/>\n<meta property=\"og:title\" content=\"Regulamin sklepu - Robert Tys | Mediterranean paintings\" \/>\n<meta property=\"og:description\" content=\"Niniejsze warunki sprzeda\u017cy zawierane s\u0105 z jednej strony przez Roberta Tysarczyk, zarz\u0105dzaj\u0105c\u0105 serwisem ROBERT TYS &#8211; roberttys.com oraz z drugiej strony przez ka\u017cd\u0105 osob\u0119 fizyczn\u0105 lub prawn\u0105 pragn\u0105c\u0105 dokona\u0107 zakupu za po\u015brednictwem strony internetowej roberttys.com zwan\u0105 dalej \u201ekupuj\u0105cym\u201d. \u00a7 1Og\u00f3\u0142em Niniejsze warunki sprzeda\u017cy maj\u0105 na celu okre\u015blenie stosunk\u00f3w umownych pomi\u0119dzy Roberta Tysarczyk a kupuj\u0105cym oraz warunk\u00f3w maj\u0105cych zastosowanie do wszelkich zakup\u00f3w dokonanych za po\u015brednictwem strony internetowej roberttys.com. Nabycie produktu za [&hellip;]\" \/>\n<meta property=\"og:url\" content=\"https:\/\/roberttys.com\/pl\/regulamin\" \/>\n<meta property=\"og:site_name\" content=\"Robert Tys | Mediterranean paintings\" \/>\n<meta property=\"article:modified_time\" content=\"2024-04-22T07:43:06+00:00\" \/>\n<meta property=\"og:image\" content=\"https:\/\/roberttys.com\/wp-content\/uploads\/2024\/03\/roberttys-slider-photo.jpg\" \/>\n\t<meta property=\"og:image:width\" content=\"1024\" \/>\n\t<meta property=\"og:image:height\" content=\"561\" \/>\n\t<meta property=\"og:image:type\" content=\"image\/jpeg\" \/>\n<meta name=\"twitter:card\" content=\"summary_large_image\" \/>\n<meta name=\"twitter:label1\" content=\"Szacowany czas czytania\" \/>\n\t<meta name=\"twitter:data1\" content=\"7 minut\" \/>\n<script type=\"application\/ld+json\" class=\"yoast-schema-graph\">{\"@context\":\"https:\/\/schema.org\",\"@graph\":[{\"@type\":\"WebPage\",\"@id\":\"https:\/\/roberttys.com\/pl\/regulamin\",\"url\":\"https:\/\/roberttys.com\/pl\/regulamin\",\"name\":\"Regulamin sklepu - Robert Tys | Mediterranean paintings\",\"isPartOf\":{\"@id\":\"https:\/\/roberttys.com\/pl#website\"},\"datePublished\":\"2024-04-16T10:29:23+00:00\",\"dateModified\":\"2024-04-22T07:43:06+00:00\",\"breadcrumb\":{\"@id\":\"https:\/\/roberttys.com\/pl\/regulamin#breadcrumb\"},\"inLanguage\":\"pl-PL\",\"potentialAction\":[{\"@type\":\"ReadAction\",\"target\":[\"https:\/\/roberttys.com\/pl\/regulamin\"]}]},{\"@type\":\"BreadcrumbList\",\"@id\":\"https:\/\/roberttys.com\/pl\/regulamin#breadcrumb\",\"itemListElement\":[{\"@type\":\"ListItem\",\"position\":1,\"name\":\"Strona g\u0142\u00f3wna\",\"item\":\"https:\/\/roberttys.com\/pl\"},{\"@type\":\"ListItem\",\"position\":2,\"name\":\"Regulamin sklepu\"}]},{\"@type\":\"WebSite\",\"@id\":\"https:\/\/roberttys.com\/pl#website\",\"url\":\"https:\/\/roberttys.com\/pl\",\"name\":\"Robert Tys | Mediterranean paintings\",\"description\":\"Mediterranean paintings\",\"publisher\":{\"@id\":\"https:\/\/roberttys.com\/pl#\/schema\/person\/511a7552115aa32e2ac0e89286329c73\"},\"alternateName\":\"Robert Tys\",\"potentialAction\":[{\"@type\":\"SearchAction\",\"target\":{\"@type\":\"EntryPoint\",\"urlTemplate\":\"https:\/\/roberttys.com\/pl?s={search_term_string}\"},\"query-input\":{\"@type\":\"PropertyValueSpecification\",\"valueRequired\":true,\"valueName\":\"search_term_string\"}}],\"inLanguage\":\"pl-PL\"},{\"@type\":[\"Person\",\"Organization\"],\"@id\":\"https:\/\/roberttys.com\/pl#\/schema\/person\/511a7552115aa32e2ac0e89286329c73\",\"name\":\"Robert Tys\",\"image\":{\"@type\":\"ImageObject\",\"inLanguage\":\"pl-PL\",\"@id\":\"https:\/\/roberttys.com\/wp-content\/uploads\/2024\/03\/logo-robert-tys-1.jpg\",\"url\":\"https:\/\/roberttys.com\/wp-content\/uploads\/2024\/03\/logo-robert-tys-1.jpg\",\"contentUrl\":\"https:\/\/roberttys.com\/wp-content\/uploads\/2024\/03\/logo-robert-tys-1.jpg\",\"width\":610,\"height\":726,\"caption\":\"Robert Tys\"},\"logo\":{\"@id\":\"https:\/\/roberttys.com\/wp-content\/uploads\/2024\/03\/logo-robert-tys-1.jpg\"}}]}<\/script>\n<!-- \/ Yoast SEO plugin. -->","yoast_head_json":{"title":"Regulamin sklepu - Robert Tys | Mediterranean paintings","robots":{"index":"index","follow":"follow","max-snippet":"max-snippet:-1","max-image-preview":"max-image-preview:large","max-video-preview":"max-video-preview:-1"},"canonical":"https:\/\/roberttys.com\/pl\/regulamin","og_locale":"pl_PL","og_type":"article","og_title":"Regulamin sklepu - Robert Tys | Mediterranean paintings","og_description":"Niniejsze warunki sprzeda\u017cy zawierane s\u0105 z jednej strony przez Roberta Tysarczyk, zarz\u0105dzaj\u0105c\u0105 serwisem ROBERT TYS &#8211; roberttys.com oraz z drugiej strony przez ka\u017cd\u0105 osob\u0119 fizyczn\u0105 lub prawn\u0105 pragn\u0105c\u0105 dokona\u0107 zakupu za po\u015brednictwem strony internetowej roberttys.com zwan\u0105 dalej \u201ekupuj\u0105cym\u201d. \u00a7 1Og\u00f3\u0142em Niniejsze warunki sprzeda\u017cy maj\u0105 na celu okre\u015blenie stosunk\u00f3w umownych pomi\u0119dzy Roberta Tysarczyk a kupuj\u0105cym oraz warunk\u00f3w maj\u0105cych zastosowanie do wszelkich zakup\u00f3w dokonanych za po\u015brednictwem strony internetowej roberttys.com. Nabycie produktu za [&hellip;]","og_url":"https:\/\/roberttys.com\/pl\/regulamin","og_site_name":"Robert Tys | Mediterranean paintings","article_modified_time":"2024-04-22T07:43:06+00:00","og_image":[{"width":1024,"height":561,"url":"https:\/\/roberttys.com\/wp-content\/uploads\/2024\/03\/roberttys-slider-photo.jpg","type":"image\/jpeg"}],"twitter_card":"summary_large_image","twitter_misc":{"Szacowany czas czytania":"7 minut"},"schema":{"@context":"https:\/\/schema.org","@graph":[{"@type":"WebPage","@id":"https:\/\/roberttys.com\/pl\/regulamin","url":"https:\/\/roberttys.com\/pl\/regulamin","name":"Regulamin sklepu - Robert Tys | Mediterranean paintings","isPartOf":{"@id":"https:\/\/roberttys.com\/pl#website"},"datePublished":"2024-04-16T10:29:23+00:00","dateModified":"2024-04-22T07:43:06+00:00","breadcrumb":{"@id":"https:\/\/roberttys.com\/pl\/regulamin#breadcrumb"},"inLanguage":"pl-PL","potentialAction":[{"@type":"ReadAction","target":["https:\/\/roberttys.com\/pl\/regulamin"]}]},{"@type":"BreadcrumbList","@id":"https:\/\/roberttys.com\/pl\/regulamin#breadcrumb","itemListElement":[{"@type":"ListItem","position":1,"name":"Strona g\u0142\u00f3wna","item":"https:\/\/roberttys.com\/pl"},{"@type":"ListItem","position":2,"name":"Regulamin sklepu"}]},{"@type":"WebSite","@id":"https:\/\/roberttys.com\/pl#website","url":"https:\/\/roberttys.com\/pl","name":"Robert Tys | Mediterranean paintings","description":"Mediterranean paintings","publisher":{"@id":"https:\/\/roberttys.com\/pl#\/schema\/person\/511a7552115aa32e2ac0e89286329c73"},"alternateName":"Robert Tys","potentialAction":[{"@type":"SearchAction","target":{"@type":"EntryPoint","urlTemplate":"https:\/\/roberttys.com\/pl?s={search_term_string}"},"query-input":{"@type":"PropertyValueSpecification","valueRequired":true,"valueName":"search_term_string"}}],"inLanguage":"pl-PL"},{"@type":["Person","Organization"],"@id":"https:\/\/roberttys.com\/pl#\/schema\/person\/511a7552115aa32e2ac0e89286329c73","name":"Robert Tys","image":{"@type":"ImageObject","inLanguage":"pl-PL","@id":"https:\/\/roberttys.com\/wp-content\/uploads\/2024\/03\/logo-robert-tys-1.jpg","url":"https:\/\/roberttys.com\/wp-content\/uploads\/2024\/03\/logo-robert-tys-1.jpg","contentUrl":"https:\/\/roberttys.com\/wp-content\/uploads\/2024\/03\/logo-robert-tys-1.jpg","width":610,"height":726,"caption":"Robert Tys"},"logo":{"@id":"https:\/\/roberttys.com\/wp-content\/uploads\/2024\/03\/logo-robert-tys-1.jpg"}}]}},"_links":{"self":[{"href":"https:\/\/roberttys.com\/pl\/wp-json\/wp\/v2\/pages\/7506","targetHints":{"allow":["GET"]}}],"collection":[{"href":"https:\/\/roberttys.com\/pl\/wp-json\/wp\/v2\/pages"}],"about":[{"href":"https:\/\/roberttys.com\/pl\/wp-json\/wp\/v2\/types\/page"}],"author":[{"embeddable":true,"href":"https:\/\/roberttys.com\/pl\/wp-json\/wp\/v2\/users\/1"}],"replies":[{"embeddable":true,"href":"https:\/\/roberttys.com\/pl\/wp-json\/wp\/v2\/comments?post=7506"}],"version-history":[{"count":4,"href":"https:\/\/roberttys.com\/pl\/wp-json\/wp\/v2\/pages\/7506\/revisions"}],"predecessor-version":[{"id":7623,"href":"https:\/\/roberttys.com\/pl\/wp-json\/wp\/v2\/pages\/7506\/revisions\/7623"}],"wp:attachment":[{"href":"https:\/\/roberttys.com\/pl\/wp-json\/wp\/v2\/media?parent=7506"}],"curies":[{"name":"wp","href":"https:\/\/api.w.org\/{rel}","templated":true}]}}