{"id":7942,"date":"2024-05-06T11:17:01","date_gmt":"2024-05-06T11:17:01","guid":{"rendered":"https:\/\/rts.tegn.pl\/?page_id=7942"},"modified":"2024-06-06T16:05:25","modified_gmt":"2024-06-06T16:05:25","slug":"faq","status":"publish","type":"page","link":"https:\/\/roberttys.com\/pl\/faq","title":{"rendered":"FAQ"},"content":{"rendered":"<section class=\"wpb-content-wrapper\"><p>[vc_row css=&#8221;.vc_custom_1714994675642{padding-right: 25% !important;padding-bottom: 50px !important;}&#8221;][vc_column]<div class=\"edgtf-section-title-holder  \" >\n\t<div class=\"edgtf-st-inner\">\n\t\t\t\t\t\t\t<h1 class=\"edgtf-st-title\" >\n\t\t\t\tCz\u0119sto zadawane pytania\t\t\t<\/h1>\n\t\t\t\t\t\t\t<p class=\"edgtf-st-text\" >\n\t\t\t\tZanim zdecydujesz si\u0119 na kontakt ze mn\u0105 sprawd\u017a czy przypadkiem nie znajdziesz odpowiedzi na interesuj\u0105cy Ci\u0119 temat. Znajdziesz poni\u017cej wszelkie odpowiedzi dotycz\u0105ce zakupu moich prac, p\u0142atno\u015bci, przesy\u0142ek, wielkoformatowych wydruk\u00f3w i innych.\nZapraszam do zapoznania si\u0119 z odpowiedziami na nurtuj\u0105ce pytania.\t\t\t<\/p>\n\t\t\t\t\t<\/div>\n<\/div>[\/vc_column][\/vc_row][vc_row][vc_column]<div class=\"edgtf-accordion-holder edgtf-ac-simple edgtf-ac-default  edgtf-accordion clearfix\">\n\t<h4 class=\"edgtf-accordion-title\">\n    <span class=\"edgtf-accordion-mark\">\n\t\t<span class=\"edgtf_icon_plus icon_plus\"><\/span>\n\t\t<span class=\"edgtf_icon_minus icon_minus-06\"><\/span>\n\t<\/span>\n\t<span class=\"edgtf-tab-title\">Czy sklep jest powi\u0105zany z autorem?<\/span>\n<\/h4>\n<div class=\"edgtf-accordion-content\">\n\t<div class=\"edgtf-accordion-content-inner\">\n\t\t[vc_column_text]<span style=\"font-weight: 400;\">Sklep Robert Tys zosta\u0142 stworzony jako osobisty projekt Roberta Tysa, z zami\u0142owania do dzielenia si\u0119 i \u0142\u0105czenia si\u0119 z lud\u017ami poprzez swoje rysunki.<\/span>[\/vc_column_text]\t<\/div>\n<\/div><h4 class=\"edgtf-accordion-title\">\n    <span class=\"edgtf-accordion-mark\">\n\t\t<span class=\"edgtf_icon_plus icon_plus\"><\/span>\n\t\t<span class=\"edgtf_icon_minus icon_minus-06\"><\/span>\n\t<\/span>\n\t<span class=\"edgtf-tab-title\">Czy p\u0142atno\u015bci s\u0105 bezpieczne?<\/span>\n<\/h4>\n<div class=\"edgtf-accordion-content\">\n\t<div class=\"edgtf-accordion-content-inner\">\n\t\t[vc_column_text]<span style=\"font-weight: 400;\">Korzystanie z p\u0142atno\u015bci elektronicznych podczas zakup\u00f3w w Internecie jest tak samo bezpieczne, jak korzystanie z bankowo\u015bci internetowej. Instytucje p\u0142atnicze po\u015brednicz\u0105ce w p\u0142atno\u015bciach za transakcje s\u0105 cz\u0119sto nadzorowane przez te same instytucje, kt\u00f3re nadzoruj\u0105 r\u00f3wnie\u017c banki.<\/span>[\/vc_column_text]\t<\/div>\n<\/div><h4 class=\"edgtf-accordion-title\">\n    <span class=\"edgtf-accordion-mark\">\n\t\t<span class=\"edgtf_icon_plus icon_plus\"><\/span>\n\t\t<span class=\"edgtf_icon_minus icon_minus-06\"><\/span>\n\t<\/span>\n\t<span class=\"edgtf-tab-title\">Ile czasu zajmuje wysy\u0142ka?<\/span>\n<\/h4>\n<div class=\"edgtf-accordion-content\">\n\t<div class=\"edgtf-accordion-content-inner\">\n\t\t[vc_column_text]<span style=\"font-weight: 400;\">Zam\u00f3wienia s\u0105 zwykle produkowane i wysy\u0142ane w ci\u0105gu 1-2 dni roboczych. Dostawa do klienta trwa zwykle kolejne 3-6 dni roboczych. W przypadku wyj\u0105tkowo du\u017cego zapotrzebowania (w okresie \u015bwi\u0105tecznym, np. Czarny Pi\u0105tek, Bo\u017ce Narodzenie i Nowy Rok), op\u00f3\u017anie\u0144 w firmie spedycyjnej, w przypadku dostaw na tereny wiejskie, gdzie poczta nie jest dostarczana codziennie, czas dostawy mo\u017ce si\u0119 nieznacznie wyd\u0142u\u017cy\u0107. Od Roberta Tys osobi\u015bcie podpisuje i numeruje tablice, w przypadku wyjazdu wysy\u0142ka mo\u017ce si\u0119 op\u00f3\u017ani\u0107, o czym poinformujemy mailowo.<\/span>[\/vc_column_text]\t<\/div>\n<\/div><h4 class=\"edgtf-accordion-title\">\n    <span class=\"edgtf-accordion-mark\">\n\t\t<span class=\"edgtf_icon_plus icon_plus\"><\/span>\n\t\t<span class=\"edgtf_icon_minus icon_minus-06\"><\/span>\n\t<\/span>\n\t<span class=\"edgtf-tab-title\">Czy wysy\u0142acie za granic\u0119?<\/span>\n<\/h4>\n<div class=\"edgtf-accordion-content\">\n\t<div class=\"edgtf-accordion-content-inner\">\n\t\t[vc_column_text]<span style=\"font-weight: 400;\">Tak, wysy\u0142amy na ca\u0142y \u015bwiat. W przypadku Europy, w zale\u017cno\u015bci od kraju docelowego, pobieramy op\u0142at\u0119 za wysy\u0142k\u0119, kt\u00f3ra pojawia si\u0119 przy kasie podczas zakup\u00f3w, a jej wysoko\u015b\u0107 widoczna jest przed dokonaniem p\u0142atno\u015bci. Wysy\u0142ka poza Europ\u0119 wymaga kontaktu mailowego.<\/span>[\/vc_column_text]\t<\/div>\n<\/div><h4 class=\"edgtf-accordion-title\">\n    <span class=\"edgtf-accordion-mark\">\n\t\t<span class=\"edgtf_icon_plus icon_plus\"><\/span>\n\t\t<span class=\"edgtf_icon_minus icon_minus-06\"><\/span>\n\t<\/span>\n\t<span class=\"edgtf-tab-title\">Co mog\u0119 zrobi\u0107, je\u015bli otrzymany przedmiot jest w z\u0142ym stanie?<\/span>\n<\/h4>\n<div class=\"edgtf-accordion-content\">\n\t<div class=\"edgtf-accordion-content-inner\">\n\t\t[vc_column_text]<span style=\"font-weight: 400;\">Je\u015bli folia dotrze w z\u0142ym stanie, prze\u015blij nam e-mailem zdj\u0119cie uszkodze\u0144, a my j\u0105 zwr\u00f3cimy. Wadliw\u0105 foli\u0119 nale\u017cy zwr\u00f3ci\u0107 temu samemu przewo\u017anikowi, kt\u00f3ry dostarczy\u0142 now\u0105.<\/span>[\/vc_column_text]\t<\/div>\n<\/div><h4 class=\"edgtf-accordion-title\">\n    <span class=\"edgtf-accordion-mark\">\n\t\t<span class=\"edgtf_icon_plus icon_plus\"><\/span>\n\t\t<span class=\"edgtf_icon_minus icon_minus-06\"><\/span>\n\t<\/span>\n\t<span class=\"edgtf-tab-title\">W jaki spos\u00f3b dostarczane s\u0105 ilustracje?<\/span>\n<\/h4>\n<div class=\"edgtf-accordion-content\">\n\t<div class=\"edgtf-accordion-content-inner\">\n\t\t[vc_column_text]<span style=\"font-weight: 400;\">Z naszego do\u015bwiadczenia wynika, \u017ce \u200b\u200bw tubie jest to najbezpieczniejszy spos\u00f3b wysy\u0142ki. to mo\u017cliwe, orygina\u0142y wysy\u0142amy zawsze, gdy s\u0105 p\u0142askie.<\/span>[\/vc_column_text]\t<\/div>\n<\/div><h4 class=\"edgtf-accordion-title\">\n    <span class=\"edgtf-accordion-mark\">\n\t\t<span class=\"edgtf_icon_plus icon_plus\"><\/span>\n\t\t<span class=\"edgtf_icon_minus icon_minus-06\"><\/span>\n\t<\/span>\n\t<span class=\"edgtf-tab-title\">Jak przebiega proces druku graficznego?<\/span>\n<\/h4>\n<div class=\"edgtf-accordion-content\">\n\t<div class=\"edgtf-accordion-content-inner\">\n\t\t[vc_column_text]<span style=\"font-weight: 400;\">Wszystkie wydruki wykonane s\u0105 przy u\u017cyciu wysokiej jako\u015bci atrament\u00f3w pigmentowych na papierze William Turner Fine Art, 100% bawe\u0142na, kolor bia\u0142y. Odbitki powstaj\u0105 w studiu Puget at Argens.<\/span><\/p>\n<p><span style=\"font-weight: 400;\">Firma Robert Tys nadzoruje ca\u0142y proces produkcji ilustracji.<\/span>[\/vc_column_text]\t<\/div>\n<\/div><h4 class=\"edgtf-accordion-title\">\n    <span class=\"edgtf-accordion-mark\">\n\t\t<span class=\"edgtf_icon_plus icon_plus\"><\/span>\n\t\t<span class=\"edgtf_icon_minus icon_minus-06\"><\/span>\n\t<\/span>\n\t<span class=\"edgtf-tab-title\">Czy ilustracje s\u0105 dzie\u0142ami wyj\u0105tkowymi?<\/span>\n<\/h4>\n<div class=\"edgtf-accordion-content\">\n\t<div class=\"edgtf-accordion-content-inner\">\n\t\t[vc_column_text]<span style=\"font-weight: 400;\">Ilustracje pochodz\u0105 z serii tej samej pracy. Wyr\u00f3\u017cniamy prace z serii otwartej (nieokre\u015blona liczba egzemplarzy) oraz prace z serii limitowanych, w takim przypadku ich numeracja jest nadawana na ka\u017cdym druku. Dzi\u0119ki temu ka\u017cdy egzemplarz jest dzie\u0142em niepowtarzalnym. Podpisy i numery Roberta Tysa, ka\u017cdy odr\u0119czny o\u0142\u00f3wkiem.<\/span>[\/vc_column_text]\t<\/div>\n<\/div><h4 class=\"edgtf-accordion-title\">\n    <span class=\"edgtf-accordion-mark\">\n\t\t<span class=\"edgtf_icon_plus icon_plus\"><\/span>\n\t\t<span class=\"edgtf_icon_minus icon_minus-06\"><\/span>\n\t<\/span>\n\t<span class=\"edgtf-tab-title\">Chc\u0119 z\u0142o\u017cy\u0107 zam\u00f3wienie niestandardowe; czy to jest mo\u017cliwe?<\/span>\n<\/h4>\n<div class=\"edgtf-accordion-content\">\n\t<div class=\"edgtf-accordion-content-inner\">\n\t\t[vc_column_text]<span style=\"font-weight: 400;\">Tak, prosz\u0119 o przes\u0142anie e-maila ze wszystkimi szczeg\u00f3\u0142ami i numerem telefonu.<\/span>[\/vc_column_text]\t<\/div>\n<\/div><h4 class=\"edgtf-accordion-title\">\n    <span class=\"edgtf-accordion-mark\">\n\t\t<span class=\"edgtf_icon_plus icon_plus\"><\/span>\n\t\t<span class=\"edgtf_icon_minus icon_minus-06\"><\/span>\n\t<\/span>\n\t<span class=\"edgtf-tab-title\">Czy istniej\u0105 wi\u0119ksze formaty obraz\u00f3w?<\/span>\n<\/h4>\n<div class=\"edgtf-accordion-content\">\n\t<div class=\"edgtf-accordion-content-inner\">\n\t\t[vc_column_text]<span style=\"font-weight: 400;\">Tak, istniej\u0105 wi\u0119ksze formaty wydruku. W celu uzyskania ceny za wi\u0119kszy format prosimy o kontakt e-mailowy z podaniem wszystkich szczeg\u00f3\u0142\u00f3w dotycz\u0105cych formatu wydruku oraz numeru telefonu.<\/span>[\/vc_column_text]\t<\/div>\n<\/div><\/div>[\/vc_column][\/vc_row]<\/p>\n<\/section>","protected":false},"excerpt":{"rendered":"<p>[vc_row css=&#8221;.vc_custom_1714994675642{padding-right: 25% !important;padding-bottom: 50px !important;}&#8221;][vc_column][\/vc_column][\/vc_row][vc_row][vc_column][\/vc_column][\/vc_row]<\/p>\n","protected":false},"author":1,"featured_media":0,"parent":0,"menu_order":0,"comment_status":"closed","ping_status":"closed","template":"","meta":{"footnotes":""},"class_list":["post-7942","page","type-page","status-publish","hentry"],"yoast_head":"<!-- This site is optimized with the Yoast SEO plugin v27.2 - https:\/\/yoast.com\/product\/yoast-seo-wordpress\/ -->\n<title>FAQ - Robert Tys | Mediterranean paintings<\/title>\n<meta name=\"robots\" content=\"index, follow, max-snippet:-1, max-image-preview:large, max-video-preview:-1\" \/>\n<link rel=\"canonical\" href=\"https:\/\/roberttys.com\/pl\/faq\" \/>\n<meta property=\"og:locale\" content=\"pl_PL\" \/>\n<meta property=\"og:type\" content=\"article\" \/>\n<meta property=\"og:title\" content=\"FAQ - Robert Tys | Mediterranean paintings\" \/>\n<meta property=\"og:description\" content=\"[vc_row css=&#8221;.vc_custom_1714994675642{padding-right: 25% !important;padding-bottom: 50px !important;}&#8221;][vc_column][\/vc_column][\/vc_row][vc_row][vc_column][\/vc_column][\/vc_row]\" \/>\n<meta property=\"og:url\" content=\"https:\/\/roberttys.com\/pl\/faq\" \/>\n<meta property=\"og:site_name\" content=\"Robert Tys | Mediterranean paintings\" \/>\n<meta property=\"article:modified_time\" content=\"2024-06-06T16:05:25+00:00\" \/>\n<meta property=\"og:image\" content=\"https:\/\/roberttys.com\/wp-content\/uploads\/2024\/03\/roberttys-slider-photo.jpg\" \/>\n\t<meta property=\"og:image:width\" content=\"1024\" \/>\n\t<meta property=\"og:image:height\" content=\"561\" \/>\n\t<meta property=\"og:image:type\" content=\"image\/jpeg\" \/>\n<meta name=\"twitter:card\" content=\"summary_large_image\" \/>\n<meta name=\"twitter:label1\" content=\"Szacowany czas czytania\" \/>\n\t<meta name=\"twitter:data1\" content=\"4 minuty\" \/>\n<script type=\"application\/ld+json\" class=\"yoast-schema-graph\">{\"@context\":\"https:\/\/schema.org\",\"@graph\":[{\"@type\":\"WebPage\",\"@id\":\"https:\/\/roberttys.com\/pl\/faq\",\"url\":\"https:\/\/roberttys.com\/pl\/faq\",\"name\":\"FAQ - Robert Tys | Mediterranean paintings\",\"isPartOf\":{\"@id\":\"https:\/\/roberttys.com\/pl#website\"},\"datePublished\":\"2024-05-06T11:17:01+00:00\",\"dateModified\":\"2024-06-06T16:05:25+00:00\",\"breadcrumb\":{\"@id\":\"https:\/\/roberttys.com\/pl\/faq#breadcrumb\"},\"inLanguage\":\"pl-PL\",\"potentialAction\":[{\"@type\":\"ReadAction\",\"target\":[\"https:\/\/roberttys.com\/pl\/faq\"]}]},{\"@type\":\"BreadcrumbList\",\"@id\":\"https:\/\/roberttys.com\/pl\/faq#breadcrumb\",\"itemListElement\":[{\"@type\":\"ListItem\",\"position\":1,\"name\":\"Strona g\u0142\u00f3wna\",\"item\":\"https:\/\/roberttys.com\/pl\"},{\"@type\":\"ListItem\",\"position\":2,\"name\":\"FAQ\"}]},{\"@type\":\"WebSite\",\"@id\":\"https:\/\/roberttys.com\/pl#website\",\"url\":\"https:\/\/roberttys.com\/pl\",\"name\":\"Robert Tys | Mediterranean paintings\",\"description\":\"Mediterranean paintings\",\"publisher\":{\"@id\":\"https:\/\/roberttys.com\/pl#\/schema\/person\/511a7552115aa32e2ac0e89286329c73\"},\"alternateName\":\"Robert Tys\",\"potentialAction\":[{\"@type\":\"SearchAction\",\"target\":{\"@type\":\"EntryPoint\",\"urlTemplate\":\"https:\/\/roberttys.com\/pl?s={search_term_string}\"},\"query-input\":{\"@type\":\"PropertyValueSpecification\",\"valueRequired\":true,\"valueName\":\"search_term_string\"}}],\"inLanguage\":\"pl-PL\"},{\"@type\":[\"Person\",\"Organization\"],\"@id\":\"https:\/\/roberttys.com\/pl#\/schema\/person\/511a7552115aa32e2ac0e89286329c73\",\"name\":\"Robert Tys\",\"image\":{\"@type\":\"ImageObject\",\"inLanguage\":\"pl-PL\",\"@id\":\"https:\/\/roberttys.com\/wp-content\/uploads\/2024\/03\/logo-robert-tys-1.jpg\",\"url\":\"https:\/\/roberttys.com\/wp-content\/uploads\/2024\/03\/logo-robert-tys-1.jpg\",\"contentUrl\":\"https:\/\/roberttys.com\/wp-content\/uploads\/2024\/03\/logo-robert-tys-1.jpg\",\"width\":610,\"height\":726,\"caption\":\"Robert Tys\"},\"logo\":{\"@id\":\"https:\/\/roberttys.com\/wp-content\/uploads\/2024\/03\/logo-robert-tys-1.jpg\"}}]}<\/script>\n<!-- \/ Yoast SEO plugin. -->","yoast_head_json":{"title":"FAQ - Robert Tys | Mediterranean paintings","robots":{"index":"index","follow":"follow","max-snippet":"max-snippet:-1","max-image-preview":"max-image-preview:large","max-video-preview":"max-video-preview:-1"},"canonical":"https:\/\/roberttys.com\/pl\/faq","og_locale":"pl_PL","og_type":"article","og_title":"FAQ - Robert Tys | Mediterranean paintings","og_description":"[vc_row css=&#8221;.vc_custom_1714994675642{padding-right: 25% !important;padding-bottom: 50px !important;}&#8221;][vc_column][\/vc_column][\/vc_row][vc_row][vc_column][\/vc_column][\/vc_row]","og_url":"https:\/\/roberttys.com\/pl\/faq","og_site_name":"Robert Tys | Mediterranean paintings","article_modified_time":"2024-06-06T16:05:25+00:00","og_image":[{"width":1024,"height":561,"url":"https:\/\/roberttys.com\/wp-content\/uploads\/2024\/03\/roberttys-slider-photo.jpg","type":"image\/jpeg"}],"twitter_card":"summary_large_image","twitter_misc":{"Szacowany czas czytania":"4 minuty"},"schema":{"@context":"https:\/\/schema.org","@graph":[{"@type":"WebPage","@id":"https:\/\/roberttys.com\/pl\/faq","url":"https:\/\/roberttys.com\/pl\/faq","name":"FAQ - Robert Tys | Mediterranean paintings","isPartOf":{"@id":"https:\/\/roberttys.com\/pl#website"},"datePublished":"2024-05-06T11:17:01+00:00","dateModified":"2024-06-06T16:05:25+00:00","breadcrumb":{"@id":"https:\/\/roberttys.com\/pl\/faq#breadcrumb"},"inLanguage":"pl-PL","potentialAction":[{"@type":"ReadAction","target":["https:\/\/roberttys.com\/pl\/faq"]}]},{"@type":"BreadcrumbList","@id":"https:\/\/roberttys.com\/pl\/faq#breadcrumb","itemListElement":[{"@type":"ListItem","position":1,"name":"Strona g\u0142\u00f3wna","item":"https:\/\/roberttys.com\/pl"},{"@type":"ListItem","position":2,"name":"FAQ"}]},{"@type":"WebSite","@id":"https:\/\/roberttys.com\/pl#website","url":"https:\/\/roberttys.com\/pl","name":"Robert Tys | Mediterranean paintings","description":"Mediterranean paintings","publisher":{"@id":"https:\/\/roberttys.com\/pl#\/schema\/person\/511a7552115aa32e2ac0e89286329c73"},"alternateName":"Robert Tys","potentialAction":[{"@type":"SearchAction","target":{"@type":"EntryPoint","urlTemplate":"https:\/\/roberttys.com\/pl?s={search_term_string}"},"query-input":{"@type":"PropertyValueSpecification","valueRequired":true,"valueName":"search_term_string"}}],"inLanguage":"pl-PL"},{"@type":["Person","Organization"],"@id":"https:\/\/roberttys.com\/pl#\/schema\/person\/511a7552115aa32e2ac0e89286329c73","name":"Robert Tys","image":{"@type":"ImageObject","inLanguage":"pl-PL","@id":"https:\/\/roberttys.com\/wp-content\/uploads\/2024\/03\/logo-robert-tys-1.jpg","url":"https:\/\/roberttys.com\/wp-content\/uploads\/2024\/03\/logo-robert-tys-1.jpg","contentUrl":"https:\/\/roberttys.com\/wp-content\/uploads\/2024\/03\/logo-robert-tys-1.jpg","width":610,"height":726,"caption":"Robert Tys"},"logo":{"@id":"https:\/\/roberttys.com\/wp-content\/uploads\/2024\/03\/logo-robert-tys-1.jpg"}}]}},"_links":{"self":[{"href":"https:\/\/roberttys.com\/pl\/wp-json\/wp\/v2\/pages\/7942","targetHints":{"allow":["GET"]}}],"collection":[{"href":"https:\/\/roberttys.com\/pl\/wp-json\/wp\/v2\/pages"}],"about":[{"href":"https:\/\/roberttys.com\/pl\/wp-json\/wp\/v2\/types\/page"}],"author":[{"embeddable":true,"href":"https:\/\/roberttys.com\/pl\/wp-json\/wp\/v2\/users\/1"}],"replies":[{"embeddable":true,"href":"https:\/\/roberttys.com\/pl\/wp-json\/wp\/v2\/comments?post=7942"}],"version-history":[{"count":13,"href":"https:\/\/roberttys.com\/pl\/wp-json\/wp\/v2\/pages\/7942\/revisions"}],"predecessor-version":[{"id":7977,"href":"https:\/\/roberttys.com\/pl\/wp-json\/wp\/v2\/pages\/7942\/revisions\/7977"}],"wp:attachment":[{"href":"https:\/\/roberttys.com\/pl\/wp-json\/wp\/v2\/media?parent=7942"}],"curies":[{"name":"wp","href":"https:\/\/api.w.org\/{rel}","templated":true}]}}