{"id":6061,"date":"2024-03-13T20:46:24","date_gmt":"2024-03-13T20:46:24","guid":{"rendered":"https:\/\/rts.tegn.pl\/?post_type=product&#038;p=6061"},"modified":"2024-06-13T13:57:33","modified_gmt":"2024-06-13T13:57:33","slug":"procida-port","status":"publish","type":"product","link":"https:\/\/roberttys.com\/pl\/gallery\/procida-port","title":{"rendered":"Port w Procida"},"content":{"rendered":"<p class=\"p1\">Szczeg\u00f3\u0142 portu &#8211; Procida 01. Zatoka Neapolita\u0144ska.<br \/>\nWydrukowano na papierze Fine Art &#8211; William Turner, 100% bawe\u0142na, 190 gr\/m<sup>2<\/sup>.<\/p>\n","protected":false},"excerpt":{"rendered":"<p class=\"p1\">Szczeg\u00f3\u0142 portu &#8211; Procida 01. Zatoka Neapolita\u0144ska.<br \/>\nWydrukowano na papierze Fine Art &#8211; William Turner, 100% bawe\u0142na, 190 gr\/m<sup>2<\/sup>.<\/p>\n","protected":false},"featured_media":7396,"template":"","meta":[],"product_cat":[131],"product_tag":[],"class_list":{"0":"post-6061","1":"product","2":"type-product","3":"status-publish","4":"has-post-thumbnail","6":"product_cat-architektura","7":"pa_number-1-100","9":"first","10":"instock","11":"shipping-taxable","12":"purchasable","13":"product-type-variable"},"yoast_head":"<!-- This site is optimized with the Yoast SEO plugin v27.2 - https:\/\/yoast.com\/product\/yoast-seo-wordpress\/ -->\n<title>Port w Procida - Robert Tys | Mediterranean paintings<\/title>\n<meta name=\"robots\" content=\"index, follow, max-snippet:-1, max-image-preview:large, max-video-preview:-1\" \/>\n<link rel=\"canonical\" href=\"https:\/\/roberttys.com\/pl\/gallery\/procida-port\" \/>\n<meta property=\"og:locale\" content=\"pl_PL\" \/>\n<meta property=\"og:type\" content=\"article\" \/>\n<meta property=\"og:title\" content=\"Port w Procida - Robert Tys | Mediterranean paintings\" \/>\n<meta property=\"og:description\" content=\"Szczeg\u00f3\u0142 portu - Procida 01. Zatoka Neapolita\u0144ska. Wydrukowano na papierze Fine Art - William Turner, 100% bawe\u0142na, 190 gr\/m2.\" \/>\n<meta property=\"og:url\" content=\"https:\/\/roberttys.com\/pl\/gallery\/procida-port\" \/>\n<meta property=\"og:site_name\" content=\"Robert Tys | Mediterranean paintings\" \/>\n<meta property=\"article:modified_time\" content=\"2024-06-13T13:57:33+00:00\" \/>\n<meta property=\"og:image\" content=\"https:\/\/roberttys.com\/wp-content\/uploads\/2024\/03\/035-roberttys-p.jpg\" \/>\n\t<meta property=\"og:image:width\" content=\"572\" \/>\n\t<meta property=\"og:image:height\" content=\"810\" \/>\n\t<meta property=\"og:image:type\" content=\"image\/jpeg\" \/>\n<meta name=\"twitter:card\" content=\"summary_large_image\" \/>\n<script type=\"application\/ld+json\" class=\"yoast-schema-graph\">{\"@context\":\"https:\/\/schema.org\",\"@graph\":[{\"@type\":\"WebPage\",\"@id\":\"https:\/\/roberttys.com\/pl\/gallery\/procida-port\",\"url\":\"https:\/\/roberttys.com\/pl\/gallery\/procida-port\",\"name\":\"Port w Procida - Robert Tys | Mediterranean paintings\",\"isPartOf\":{\"@id\":\"https:\/\/roberttys.com\/pl#website\"},\"primaryImageOfPage\":{\"@id\":\"https:\/\/roberttys.com\/pl\/gallery\/procida-port#primaryimage\"},\"image\":{\"@id\":\"https:\/\/roberttys.com\/pl\/gallery\/procida-port#primaryimage\"},\"thumbnailUrl\":\"https:\/\/roberttys.com\/wp-content\/uploads\/2024\/03\/035-roberttys-p.jpg\",\"datePublished\":\"2024-03-13T20:46:24+00:00\",\"dateModified\":\"2024-06-13T13:57:33+00:00\",\"breadcrumb\":{\"@id\":\"https:\/\/roberttys.com\/pl\/gallery\/procida-port#breadcrumb\"},\"inLanguage\":\"pl-PL\",\"potentialAction\":[{\"@type\":\"ReadAction\",\"target\":[\"https:\/\/roberttys.com\/pl\/gallery\/procida-port\"]}]},{\"@type\":\"ImageObject\",\"inLanguage\":\"pl-PL\",\"@id\":\"https:\/\/roberttys.com\/pl\/gallery\/procida-port#primaryimage\",\"url\":\"https:\/\/roberttys.com\/wp-content\/uploads\/2024\/03\/035-roberttys-p.jpg\",\"contentUrl\":\"https:\/\/roberttys.com\/wp-content\/uploads\/2024\/03\/035-roberttys-p.jpg\",\"width\":572,\"height\":810},{\"@type\":\"BreadcrumbList\",\"@id\":\"https:\/\/roberttys.com\/pl\/gallery\/procida-port#breadcrumb\",\"itemListElement\":[{\"@type\":\"ListItem\",\"position\":1,\"name\":\"Strona g\u0142\u00f3wna\",\"item\":\"https:\/\/roberttys.com\/pl\"},{\"@type\":\"ListItem\",\"position\":2,\"name\":\"Galeria\",\"item\":\"https:\/\/roberttys.com\/pl\/galeria\"},{\"@type\":\"ListItem\",\"position\":3,\"name\":\"Port w Procida\"}]},{\"@type\":\"WebSite\",\"@id\":\"https:\/\/roberttys.com\/pl#website\",\"url\":\"https:\/\/roberttys.com\/pl\",\"name\":\"Robert Tys | Mediterranean paintings\",\"description\":\"Mediterranean paintings\",\"publisher\":{\"@id\":\"https:\/\/roberttys.com\/pl#\/schema\/person\/511a7552115aa32e2ac0e89286329c73\"},\"alternateName\":\"Robert Tys\",\"potentialAction\":[{\"@type\":\"SearchAction\",\"target\":{\"@type\":\"EntryPoint\",\"urlTemplate\":\"https:\/\/roberttys.com\/pl?s={search_term_string}\"},\"query-input\":{\"@type\":\"PropertyValueSpecification\",\"valueRequired\":true,\"valueName\":\"search_term_string\"}}],\"inLanguage\":\"pl-PL\"},{\"@type\":[\"Person\",\"Organization\"],\"@id\":\"https:\/\/roberttys.com\/pl#\/schema\/person\/511a7552115aa32e2ac0e89286329c73\",\"name\":\"Robert Tys\",\"image\":{\"@type\":\"ImageObject\",\"inLanguage\":\"pl-PL\",\"@id\":\"https:\/\/roberttys.com\/wp-content\/uploads\/2024\/03\/logo-robert-tys-1.jpg\",\"url\":\"https:\/\/roberttys.com\/wp-content\/uploads\/2024\/03\/logo-robert-tys-1.jpg\",\"contentUrl\":\"https:\/\/roberttys.com\/wp-content\/uploads\/2024\/03\/logo-robert-tys-1.jpg\",\"width\":610,\"height\":726,\"caption\":\"Robert Tys\"},\"logo\":{\"@id\":\"https:\/\/roberttys.com\/wp-content\/uploads\/2024\/03\/logo-robert-tys-1.jpg\"}}]}<\/script>\n<!-- \/ Yoast SEO plugin. -->","yoast_head_json":{"title":"Port w Procida - Robert Tys | Mediterranean paintings","robots":{"index":"index","follow":"follow","max-snippet":"max-snippet:-1","max-image-preview":"max-image-preview:large","max-video-preview":"max-video-preview:-1"},"canonical":"https:\/\/roberttys.com\/pl\/gallery\/procida-port","og_locale":"pl_PL","og_type":"article","og_title":"Port w Procida - Robert Tys | Mediterranean paintings","og_description":"Szczeg\u00f3\u0142 portu - Procida 01. Zatoka Neapolita\u0144ska. Wydrukowano na papierze Fine Art - William Turner, 100% bawe\u0142na, 190 gr\/m2.","og_url":"https:\/\/roberttys.com\/pl\/gallery\/procida-port","og_site_name":"Robert Tys | Mediterranean paintings","article_modified_time":"2024-06-13T13:57:33+00:00","og_image":[{"width":572,"height":810,"url":"https:\/\/roberttys.com\/wp-content\/uploads\/2024\/03\/035-roberttys-p.jpg","type":"image\/jpeg"}],"twitter_card":"summary_large_image","schema":{"@context":"https:\/\/schema.org","@graph":[{"@type":"WebPage","@id":"https:\/\/roberttys.com\/pl\/gallery\/procida-port","url":"https:\/\/roberttys.com\/pl\/gallery\/procida-port","name":"Port w Procida - Robert Tys | Mediterranean paintings","isPartOf":{"@id":"https:\/\/roberttys.com\/pl#website"},"primaryImageOfPage":{"@id":"https:\/\/roberttys.com\/pl\/gallery\/procida-port#primaryimage"},"image":{"@id":"https:\/\/roberttys.com\/pl\/gallery\/procida-port#primaryimage"},"thumbnailUrl":"https:\/\/roberttys.com\/wp-content\/uploads\/2024\/03\/035-roberttys-p.jpg","datePublished":"2024-03-13T20:46:24+00:00","dateModified":"2024-06-13T13:57:33+00:00","breadcrumb":{"@id":"https:\/\/roberttys.com\/pl\/gallery\/procida-port#breadcrumb"},"inLanguage":"pl-PL","potentialAction":[{"@type":"ReadAction","target":["https:\/\/roberttys.com\/pl\/gallery\/procida-port"]}]},{"@type":"ImageObject","inLanguage":"pl-PL","@id":"https:\/\/roberttys.com\/pl\/gallery\/procida-port#primaryimage","url":"https:\/\/roberttys.com\/wp-content\/uploads\/2024\/03\/035-roberttys-p.jpg","contentUrl":"https:\/\/roberttys.com\/wp-content\/uploads\/2024\/03\/035-roberttys-p.jpg","width":572,"height":810},{"@type":"BreadcrumbList","@id":"https:\/\/roberttys.com\/pl\/gallery\/procida-port#breadcrumb","itemListElement":[{"@type":"ListItem","position":1,"name":"Strona g\u0142\u00f3wna","item":"https:\/\/roberttys.com\/pl"},{"@type":"ListItem","position":2,"name":"Galeria","item":"https:\/\/roberttys.com\/pl\/galeria"},{"@type":"ListItem","position":3,"name":"Port w Procida"}]},{"@type":"WebSite","@id":"https:\/\/roberttys.com\/pl#website","url":"https:\/\/roberttys.com\/pl","name":"Robert Tys | Mediterranean paintings","description":"Mediterranean paintings","publisher":{"@id":"https:\/\/roberttys.com\/pl#\/schema\/person\/511a7552115aa32e2ac0e89286329c73"},"alternateName":"Robert Tys","potentialAction":[{"@type":"SearchAction","target":{"@type":"EntryPoint","urlTemplate":"https:\/\/roberttys.com\/pl?s={search_term_string}"},"query-input":{"@type":"PropertyValueSpecification","valueRequired":true,"valueName":"search_term_string"}}],"inLanguage":"pl-PL"},{"@type":["Person","Organization"],"@id":"https:\/\/roberttys.com\/pl#\/schema\/person\/511a7552115aa32e2ac0e89286329c73","name":"Robert Tys","image":{"@type":"ImageObject","inLanguage":"pl-PL","@id":"https:\/\/roberttys.com\/wp-content\/uploads\/2024\/03\/logo-robert-tys-1.jpg","url":"https:\/\/roberttys.com\/wp-content\/uploads\/2024\/03\/logo-robert-tys-1.jpg","contentUrl":"https:\/\/roberttys.com\/wp-content\/uploads\/2024\/03\/logo-robert-tys-1.jpg","width":610,"height":726,"caption":"Robert Tys"},"logo":{"@id":"https:\/\/roberttys.com\/wp-content\/uploads\/2024\/03\/logo-robert-tys-1.jpg"}}]}},"_links":{"self":[{"href":"https:\/\/roberttys.com\/pl\/wp-json\/wp\/v2\/product\/6061","targetHints":{"allow":["GET"]}}],"collection":[{"href":"https:\/\/roberttys.com\/pl\/wp-json\/wp\/v2\/product"}],"about":[{"href":"https:\/\/roberttys.com\/pl\/wp-json\/wp\/v2\/types\/product"}],"wp:featuredmedia":[{"embeddable":true,"href":"https:\/\/roberttys.com\/pl\/wp-json\/wp\/v2\/media\/7396"}],"wp:attachment":[{"href":"https:\/\/roberttys.com\/pl\/wp-json\/wp\/v2\/media?parent=6061"}],"wp:term":[{"taxonomy":"product_cat","embeddable":true,"href":"https:\/\/roberttys.com\/pl\/wp-json\/wp\/v2\/product_cat?post=6061"},{"taxonomy":"product_tag","embeddable":true,"href":"https:\/\/roberttys.com\/pl\/wp-json\/wp\/v2\/product_tag?post=6061"}],"curies":[{"name":"wp","href":"https:\/\/api.w.org\/{rel}","templated":true}]}}