{"id":6656,"date":"2024-03-18T09:51:58","date_gmt":"2024-03-18T09:51:58","guid":{"rendered":"https:\/\/rts.tegn.pl\/?post_type=product&#038;p=6656"},"modified":"2026-04-30T21:47:49","modified_gmt":"2026-04-30T21:47:49","slug":"the-town-of-oia","status":"publish","type":"product","link":"https:\/\/roberttys.com\/pl\/gallery\/the-town-of-oia","title":{"rendered":"Miasto Oia"},"content":{"rendered":"<p>Miasteczko na wyspie Santorini.1<br \/>\nWydrukowano na papierze Fine Art &#8211; William Turner, 100% bawe\u0142na, 190 gr\/m<sup>2<\/sup>.<\/p>\n","protected":false},"excerpt":{"rendered":"<p>Wydrukowano na papierze Fine Art &#8211; William Turner, 100% bawe\u0142na, 190 gr\/m<sup>2<\/sup>.<\/p>\n<p>W\u00a0ofercie galerii znajdziesz\u00a0<strong>wydania otwarte<\/strong>\u00a0moich prac. Je\u015bli jednak poszukujesz warto\u015bci kolekcjonerskiej, istnieje mo\u017cliwo\u015b\u0107 zakupu oryginalnej edycji limitowanej. Ka\u017cda praca z\u00a0serii limitowanej (tylko 30 sztuk) jest drukowana na szlachetnym, bawe\u0142nianym papierze archiwalnym \u2014 najcz\u0119\u015bciej\u00a0<strong>Hahnem\u00fchle William Turner o\u00a0gramaturze 310 g\/m\u00b2<\/strong>. Odbitki te posiadaj\u0105 m\u00f3j odr\u0119czny podpis oraz\u00a0certyfikat autentyczno\u015bci. W\u00a0celu zakupu edycji premium zapraszam do\u00a0kontaktu bezpo\u015bredniego: kontakt@roberttys.com.<\/p>\n","protected":false},"featured_media":7375,"template":"","meta":[],"product_brand":[],"product_cat":[131],"product_tag":[],"class_list":{"0":"post-6656","1":"product","2":"type-product","3":"status-publish","4":"has-post-thumbnail","6":"product_cat-architektura","8":"first","9":"instock","10":"shipping-taxable","11":"purchasable","12":"product-type-variable"},"yoast_head":"<!-- This site is optimized with the Yoast SEO plugin v27.5 - https:\/\/yoast.com\/product\/yoast-seo-wordpress\/ -->\n<title>Miasto Oia - Robert Tys | Mediterranean paintings<\/title>\n<meta name=\"robots\" content=\"index, follow, max-snippet:-1, max-image-preview:large, max-video-preview:-1\" \/>\n<link rel=\"canonical\" href=\"https:\/\/roberttys.com\/pl\/gallery\/the-town-of-oia\" \/>\n<meta property=\"og:locale\" content=\"pl_PL\" \/>\n<meta property=\"og:type\" content=\"article\" \/>\n<meta property=\"og:title\" content=\"Miasto Oia - Robert Tys | Mediterranean paintings\" \/>\n<meta property=\"og:description\" content=\"Wydrukowano na papierze Fine Art - William Turner, 100% bawe\u0142na, 190 gr\/m2.  W\u00a0ofercie galerii znajdziesz\u00a0wydania otwarte\u00a0moich prac. Je\u015bli jednak poszukujesz warto\u015bci kolekcjonerskiej, istnieje mo\u017cliwo\u015b\u0107 zakupu oryginalnej edycji limitowanej. Ka\u017cda praca z\u00a0serii limitowanej (tylko 30 sztuk) jest drukowana na szlachetnym, bawe\u0142nianym papierze archiwalnym \u2014 najcz\u0119\u015bciej\u00a0Hahnem\u00fchle William Turner o\u00a0gramaturze 310 g\/m\u00b2. Odbitki te posiadaj\u0105 m\u00f3j odr\u0119czny podpis oraz\u00a0certyfikat autentyczno\u015bci. W\u00a0celu zakupu edycji premium zapraszam do\u00a0kontaktu bezpo\u015bredniego: kontakt@roberttys.com.\" \/>\n<meta property=\"og:url\" content=\"https:\/\/roberttys.com\/pl\/gallery\/the-town-of-oia\" \/>\n<meta property=\"og:site_name\" content=\"Robert Tys | Mediterranean paintings\" \/>\n<meta property=\"article:modified_time\" content=\"2026-04-30T21:47:49+00:00\" \/>\n<meta property=\"og:image\" content=\"https:\/\/roberttys.com\/wp-content\/uploads\/2024\/03\/043-roberttys-p.jpg\" \/>\n\t<meta property=\"og:image:width\" content=\"810\" \/>\n\t<meta property=\"og:image:height\" content=\"572\" \/>\n\t<meta property=\"og:image:type\" content=\"image\/jpeg\" \/>\n<meta name=\"twitter:card\" content=\"summary_large_image\" \/>\n<meta name=\"twitter:label1\" content=\"Szacowany czas czytania\" \/>\n\t<meta name=\"twitter:data1\" content=\"1 minuta\" \/>\n<script type=\"application\/ld+json\" class=\"yoast-schema-graph\">{\"@context\":\"https:\\\/\\\/schema.org\",\"@graph\":[{\"@type\":\"WebPage\",\"@id\":\"https:\\\/\\\/roberttys.com\\\/pl\\\/gallery\\\/the-town-of-oia\",\"url\":\"https:\\\/\\\/roberttys.com\\\/pl\\\/gallery\\\/the-town-of-oia\",\"name\":\"Miasto Oia - Robert Tys | Mediterranean paintings\",\"isPartOf\":{\"@id\":\"https:\\\/\\\/roberttys.com\\\/pl#website\"},\"primaryImageOfPage\":{\"@id\":\"https:\\\/\\\/roberttys.com\\\/pl\\\/gallery\\\/the-town-of-oia#primaryimage\"},\"image\":{\"@id\":\"https:\\\/\\\/roberttys.com\\\/pl\\\/gallery\\\/the-town-of-oia#primaryimage\"},\"thumbnailUrl\":\"https:\\\/\\\/roberttys.com\\\/wp-content\\\/uploads\\\/2024\\\/03\\\/043-roberttys-p.jpg\",\"datePublished\":\"2024-03-18T09:51:58+00:00\",\"dateModified\":\"2026-04-30T21:47:49+00:00\",\"breadcrumb\":{\"@id\":\"https:\\\/\\\/roberttys.com\\\/pl\\\/gallery\\\/the-town-of-oia#breadcrumb\"},\"inLanguage\":\"pl-PL\",\"potentialAction\":[{\"@type\":\"ReadAction\",\"target\":[\"https:\\\/\\\/roberttys.com\\\/pl\\\/gallery\\\/the-town-of-oia\"]}]},{\"@type\":\"ImageObject\",\"inLanguage\":\"pl-PL\",\"@id\":\"https:\\\/\\\/roberttys.com\\\/pl\\\/gallery\\\/the-town-of-oia#primaryimage\",\"url\":\"https:\\\/\\\/roberttys.com\\\/wp-content\\\/uploads\\\/2024\\\/03\\\/043-roberttys-p.jpg\",\"contentUrl\":\"https:\\\/\\\/roberttys.com\\\/wp-content\\\/uploads\\\/2024\\\/03\\\/043-roberttys-p.jpg\",\"width\":810,\"height\":572},{\"@type\":\"BreadcrumbList\",\"@id\":\"https:\\\/\\\/roberttys.com\\\/pl\\\/gallery\\\/the-town-of-oia#breadcrumb\",\"itemListElement\":[{\"@type\":\"ListItem\",\"position\":1,\"name\":\"Strona g\u0142\u00f3wna\",\"item\":\"https:\\\/\\\/roberttys.com\\\/pl\"},{\"@type\":\"ListItem\",\"position\":2,\"name\":\"Galeria\",\"item\":\"https:\\\/\\\/roberttys.com\\\/pl\\\/galeria\"},{\"@type\":\"ListItem\",\"position\":3,\"name\":\"Miasto Oia\"}]},{\"@type\":\"WebSite\",\"@id\":\"https:\\\/\\\/roberttys.com\\\/pl#website\",\"url\":\"https:\\\/\\\/roberttys.com\\\/pl\",\"name\":\"Robert Tys | Mediterranean paintings\",\"description\":\"Mediterranean paintings\",\"publisher\":{\"@id\":\"https:\\\/\\\/roberttys.com\\\/pl#\\\/schema\\\/person\\\/511a7552115aa32e2ac0e89286329c73\"},\"alternateName\":\"Robert Tys\",\"potentialAction\":[{\"@type\":\"SearchAction\",\"target\":{\"@type\":\"EntryPoint\",\"urlTemplate\":\"https:\\\/\\\/roberttys.com\\\/pl?s={search_term_string}\"},\"query-input\":{\"@type\":\"PropertyValueSpecification\",\"valueRequired\":true,\"valueName\":\"search_term_string\"}}],\"inLanguage\":\"pl-PL\"},{\"@type\":[\"Person\",\"Organization\"],\"@id\":\"https:\\\/\\\/roberttys.com\\\/pl#\\\/schema\\\/person\\\/511a7552115aa32e2ac0e89286329c73\",\"name\":\"Robert Tys\",\"image\":{\"@type\":\"ImageObject\",\"inLanguage\":\"pl-PL\",\"@id\":\"https:\\\/\\\/roberttys.com\\\/wp-content\\\/uploads\\\/2024\\\/03\\\/logo-robert-tys-1.jpg\",\"url\":\"https:\\\/\\\/roberttys.com\\\/wp-content\\\/uploads\\\/2024\\\/03\\\/logo-robert-tys-1.jpg\",\"contentUrl\":\"https:\\\/\\\/roberttys.com\\\/wp-content\\\/uploads\\\/2024\\\/03\\\/logo-robert-tys-1.jpg\",\"width\":610,\"height\":726,\"caption\":\"Robert Tys\"},\"logo\":{\"@id\":\"https:\\\/\\\/roberttys.com\\\/wp-content\\\/uploads\\\/2024\\\/03\\\/logo-robert-tys-1.jpg\"}}]}<\/script>\n<!-- \/ Yoast SEO plugin. -->","yoast_head_json":{"title":"Miasto Oia - Robert Tys | Mediterranean paintings","robots":{"index":"index","follow":"follow","max-snippet":"max-snippet:-1","max-image-preview":"max-image-preview:large","max-video-preview":"max-video-preview:-1"},"canonical":"https:\/\/roberttys.com\/pl\/gallery\/the-town-of-oia","og_locale":"pl_PL","og_type":"article","og_title":"Miasto Oia - Robert Tys | Mediterranean paintings","og_description":"Wydrukowano na papierze Fine Art - William Turner, 100% bawe\u0142na, 190 gr\/m2.  W\u00a0ofercie galerii znajdziesz\u00a0wydania otwarte\u00a0moich prac. Je\u015bli jednak poszukujesz warto\u015bci kolekcjonerskiej, istnieje mo\u017cliwo\u015b\u0107 zakupu oryginalnej edycji limitowanej. Ka\u017cda praca z\u00a0serii limitowanej (tylko 30 sztuk) jest drukowana na szlachetnym, bawe\u0142nianym papierze archiwalnym \u2014 najcz\u0119\u015bciej\u00a0Hahnem\u00fchle William Turner o\u00a0gramaturze 310 g\/m\u00b2. Odbitki te posiadaj\u0105 m\u00f3j odr\u0119czny podpis oraz\u00a0certyfikat autentyczno\u015bci. W\u00a0celu zakupu edycji premium zapraszam do\u00a0kontaktu bezpo\u015bredniego: kontakt@roberttys.com.","og_url":"https:\/\/roberttys.com\/pl\/gallery\/the-town-of-oia","og_site_name":"Robert Tys | Mediterranean paintings","article_modified_time":"2026-04-30T21:47:49+00:00","og_image":[{"width":810,"height":572,"url":"https:\/\/roberttys.com\/wp-content\/uploads\/2024\/03\/043-roberttys-p.jpg","type":"image\/jpeg"}],"twitter_card":"summary_large_image","twitter_misc":{"Szacowany czas czytania":"1 minuta"},"schema":{"@context":"https:\/\/schema.org","@graph":[{"@type":"WebPage","@id":"https:\/\/roberttys.com\/pl\/gallery\/the-town-of-oia","url":"https:\/\/roberttys.com\/pl\/gallery\/the-town-of-oia","name":"Miasto Oia - Robert Tys | Mediterranean paintings","isPartOf":{"@id":"https:\/\/roberttys.com\/pl#website"},"primaryImageOfPage":{"@id":"https:\/\/roberttys.com\/pl\/gallery\/the-town-of-oia#primaryimage"},"image":{"@id":"https:\/\/roberttys.com\/pl\/gallery\/the-town-of-oia#primaryimage"},"thumbnailUrl":"https:\/\/roberttys.com\/wp-content\/uploads\/2024\/03\/043-roberttys-p.jpg","datePublished":"2024-03-18T09:51:58+00:00","dateModified":"2026-04-30T21:47:49+00:00","breadcrumb":{"@id":"https:\/\/roberttys.com\/pl\/gallery\/the-town-of-oia#breadcrumb"},"inLanguage":"pl-PL","potentialAction":[{"@type":"ReadAction","target":["https:\/\/roberttys.com\/pl\/gallery\/the-town-of-oia"]}]},{"@type":"ImageObject","inLanguage":"pl-PL","@id":"https:\/\/roberttys.com\/pl\/gallery\/the-town-of-oia#primaryimage","url":"https:\/\/roberttys.com\/wp-content\/uploads\/2024\/03\/043-roberttys-p.jpg","contentUrl":"https:\/\/roberttys.com\/wp-content\/uploads\/2024\/03\/043-roberttys-p.jpg","width":810,"height":572},{"@type":"BreadcrumbList","@id":"https:\/\/roberttys.com\/pl\/gallery\/the-town-of-oia#breadcrumb","itemListElement":[{"@type":"ListItem","position":1,"name":"Strona g\u0142\u00f3wna","item":"https:\/\/roberttys.com\/pl"},{"@type":"ListItem","position":2,"name":"Galeria","item":"https:\/\/roberttys.com\/pl\/galeria"},{"@type":"ListItem","position":3,"name":"Miasto Oia"}]},{"@type":"WebSite","@id":"https:\/\/roberttys.com\/pl#website","url":"https:\/\/roberttys.com\/pl","name":"Robert Tys | Mediterranean paintings","description":"Mediterranean paintings","publisher":{"@id":"https:\/\/roberttys.com\/pl#\/schema\/person\/511a7552115aa32e2ac0e89286329c73"},"alternateName":"Robert Tys","potentialAction":[{"@type":"SearchAction","target":{"@type":"EntryPoint","urlTemplate":"https:\/\/roberttys.com\/pl?s={search_term_string}"},"query-input":{"@type":"PropertyValueSpecification","valueRequired":true,"valueName":"search_term_string"}}],"inLanguage":"pl-PL"},{"@type":["Person","Organization"],"@id":"https:\/\/roberttys.com\/pl#\/schema\/person\/511a7552115aa32e2ac0e89286329c73","name":"Robert Tys","image":{"@type":"ImageObject","inLanguage":"pl-PL","@id":"https:\/\/roberttys.com\/wp-content\/uploads\/2024\/03\/logo-robert-tys-1.jpg","url":"https:\/\/roberttys.com\/wp-content\/uploads\/2024\/03\/logo-robert-tys-1.jpg","contentUrl":"https:\/\/roberttys.com\/wp-content\/uploads\/2024\/03\/logo-robert-tys-1.jpg","width":610,"height":726,"caption":"Robert Tys"},"logo":{"@id":"https:\/\/roberttys.com\/wp-content\/uploads\/2024\/03\/logo-robert-tys-1.jpg"}}]}},"_links":{"self":[{"href":"https:\/\/roberttys.com\/pl\/wp-json\/wp\/v2\/product\/6656","targetHints":{"allow":["GET"]}}],"collection":[{"href":"https:\/\/roberttys.com\/pl\/wp-json\/wp\/v2\/product"}],"about":[{"href":"https:\/\/roberttys.com\/pl\/wp-json\/wp\/v2\/types\/product"}],"wp:featuredmedia":[{"embeddable":true,"href":"https:\/\/roberttys.com\/pl\/wp-json\/wp\/v2\/media\/7375"}],"wp:attachment":[{"href":"https:\/\/roberttys.com\/pl\/wp-json\/wp\/v2\/media?parent=6656"}],"wp:term":[{"taxonomy":"product_brand","embeddable":true,"href":"https:\/\/roberttys.com\/pl\/wp-json\/wp\/v2\/product_brand?post=6656"},{"taxonomy":"product_cat","embeddable":true,"href":"https:\/\/roberttys.com\/pl\/wp-json\/wp\/v2\/product_cat?post=6656"},{"taxonomy":"product_tag","embeddable":true,"href":"https:\/\/roberttys.com\/pl\/wp-json\/wp\/v2\/product_tag?post=6656"}],"curies":[{"name":"wp","href":"https:\/\/api.w.org\/{rel}","templated":true}]}}