{"id":8443,"date":"2024-07-30T16:13:51","date_gmt":"2024-07-30T16:13:51","guid":{"rendered":"https:\/\/roberttys.com\/?post_type=product&#038;p=8443"},"modified":"2024-08-12T21:11:24","modified_gmt":"2024-08-12T21:11:24","slug":"pole-lawendy-o-wschodzie-slonca","status":"publish","type":"product","link":"https:\/\/roberttys.com\/pl\/gallery\/pole-lawendy-o-wschodzie-slonca","title":{"rendered":"Pole lawendy o wschodzie s\u0142o\u0144ca"},"content":{"rendered":"<p class=\"p1\">Valensole. Po\u0142udniowa Francja. Wcze\u015bniej w XIX wieku na p\u0142askowy\u017cu uprawiano g\u0142\u00f3wnie pola migda\u0142owc\u00f3w i d\u0119b\u00f3w truflowych. Gospodarka ta znikn\u0119\u0142a i zosta\u0142a zast\u0105piona upraw\u0105 lawendy i zb\u00f3\u017c. P\u0142askowy\u017c nazywany jest \u201espichlerzem regionu\u201d. Lawenda jest najs\u0142ynniejsz\u0105 upraw\u0105 na p\u0142askowy\u017cu.<br \/>\nWydrukowano na papierze Fine Art \u2013 William Turner, 100% bawe\u0142na, 190 gr\/m<sup>2<\/sup>.<\/p>\n","protected":false},"excerpt":{"rendered":"<p class=\"p1\">Pola Lawendowe w Valensole, Francja.<br \/>\nWydrukowano na papierze Fine Art \u2013 William Turner, 100% bawe\u0142na, 190 gr\/m<sup>2<\/sup>.<\/p>\n","protected":false},"featured_media":8464,"template":"","meta":[],"product_cat":[144],"product_tag":[],"class_list":{"0":"post-8443","1":"product","2":"type-product","3":"status-publish","4":"has-post-thumbnail","6":"product_cat-natura","7":"pa_number-1-100","9":"first","10":"instock","11":"shipping-taxable","12":"purchasable","13":"product-type-variable"},"yoast_head":"<!-- This site is optimized with the Yoast SEO plugin v27.2 - https:\/\/yoast.com\/product\/yoast-seo-wordpress\/ -->\n<title>Pole lawendy o wschodzie s\u0142o\u0144ca - Robert Tys | Mediterranean paintings<\/title>\n<meta name=\"robots\" content=\"index, follow, max-snippet:-1, max-image-preview:large, max-video-preview:-1\" \/>\n<link rel=\"canonical\" href=\"https:\/\/roberttys.com\/pl\/gallery\/pole-lawendy-o-wschodzie-slonca\" \/>\n<meta property=\"og:locale\" content=\"pl_PL\" \/>\n<meta property=\"og:type\" content=\"article\" \/>\n<meta property=\"og:title\" content=\"Pole lawendy o wschodzie s\u0142o\u0144ca - Robert Tys | Mediterranean paintings\" \/>\n<meta property=\"og:description\" content=\"Pola Lawendowe w Valensole, Francja. Wydrukowano na papierze Fine Art \u2013 William Turner, 100% bawe\u0142na, 190 gr\/m2.\" \/>\n<meta property=\"og:url\" content=\"https:\/\/roberttys.com\/pl\/gallery\/pole-lawendy-o-wschodzie-slonca\" \/>\n<meta property=\"og:site_name\" content=\"Robert Tys | Mediterranean paintings\" \/>\n<meta property=\"article:modified_time\" content=\"2024-08-12T21:11:24+00:00\" \/>\n<meta property=\"og:image\" content=\"https:\/\/roberttys.com\/wp-content\/uploads\/2024\/07\/084-roberttys-p-1.jpg\" \/>\n\t<meta property=\"og:image:width\" content=\"1920\" \/>\n\t<meta property=\"og:image:height\" content=\"1430\" \/>\n\t<meta property=\"og:image:type\" content=\"image\/jpeg\" \/>\n<meta name=\"twitter:card\" content=\"summary_large_image\" \/>\n<meta name=\"twitter:label1\" content=\"Szacowany czas czytania\" \/>\n\t<meta name=\"twitter:data1\" content=\"1 minuta\" \/>\n<script type=\"application\/ld+json\" class=\"yoast-schema-graph\">{\"@context\":\"https:\/\/schema.org\",\"@graph\":[{\"@type\":\"WebPage\",\"@id\":\"https:\/\/roberttys.com\/pl\/gallery\/pole-lawendy-o-wschodzie-slonca\",\"url\":\"https:\/\/roberttys.com\/pl\/gallery\/pole-lawendy-o-wschodzie-slonca\",\"name\":\"Pole lawendy o wschodzie s\u0142o\u0144ca - Robert Tys | Mediterranean paintings\",\"isPartOf\":{\"@id\":\"https:\/\/roberttys.com\/pl#website\"},\"primaryImageOfPage\":{\"@id\":\"https:\/\/roberttys.com\/pl\/gallery\/pole-lawendy-o-wschodzie-slonca#primaryimage\"},\"image\":{\"@id\":\"https:\/\/roberttys.com\/pl\/gallery\/pole-lawendy-o-wschodzie-slonca#primaryimage\"},\"thumbnailUrl\":\"https:\/\/roberttys.com\/wp-content\/uploads\/2024\/07\/084-roberttys-p-1.jpg\",\"datePublished\":\"2024-07-30T16:13:51+00:00\",\"dateModified\":\"2024-08-12T21:11:24+00:00\",\"breadcrumb\":{\"@id\":\"https:\/\/roberttys.com\/pl\/gallery\/pole-lawendy-o-wschodzie-slonca#breadcrumb\"},\"inLanguage\":\"pl-PL\",\"potentialAction\":[{\"@type\":\"ReadAction\",\"target\":[\"https:\/\/roberttys.com\/pl\/gallery\/pole-lawendy-o-wschodzie-slonca\"]}]},{\"@type\":\"ImageObject\",\"inLanguage\":\"pl-PL\",\"@id\":\"https:\/\/roberttys.com\/pl\/gallery\/pole-lawendy-o-wschodzie-slonca#primaryimage\",\"url\":\"https:\/\/roberttys.com\/wp-content\/uploads\/2024\/07\/084-roberttys-p-1.jpg\",\"contentUrl\":\"https:\/\/roberttys.com\/wp-content\/uploads\/2024\/07\/084-roberttys-p-1.jpg\",\"width\":1920,\"height\":1430},{\"@type\":\"BreadcrumbList\",\"@id\":\"https:\/\/roberttys.com\/pl\/gallery\/pole-lawendy-o-wschodzie-slonca#breadcrumb\",\"itemListElement\":[{\"@type\":\"ListItem\",\"position\":1,\"name\":\"Strona g\u0142\u00f3wna\",\"item\":\"https:\/\/roberttys.com\/pl\"},{\"@type\":\"ListItem\",\"position\":2,\"name\":\"Galeria\",\"item\":\"https:\/\/roberttys.com\/pl\/galeria\"},{\"@type\":\"ListItem\",\"position\":3,\"name\":\"Pole lawendy o wschodzie s\u0142o\u0144ca\"}]},{\"@type\":\"WebSite\",\"@id\":\"https:\/\/roberttys.com\/pl#website\",\"url\":\"https:\/\/roberttys.com\/pl\",\"name\":\"Robert Tys | Mediterranean paintings\",\"description\":\"Mediterranean paintings\",\"publisher\":{\"@id\":\"https:\/\/roberttys.com\/pl#\/schema\/person\/511a7552115aa32e2ac0e89286329c73\"},\"alternateName\":\"Robert Tys\",\"potentialAction\":[{\"@type\":\"SearchAction\",\"target\":{\"@type\":\"EntryPoint\",\"urlTemplate\":\"https:\/\/roberttys.com\/pl?s={search_term_string}\"},\"query-input\":{\"@type\":\"PropertyValueSpecification\",\"valueRequired\":true,\"valueName\":\"search_term_string\"}}],\"inLanguage\":\"pl-PL\"},{\"@type\":[\"Person\",\"Organization\"],\"@id\":\"https:\/\/roberttys.com\/pl#\/schema\/person\/511a7552115aa32e2ac0e89286329c73\",\"name\":\"Robert Tys\",\"image\":{\"@type\":\"ImageObject\",\"inLanguage\":\"pl-PL\",\"@id\":\"https:\/\/roberttys.com\/wp-content\/uploads\/2024\/03\/logo-robert-tys-1.jpg\",\"url\":\"https:\/\/roberttys.com\/wp-content\/uploads\/2024\/03\/logo-robert-tys-1.jpg\",\"contentUrl\":\"https:\/\/roberttys.com\/wp-content\/uploads\/2024\/03\/logo-robert-tys-1.jpg\",\"width\":610,\"height\":726,\"caption\":\"Robert Tys\"},\"logo\":{\"@id\":\"https:\/\/roberttys.com\/wp-content\/uploads\/2024\/03\/logo-robert-tys-1.jpg\"}}]}<\/script>\n<!-- \/ Yoast SEO plugin. -->","yoast_head_json":{"title":"Pole lawendy o wschodzie s\u0142o\u0144ca - Robert Tys | Mediterranean paintings","robots":{"index":"index","follow":"follow","max-snippet":"max-snippet:-1","max-image-preview":"max-image-preview:large","max-video-preview":"max-video-preview:-1"},"canonical":"https:\/\/roberttys.com\/pl\/gallery\/pole-lawendy-o-wschodzie-slonca","og_locale":"pl_PL","og_type":"article","og_title":"Pole lawendy o wschodzie s\u0142o\u0144ca - Robert Tys | Mediterranean paintings","og_description":"Pola Lawendowe w Valensole, Francja. Wydrukowano na papierze Fine Art \u2013 William Turner, 100% bawe\u0142na, 190 gr\/m2.","og_url":"https:\/\/roberttys.com\/pl\/gallery\/pole-lawendy-o-wschodzie-slonca","og_site_name":"Robert Tys | Mediterranean paintings","article_modified_time":"2024-08-12T21:11:24+00:00","og_image":[{"width":1920,"height":1430,"url":"https:\/\/roberttys.com\/wp-content\/uploads\/2024\/07\/084-roberttys-p-1.jpg","type":"image\/jpeg"}],"twitter_card":"summary_large_image","twitter_misc":{"Szacowany czas czytania":"1 minuta"},"schema":{"@context":"https:\/\/schema.org","@graph":[{"@type":"WebPage","@id":"https:\/\/roberttys.com\/pl\/gallery\/pole-lawendy-o-wschodzie-slonca","url":"https:\/\/roberttys.com\/pl\/gallery\/pole-lawendy-o-wschodzie-slonca","name":"Pole lawendy o wschodzie s\u0142o\u0144ca - Robert Tys | Mediterranean paintings","isPartOf":{"@id":"https:\/\/roberttys.com\/pl#website"},"primaryImageOfPage":{"@id":"https:\/\/roberttys.com\/pl\/gallery\/pole-lawendy-o-wschodzie-slonca#primaryimage"},"image":{"@id":"https:\/\/roberttys.com\/pl\/gallery\/pole-lawendy-o-wschodzie-slonca#primaryimage"},"thumbnailUrl":"https:\/\/roberttys.com\/wp-content\/uploads\/2024\/07\/084-roberttys-p-1.jpg","datePublished":"2024-07-30T16:13:51+00:00","dateModified":"2024-08-12T21:11:24+00:00","breadcrumb":{"@id":"https:\/\/roberttys.com\/pl\/gallery\/pole-lawendy-o-wschodzie-slonca#breadcrumb"},"inLanguage":"pl-PL","potentialAction":[{"@type":"ReadAction","target":["https:\/\/roberttys.com\/pl\/gallery\/pole-lawendy-o-wschodzie-slonca"]}]},{"@type":"ImageObject","inLanguage":"pl-PL","@id":"https:\/\/roberttys.com\/pl\/gallery\/pole-lawendy-o-wschodzie-slonca#primaryimage","url":"https:\/\/roberttys.com\/wp-content\/uploads\/2024\/07\/084-roberttys-p-1.jpg","contentUrl":"https:\/\/roberttys.com\/wp-content\/uploads\/2024\/07\/084-roberttys-p-1.jpg","width":1920,"height":1430},{"@type":"BreadcrumbList","@id":"https:\/\/roberttys.com\/pl\/gallery\/pole-lawendy-o-wschodzie-slonca#breadcrumb","itemListElement":[{"@type":"ListItem","position":1,"name":"Strona g\u0142\u00f3wna","item":"https:\/\/roberttys.com\/pl"},{"@type":"ListItem","position":2,"name":"Galeria","item":"https:\/\/roberttys.com\/pl\/galeria"},{"@type":"ListItem","position":3,"name":"Pole lawendy o wschodzie s\u0142o\u0144ca"}]},{"@type":"WebSite","@id":"https:\/\/roberttys.com\/pl#website","url":"https:\/\/roberttys.com\/pl","name":"Robert Tys | Mediterranean paintings","description":"Mediterranean paintings","publisher":{"@id":"https:\/\/roberttys.com\/pl#\/schema\/person\/511a7552115aa32e2ac0e89286329c73"},"alternateName":"Robert Tys","potentialAction":[{"@type":"SearchAction","target":{"@type":"EntryPoint","urlTemplate":"https:\/\/roberttys.com\/pl?s={search_term_string}"},"query-input":{"@type":"PropertyValueSpecification","valueRequired":true,"valueName":"search_term_string"}}],"inLanguage":"pl-PL"},{"@type":["Person","Organization"],"@id":"https:\/\/roberttys.com\/pl#\/schema\/person\/511a7552115aa32e2ac0e89286329c73","name":"Robert Tys","image":{"@type":"ImageObject","inLanguage":"pl-PL","@id":"https:\/\/roberttys.com\/wp-content\/uploads\/2024\/03\/logo-robert-tys-1.jpg","url":"https:\/\/roberttys.com\/wp-content\/uploads\/2024\/03\/logo-robert-tys-1.jpg","contentUrl":"https:\/\/roberttys.com\/wp-content\/uploads\/2024\/03\/logo-robert-tys-1.jpg","width":610,"height":726,"caption":"Robert Tys"},"logo":{"@id":"https:\/\/roberttys.com\/wp-content\/uploads\/2024\/03\/logo-robert-tys-1.jpg"}}]}},"_links":{"self":[{"href":"https:\/\/roberttys.com\/pl\/wp-json\/wp\/v2\/product\/8443","targetHints":{"allow":["GET"]}}],"collection":[{"href":"https:\/\/roberttys.com\/pl\/wp-json\/wp\/v2\/product"}],"about":[{"href":"https:\/\/roberttys.com\/pl\/wp-json\/wp\/v2\/types\/product"}],"wp:featuredmedia":[{"embeddable":true,"href":"https:\/\/roberttys.com\/pl\/wp-json\/wp\/v2\/media\/8464"}],"wp:attachment":[{"href":"https:\/\/roberttys.com\/pl\/wp-json\/wp\/v2\/media?parent=8443"}],"wp:term":[{"taxonomy":"product_cat","embeddable":true,"href":"https:\/\/roberttys.com\/pl\/wp-json\/wp\/v2\/product_cat?post=8443"},{"taxonomy":"product_tag","embeddable":true,"href":"https:\/\/roberttys.com\/pl\/wp-json\/wp\/v2\/product_tag?post=8443"}],"curies":[{"name":"wp","href":"https:\/\/api.w.org\/{rel}","templated":true}]}}