{"id":9499,"date":"2026-04-27T15:47:20","date_gmt":"2026-04-27T15:47:20","guid":{"rendered":"https:\/\/roberttys.com\/?post_type=product&#038;p=9499"},"modified":"2026-04-28T10:07:16","modified_gmt":"2026-04-28T10:07:16","slug":"port-saint-raphael","status":"publish","type":"product","link":"https:\/\/roberttys.com\/pl\/gallery\/port-saint-raphael","title":{"rendered":"port Saint\u2011Rapha\u00ebl"},"content":{"rendered":"<p class=\"p1\">Wydrukowano na papierze Fine Art &#8211; William Turner, 100% bawe\u0142na, 190 gr\/m<sup>2<\/sup>.<\/p>\n","protected":false},"excerpt":{"rendered":"<p class=\"p1\">Wydrukowano na papierze Fine Art &#8211; William Turner, 100% bawe\u0142na, 190 gr\/m<sup>2<\/sup>.<\/p>\n<p class=\"p1\">W\u00a0ofercie galerii znajdziesz\u00a0<strong>wydania otwarte<\/strong>\u00a0moich prac. Je\u015bli jednak poszukujesz warto\u015bci kolekcjonerskiej, istnieje mo\u017cliwo\u015b\u0107 zakupu oryginalnej edycji limitowanej.Ka\u017cda praca z\u00a0serii limitowanej (tylko 30 sztuk) jest drukowana na szlachetnym, bawe\u0142nianym papierze archiwalnym \u2014 najcz\u0119\u015bciej\u00a0<strong>Hahnem\u00fchle William Turner o\u00a0gramaturze 310 g\/m\u00b2<\/strong>. Odbitki te posiadaj\u0105 m\u00f3j odr\u0119czny podpis oraz\u00a0certyfikat autentyczno\u015bci.W celu zakupu edycji premium zapraszam do\u00a0kontaktu bezpo\u015bredniego: kontakt@roberttys.com.<\/p>\n<p>&nbsp;<\/p>\n","protected":false},"featured_media":8791,"template":"","meta":[],"product_cat":[131,143],"product_tag":[],"class_list":{"0":"post-9499","1":"product","2":"type-product","3":"status-publish","4":"has-post-thumbnail","6":"product_cat-architektura","7":"product_cat-ludzie","9":"first","10":"instock","11":"shipping-taxable","12":"purchasable","13":"product-type-variable"},"yoast_head":"<!-- This site is optimized with the Yoast SEO plugin v27.2 - https:\/\/yoast.com\/product\/yoast-seo-wordpress\/ -->\n<title>port Saint\u2011Rapha\u00ebl - Robert Tys | Mediterranean paintings<\/title>\n<meta name=\"robots\" content=\"index, follow, max-snippet:-1, max-image-preview:large, max-video-preview:-1\" \/>\n<link rel=\"canonical\" href=\"https:\/\/roberttys.com\/pl\/gallery\/port-saint-raphael\" \/>\n<meta property=\"og:locale\" content=\"pl_PL\" \/>\n<meta property=\"og:type\" content=\"article\" \/>\n<meta property=\"og:title\" content=\"port Saint\u2011Rapha\u00ebl - Robert Tys | Mediterranean paintings\" \/>\n<meta property=\"og:description\" content=\"Wydrukowano na papierze Fine Art - William Turner, 100% bawe\u0142na, 190 gr\/m2. W\u00a0ofercie galerii znajdziesz\u00a0wydania otwarte\u00a0moich prac. Je\u015bli jednak poszukujesz warto\u015bci kolekcjonerskiej, istnieje mo\u017cliwo\u015b\u0107 zakupu oryginalnej edycji limitowanej.Ka\u017cda praca z\u00a0serii limitowanej (tylko 30 sztuk) jest drukowana na szlachetnym, bawe\u0142nianym papierze archiwalnym \u2014 najcz\u0119\u015bciej\u00a0Hahnem\u00fchle William Turner o\u00a0gramaturze 310 g\/m\u00b2. Odbitki te posiadaj\u0105 m\u00f3j odr\u0119czny podpis oraz\u00a0certyfikat autentyczno\u015bci.W celu zakupu edycji premium zapraszam do\u00a0kontaktu bezpo\u015bredniego: kontakt@roberttys.com. &nbsp;\" \/>\n<meta property=\"og:url\" content=\"https:\/\/roberttys.com\/pl\/gallery\/port-saint-raphael\" \/>\n<meta property=\"og:site_name\" content=\"Robert Tys | Mediterranean paintings\" \/>\n<meta property=\"article:modified_time\" content=\"2026-04-28T10:07:16+00:00\" \/>\n<meta property=\"og:image\" content=\"https:\/\/roberttys.com\/wp-content\/uploads\/2024\/08\/080-roberttys-1.jpg\" \/>\n\t<meta property=\"og:image:width\" content=\"595\" \/>\n\t<meta property=\"og:image:height\" content=\"842\" \/>\n\t<meta property=\"og:image:type\" content=\"image\/jpeg\" \/>\n<meta name=\"twitter:card\" content=\"summary_large_image\" \/>\n<meta name=\"twitter:label1\" content=\"Szacowany czas czytania\" \/>\n\t<meta name=\"twitter:data1\" content=\"1 minuta\" \/>\n<script type=\"application\/ld+json\" class=\"yoast-schema-graph\">{\"@context\":\"https:\/\/schema.org\",\"@graph\":[{\"@type\":\"WebPage\",\"@id\":\"https:\/\/roberttys.com\/pl\/gallery\/port-saint-raphael\",\"url\":\"https:\/\/roberttys.com\/pl\/gallery\/port-saint-raphael\",\"name\":\"port Saint\u2011Rapha\u00ebl - Robert Tys | Mediterranean paintings\",\"isPartOf\":{\"@id\":\"https:\/\/roberttys.com\/pl#website\"},\"primaryImageOfPage\":{\"@id\":\"https:\/\/roberttys.com\/pl\/gallery\/port-saint-raphael#primaryimage\"},\"image\":{\"@id\":\"https:\/\/roberttys.com\/pl\/gallery\/port-saint-raphael#primaryimage\"},\"thumbnailUrl\":\"https:\/\/roberttys.com\/wp-content\/uploads\/2024\/08\/080-roberttys-1.jpg\",\"datePublished\":\"2026-04-27T15:47:20+00:00\",\"dateModified\":\"2026-04-28T10:07:16+00:00\",\"breadcrumb\":{\"@id\":\"https:\/\/roberttys.com\/pl\/gallery\/port-saint-raphael#breadcrumb\"},\"inLanguage\":\"pl-PL\",\"potentialAction\":[{\"@type\":\"ReadAction\",\"target\":[\"https:\/\/roberttys.com\/pl\/gallery\/port-saint-raphael\"]}]},{\"@type\":\"ImageObject\",\"inLanguage\":\"pl-PL\",\"@id\":\"https:\/\/roberttys.com\/pl\/gallery\/port-saint-raphael#primaryimage\",\"url\":\"https:\/\/roberttys.com\/wp-content\/uploads\/2024\/08\/080-roberttys-1.jpg\",\"contentUrl\":\"https:\/\/roberttys.com\/wp-content\/uploads\/2024\/08\/080-roberttys-1.jpg\",\"width\":595,\"height\":842},{\"@type\":\"BreadcrumbList\",\"@id\":\"https:\/\/roberttys.com\/pl\/gallery\/port-saint-raphael#breadcrumb\",\"itemListElement\":[{\"@type\":\"ListItem\",\"position\":1,\"name\":\"Strona g\u0142\u00f3wna\",\"item\":\"https:\/\/roberttys.com\/pl\"},{\"@type\":\"ListItem\",\"position\":2,\"name\":\"Galeria\",\"item\":\"https:\/\/roberttys.com\/pl\/galeria\"},{\"@type\":\"ListItem\",\"position\":3,\"name\":\"port Saint\u2011Rapha\u00ebl\"}]},{\"@type\":\"WebSite\",\"@id\":\"https:\/\/roberttys.com\/pl#website\",\"url\":\"https:\/\/roberttys.com\/pl\",\"name\":\"Robert Tys | Mediterranean paintings\",\"description\":\"Mediterranean paintings\",\"publisher\":{\"@id\":\"https:\/\/roberttys.com\/pl#\/schema\/person\/511a7552115aa32e2ac0e89286329c73\"},\"alternateName\":\"Robert Tys\",\"potentialAction\":[{\"@type\":\"SearchAction\",\"target\":{\"@type\":\"EntryPoint\",\"urlTemplate\":\"https:\/\/roberttys.com\/pl?s={search_term_string}\"},\"query-input\":{\"@type\":\"PropertyValueSpecification\",\"valueRequired\":true,\"valueName\":\"search_term_string\"}}],\"inLanguage\":\"pl-PL\"},{\"@type\":[\"Person\",\"Organization\"],\"@id\":\"https:\/\/roberttys.com\/pl#\/schema\/person\/511a7552115aa32e2ac0e89286329c73\",\"name\":\"Robert Tys\",\"image\":{\"@type\":\"ImageObject\",\"inLanguage\":\"pl-PL\",\"@id\":\"https:\/\/roberttys.com\/wp-content\/uploads\/2024\/03\/logo-robert-tys-1.jpg\",\"url\":\"https:\/\/roberttys.com\/wp-content\/uploads\/2024\/03\/logo-robert-tys-1.jpg\",\"contentUrl\":\"https:\/\/roberttys.com\/wp-content\/uploads\/2024\/03\/logo-robert-tys-1.jpg\",\"width\":610,\"height\":726,\"caption\":\"Robert Tys\"},\"logo\":{\"@id\":\"https:\/\/roberttys.com\/wp-content\/uploads\/2024\/03\/logo-robert-tys-1.jpg\"}}]}<\/script>\n<!-- \/ Yoast SEO plugin. -->","yoast_head_json":{"title":"port Saint\u2011Rapha\u00ebl - Robert Tys | Mediterranean paintings","robots":{"index":"index","follow":"follow","max-snippet":"max-snippet:-1","max-image-preview":"max-image-preview:large","max-video-preview":"max-video-preview:-1"},"canonical":"https:\/\/roberttys.com\/pl\/gallery\/port-saint-raphael","og_locale":"pl_PL","og_type":"article","og_title":"port Saint\u2011Rapha\u00ebl - Robert Tys | Mediterranean paintings","og_description":"Wydrukowano na papierze Fine Art - William Turner, 100% bawe\u0142na, 190 gr\/m2. W\u00a0ofercie galerii znajdziesz\u00a0wydania otwarte\u00a0moich prac. Je\u015bli jednak poszukujesz warto\u015bci kolekcjonerskiej, istnieje mo\u017cliwo\u015b\u0107 zakupu oryginalnej edycji limitowanej.Ka\u017cda praca z\u00a0serii limitowanej (tylko 30 sztuk) jest drukowana na szlachetnym, bawe\u0142nianym papierze archiwalnym \u2014 najcz\u0119\u015bciej\u00a0Hahnem\u00fchle William Turner o\u00a0gramaturze 310 g\/m\u00b2. Odbitki te posiadaj\u0105 m\u00f3j odr\u0119czny podpis oraz\u00a0certyfikat autentyczno\u015bci.W celu zakupu edycji premium zapraszam do\u00a0kontaktu bezpo\u015bredniego: kontakt@roberttys.com. &nbsp;","og_url":"https:\/\/roberttys.com\/pl\/gallery\/port-saint-raphael","og_site_name":"Robert Tys | Mediterranean paintings","article_modified_time":"2026-04-28T10:07:16+00:00","og_image":[{"width":595,"height":842,"url":"https:\/\/roberttys.com\/wp-content\/uploads\/2024\/08\/080-roberttys-1.jpg","type":"image\/jpeg"}],"twitter_card":"summary_large_image","twitter_misc":{"Szacowany czas czytania":"1 minuta"},"schema":{"@context":"https:\/\/schema.org","@graph":[{"@type":"WebPage","@id":"https:\/\/roberttys.com\/pl\/gallery\/port-saint-raphael","url":"https:\/\/roberttys.com\/pl\/gallery\/port-saint-raphael","name":"port Saint\u2011Rapha\u00ebl - Robert Tys | Mediterranean paintings","isPartOf":{"@id":"https:\/\/roberttys.com\/pl#website"},"primaryImageOfPage":{"@id":"https:\/\/roberttys.com\/pl\/gallery\/port-saint-raphael#primaryimage"},"image":{"@id":"https:\/\/roberttys.com\/pl\/gallery\/port-saint-raphael#primaryimage"},"thumbnailUrl":"https:\/\/roberttys.com\/wp-content\/uploads\/2024\/08\/080-roberttys-1.jpg","datePublished":"2026-04-27T15:47:20+00:00","dateModified":"2026-04-28T10:07:16+00:00","breadcrumb":{"@id":"https:\/\/roberttys.com\/pl\/gallery\/port-saint-raphael#breadcrumb"},"inLanguage":"pl-PL","potentialAction":[{"@type":"ReadAction","target":["https:\/\/roberttys.com\/pl\/gallery\/port-saint-raphael"]}]},{"@type":"ImageObject","inLanguage":"pl-PL","@id":"https:\/\/roberttys.com\/pl\/gallery\/port-saint-raphael#primaryimage","url":"https:\/\/roberttys.com\/wp-content\/uploads\/2024\/08\/080-roberttys-1.jpg","contentUrl":"https:\/\/roberttys.com\/wp-content\/uploads\/2024\/08\/080-roberttys-1.jpg","width":595,"height":842},{"@type":"BreadcrumbList","@id":"https:\/\/roberttys.com\/pl\/gallery\/port-saint-raphael#breadcrumb","itemListElement":[{"@type":"ListItem","position":1,"name":"Strona g\u0142\u00f3wna","item":"https:\/\/roberttys.com\/pl"},{"@type":"ListItem","position":2,"name":"Galeria","item":"https:\/\/roberttys.com\/pl\/galeria"},{"@type":"ListItem","position":3,"name":"port Saint\u2011Rapha\u00ebl"}]},{"@type":"WebSite","@id":"https:\/\/roberttys.com\/pl#website","url":"https:\/\/roberttys.com\/pl","name":"Robert Tys | Mediterranean paintings","description":"Mediterranean paintings","publisher":{"@id":"https:\/\/roberttys.com\/pl#\/schema\/person\/511a7552115aa32e2ac0e89286329c73"},"alternateName":"Robert Tys","potentialAction":[{"@type":"SearchAction","target":{"@type":"EntryPoint","urlTemplate":"https:\/\/roberttys.com\/pl?s={search_term_string}"},"query-input":{"@type":"PropertyValueSpecification","valueRequired":true,"valueName":"search_term_string"}}],"inLanguage":"pl-PL"},{"@type":["Person","Organization"],"@id":"https:\/\/roberttys.com\/pl#\/schema\/person\/511a7552115aa32e2ac0e89286329c73","name":"Robert Tys","image":{"@type":"ImageObject","inLanguage":"pl-PL","@id":"https:\/\/roberttys.com\/wp-content\/uploads\/2024\/03\/logo-robert-tys-1.jpg","url":"https:\/\/roberttys.com\/wp-content\/uploads\/2024\/03\/logo-robert-tys-1.jpg","contentUrl":"https:\/\/roberttys.com\/wp-content\/uploads\/2024\/03\/logo-robert-tys-1.jpg","width":610,"height":726,"caption":"Robert Tys"},"logo":{"@id":"https:\/\/roberttys.com\/wp-content\/uploads\/2024\/03\/logo-robert-tys-1.jpg"}}]}},"_links":{"self":[{"href":"https:\/\/roberttys.com\/pl\/wp-json\/wp\/v2\/product\/9499","targetHints":{"allow":["GET"]}}],"collection":[{"href":"https:\/\/roberttys.com\/pl\/wp-json\/wp\/v2\/product"}],"about":[{"href":"https:\/\/roberttys.com\/pl\/wp-json\/wp\/v2\/types\/product"}],"wp:featuredmedia":[{"embeddable":true,"href":"https:\/\/roberttys.com\/pl\/wp-json\/wp\/v2\/media\/8791"}],"wp:attachment":[{"href":"https:\/\/roberttys.com\/pl\/wp-json\/wp\/v2\/media?parent=9499"}],"wp:term":[{"taxonomy":"product_cat","embeddable":true,"href":"https:\/\/roberttys.com\/pl\/wp-json\/wp\/v2\/product_cat?post=9499"},{"taxonomy":"product_tag","embeddable":true,"href":"https:\/\/roberttys.com\/pl\/wp-json\/wp\/v2\/product_tag?post=9499"}],"curies":[{"name":"wp","href":"https:\/\/api.w.org\/{rel}","templated":true}]}}